{"id":8739,"date":"2020-07-07T19:27:26","date_gmt":"2020-07-07T17:27:26","guid":{"rendered":"https:\/\/www.vulkanimplants.com\/?page_id=8739"},"modified":"2025-04-29T16:01:02","modified_gmt":"2025-04-29T14:01:02","slug":"herramientas-quirurgicas","status":"publish","type":"page","link":"https:\/\/www.vulkanimplants.com\/es\/herramientas-quirurgicas\/","title":{"rendered":"Herramientas quir\u00fargicas"},"content":{"rendered":"<div id=\"cs-content\" class=\"cs-content\"><div class=\"x-section e8739-e1 m6qr-0 m6qr-1\"><div class=\"x-row e8739-e2 m6qr-3 m6qr-4 m6qr-6 m6qr-7\"><div class=\"x-bg\" aria-hidden=\"true\"><div class=\"x-bg-layer-lower-color\"><\/div><\/div><div class=\"x-row-inner\"><div class=\"x-col e8739-e3 m6qr-9 m6qr-a\"><div class=\"x-text x-content e8739-e4 m6qr-e m6qr-f\"><h1 style=\"text-align: center;\"><strong>Herramientas quir\u00fargicas<\/strong><\/h1><\/div><\/div><div class=\"x-col e8739-e5 m6qr-9 m6qr-b\"><div class=\"x-bg\" aria-hidden=\"true\"><div class=\"x-bg-layer-lower-image\"><\/div><\/div><span class=\"x-image e8739-e6 m6qr-h m6qr-i\"><img decoding=\"async\" src=\"http:\/\/www.vulkanimplants.com\/wp-content\/uploads\/2020\/05\/Vulkan_Implants_Herramientas_quirurgicas_conical.png\" width=\"554\" height=\"426\" alt=\"Kit quir\u00fargico implantes dentales vulkan\" loading=\"lazy\"><\/span><\/div><\/div><\/div><\/div><div class=\"x-section e8739-e7 m6qr-1 m6qr-2\"><div class=\"x-bg\" aria-hidden=\"true\"><div class=\"x-bg-layer-lower-color\"><\/div><\/div><div class=\"x-row e8739-e8 m6qr-3 m6qr-5 m6qr-6 m6qr-8\"><div class=\"x-bg\" aria-hidden=\"true\"><div class=\"x-bg-layer-lower-color\"><\/div><\/div><div class=\"x-row-inner\"><div class=\"x-col e8739-e9 m6qr-9 m6qr-a m6qr-c\"><div class=\"x-bg\" aria-hidden=\"true\"><div class=\"x-bg-layer-lower-color\"><\/div><\/div><div class=\"x-text x-content e8739-e10 m6qr-f m6qr-g\"><h2><strong>Herramientas quir\u00fargicas Vulkan Implants Internal Hex - VBody<\/strong><\/h2><\/div><span class=\"x-image e8739-e11 m6qr-h m6qr-j\"><img decoding=\"async\" src=\"http:\/\/www.vulkanimplants.com\/wp-content\/uploads\/2020\/05\/Vulkan_Implants_Herramientas_quirurgicas_internal.png\" width=\"554\" height=\"426\" alt=\"Herramientas quir\u00fargicas implantes dentales Internal Hex\" loading=\"lazy\"><\/span><a class=\"x-anchor x-anchor-button e8739-e12 m6qr-l m6qr-m\" tabindex=\"0\" href=\"https:\/\/www.vulkanimplants.com\/vulkan-surgical-tools\/kit-quirurgico-vulkan-implants-internal-hex\/\" target=\"_blank\" rel=\"noopener noreferrer\"><div class=\"x-anchor-content\"><div class=\"x-anchor-text\"><span class=\"x-anchor-text-primary\">Saber m\u00e1s ><\/span><\/div><\/div><\/a><\/div><div class=\"x-col e8739-e13 m6qr-9 m6qr-a m6qr-c m6qr-d\"><div class=\"x-bg\" aria-hidden=\"true\"><div class=\"x-bg-layer-upper-image\" data-x-element-bg-layer=\"{&quot;parallaxSize&quot;:&quot;110%&quot;,&quot;parallaxDir&quot;:&quot;v&quot;,&quot;parallaxRev&quot;:false}\"><\/div><\/div><div class=\"x-text x-content e8739-e14 m6qr-f m6qr-g\"><h2><strong>Herramientas quir\u00fargicas <\/strong><strong>Vulkan Implants External Hex - VBody<\/strong><\/h2><\/div><span class=\"x-image e8739-e15 m6qr-h m6qr-j\"><img decoding=\"async\" src=\"http:\/\/www.vulkanimplants.com\/wp-content\/uploads\/2020\/05\/Vulkan_Implants_Herramientas_quirurgicas_external.png\" width=\"554\" height=\"426\" alt=\"Herramientas quir\u00fargicas implantes dentales Internal Hex\" loading=\"lazy\"><\/span><a class=\"x-anchor x-anchor-button e8739-e16 m6qr-l m6qr-m\" tabindex=\"0\" href=\"https:\/\/www.vulkanimplants.com\/vulkan-surgical-tools\/kit-quirurgico-external-hexagon\/\" target=\"_blank\" rel=\"noopener noreferrer\"><div class=\"x-anchor-content\"><div class=\"x-anchor-text\"><span class=\"x-anchor-text-primary\">Saber m\u00e1s ><\/span><\/div><\/div><\/a><\/div><div class=\"x-col e8739-e17 m6qr-9 m6qr-a m6qr-d\"><div class=\"x-bg\" aria-hidden=\"true\"><div class=\"x-bg-layer-upper-image\" data-x-element-bg-layer=\"{&quot;parallaxSize&quot;:&quot;110%&quot;,&quot;parallaxDir&quot;:&quot;v&quot;,&quot;parallaxRev&quot;:false}\"><\/div><\/div><div class=\"x-text x-content e8739-e18 m6qr-f m6qr-g\"><h2><strong>Herramientas quir\u00fargicas <\/strong><span style=\"color: #000000;\"><strong>Vulkan Implants Conical Connection - XBody<\/strong><\/span><\/h2><\/div><span class=\"x-image e8739-e19 m6qr-h m6qr-j\"><img decoding=\"async\" src=\"http:\/\/www.vulkanimplants.com\/wp-content\/uploads\/2020\/05\/Vulkan_Implants_Herramientas_quirurgicas_conical.png\" width=\"554\" height=\"426\" alt=\"Herramientas quir\u00fargicas implantes dentales Internal Hex\" loading=\"lazy\"><\/span><a class=\"x-anchor x-anchor-button e8739-e20 m6qr-l m6qr-m\" tabindex=\"0\" href=\"https:\/\/www.vulkanimplants.com\/kit-quirurgico-vulkan-implants-conical-connection\/#\" target=\"_blank\" rel=\"noopener noreferrer\"><div class=\"x-anchor-content\"><div class=\"x-anchor-text\"><span class=\"x-anchor-text-primary\">Saber m\u00e1s ><\/span><\/div><\/div><\/a><\/div><div class=\"x-col e8739-e21 m6qr-9 m6qr-a m6qr-d\"><div class=\"x-bg\" aria-hidden=\"true\"><div class=\"x-bg-layer-upper-image\" data-x-element-bg-layer=\"{&quot;parallaxSize&quot;:&quot;110%&quot;,&quot;parallaxDir&quot;:&quot;v&quot;,&quot;parallaxRev&quot;:false}\"><\/div><\/div><div class=\"x-text x-content e8739-e22 m6qr-f m6qr-g\"><h2><strong>Sobredentaduras VulkanLoc\u00ae<\/strong><\/h2><\/div><span class=\"x-image e8739-e23 m6qr-h m6qr-j m6qr-k\"><img decoding=\"async\" src=\"https:\/\/www.vulkanimplants.com\/wp-content\/uploads\/2024\/04\/Instrucciones-Smart-Tool-VulkanLoc.jpg\" width=\"341\" height=\"152\" alt=\"VulkanLoc herramientas quir\u00fargicas para sobredentaduras\" loading=\"lazy\"><\/span><a class=\"x-anchor x-anchor-button e8739-e24 m6qr-m m6qr-n\" tabindex=\"0\" href=\"https:\/\/www.vulkanimplants.com\/smart-tool-vulkan-loc-sobredentaduras-descripcion-del-producto\/\" target=\"_blank\" rel=\"noopener noreferrer\"><div class=\"x-anchor-content\"><div class=\"x-anchor-text\"><span class=\"x-anchor-text-primary\">Saber m\u00e1s ><\/span><\/div><\/div><\/a><\/div><\/div><\/div><\/div><\/div>\n","protected":false},"excerpt":{"rendered":"<p>Herramientas quir\u00fargicasHerramientas quir\u00fargicas Vulkan Implants Internal Hex &#8211; VBodySaber m\u00e1s >Herramientas quir\u00fargicas Vulkan Implants External Hex &#8211; VBodySaber m\u00e1s >Herramientas quir\u00fargicas Vulkan Implants Conical Connection &#8211; XBodySaber m\u00e1s >Sobredentaduras VulkanLoc\u00aeSaber m\u00e1s ><\/p>\n","protected":false},"author":1,"featured_media":14386,"parent":0,"menu_order":0,"comment_status":"closed","ping_status":"closed","template":"template-blank-4.php","meta":{"rs_blank_template":"","rs_page_bg_color":"","slide_template_v7":"","footnotes":""},"class_list":["post-8739","page","type-page","status-publish","has-post-thumbnail","hentry"],"yoast_head":"<!-- This site is optimized with the Yoast SEO plugin v27.5 - https:\/\/yoast.com\/product\/yoast-seo-wordpress\/ -->\n<title>Herramientas quir\u00fargicas para implantes dentales Vulkan Implants<\/title>\n<meta name=\"description\" content=\"Las herramientas quir\u00fargicas para el sistema de implantes dentales Vulkan Implants son un elemento indispensable en su consulta. \u00a1Vis\u00edtenos!\" \/>\n<meta name=\"robots\" content=\"index, follow, max-snippet:-1, max-image-preview:large, max-video-preview:-1, noarchive\" \/>\n<link rel=\"canonical\" href=\"https:\/\/www.vulkanimplants.com\/es\/herramientas-quirurgicas\/\" \/>\n<meta property=\"og:locale\" content=\"es_ES\" \/>\n<meta property=\"og:type\" content=\"article\" \/>\n<meta property=\"og:title\" content=\"Herramientas quir\u00fargicas para implantes dentales Vulkan Implants\" \/>\n<meta property=\"og:description\" content=\"Las herramientas quir\u00fargicas para el sistema de implantes dentales Vulkan Implants son un elemento indispensable en su consulta. \u00a1Vis\u00edtenos!\" \/>\n<meta property=\"og:url\" content=\"https:\/\/www.vulkanimplants.com\/es\/herramientas-quirurgicas\/\" \/>\n<meta property=\"og:site_name\" content=\"Vulkan Implants\" \/>\n<meta property=\"article:publisher\" content=\"https:\/\/www.facebook.com\/VulkanImplant\/\" \/>\n<meta property=\"article:modified_time\" content=\"2025-04-29T14:01:02+00:00\" \/>\n<meta property=\"og:image\" content=\"https:\/\/www.vulkanimplants.com\/wp-content\/uploads\/2024\/05\/Vulkan_Implants_Herramientas_quirurgicas_internal.png\" \/>\n\t<meta property=\"og:image:width\" content=\"554\" \/>\n\t<meta property=\"og:image:height\" content=\"426\" \/>\n\t<meta property=\"og:image:type\" content=\"image\/png\" \/>\n<meta name=\"twitter:card\" content=\"summary_large_image\" \/>\n<meta name=\"twitter:label1\" content=\"Tiempo de lectura\" \/>\n\t<meta name=\"twitter:data1\" content=\"1 minuto\" \/>\n<script type=\"application\/ld+json\" class=\"yoast-schema-graph\">{\"@context\":\"https:\\\/\\\/schema.org\",\"@graph\":[{\"@type\":\"TechArticle\",\"@id\":\"https:\\\/\\\/www.vulkanimplants.com\\\/herramientas-quirurgicas\\\/#article\",\"isPartOf\":{\"@id\":\"https:\\\/\\\/www.vulkanimplants.com\\\/herramientas-quirurgicas\\\/\"},\"author\":{\"name\":\"Sergi\",\"@id\":\"https:\\\/\\\/www.vulkanimplants.com\\\/#\\\/schema\\\/person\\\/1de840b32d1a30e4b183bedb7ee8d3b6\"},\"headline\":\"Herramientas quir\u00fargicas\",\"datePublished\":\"2020-07-07T17:27:26+00:00\",\"dateModified\":\"2025-04-29T14:01:02+00:00\",\"mainEntityOfPage\":{\"@id\":\"https:\\\/\\\/www.vulkanimplants.com\\\/herramientas-quirurgicas\\\/\"},\"wordCount\":268,\"publisher\":{\"@id\":\"https:\\\/\\\/www.vulkanimplants.com\\\/#organization\"},\"image\":{\"@id\":\"https:\\\/\\\/www.vulkanimplants.com\\\/herramientas-quirurgicas\\\/#primaryimage\"},\"thumbnailUrl\":\"https:\\\/\\\/www.vulkanimplants.com\\\/wp-content\\\/uploads\\\/2024\\\/05\\\/Vulkan_Implants_Herramientas_quirurgicas_internal.png\",\"inLanguage\":\"es\"},{\"@type\":[\"WebPage\",\"MedicalWebPage\"],\"@id\":\"https:\\\/\\\/www.vulkanimplants.com\\\/herramientas-quirurgicas\\\/\",\"url\":\"https:\\\/\\\/www.vulkanimplants.com\\\/herramientas-quirurgicas\\\/\",\"name\":\"Herramientas quir\u00fargicas para implantes dentales Vulkan Implants\",\"isPartOf\":{\"@id\":\"https:\\\/\\\/www.vulkanimplants.com\\\/#website\"},\"primaryImageOfPage\":{\"@id\":\"https:\\\/\\\/www.vulkanimplants.com\\\/herramientas-quirurgicas\\\/#primaryimage\"},\"image\":{\"@id\":\"https:\\\/\\\/www.vulkanimplants.com\\\/herramientas-quirurgicas\\\/#primaryimage\"},\"thumbnailUrl\":\"https:\\\/\\\/www.vulkanimplants.com\\\/wp-content\\\/uploads\\\/2024\\\/05\\\/Vulkan_Implants_Herramientas_quirurgicas_internal.png\",\"datePublished\":\"2020-07-07T17:27:26+00:00\",\"dateModified\":\"2025-04-29T14:01:02+00:00\",\"description\":\"Las herramientas quir\u00fargicas para el sistema de implantes dentales Vulkan Implants son un elemento indispensable en su consulta. \u00a1Vis\u00edtenos!\",\"breadcrumb\":{\"@id\":\"https:\\\/\\\/www.vulkanimplants.com\\\/herramientas-quirurgicas\\\/#breadcrumb\"},\"inLanguage\":\"es\",\"potentialAction\":[{\"@type\":\"ReadAction\",\"target\":[\"https:\\\/\\\/www.vulkanimplants.com\\\/herramientas-quirurgicas\\\/\"]}]},{\"@type\":\"ImageObject\",\"inLanguage\":\"es\",\"@id\":\"https:\\\/\\\/www.vulkanimplants.com\\\/herramientas-quirurgicas\\\/#primaryimage\",\"url\":\"https:\\\/\\\/www.vulkanimplants.com\\\/wp-content\\\/uploads\\\/2024\\\/05\\\/Vulkan_Implants_Herramientas_quirurgicas_internal.png\",\"contentUrl\":\"https:\\\/\\\/www.vulkanimplants.com\\\/wp-content\\\/uploads\\\/2024\\\/05\\\/Vulkan_Implants_Herramientas_quirurgicas_internal.png\",\"width\":554,\"height\":426,\"caption\":\"Vulkan_Implants_Herramientas_quirurgicas_sistema-implantes_dentales_internal_hex\"},{\"@type\":\"BreadcrumbList\",\"@id\":\"https:\\\/\\\/www.vulkanimplants.com\\\/herramientas-quirurgicas\\\/#breadcrumb\",\"itemListElement\":[{\"@type\":\"ListItem\",\"position\":1,\"name\":\"Inici\",\"item\":\"https:\\\/\\\/www.vulkanimplants.com\\\/\"},{\"@type\":\"ListItem\",\"position\":2,\"name\":\"Herramientas quir\u00fargicas\"}]},{\"@type\":\"WebSite\",\"@id\":\"https:\\\/\\\/www.vulkanimplants.com\\\/#website\",\"url\":\"https:\\\/\\\/www.vulkanimplants.com\\\/\",\"name\":\"https:\\\/\\\/www.vulkanimplants.com\\\/\",\"description\":\"Vulkan Implants - High quality dental implants brand and guided surgery platform\",\"publisher\":{\"@id\":\"https:\\\/\\\/www.vulkanimplants.com\\\/#organization\"},\"alternateName\":\"Vulkan Implants\",\"potentialAction\":[{\"@type\":\"SearchAction\",\"target\":{\"@type\":\"EntryPoint\",\"urlTemplate\":\"https:\\\/\\\/www.vulkanimplants.com\\\/?s={search_term_string}\"},\"query-input\":{\"@type\":\"PropertyValueSpecification\",\"valueRequired\":true,\"valueName\":\"search_term_string\"}}],\"inLanguage\":\"es\"},{\"@type\":\"Organization\",\"@id\":\"https:\\\/\\\/www.vulkanimplants.com\\\/#organization\",\"name\":\"Vulkan Implants\",\"alternateName\":\"Vulkan\",\"url\":\"https:\\\/\\\/www.vulkanimplants.com\\\/\",\"logo\":{\"@type\":\"ImageObject\",\"inLanguage\":\"es\",\"@id\":\"https:\\\/\\\/www.vulkanimplants.com\\\/#\\\/schema\\\/logo\\\/image\\\/\",\"url\":\"https:\\\/\\\/www.vulkanimplants.com\\\/wp-content\\\/uploads\\\/2023\\\/12\\\/Vulkan-Implants-Logo-White-Orange-only-logo.png\",\"contentUrl\":\"https:\\\/\\\/www.vulkanimplants.com\\\/wp-content\\\/uploads\\\/2023\\\/12\\\/Vulkan-Implants-Logo-White-Orange-only-logo.png\",\"width\":369,\"height\":277,\"caption\":\"Vulkan Implants\"},\"image\":{\"@id\":\"https:\\\/\\\/www.vulkanimplants.com\\\/#\\\/schema\\\/logo\\\/image\\\/\"},\"sameAs\":[\"https:\\\/\\\/www.facebook.com\\\/VulkanImplant\\\/\",\"https:\\\/\\\/www.instagram.com\\\/vulkan_implants\\\/\"]},{\"@type\":\"Person\",\"@id\":\"https:\\\/\\\/www.vulkanimplants.com\\\/#\\\/schema\\\/person\\\/1de840b32d1a30e4b183bedb7ee8d3b6\",\"name\":\"Sergi\",\"image\":{\"@type\":\"ImageObject\",\"inLanguage\":\"es\",\"@id\":\"https:\\\/\\\/secure.gravatar.com\\\/avatar\\\/78459bce4cb1e11ce13c584aa4eab950b73957cf871a960a43fa4261e56858b2?s=96&d=mm&r=g\",\"url\":\"https:\\\/\\\/secure.gravatar.com\\\/avatar\\\/78459bce4cb1e11ce13c584aa4eab950b73957cf871a960a43fa4261e56858b2?s=96&d=mm&r=g\",\"contentUrl\":\"https:\\\/\\\/secure.gravatar.com\\\/avatar\\\/78459bce4cb1e11ce13c584aa4eab950b73957cf871a960a43fa4261e56858b2?s=96&d=mm&r=g\",\"caption\":\"Sergi\"},\"url\":\"https:\\\/\\\/www.vulkanimplants.com\\\/es\\\/author\\\/administradorweb\\\/\"}]}<\/script>\n<!-- \/ Yoast SEO plugin. -->","yoast_head_json":{"title":"Herramientas quir\u00fargicas para implantes dentales Vulkan Implants","description":"Las herramientas quir\u00fargicas para el sistema de implantes dentales Vulkan Implants son un elemento indispensable en su consulta. \u00a1Vis\u00edtenos!","robots":{"index":"index","follow":"follow","max-snippet":"max-snippet:-1","max-image-preview":"max-image-preview:large","max-video-preview":"max-video-preview:-1","archive":"noarchive"},"canonical":"https:\/\/www.vulkanimplants.com\/es\/herramientas-quirurgicas\/","og_locale":"es_ES","og_type":"article","og_title":"Herramientas quir\u00fargicas para implantes dentales Vulkan Implants","og_description":"Las herramientas quir\u00fargicas para el sistema de implantes dentales Vulkan Implants son un elemento indispensable en su consulta. \u00a1Vis\u00edtenos!","og_url":"https:\/\/www.vulkanimplants.com\/es\/herramientas-quirurgicas\/","og_site_name":"Vulkan Implants","article_publisher":"https:\/\/www.facebook.com\/VulkanImplant\/","article_modified_time":"2025-04-29T14:01:02+00:00","og_image":[{"width":554,"height":426,"url":"https:\/\/www.vulkanimplants.com\/wp-content\/uploads\/2024\/05\/Vulkan_Implants_Herramientas_quirurgicas_internal.png","type":"image\/png"}],"twitter_card":"summary_large_image","twitter_misc":{"Tiempo de lectura":"1 minuto"},"schema":{"@context":"https:\/\/schema.org","@graph":[{"@type":"TechArticle","@id":"https:\/\/www.vulkanimplants.com\/herramientas-quirurgicas\/#article","isPartOf":{"@id":"https:\/\/www.vulkanimplants.com\/herramientas-quirurgicas\/"},"author":{"name":"Sergi","@id":"https:\/\/www.vulkanimplants.com\/#\/schema\/person\/1de840b32d1a30e4b183bedb7ee8d3b6"},"headline":"Herramientas quir\u00fargicas","datePublished":"2020-07-07T17:27:26+00:00","dateModified":"2025-04-29T14:01:02+00:00","mainEntityOfPage":{"@id":"https:\/\/www.vulkanimplants.com\/herramientas-quirurgicas\/"},"wordCount":268,"publisher":{"@id":"https:\/\/www.vulkanimplants.com\/#organization"},"image":{"@id":"https:\/\/www.vulkanimplants.com\/herramientas-quirurgicas\/#primaryimage"},"thumbnailUrl":"https:\/\/www.vulkanimplants.com\/wp-content\/uploads\/2024\/05\/Vulkan_Implants_Herramientas_quirurgicas_internal.png","inLanguage":"es"},{"@type":["WebPage","MedicalWebPage"],"@id":"https:\/\/www.vulkanimplants.com\/herramientas-quirurgicas\/","url":"https:\/\/www.vulkanimplants.com\/herramientas-quirurgicas\/","name":"Herramientas quir\u00fargicas para implantes dentales Vulkan Implants","isPartOf":{"@id":"https:\/\/www.vulkanimplants.com\/#website"},"primaryImageOfPage":{"@id":"https:\/\/www.vulkanimplants.com\/herramientas-quirurgicas\/#primaryimage"},"image":{"@id":"https:\/\/www.vulkanimplants.com\/herramientas-quirurgicas\/#primaryimage"},"thumbnailUrl":"https:\/\/www.vulkanimplants.com\/wp-content\/uploads\/2024\/05\/Vulkan_Implants_Herramientas_quirurgicas_internal.png","datePublished":"2020-07-07T17:27:26+00:00","dateModified":"2025-04-29T14:01:02+00:00","description":"Las herramientas quir\u00fargicas para el sistema de implantes dentales Vulkan Implants son un elemento indispensable en su consulta. \u00a1Vis\u00edtenos!","breadcrumb":{"@id":"https:\/\/www.vulkanimplants.com\/herramientas-quirurgicas\/#breadcrumb"},"inLanguage":"es","potentialAction":[{"@type":"ReadAction","target":["https:\/\/www.vulkanimplants.com\/herramientas-quirurgicas\/"]}]},{"@type":"ImageObject","inLanguage":"es","@id":"https:\/\/www.vulkanimplants.com\/herramientas-quirurgicas\/#primaryimage","url":"https:\/\/www.vulkanimplants.com\/wp-content\/uploads\/2024\/05\/Vulkan_Implants_Herramientas_quirurgicas_internal.png","contentUrl":"https:\/\/www.vulkanimplants.com\/wp-content\/uploads\/2024\/05\/Vulkan_Implants_Herramientas_quirurgicas_internal.png","width":554,"height":426,"caption":"Vulkan_Implants_Herramientas_quirurgicas_sistema-implantes_dentales_internal_hex"},{"@type":"BreadcrumbList","@id":"https:\/\/www.vulkanimplants.com\/herramientas-quirurgicas\/#breadcrumb","itemListElement":[{"@type":"ListItem","position":1,"name":"Inici","item":"https:\/\/www.vulkanimplants.com\/"},{"@type":"ListItem","position":2,"name":"Herramientas quir\u00fargicas"}]},{"@type":"WebSite","@id":"https:\/\/www.vulkanimplants.com\/#website","url":"https:\/\/www.vulkanimplants.com\/","name":"https:\/\/www.vulkanimplants.com\/","description":"Vulkan Implants - High quality dental implants brand and guided surgery platform","publisher":{"@id":"https:\/\/www.vulkanimplants.com\/#organization"},"alternateName":"Vulkan Implants","potentialAction":[{"@type":"SearchAction","target":{"@type":"EntryPoint","urlTemplate":"https:\/\/www.vulkanimplants.com\/?s={search_term_string}"},"query-input":{"@type":"PropertyValueSpecification","valueRequired":true,"valueName":"search_term_string"}}],"inLanguage":"es"},{"@type":"Organization","@id":"https:\/\/www.vulkanimplants.com\/#organization","name":"Vulkan Implants","alternateName":"Vulkan","url":"https:\/\/www.vulkanimplants.com\/","logo":{"@type":"ImageObject","inLanguage":"es","@id":"https:\/\/www.vulkanimplants.com\/#\/schema\/logo\/image\/","url":"https:\/\/www.vulkanimplants.com\/wp-content\/uploads\/2023\/12\/Vulkan-Implants-Logo-White-Orange-only-logo.png","contentUrl":"https:\/\/www.vulkanimplants.com\/wp-content\/uploads\/2023\/12\/Vulkan-Implants-Logo-White-Orange-only-logo.png","width":369,"height":277,"caption":"Vulkan Implants"},"image":{"@id":"https:\/\/www.vulkanimplants.com\/#\/schema\/logo\/image\/"},"sameAs":["https:\/\/www.facebook.com\/VulkanImplant\/","https:\/\/www.instagram.com\/vulkan_implants\/"]},{"@type":"Person","@id":"https:\/\/www.vulkanimplants.com\/#\/schema\/person\/1de840b32d1a30e4b183bedb7ee8d3b6","name":"Sergi","image":{"@type":"ImageObject","inLanguage":"es","@id":"https:\/\/secure.gravatar.com\/avatar\/78459bce4cb1e11ce13c584aa4eab950b73957cf871a960a43fa4261e56858b2?s=96&d=mm&r=g","url":"https:\/\/secure.gravatar.com\/avatar\/78459bce4cb1e11ce13c584aa4eab950b73957cf871a960a43fa4261e56858b2?s=96&d=mm&r=g","contentUrl":"https:\/\/secure.gravatar.com\/avatar\/78459bce4cb1e11ce13c584aa4eab950b73957cf871a960a43fa4261e56858b2?s=96&d=mm&r=g","caption":"Sergi"},"url":"https:\/\/www.vulkanimplants.com\/es\/author\/administradorweb\/"}]}},"_links":{"self":[{"href":"https:\/\/www.vulkanimplants.com\/es\/wp-json\/wp\/v2\/pages\/8739","targetHints":{"allow":["GET"]}}],"collection":[{"href":"https:\/\/www.vulkanimplants.com\/es\/wp-json\/wp\/v2\/pages"}],"about":[{"href":"https:\/\/www.vulkanimplants.com\/es\/wp-json\/wp\/v2\/types\/page"}],"author":[{"embeddable":true,"href":"https:\/\/www.vulkanimplants.com\/es\/wp-json\/wp\/v2\/users\/1"}],"replies":[{"embeddable":true,"href":"https:\/\/www.vulkanimplants.com\/es\/wp-json\/wp\/v2\/comments?post=8739"}],"version-history":[{"count":9,"href":"https:\/\/www.vulkanimplants.com\/es\/wp-json\/wp\/v2\/pages\/8739\/revisions"}],"predecessor-version":[{"id":17126,"href":"https:\/\/www.vulkanimplants.com\/es\/wp-json\/wp\/v2\/pages\/8739\/revisions\/17126"}],"wp:featuredmedia":[{"embeddable":true,"href":"https:\/\/www.vulkanimplants.com\/es\/wp-json\/wp\/v2\/media\/14386"}],"wp:attachment":[{"href":"https:\/\/www.vulkanimplants.com\/es\/wp-json\/wp\/v2\/media?parent=8739"}],"curies":[{"name":"wp","href":"https:\/\/api.w.org\/{rel}","templated":true}]}}