{"id":7860,"date":"2020-04-15T11:43:56","date_gmt":"2020-04-15T09:43:56","guid":{"rendered":"http:\/\/www.vulkanimplants.com\/?page_id=7860"},"modified":"2025-01-08T13:41:14","modified_gmt":"2025-01-08T11:41:14","slug":"asesores-clinicos-vulkan","status":"publish","type":"page","link":"https:\/\/www.vulkanimplants.com\/es\/asesores-clinicos-vulkan\/","title":{"rendered":"Asesores Cl\u00ednicos Vulkan"},"content":{"rendered":"<div id=\"cs-content\" class=\"cs-content\"><\/div>\n","protected":false},"excerpt":{"rendered":"<p>Asesores Cl\u00ednicos Nuestros asesores cl\u00ednicos son excelentes profesionales con inquietudes por la investigaci\u00f3n en implantolog\u00eda seleccionados como referentes locales. \u00c9sta figura permite ofrecer asistencia de una manera r\u00e1pida y eficaz, ofreciendo tranquilidad y seguridad a nuestros clientes. Son los encargados de reportar evidencias cl\u00ednicas y forman parte del programa de formaci\u00f3n de Vulkan Implants. Ellos representan el valor a\u00f1adido Vulkan &#8230; <\/p>\n<div><a href=\"https:\/\/www.vulkanimplants.com\/es\/asesores-clinicos-vulkan\/\" class=\"more-link\">Read More<\/a><\/div>\n","protected":false},"author":1,"featured_media":0,"parent":0,"menu_order":0,"comment_status":"closed","ping_status":"closed","template":"template-blank-4.php","meta":{"rs_blank_template":"","rs_page_bg_color":"","slide_template_v7":"","footnotes":""},"class_list":["post-7860","page","type-page","status-publish","hentry","no-post-thumbnail"],"yoast_head":"<!-- This site is optimized with the Yoast SEO plugin v27.5 - https:\/\/yoast.com\/product\/yoast-seo-wordpress\/ -->\n<title>Vulkan Implants Advisors<\/title>\n<meta name=\"description\" content=\"Nuestros asesores cl\u00ednicos son excelentes profesionales con inquietudes en los avances en implantolog\u00eda dental.\" \/>\n<meta name=\"robots\" content=\"index, follow, max-snippet:-1, max-image-preview:large, max-video-preview:-1\" \/>\n<link rel=\"canonical\" href=\"https:\/\/www.vulkanimplants.com\/es\/clinical-advisors-vulkan-implants\/\" \/>\n<meta property=\"og:locale\" content=\"es_ES\" \/>\n<meta property=\"og:type\" content=\"article\" \/>\n<meta property=\"og:title\" content=\"Vulkan Implants Advisors\" \/>\n<meta property=\"og:description\" content=\"Nuestros asesores cl\u00ednicos son excelentes profesionales con inquietudes en los avances en implantolog\u00eda dental.\" \/>\n<meta property=\"og:url\" content=\"https:\/\/www.vulkanimplants.com\/es\/clinical-advisors-vulkan-implants\/\" \/>\n<meta property=\"og:site_name\" content=\"Vulkan Implants\" \/>\n<meta property=\"article:publisher\" content=\"https:\/\/www.facebook.com\/VulkanImplant\/\" \/>\n<meta property=\"article:modified_time\" content=\"2025-01-08T11:41:14+00:00\" \/>\n<meta property=\"og:image\" content=\"https:\/\/www.vulkanimplants.com\/wp-content\/uploads\/2023\/09\/Vulkan-Implants-Catalogo-Resumido-EN.jpg\" \/>\n\t<meta property=\"og:image:width\" content=\"730\" \/>\n\t<meta property=\"og:image:height\" content=\"1033\" \/>\n\t<meta property=\"og:image:type\" content=\"image\/jpeg\" \/>\n<meta name=\"twitter:card\" content=\"summary_large_image\" \/>\n<meta name=\"twitter:label1\" content=\"Tiempo de lectura\" \/>\n\t<meta name=\"twitter:data1\" content=\"2 minutos\" \/>\n<script type=\"application\/ld+json\" class=\"yoast-schema-graph\">{\"@context\":\"https:\\\/\\\/schema.org\",\"@graph\":[{\"@type\":\"Article\",\"@id\":\"https:\\\/\\\/www.vulkanimplants.com\\\/en\\\/clinical-advisors-vulkan-implants\\\/#article\",\"isPartOf\":{\"@id\":\"https:\\\/\\\/www.vulkanimplants.com\\\/en\\\/clinical-advisors-vulkan-implants\\\/\"},\"author\":{\"name\":\"Sergi\",\"@id\":\"https:\\\/\\\/www.vulkanimplants.com\\\/#\\\/schema\\\/person\\\/1de840b32d1a30e4b183bedb7ee8d3b6\"},\"headline\":\"Asesores Cl\u00ednicos Vulkan\",\"datePublished\":\"2020-04-15T09:43:56+00:00\",\"dateModified\":\"2025-01-08T11:41:14+00:00\",\"mainEntityOfPage\":{\"@id\":\"https:\\\/\\\/www.vulkanimplants.com\\\/en\\\/clinical-advisors-vulkan-implants\\\/\"},\"wordCount\":409,\"publisher\":{\"@id\":\"https:\\\/\\\/www.vulkanimplants.com\\\/#organization\"},\"inLanguage\":\"es\"},{\"@type\":\"WebPage\",\"@id\":\"https:\\\/\\\/www.vulkanimplants.com\\\/en\\\/clinical-advisors-vulkan-implants\\\/\",\"url\":\"https:\\\/\\\/www.vulkanimplants.com\\\/en\\\/clinical-advisors-vulkan-implants\\\/\",\"name\":\"Vulkan Implants Advisors\",\"isPartOf\":{\"@id\":\"https:\\\/\\\/www.vulkanimplants.com\\\/#website\"},\"datePublished\":\"2020-04-15T09:43:56+00:00\",\"dateModified\":\"2025-01-08T11:41:14+00:00\",\"description\":\"Nuestros asesores cl\u00ednicos son excelentes profesionales con inquietudes en los avances en implantolog\u00eda dental.\",\"breadcrumb\":{\"@id\":\"https:\\\/\\\/www.vulkanimplants.com\\\/en\\\/clinical-advisors-vulkan-implants\\\/#breadcrumb\"},\"inLanguage\":\"es\",\"potentialAction\":[{\"@type\":\"ReadAction\",\"target\":[\"https:\\\/\\\/www.vulkanimplants.com\\\/en\\\/clinical-advisors-vulkan-implants\\\/\"]}]},{\"@type\":\"BreadcrumbList\",\"@id\":\"https:\\\/\\\/www.vulkanimplants.com\\\/en\\\/clinical-advisors-vulkan-implants\\\/#breadcrumb\",\"itemListElement\":[{\"@type\":\"ListItem\",\"position\":1,\"name\":\"Inici\",\"item\":\"https:\\\/\\\/www.vulkanimplants.com\\\/\"},{\"@type\":\"ListItem\",\"position\":2,\"name\":\"Asesores Cl\u00ednicos Vulkan\"}]},{\"@type\":\"WebSite\",\"@id\":\"https:\\\/\\\/www.vulkanimplants.com\\\/#website\",\"url\":\"https:\\\/\\\/www.vulkanimplants.com\\\/\",\"name\":\"https:\\\/\\\/www.vulkanimplants.com\\\/\",\"description\":\"Vulkan Implants - High quality dental implants brand and guided surgery platform\",\"publisher\":{\"@id\":\"https:\\\/\\\/www.vulkanimplants.com\\\/#organization\"},\"alternateName\":\"Vulkan Implants\",\"potentialAction\":[{\"@type\":\"SearchAction\",\"target\":{\"@type\":\"EntryPoint\",\"urlTemplate\":\"https:\\\/\\\/www.vulkanimplants.com\\\/?s={search_term_string}\"},\"query-input\":{\"@type\":\"PropertyValueSpecification\",\"valueRequired\":true,\"valueName\":\"search_term_string\"}}],\"inLanguage\":\"es\"},{\"@type\":\"Organization\",\"@id\":\"https:\\\/\\\/www.vulkanimplants.com\\\/#organization\",\"name\":\"Vulkan Implants\",\"alternateName\":\"Vulkan\",\"url\":\"https:\\\/\\\/www.vulkanimplants.com\\\/\",\"logo\":{\"@type\":\"ImageObject\",\"inLanguage\":\"es\",\"@id\":\"https:\\\/\\\/www.vulkanimplants.com\\\/#\\\/schema\\\/logo\\\/image\\\/\",\"url\":\"https:\\\/\\\/www.vulkanimplants.com\\\/wp-content\\\/uploads\\\/2023\\\/12\\\/Vulkan-Implants-Logo-White-Orange-only-logo.png\",\"contentUrl\":\"https:\\\/\\\/www.vulkanimplants.com\\\/wp-content\\\/uploads\\\/2023\\\/12\\\/Vulkan-Implants-Logo-White-Orange-only-logo.png\",\"width\":369,\"height\":277,\"caption\":\"Vulkan Implants\"},\"image\":{\"@id\":\"https:\\\/\\\/www.vulkanimplants.com\\\/#\\\/schema\\\/logo\\\/image\\\/\"},\"sameAs\":[\"https:\\\/\\\/www.facebook.com\\\/VulkanImplant\\\/\",\"https:\\\/\\\/www.instagram.com\\\/vulkan_implants\\\/\"]},{\"@type\":\"Person\",\"@id\":\"https:\\\/\\\/www.vulkanimplants.com\\\/#\\\/schema\\\/person\\\/1de840b32d1a30e4b183bedb7ee8d3b6\",\"name\":\"Sergi\",\"image\":{\"@type\":\"ImageObject\",\"inLanguage\":\"es\",\"@id\":\"https:\\\/\\\/secure.gravatar.com\\\/avatar\\\/78459bce4cb1e11ce13c584aa4eab950b73957cf871a960a43fa4261e56858b2?s=96&d=mm&r=g\",\"url\":\"https:\\\/\\\/secure.gravatar.com\\\/avatar\\\/78459bce4cb1e11ce13c584aa4eab950b73957cf871a960a43fa4261e56858b2?s=96&d=mm&r=g\",\"contentUrl\":\"https:\\\/\\\/secure.gravatar.com\\\/avatar\\\/78459bce4cb1e11ce13c584aa4eab950b73957cf871a960a43fa4261e56858b2?s=96&d=mm&r=g\",\"caption\":\"Sergi\"},\"url\":\"https:\\\/\\\/www.vulkanimplants.com\\\/es\\\/author\\\/administradorweb\\\/\"}]}<\/script>\n<!-- \/ Yoast SEO plugin. -->","yoast_head_json":{"title":"Vulkan Implants Advisors","description":"Nuestros asesores cl\u00ednicos son excelentes profesionales con inquietudes en los avances en implantolog\u00eda dental.","robots":{"index":"index","follow":"follow","max-snippet":"max-snippet:-1","max-image-preview":"max-image-preview:large","max-video-preview":"max-video-preview:-1"},"canonical":"https:\/\/www.vulkanimplants.com\/es\/clinical-advisors-vulkan-implants\/","og_locale":"es_ES","og_type":"article","og_title":"Vulkan Implants Advisors","og_description":"Nuestros asesores cl\u00ednicos son excelentes profesionales con inquietudes en los avances en implantolog\u00eda dental.","og_url":"https:\/\/www.vulkanimplants.com\/es\/clinical-advisors-vulkan-implants\/","og_site_name":"Vulkan Implants","article_publisher":"https:\/\/www.facebook.com\/VulkanImplant\/","article_modified_time":"2025-01-08T11:41:14+00:00","og_image":[{"width":730,"height":1033,"url":"https:\/\/www.vulkanimplants.com\/wp-content\/uploads\/2023\/09\/Vulkan-Implants-Catalogo-Resumido-EN.jpg","type":"image\/jpeg"}],"twitter_card":"summary_large_image","twitter_misc":{"Tiempo de lectura":"2 minutos"},"schema":{"@context":"https:\/\/schema.org","@graph":[{"@type":"Article","@id":"https:\/\/www.vulkanimplants.com\/en\/clinical-advisors-vulkan-implants\/#article","isPartOf":{"@id":"https:\/\/www.vulkanimplants.com\/en\/clinical-advisors-vulkan-implants\/"},"author":{"name":"Sergi","@id":"https:\/\/www.vulkanimplants.com\/#\/schema\/person\/1de840b32d1a30e4b183bedb7ee8d3b6"},"headline":"Asesores Cl\u00ednicos Vulkan","datePublished":"2020-04-15T09:43:56+00:00","dateModified":"2025-01-08T11:41:14+00:00","mainEntityOfPage":{"@id":"https:\/\/www.vulkanimplants.com\/en\/clinical-advisors-vulkan-implants\/"},"wordCount":409,"publisher":{"@id":"https:\/\/www.vulkanimplants.com\/#organization"},"inLanguage":"es"},{"@type":"WebPage","@id":"https:\/\/www.vulkanimplants.com\/en\/clinical-advisors-vulkan-implants\/","url":"https:\/\/www.vulkanimplants.com\/en\/clinical-advisors-vulkan-implants\/","name":"Vulkan Implants Advisors","isPartOf":{"@id":"https:\/\/www.vulkanimplants.com\/#website"},"datePublished":"2020-04-15T09:43:56+00:00","dateModified":"2025-01-08T11:41:14+00:00","description":"Nuestros asesores cl\u00ednicos son excelentes profesionales con inquietudes en los avances en implantolog\u00eda dental.","breadcrumb":{"@id":"https:\/\/www.vulkanimplants.com\/en\/clinical-advisors-vulkan-implants\/#breadcrumb"},"inLanguage":"es","potentialAction":[{"@type":"ReadAction","target":["https:\/\/www.vulkanimplants.com\/en\/clinical-advisors-vulkan-implants\/"]}]},{"@type":"BreadcrumbList","@id":"https:\/\/www.vulkanimplants.com\/en\/clinical-advisors-vulkan-implants\/#breadcrumb","itemListElement":[{"@type":"ListItem","position":1,"name":"Inici","item":"https:\/\/www.vulkanimplants.com\/"},{"@type":"ListItem","position":2,"name":"Asesores Cl\u00ednicos Vulkan"}]},{"@type":"WebSite","@id":"https:\/\/www.vulkanimplants.com\/#website","url":"https:\/\/www.vulkanimplants.com\/","name":"https:\/\/www.vulkanimplants.com\/","description":"Vulkan Implants - High quality dental implants brand and guided surgery platform","publisher":{"@id":"https:\/\/www.vulkanimplants.com\/#organization"},"alternateName":"Vulkan Implants","potentialAction":[{"@type":"SearchAction","target":{"@type":"EntryPoint","urlTemplate":"https:\/\/www.vulkanimplants.com\/?s={search_term_string}"},"query-input":{"@type":"PropertyValueSpecification","valueRequired":true,"valueName":"search_term_string"}}],"inLanguage":"es"},{"@type":"Organization","@id":"https:\/\/www.vulkanimplants.com\/#organization","name":"Vulkan Implants","alternateName":"Vulkan","url":"https:\/\/www.vulkanimplants.com\/","logo":{"@type":"ImageObject","inLanguage":"es","@id":"https:\/\/www.vulkanimplants.com\/#\/schema\/logo\/image\/","url":"https:\/\/www.vulkanimplants.com\/wp-content\/uploads\/2023\/12\/Vulkan-Implants-Logo-White-Orange-only-logo.png","contentUrl":"https:\/\/www.vulkanimplants.com\/wp-content\/uploads\/2023\/12\/Vulkan-Implants-Logo-White-Orange-only-logo.png","width":369,"height":277,"caption":"Vulkan Implants"},"image":{"@id":"https:\/\/www.vulkanimplants.com\/#\/schema\/logo\/image\/"},"sameAs":["https:\/\/www.facebook.com\/VulkanImplant\/","https:\/\/www.instagram.com\/vulkan_implants\/"]},{"@type":"Person","@id":"https:\/\/www.vulkanimplants.com\/#\/schema\/person\/1de840b32d1a30e4b183bedb7ee8d3b6","name":"Sergi","image":{"@type":"ImageObject","inLanguage":"es","@id":"https:\/\/secure.gravatar.com\/avatar\/78459bce4cb1e11ce13c584aa4eab950b73957cf871a960a43fa4261e56858b2?s=96&d=mm&r=g","url":"https:\/\/secure.gravatar.com\/avatar\/78459bce4cb1e11ce13c584aa4eab950b73957cf871a960a43fa4261e56858b2?s=96&d=mm&r=g","contentUrl":"https:\/\/secure.gravatar.com\/avatar\/78459bce4cb1e11ce13c584aa4eab950b73957cf871a960a43fa4261e56858b2?s=96&d=mm&r=g","caption":"Sergi"},"url":"https:\/\/www.vulkanimplants.com\/es\/author\/administradorweb\/"}]}},"_links":{"self":[{"href":"https:\/\/www.vulkanimplants.com\/es\/wp-json\/wp\/v2\/pages\/7860","targetHints":{"allow":["GET"]}}],"collection":[{"href":"https:\/\/www.vulkanimplants.com\/es\/wp-json\/wp\/v2\/pages"}],"about":[{"href":"https:\/\/www.vulkanimplants.com\/es\/wp-json\/wp\/v2\/types\/page"}],"author":[{"embeddable":true,"href":"https:\/\/www.vulkanimplants.com\/es\/wp-json\/wp\/v2\/users\/1"}],"replies":[{"embeddable":true,"href":"https:\/\/www.vulkanimplants.com\/es\/wp-json\/wp\/v2\/comments?post=7860"}],"version-history":[{"count":29,"href":"https:\/\/www.vulkanimplants.com\/es\/wp-json\/wp\/v2\/pages\/7860\/revisions"}],"predecessor-version":[{"id":13492,"href":"https:\/\/www.vulkanimplants.com\/es\/wp-json\/wp\/v2\/pages\/7860\/revisions\/13492"}],"wp:attachment":[{"href":"https:\/\/www.vulkanimplants.com\/es\/wp-json\/wp\/v2\/media?parent=7860"}],"curies":[{"name":"wp","href":"https:\/\/api.w.org\/{rel}","templated":true}]}}