{"id":7592,"date":"2020-03-30T12:02:52","date_gmt":"2020-03-30T10:02:52","guid":{"rendered":"http:\/\/www.vulkanimplants.com\/?page_id=7592"},"modified":"2025-04-22T17:10:03","modified_gmt":"2025-04-22T15:10:03","slug":"coordinacion-clinica","status":"publish","type":"page","link":"https:\/\/www.vulkanimplants.com\/es\/coordinacion-clinica\/","title":{"rendered":"Coordinaci\u00f3n Cl\u00ednica vulkan Implants"},"content":{"rendered":"<div id=\"cs-content\" class=\"cs-content\"><div class=\"x-section e7592-e1 m5uw-0 m5uw-1\"><div class=\"x-container max width e7592-e2 m5uw-3\"><div class=\"x-column x-sm x-1-1 e7592-e3 m5uw-4\"><div class=\"x-text x-text-headline e7592-e4 m5uw-5 m5uw-6\"><div class=\"x-text-content\"><div class=\"x-text-content-text\"><h1 class=\"x-text-content-text-primary\"><h2><strong>Coordinaci\u00f3n Cl\u00ednica<\/strong><\/h2><\/h1>\n<\/div><\/div><\/div><hr class=\"x-line e7592-e5 m5uw-8\"\/><div class=\"x-text x-content e7592-e6 m5uw-9 m5uw-a\"><h4>El Dr. Marc Rocamora \u00e9s nuestro coordinador cl\u00ednico, un gran profesional especializado y\u00a0 encargado de trasladar valor cl\u00ednico y cient\u00edfico de la marca Vulkan a los usuarios y asesores mediante la gesti\u00f3n de estudios cl\u00ednicos y asesoramiento especializado. El Dr. Rocamora es experto conocedor de las soluciones Vulkan\u00ae y una segunda l\u00ednea de apoyo para nuestros clientes. Adem\u00e1s, contamos con su visi\u00f3n cl\u00ednica sobre los nuevos productos y la participaci\u00f3n activa en el dise\u00f1o y desarrollo de nuevas soluciones y metodolog\u00edas de trabajo. <span style=\"color: #f8af05;\">Nuestro mejor activo.<\/span><\/h4><\/div><\/div><\/div><\/div><div class=\"x-section e7592-e7 m5uw-0 m5uw-2\"><div class=\"x-bg\" aria-hidden=\"true\"><div class=\"x-bg-layer-lower-color\"><\/div><\/div><div class=\"x-row e7592-e8 m5uw-c m5uw-d\"><div class=\"x-row-inner\"><div class=\"x-col e7592-e9 m5uw-e\"><\/div><div class=\"x-col e7592-e10 m5uw-e m5uw-f\"><div class=\"x-bg\" aria-hidden=\"true\"><div class=\"x-bg-layer-lower-color\"><\/div><\/div><div class=\"x-image e7592-e11 m5uw-g\"><img decoding=\"async\" src=\"http:\/\/www.vulkanimplants.com\/wp-content\/uploads\/2020\/04\/Vulkan_Implants_Doctor_Rocamora.jpg\" width=\"810\" height=\"456\" alt=\"Coordinaci\u00f3n cl\u00ednica Dr. Marc Rocamora\" loading=\"lazy\"><\/div><div class=\"x-text x-text-headline e7592-e12 m5uw-6 m5uw-7\"><div class=\"x-text-content\"><div class=\"x-text-content-text\"><h1 class=\"x-text-content-text-primary\"><h4 style=\"text-align: center;\"><span style=\"color: #ffffff;\">Dr. Marc Rocamora<\/span><\/h4><\/h1>\n<\/div><\/div><\/div><div class=\"x-text x-content e7592-e13 m5uw-a m5uw-b\"><a href=\"https:\/\/www.rocamoradental.com\"><span style=\"text-decoration: underline;\">https:\/\/www.rocamoradental.com<\/span><\/a><\/div><div class=\"x-acc e7592-e14 m5uw-h\" id=\"x-acc-e7592-e14\"><div class=\"e7592-e15 x-acc-item\"><button id=\"tab-e7592-e15\" class=\"x-acc-header\" role=\"button\" type=\"button\" aria-expanded=\"false\" aria-controls=\"panel-e7592-e15\" data-x-toggle=\"collapse\" data-x-toggleable=\"e7592-e15\"><span class=\"x-acc-header-content\"><span class=\"x-acc-header-indicator\"><\/span><span class=\"x-acc-header-text\">Presentaci\u00f3n Acad\u00e9mica y Profesional<\/span><\/span><\/button><div id=\"panel-e7592-e15\" role=\"region\" aria-hidden=\"true\" aria-labelledby=\"tab-e7592-e15\" data-x-toggleable=\"e7592-e15\" data-x-toggle-collapse=\"1\" class=\"x-collapsed\"><div class=\"x-acc-content\"><ul>\n \t<li style=\"text-align: left;\">Licenciado en Odontolog\u00eda por la universidad de Barcelona (UB,1999).<\/li>\n \t<li style=\"text-align: left;\">Colegiado por el Colegio de OdontoEstomatolog\u00eda de Catalunya (COEC, 3399).<\/li>\n \t<li style=\"text-align: left;\">M\u00e1ster en Endodoncia por la Universidad Internacional de Catalunya (UIC, 2001).<\/li>\n \t<li style=\"text-align: left;\">M\u00e1ster en Periodoncia por la Universidad Internacional de Catalunya (UIC, 2002).<\/li>\n<\/ul>\n<p style=\"text-align: left;\">Entre los a\u00f1os 2002 a 2016 colabora como profesor de Teor\u00eda Cl\u00ednica en el M\u00e1ster de Periodoncia (UIC), como coordinador en el Posgrado de Periodoncia Avanzada de la Academia de Ci\u00e8ncies M\u00e8diques de Catalunya i Balears (ACMCB), colabora en la C\u00e1tedra de investigaci\u00f3n en implantolog\u00eda y biomateriales Klockner<span>\u00ae<\/span> en la Universidad Polit\u00e9cnica de Catalunya (UPC) y participa activamente como miembro del comit\u00e9 cient\u00edfico de empresas de referencia en implantolog\u00eda como Klockner<span>\u00ae, Mis\u00ae y Bionner\u00ae, realizando conferencias, cursos hands-on con cirug\u00eda en directo sobre implantolog\u00eda, procedimientos regenerativos y cirug\u00eda mucogingival.<\/span><\/p>\n<p style=\"text-align: left;\"><span>Actualmente, es Coordinador Cl\u00ednico en Vulkan\u00ae Implants, conferenciante y dictante nacional de cursos de teor\u00eda cl\u00ednica y pr\u00e1cticos con cirug\u00edas en directo en Vulkan\u00ae Implants.<\/span><\/p>\n<p style=\"text-align: left;\"><span>Es autor de publicaciones en el \u00e1rea de la investigaci\u00f3n cl\u00ednica en periodoncia, implantolog\u00eda, cirug\u00eda mucogingival y cirug\u00eda regenerativa en el \u00e1mbito nacional.<\/span><\/p>\n<p style=\"text-align: left;\"><span>Es miembro activo de SEPA, EAO e ICOE.<\/span><\/p>\n<p style=\"text-align: left;\"><span>Pr\u00e1ctica privada en Barcelona y Terrassa centrada en periodoncia, cirug\u00eda mucogingival, implantolog\u00eda y procedimientos \u00f3seo-regenerativos.<\/span><\/p><\/div><\/div><\/div><\/div><a class=\"x-anchor x-anchor-button has-graphic e7592-e16 m5uw-i m5uw-j\" tabindex=\"0\" href=\"https:\/\/www.facebook.com\/rocamoradental\/\" target=\"_blank\" rel=\"noopener noreferrer\"><div class=\"x-anchor-content\"><span class=\"x-graphic\" aria-hidden=\"true\"><span class=\"x-icon x-graphic-child x-graphic-icon x-graphic-primary\" aria-hidden=\"true\"><svg xmlns=\"http:\/\/www.w3.org\/2000\/svg\" viewBox=\"0 0 512 512\"><!--! Font Awesome Pro 6.7.2 by @fontawesome - https:\/\/fontawesome.com License - https:\/\/fontawesome.com\/license (Commercial License) Copyright 2024 Fonticons, Inc. --><path d=\"M512 256C512 114.6 397.4 0 256 0S0 114.6 0 256C0 376 82.7 476.8 194.2 504.5V334.2H141.4V256h52.8V222.3c0-87.1 39.4-127.5 125-127.5c16.2 0 44.2 3.2 55.7 6.4V172c-6-.6-16.5-1-29.6-1c-42 0-58.2 15.9-58.2 57.2V256h83.6l-14.4 78.2H287V510.1C413.8 494.8 512 386.9 512 256h0z\"\/><\/svg><\/span><\/span><\/div><\/a><a class=\"x-anchor x-anchor-button has-graphic e7592-e17 m5uw-i m5uw-j\" tabindex=\"0\" href=\"https:\/\/www.instagram.com\/rocamoradental\/?hl=es\" target=\"_blank\" rel=\"noopener noreferrer\"><div class=\"x-anchor-content\"><span class=\"x-graphic\" aria-hidden=\"true\"><span class=\"x-icon x-graphic-child x-graphic-icon x-graphic-primary\" aria-hidden=\"true\"><svg xmlns=\"http:\/\/www.w3.org\/2000\/svg\" viewBox=\"0 0 448 512\"><!--! Font Awesome Pro 6.7.2 by @fontawesome - https:\/\/fontawesome.com License - https:\/\/fontawesome.com\/license (Commercial License) Copyright 2024 Fonticons, Inc. --><path d=\"M224.1 141c-63.6 0-114.9 51.3-114.9 114.9s51.3 114.9 114.9 114.9S339 319.5 339 255.9 287.7 141 224.1 141zm0 189.6c-41.1 0-74.7-33.5-74.7-74.7s33.5-74.7 74.7-74.7 74.7 33.5 74.7 74.7-33.6 74.7-74.7 74.7zm146.4-194.3c0 14.9-12 26.8-26.8 26.8-14.9 0-26.8-12-26.8-26.8s12-26.8 26.8-26.8 26.8 12 26.8 26.8zm76.1 27.2c-1.7-35.9-9.9-67.7-36.2-93.9-26.2-26.2-58-34.4-93.9-36.2-37-2.1-147.9-2.1-184.9 0-35.8 1.7-67.6 9.9-93.9 36.1s-34.4 58-36.2 93.9c-2.1 37-2.1 147.9 0 184.9 1.7 35.9 9.9 67.7 36.2 93.9s58 34.4 93.9 36.2c37 2.1 147.9 2.1 184.9 0 35.9-1.7 67.7-9.9 93.9-36.2 26.2-26.2 34.4-58 36.2-93.9 2.1-37 2.1-147.8 0-184.8zM398.8 388c-7.8 19.6-22.9 34.7-42.6 42.6-29.5 11.7-99.5 9-132.1 9s-102.7 2.6-132.1-9c-19.6-7.8-34.7-22.9-42.6-42.6-11.7-29.5-9-99.5-9-132.1s-2.6-102.7 9-132.1c7.8-19.6 22.9-34.7 42.6-42.6 29.5-11.7 99.5-9 132.1-9s102.7-2.6 132.1 9c19.6 7.8 34.7 22.9 42.6 42.6 11.7 29.5 9 99.5 9 132.1s2.7 102.7-9 132.1z\"\/><\/svg><\/span><\/span><\/div><\/a><a class=\"x-anchor x-anchor-button has-graphic e7592-e18 m5uw-j m5uw-k\" tabindex=\"0\" href=\"http:\/\/www.vulkanimplants.com\/casos-clinicos-vulkan-implants\/#dr_marc_rocamora\" target=\"_blank\" rel=\"noopener noreferrer\"><div class=\"x-anchor-content\"><span class=\"x-graphic\" aria-hidden=\"true\"><span class=\"x-image x-graphic-child x-graphic-image x-graphic-primary\"><img decoding=\"async\" src=\"http:\/\/www.vulkanimplants.com\/wp-content\/uploads\/2020\/03\/casos_clinicos.png\" width=\"150\" height=\"150\" alt=\"Icono Casos Cl\u00ednicos\" loading=\"lazy\"><\/span><\/span><div class=\"x-anchor-text\"><span class=\"x-anchor-text-primary\">Ver Casos Cl\u00ednicos<\/span><\/div><\/div><\/a><\/div><div class=\"x-col e7592-e19 m5uw-e\"><\/div><\/div><\/div><\/div><\/div>\n","protected":false},"excerpt":{"rendered":"<p>Coordinaci\u00f3n Cl\u00ednica El Dr. Marc Rocamora \u00e9s nuestro coordinador cl\u00ednico, un gran profesional especializado y\u00a0 encargado de trasladar valor cl\u00ednico y cient\u00edfico de la marca Vulkan a los usuarios y asesores mediante la gesti\u00f3n de estudios cl\u00ednicos y asesoramiento especializado. El Dr. Rocamora es experto conocedor de las soluciones Vulkan\u00ae y una segunda l\u00ednea de apoyo para nuestros clientes. Adem\u00e1s, &#8230; <\/p>\n<div><a href=\"https:\/\/www.vulkanimplants.com\/es\/coordinacion-clinica\/\" class=\"more-link\">Read More<\/a><\/div>\n","protected":false},"author":1,"featured_media":0,"parent":0,"menu_order":0,"comment_status":"closed","ping_status":"closed","template":"template-blank-4.php","meta":{"rs_blank_template":"","rs_page_bg_color":"","slide_template_v7":"","footnotes":""},"class_list":["post-7592","page","type-page","status-publish","hentry","no-post-thumbnail"],"yoast_head":"<!-- This site is optimized with the Yoast SEO plugin v27.5 - https:\/\/yoast.com\/product\/yoast-seo-wordpress\/ -->\n<title>Coordinaci\u00f3n Cl\u00ednica | Vulkan Implants<\/title>\n<meta name=\"description\" content=\"Coordinaci\u00f3n cl\u00ednica y participaci\u00f3n activa en el dise\u00f1o y desarrollo de nuevas soluciones y metodolog\u00edas de trabajo.\" \/>\n<meta name=\"robots\" content=\"index, follow, max-snippet:-1, max-image-preview:large, max-video-preview:-1\" \/>\n<link rel=\"canonical\" href=\"https:\/\/www.vulkanimplants.com\/es\/coordinacion-clinica\/\" \/>\n<meta property=\"og:locale\" content=\"es_ES\" \/>\n<meta property=\"og:type\" content=\"article\" \/>\n<meta property=\"og:title\" content=\"Coordinaci\u00f3n Cl\u00ednica | Vulkan Implants\" \/>\n<meta property=\"og:description\" content=\"Coordinaci\u00f3n cl\u00ednica y participaci\u00f3n activa en el dise\u00f1o y desarrollo de nuevas soluciones y metodolog\u00edas de trabajo.\" \/>\n<meta property=\"og:url\" content=\"https:\/\/www.vulkanimplants.com\/es\/coordinacion-clinica\/\" \/>\n<meta property=\"og:site_name\" content=\"Vulkan Implants\" \/>\n<meta property=\"article:publisher\" content=\"https:\/\/www.facebook.com\/VulkanImplant\/\" \/>\n<meta property=\"article:modified_time\" content=\"2025-04-22T15:10:03+00:00\" \/>\n<meta property=\"og:image\" content=\"https:\/\/www.vulkanimplants.com\/wp-content\/uploads\/2023\/09\/Vulkan-Implants-Catalogo-Resumido-EN.jpg\" \/>\n\t<meta property=\"og:image:width\" content=\"730\" \/>\n\t<meta property=\"og:image:height\" content=\"1033\" \/>\n\t<meta property=\"og:image:type\" content=\"image\/jpeg\" \/>\n<meta name=\"twitter:card\" content=\"summary_large_image\" \/>\n<meta name=\"twitter:label1\" content=\"Tiempo de lectura\" \/>\n\t<meta name=\"twitter:data1\" content=\"1 minuto\" \/>\n<script type=\"application\/ld+json\" class=\"yoast-schema-graph\">{\"@context\":\"https:\\\/\\\/schema.org\",\"@graph\":[{\"@type\":\"Article\",\"@id\":\"https:\\\/\\\/www.vulkanimplants.com\\\/coordinacion-clinica\\\/#article\",\"isPartOf\":{\"@id\":\"https:\\\/\\\/www.vulkanimplants.com\\\/coordinacion-clinica\\\/\"},\"author\":{\"name\":\"Sergi\",\"@id\":\"https:\\\/\\\/www.vulkanimplants.com\\\/#\\\/schema\\\/person\\\/1de840b32d1a30e4b183bedb7ee8d3b6\"},\"headline\":\"Coordinaci\u00f3n Cl\u00ednica vulkan Implants\",\"datePublished\":\"2020-03-30T10:02:52+00:00\",\"dateModified\":\"2025-04-22T15:10:03+00:00\",\"mainEntityOfPage\":{\"@id\":\"https:\\\/\\\/www.vulkanimplants.com\\\/coordinacion-clinica\\\/\"},\"wordCount\":262,\"publisher\":{\"@id\":\"https:\\\/\\\/www.vulkanimplants.com\\\/#organization\"},\"inLanguage\":\"es\"},{\"@type\":\"WebPage\",\"@id\":\"https:\\\/\\\/www.vulkanimplants.com\\\/coordinacion-clinica\\\/\",\"url\":\"https:\\\/\\\/www.vulkanimplants.com\\\/coordinacion-clinica\\\/\",\"name\":\"Coordinaci\u00f3n Cl\u00ednica | Vulkan Implants\",\"isPartOf\":{\"@id\":\"https:\\\/\\\/www.vulkanimplants.com\\\/#website\"},\"datePublished\":\"2020-03-30T10:02:52+00:00\",\"dateModified\":\"2025-04-22T15:10:03+00:00\",\"description\":\"Coordinaci\u00f3n cl\u00ednica y participaci\u00f3n activa en el dise\u00f1o y desarrollo de nuevas soluciones y metodolog\u00edas de trabajo.\",\"breadcrumb\":{\"@id\":\"https:\\\/\\\/www.vulkanimplants.com\\\/coordinacion-clinica\\\/#breadcrumb\"},\"inLanguage\":\"es\",\"potentialAction\":[{\"@type\":\"ReadAction\",\"target\":[\"https:\\\/\\\/www.vulkanimplants.com\\\/coordinacion-clinica\\\/\"]}]},{\"@type\":\"BreadcrumbList\",\"@id\":\"https:\\\/\\\/www.vulkanimplants.com\\\/coordinacion-clinica\\\/#breadcrumb\",\"itemListElement\":[{\"@type\":\"ListItem\",\"position\":1,\"name\":\"Inici\",\"item\":\"https:\\\/\\\/www.vulkanimplants.com\\\/\"},{\"@type\":\"ListItem\",\"position\":2,\"name\":\"Coordinaci\u00f3n Cl\u00ednica vulkan Implants\"}]},{\"@type\":\"WebSite\",\"@id\":\"https:\\\/\\\/www.vulkanimplants.com\\\/#website\",\"url\":\"https:\\\/\\\/www.vulkanimplants.com\\\/\",\"name\":\"https:\\\/\\\/www.vulkanimplants.com\\\/\",\"description\":\"Vulkan Implants - High quality dental implants brand and guided surgery platform\",\"publisher\":{\"@id\":\"https:\\\/\\\/www.vulkanimplants.com\\\/#organization\"},\"alternateName\":\"Vulkan Implants\",\"potentialAction\":[{\"@type\":\"SearchAction\",\"target\":{\"@type\":\"EntryPoint\",\"urlTemplate\":\"https:\\\/\\\/www.vulkanimplants.com\\\/?s={search_term_string}\"},\"query-input\":{\"@type\":\"PropertyValueSpecification\",\"valueRequired\":true,\"valueName\":\"search_term_string\"}}],\"inLanguage\":\"es\"},{\"@type\":\"Organization\",\"@id\":\"https:\\\/\\\/www.vulkanimplants.com\\\/#organization\",\"name\":\"Vulkan Implants\",\"alternateName\":\"Vulkan\",\"url\":\"https:\\\/\\\/www.vulkanimplants.com\\\/\",\"logo\":{\"@type\":\"ImageObject\",\"inLanguage\":\"es\",\"@id\":\"https:\\\/\\\/www.vulkanimplants.com\\\/#\\\/schema\\\/logo\\\/image\\\/\",\"url\":\"https:\\\/\\\/www.vulkanimplants.com\\\/wp-content\\\/uploads\\\/2023\\\/12\\\/Vulkan-Implants-Logo-White-Orange-only-logo.png\",\"contentUrl\":\"https:\\\/\\\/www.vulkanimplants.com\\\/wp-content\\\/uploads\\\/2023\\\/12\\\/Vulkan-Implants-Logo-White-Orange-only-logo.png\",\"width\":369,\"height\":277,\"caption\":\"Vulkan Implants\"},\"image\":{\"@id\":\"https:\\\/\\\/www.vulkanimplants.com\\\/#\\\/schema\\\/logo\\\/image\\\/\"},\"sameAs\":[\"https:\\\/\\\/www.facebook.com\\\/VulkanImplant\\\/\",\"https:\\\/\\\/www.instagram.com\\\/vulkan_implants\\\/\"]},{\"@type\":\"Person\",\"@id\":\"https:\\\/\\\/www.vulkanimplants.com\\\/#\\\/schema\\\/person\\\/1de840b32d1a30e4b183bedb7ee8d3b6\",\"name\":\"Sergi\",\"image\":{\"@type\":\"ImageObject\",\"inLanguage\":\"es\",\"@id\":\"https:\\\/\\\/secure.gravatar.com\\\/avatar\\\/78459bce4cb1e11ce13c584aa4eab950b73957cf871a960a43fa4261e56858b2?s=96&d=mm&r=g\",\"url\":\"https:\\\/\\\/secure.gravatar.com\\\/avatar\\\/78459bce4cb1e11ce13c584aa4eab950b73957cf871a960a43fa4261e56858b2?s=96&d=mm&r=g\",\"contentUrl\":\"https:\\\/\\\/secure.gravatar.com\\\/avatar\\\/78459bce4cb1e11ce13c584aa4eab950b73957cf871a960a43fa4261e56858b2?s=96&d=mm&r=g\",\"caption\":\"Sergi\"},\"url\":\"https:\\\/\\\/www.vulkanimplants.com\\\/es\\\/author\\\/administradorweb\\\/\"}]}<\/script>\n<!-- \/ Yoast SEO plugin. -->","yoast_head_json":{"title":"Coordinaci\u00f3n Cl\u00ednica | Vulkan Implants","description":"Coordinaci\u00f3n cl\u00ednica y participaci\u00f3n activa en el dise\u00f1o y desarrollo de nuevas soluciones y metodolog\u00edas de trabajo.","robots":{"index":"index","follow":"follow","max-snippet":"max-snippet:-1","max-image-preview":"max-image-preview:large","max-video-preview":"max-video-preview:-1"},"canonical":"https:\/\/www.vulkanimplants.com\/es\/coordinacion-clinica\/","og_locale":"es_ES","og_type":"article","og_title":"Coordinaci\u00f3n Cl\u00ednica | Vulkan Implants","og_description":"Coordinaci\u00f3n cl\u00ednica y participaci\u00f3n activa en el dise\u00f1o y desarrollo de nuevas soluciones y metodolog\u00edas de trabajo.","og_url":"https:\/\/www.vulkanimplants.com\/es\/coordinacion-clinica\/","og_site_name":"Vulkan Implants","article_publisher":"https:\/\/www.facebook.com\/VulkanImplant\/","article_modified_time":"2025-04-22T15:10:03+00:00","og_image":[{"width":730,"height":1033,"url":"https:\/\/www.vulkanimplants.com\/wp-content\/uploads\/2023\/09\/Vulkan-Implants-Catalogo-Resumido-EN.jpg","type":"image\/jpeg"}],"twitter_card":"summary_large_image","twitter_misc":{"Tiempo de lectura":"1 minuto"},"schema":{"@context":"https:\/\/schema.org","@graph":[{"@type":"Article","@id":"https:\/\/www.vulkanimplants.com\/coordinacion-clinica\/#article","isPartOf":{"@id":"https:\/\/www.vulkanimplants.com\/coordinacion-clinica\/"},"author":{"name":"Sergi","@id":"https:\/\/www.vulkanimplants.com\/#\/schema\/person\/1de840b32d1a30e4b183bedb7ee8d3b6"},"headline":"Coordinaci\u00f3n Cl\u00ednica vulkan Implants","datePublished":"2020-03-30T10:02:52+00:00","dateModified":"2025-04-22T15:10:03+00:00","mainEntityOfPage":{"@id":"https:\/\/www.vulkanimplants.com\/coordinacion-clinica\/"},"wordCount":262,"publisher":{"@id":"https:\/\/www.vulkanimplants.com\/#organization"},"inLanguage":"es"},{"@type":"WebPage","@id":"https:\/\/www.vulkanimplants.com\/coordinacion-clinica\/","url":"https:\/\/www.vulkanimplants.com\/coordinacion-clinica\/","name":"Coordinaci\u00f3n Cl\u00ednica | Vulkan Implants","isPartOf":{"@id":"https:\/\/www.vulkanimplants.com\/#website"},"datePublished":"2020-03-30T10:02:52+00:00","dateModified":"2025-04-22T15:10:03+00:00","description":"Coordinaci\u00f3n cl\u00ednica y participaci\u00f3n activa en el dise\u00f1o y desarrollo de nuevas soluciones y metodolog\u00edas de trabajo.","breadcrumb":{"@id":"https:\/\/www.vulkanimplants.com\/coordinacion-clinica\/#breadcrumb"},"inLanguage":"es","potentialAction":[{"@type":"ReadAction","target":["https:\/\/www.vulkanimplants.com\/coordinacion-clinica\/"]}]},{"@type":"BreadcrumbList","@id":"https:\/\/www.vulkanimplants.com\/coordinacion-clinica\/#breadcrumb","itemListElement":[{"@type":"ListItem","position":1,"name":"Inici","item":"https:\/\/www.vulkanimplants.com\/"},{"@type":"ListItem","position":2,"name":"Coordinaci\u00f3n Cl\u00ednica vulkan Implants"}]},{"@type":"WebSite","@id":"https:\/\/www.vulkanimplants.com\/#website","url":"https:\/\/www.vulkanimplants.com\/","name":"https:\/\/www.vulkanimplants.com\/","description":"Vulkan Implants - High quality dental implants brand and guided surgery platform","publisher":{"@id":"https:\/\/www.vulkanimplants.com\/#organization"},"alternateName":"Vulkan Implants","potentialAction":[{"@type":"SearchAction","target":{"@type":"EntryPoint","urlTemplate":"https:\/\/www.vulkanimplants.com\/?s={search_term_string}"},"query-input":{"@type":"PropertyValueSpecification","valueRequired":true,"valueName":"search_term_string"}}],"inLanguage":"es"},{"@type":"Organization","@id":"https:\/\/www.vulkanimplants.com\/#organization","name":"Vulkan Implants","alternateName":"Vulkan","url":"https:\/\/www.vulkanimplants.com\/","logo":{"@type":"ImageObject","inLanguage":"es","@id":"https:\/\/www.vulkanimplants.com\/#\/schema\/logo\/image\/","url":"https:\/\/www.vulkanimplants.com\/wp-content\/uploads\/2023\/12\/Vulkan-Implants-Logo-White-Orange-only-logo.png","contentUrl":"https:\/\/www.vulkanimplants.com\/wp-content\/uploads\/2023\/12\/Vulkan-Implants-Logo-White-Orange-only-logo.png","width":369,"height":277,"caption":"Vulkan Implants"},"image":{"@id":"https:\/\/www.vulkanimplants.com\/#\/schema\/logo\/image\/"},"sameAs":["https:\/\/www.facebook.com\/VulkanImplant\/","https:\/\/www.instagram.com\/vulkan_implants\/"]},{"@type":"Person","@id":"https:\/\/www.vulkanimplants.com\/#\/schema\/person\/1de840b32d1a30e4b183bedb7ee8d3b6","name":"Sergi","image":{"@type":"ImageObject","inLanguage":"es","@id":"https:\/\/secure.gravatar.com\/avatar\/78459bce4cb1e11ce13c584aa4eab950b73957cf871a960a43fa4261e56858b2?s=96&d=mm&r=g","url":"https:\/\/secure.gravatar.com\/avatar\/78459bce4cb1e11ce13c584aa4eab950b73957cf871a960a43fa4261e56858b2?s=96&d=mm&r=g","contentUrl":"https:\/\/secure.gravatar.com\/avatar\/78459bce4cb1e11ce13c584aa4eab950b73957cf871a960a43fa4261e56858b2?s=96&d=mm&r=g","caption":"Sergi"},"url":"https:\/\/www.vulkanimplants.com\/es\/author\/administradorweb\/"}]}},"_links":{"self":[{"href":"https:\/\/www.vulkanimplants.com\/es\/wp-json\/wp\/v2\/pages\/7592","targetHints":{"allow":["GET"]}}],"collection":[{"href":"https:\/\/www.vulkanimplants.com\/es\/wp-json\/wp\/v2\/pages"}],"about":[{"href":"https:\/\/www.vulkanimplants.com\/es\/wp-json\/wp\/v2\/types\/page"}],"author":[{"embeddable":true,"href":"https:\/\/www.vulkanimplants.com\/es\/wp-json\/wp\/v2\/users\/1"}],"replies":[{"embeddable":true,"href":"https:\/\/www.vulkanimplants.com\/es\/wp-json\/wp\/v2\/comments?post=7592"}],"version-history":[{"count":54,"href":"https:\/\/www.vulkanimplants.com\/es\/wp-json\/wp\/v2\/pages\/7592\/revisions"}],"predecessor-version":[{"id":17058,"href":"https:\/\/www.vulkanimplants.com\/es\/wp-json\/wp\/v2\/pages\/7592\/revisions\/17058"}],"wp:attachment":[{"href":"https:\/\/www.vulkanimplants.com\/es\/wp-json\/wp\/v2\/media?parent=7592"}],"curies":[{"name":"wp","href":"https:\/\/api.w.org\/{rel}","templated":true}]}}