{"id":6733,"date":"2020-03-02T21:01:06","date_gmt":"2020-03-02T19:01:06","guid":{"rendered":"http:\/\/www.vulkanimplants.com\/?page_id=6733"},"modified":"2025-05-13T13:17:11","modified_gmt":"2025-05-13T11:17:11","slug":"soluciones-protesicas","status":"publish","type":"page","link":"https:\/\/www.vulkanimplants.com\/es\/soluciones-protesicas\/","title":{"rendered":"Soluciones Prot\u00e9sicas"},"content":{"rendered":"<div id=\"cs-content\" class=\"cs-content\"><div class=\"x-section e6733-e1 m571-0 m571-1\"><div class=\"x-row e6733-e2 m571-3 m571-4 m571-5 m571-8 m571-9\"><div class=\"x-row-inner\"><div class=\"x-col e6733-e3 m571-c m571-d m571-e m571-f\"><div class=\"x-text x-text-headline e6733-e4 m571-j m571-k\"><div class=\"x-text-content\"><div class=\"x-text-content-text\">\n<h1 class=\"x-text-content-text-primary\"><h2 style=\"text-align: center;\"><strong>Soluciones prot\u00e9sicas<\/strong><\/h2>\n<h2 style=\"text-align: center;\"><span style=\"color: #ffffff;\"><strong>Vulkan Implants<\/strong><\/span><\/h2><\/h1><\/div><\/div><\/div><\/div><div class=\"x-col e6733-e5 m571-c m571-f m571-g m571-h\"><div class=\"x-bg\" aria-hidden=\"true\"><div class=\"x-bg-layer-lower-image\"><\/div><\/div><span class=\"x-image e6733-e6 m571-m m571-n\"><img decoding=\"async\" src=\"http:\/\/www.vulkanimplants.com\/wp-content\/uploads\/2020\/03\/Vulkan_Implants_modul_Soluciones_Protesicas.png\" width=\"554\" height=\"426\" alt=\"soluciones prot\u00e9sicas Vulkan Impalnts\" loading=\"lazy\"><\/span><\/div><\/div><\/div><\/div><div class=\"x-section e6733-e7 m571-1 m571-2\"><div class=\"x-row e6733-e8 m571-3 m571-5 m571-6 m571-7 m571-8 m571-a\"><div class=\"x-bg\" aria-hidden=\"true\"><div class=\"x-bg-layer-lower-color\"><\/div><\/div><div class=\"x-row-inner\"><div class=\"x-col e6733-e9 m571-c m571-e m571-f m571-g m571-i\"><div class=\"x-bg\" aria-hidden=\"true\"><div class=\"x-bg-layer-lower-color\"><\/div><\/div><div class=\"x-text x-content e6733-e10 m571-p\"><h3><strong>Soluciones Prot\u00e9sicas<\/strong><\/h3>\n<h3><strong>Vulkan External Hex - VBody<\/strong><\/h3><\/div><span class=\"x-image e6733-e11 m571-m m571-o\"><img decoding=\"async\" src=\"http:\/\/www.vulkanimplants.com\/wp-content\/uploads\/2020\/03\/Vulkan_Implants_Soluciones_protesicas_External.png\" width=\"554\" height=\"426\" alt=\"Soluciones Prot\u00e9sicas External Hex. VBody\" loading=\"lazy\"><\/span><a class=\"x-anchor x-anchor-button e6733-e12 m571-q m571-r m571-s m571-t\" tabindex=\"0\" href=\"https:\/\/www.vulkanimplants.com\/componentes-basicos-external-hexagon-vulkan\/\" target=\"_blank\" rel=\"noopener noreferrer\"><div class=\"x-anchor-content\"><div class=\"x-anchor-text\"><span class=\"x-anchor-text-primary\">Componentes B\u00e1sicos<\/span><\/div><\/div><\/a><a class=\"x-anchor x-anchor-button e6733-e13 m571-q m571-r m571-s m571-u\" tabindex=\"0\" href=\"https:\/\/www.vulkanimplants.com\/transepitelial-multi-unit-external-hexagon\/\" target=\"_blank\" rel=\"noopener noreferrer\"><div class=\"x-anchor-content\"><div class=\"x-anchor-text\"><span class=\"x-anchor-text-primary\">Transepitelial Multi-Unit<\/span><\/div><\/div><\/a><a class=\"x-anchor x-anchor-button e6733-e14 m571-q m571-r m571-s m571-u\" tabindex=\"0\" href=\"https:\/\/www.vulkanimplants.com\/sobredentaduras-vulkanloc-external\/\" target=\"_blank\" rel=\"noopener noreferrer\"><div class=\"x-anchor-content\"><div class=\"x-anchor-text\"><span class=\"x-anchor-text-primary\">Sobredentaduras VulkanLoc\u00ae<\/span><\/div><\/div><\/a><a class=\"x-anchor x-anchor-button e6733-e15 m571-q m571-r m571-u m571-v\" tabindex=\"0\" href=\"https:\/\/www.vulkanimplants.com\/componentes-cad-cam-external-hex\/\" target=\"_blank\" rel=\"noopener noreferrer\"><div class=\"x-anchor-content\"><div class=\"x-anchor-text\"><span class=\"x-anchor-text-primary\">Componentes CAD-CAM<\/span><\/div><\/div><\/a><\/div><div class=\"x-col e6733-e16 m571-c m571-e m571-f m571-g m571-i\"><div class=\"x-bg\" aria-hidden=\"true\"><div class=\"x-bg-layer-lower-color\"><\/div><\/div><div class=\"x-text x-content e6733-e17 m571-p\"><h3 style=\"text-align: center;\"><strong>Soluciones Prot\u00e9sicas<\/strong><\/h3>\n<h3 style=\"text-align: center;\"><span style=\"color: #000000;\"><strong>Vulkan Conical - XBody<\/strong><\/span><\/h3><\/div><span class=\"x-image e6733-e18 m571-m m571-o\"><img decoding=\"async\" src=\"http:\/\/www.vulkanimplants.com\/wp-content\/uploads\/2020\/03\/Vulkan_Implants_Soluciones_protesicas_Conical.png\" width=\"554\" height=\"426\" alt=\"Soluciones Prot\u00e9sicas Conical XBody\" loading=\"lazy\"><\/span><a class=\"x-anchor x-anchor-button e6733-e19 m571-q m571-r m571-s m571-t\" tabindex=\"0\" href=\"https:\/\/www.vulkanimplants.com\/componentes-basicos-conical-connection-vulkan\/\" target=\"_blank\" rel=\"noopener noreferrer\"><div class=\"x-anchor-content\"><div class=\"x-anchor-text\"><span class=\"x-anchor-text-primary\">Componentes B\u00e1sicos<\/span><\/div><\/div><\/a><a class=\"x-anchor x-anchor-button e6733-e20 m571-q m571-r m571-s m571-u\" tabindex=\"0\" href=\"https:\/\/www.vulkanimplants.com\/transepitelial-multi-unit-conical-connection\/\" target=\"_blank\" rel=\"noopener noreferrer\"><div class=\"x-anchor-content\"><div class=\"x-anchor-text\"><span class=\"x-anchor-text-primary\">Transepitelial Multi-Unit<\/span><\/div><\/div><\/a><a class=\"x-anchor x-anchor-button e6733-e21 m571-q m571-r m571-s m571-u\" tabindex=\"0\" href=\"https:\/\/www.vulkanimplants.com\/sistema-de-aditamentos-dentales-para-preservar-el-tejido-conectivo\/\" target=\"_blank\" rel=\"noopener noreferrer\"><div class=\"x-anchor-content\"><div class=\"x-anchor-text\"><span class=\"x-anchor-text-primary\">Transepitelial Tissue Care<\/span><\/div><\/div><\/a><a class=\"x-anchor x-anchor-button e6733-e22 m571-q m571-r m571-s m571-u\" tabindex=\"0\" href=\"https:\/\/www.vulkanimplants.com\/sobredentaduras-vulkanloc-conical\" target=\"_blank\" rel=\"noopener noreferrer\"><div class=\"x-anchor-content\"><div class=\"x-anchor-text\"><span class=\"x-anchor-text-primary\">Sobredentaduras VulkanLoc\u00ae<\/span><\/div><\/div><\/a><a class=\"x-anchor x-anchor-button e6733-e23 m571-q m571-r m571-u m571-w\" tabindex=\"0\" href=\"https:\/\/www.vulkanimplants.com\/componentes-cad-cam-conical-connection\/\"><div class=\"x-anchor-content\"><div class=\"x-anchor-text\"><span class=\"x-anchor-text-primary\">Componentes CAD-CAM<\/span><\/div><\/div><\/a><\/div><div class=\"x-col e6733-e24 m571-c m571-e m571-f m571-g m571-i\"><div class=\"x-bg\" aria-hidden=\"true\"><div class=\"x-bg-layer-lower-color\"><\/div><\/div><div class=\"x-text x-content e6733-e25 m571-p\"><h3 style=\"text-align: center;\"><strong>Soluciones Prot\u00e9sicas<\/strong><\/h3>\n<h3 style=\"text-align: center;\"><strong>Vulkan Internal Hex - VBody<\/strong><\/h3><\/div><span class=\"x-image e6733-e26 m571-m m571-o\"><img decoding=\"async\" src=\"http:\/\/www.vulkanimplants.com\/wp-content\/uploads\/2020\/03\/Vulkan_Implants_Soluciones_protesicas_Internal-2.png\" width=\"554\" height=\"426\" alt=\"Soluciones Prot\u00e9sicas Internal Hex. VBody\" loading=\"lazy\"><\/span><a class=\"x-anchor x-anchor-button e6733-e27 m571-q m571-r m571-s m571-t\" tabindex=\"0\" href=\"https:\/\/www.vulkanimplants.com\/componentes-basicos-internal-hexagon-vulkan\/\" target=\"_blank\" rel=\"noopener noreferrer\"><div class=\"x-anchor-content\"><div class=\"x-anchor-text\"><span class=\"x-anchor-text-primary\">Componentes B\u00e1sicos<\/span><\/div><\/div><\/a><a class=\"x-anchor x-anchor-button e6733-e28 m571-q m571-r m571-s m571-u\" tabindex=\"0\" href=\"https:\/\/www.vulkanimplants.com\/transepitelial-multi-unit-internal-hexagon\/\" target=\"_blank\" rel=\"noopener noreferrer\"><div class=\"x-anchor-content\"><div class=\"x-anchor-text\"><span class=\"x-anchor-text-primary\">Transepitelial Multi-Unit<\/span><\/div><\/div><\/a><a class=\"x-anchor x-anchor-button e6733-e29 m571-q m571-r m571-s m571-u\" tabindex=\"0\" href=\"https:\/\/www.vulkanimplants.com\/sistema-de-aditamentos-dentales-para-preservar-el-tejido-conectivo-internal-hex\/\" target=\"_blank\" rel=\"noopener noreferrer\"><div class=\"x-anchor-content\"><div class=\"x-anchor-text\"><span class=\"x-anchor-text-primary\">Transepitelial Tissue Care<\/span><\/div><\/div><\/a><a class=\"x-anchor x-anchor-button e6733-e30 m571-q m571-r m571-s m571-u\" tabindex=\"0\" href=\"https:\/\/www.vulkanimplants.com\/sobredentaduras-vulkanloc-internal\/\" target=\"_blank\" rel=\"noopener noreferrer\"><div class=\"x-anchor-content\"><div class=\"x-anchor-text\"><span class=\"x-anchor-text-primary\">Sobredentaduras VulkanLoc\u00ae<\/span><\/div><\/div><\/a><a class=\"x-anchor x-anchor-button e6733-e31 m571-q m571-r m571-u m571-w\" tabindex=\"0\" href=\"https:\/\/www.vulkanimplants.com\/componentes-cad-cam-internal-hex\/\" target=\"_blank\" rel=\"noopener noreferrer\"><div class=\"x-anchor-content\"><div class=\"x-anchor-text\"><span class=\"x-anchor-text-primary\">Componentes CAD-CAM<\/span><\/div><\/div><\/a><\/div><\/div><\/div><div class=\"x-text x-text-headline e6733-e32 m571-j m571-l\"><div class=\"x-text-content\"><div class=\"x-text-content-text\"><h1 class=\"x-text-content-text-primary\"><div class=\"relative\">\n<div class=\"prose text-pretty dark:prose-invert inline leading-normal break-words min-w-0 [word-break:break-word]\">\n<h4 class=\"my-0\">Las soluciones prot\u00e9sicas Vulkan Implants ofrecen una amplia gama de soluciones innovadoras y fiables dise\u00f1adas para garantizar un ajuste perfecto y la m\u00e1xima robustez en implantolog\u00eda dental. Gracias a su avanzado proceso de fabricaci\u00f3n, en Vulkan Implants, logramos tolerancias de tan solo 5 \u03bcm, lo que asegura una conexi\u00f3n extremadamente precisa y sellada de los componentes prot\u00e9sicos, eliminando micromovimientos<span class=\"whitespace-nowrap\">.<\/span><\/h4>\n<h4 class=\"my-0\">Todas nuestras soluciones prot\u00e9sicas est\u00e1n dise\u00f1adas para adaptarse a las diversas necesidades cl\u00ednicas, mejorando la eficacia de los procedimientos y proporcionando resultados duraderos<span class=\"whitespace-nowrap\">.<\/span> La precisi\u00f3n, calidad y robustez de nuestros productos nos convierten en la opci\u00f3n ideal para los profesionales dentales m\u00e1s exigentes.<\/h4>\n<\/div>\n<\/div>\n<h4><\/h4><\/h1>\n<\/div><\/div><\/div><div class=\"x-row e6733-e33 m571-3 m571-7 m571-8 m571-b\"><div class=\"x-bg\" aria-hidden=\"true\"><div class=\"x-bg-layer-lower-color\"><\/div><\/div><div class=\"x-row-inner\"><div class=\"x-col e6733-e34 m571-c m571-e\"><a class=\"x-anchor x-anchor-button e6733-e35 m571-r m571-x\" tabindex=\"0\" href=\"https:\/\/www.vulkanimplants.com\/informacion-contacto-vulkan-implants-implantes-dentales-aditamentos-kits-extractores-tornillos\/\" target=\"_blank\" rel=\"noopener noreferrer\"><div class=\"x-anchor-content\"><div class=\"x-anchor-text\"><span class=\"x-anchor-text-primary\"><strong style=\"cursor: text;\">Solicitar informaci&oacute;n<\/strong><\/span><\/div><\/div><\/a><\/div><\/div><\/div><\/div><\/div>\n","protected":false},"excerpt":{"rendered":"<p>Soluciones prot\u00e9sicas Vulkan ImplantsSoluciones Prot\u00e9sicas Vulkan External Hex &#8211; VBodyComponentes B\u00e1sicosTransepitelial Multi-UnitSobredentaduras VulkanLoc\u00aeComponentes CAD-CAMSoluciones Prot\u00e9sicas Vulkan Conical &#8211; XBodyComponentes B\u00e1sicosTransepitelial Multi-UnitTransepitelial Tissue CareSobredentaduras VulkanLoc\u00aeComponentes CAD-CAMSoluciones Prot\u00e9sicas Vulkan Internal Hex &#8211; VBodyComponentes B\u00e1sicosTransepitelial Multi-UnitTransepitelial Tissue CareSobredentaduras VulkanLoc\u00aeComponentes CAD-CAM Las soluciones prot\u00e9sicas Vulkan Implants ofrecen una amplia gama de soluciones innovadoras y fiables dise\u00f1adas para garantizar un ajuste perfecto y la m\u00e1xima &#8230; <\/p>\n<div><a href=\"https:\/\/www.vulkanimplants.com\/es\/soluciones-protesicas\/\" class=\"more-link\">Read More<\/a><\/div>\n","protected":false},"author":1,"featured_media":0,"parent":0,"menu_order":0,"comment_status":"closed","ping_status":"closed","template":"template-blank-4.php","meta":{"rs_blank_template":"","rs_page_bg_color":"","slide_template_v7":"","footnotes":""},"class_list":["post-6733","page","type-page","status-publish","hentry","no-post-thumbnail"],"yoast_head":"<!-- This site is optimized with the Yoast SEO plugin v27.5 - https:\/\/yoast.com\/product\/yoast-seo-wordpress\/ -->\n<title>Soluciones Prot\u00e9sicas Vulkan Implants<\/title>\n<meta name=\"description\" content=\"Descubra la gama de soluciones prot\u00e9sicas de Vulkan Implants para sus tres sistemas de implantes dentales, conical, internal y external hex.\" \/>\n<meta name=\"robots\" content=\"index, follow, max-snippet:-1, max-image-preview:large, max-video-preview:-1\" \/>\n<link rel=\"canonical\" href=\"https:\/\/www.vulkanimplants.com\/es\/soluciones-protesicas\/\" \/>\n<meta property=\"og:locale\" content=\"es_ES\" \/>\n<meta property=\"og:type\" content=\"article\" \/>\n<meta property=\"og:title\" content=\"Soluciones Prot\u00e9sicas Vulkan Implants\" \/>\n<meta property=\"og:description\" content=\"Descubra la gama de soluciones prot\u00e9sicas de Vulkan Implants para sus tres sistemas de implantes dentales, conical, internal y external hex.\" \/>\n<meta property=\"og:url\" content=\"https:\/\/www.vulkanimplants.com\/es\/soluciones-protesicas\/\" \/>\n<meta property=\"og:site_name\" content=\"Vulkan Implants\" \/>\n<meta property=\"article:publisher\" content=\"https:\/\/www.facebook.com\/VulkanImplant\/\" \/>\n<meta property=\"article:modified_time\" content=\"2025-05-13T11:17:11+00:00\" \/>\n<meta property=\"og:image\" content=\"https:\/\/www.vulkanimplants.com\/wp-content\/uploads\/2023\/09\/Vulkan-Implants-Catalogo-Resumido-EN.jpg\" \/>\n\t<meta property=\"og:image:width\" content=\"730\" \/>\n\t<meta property=\"og:image:height\" content=\"1033\" \/>\n\t<meta property=\"og:image:type\" content=\"image\/jpeg\" \/>\n<meta name=\"twitter:card\" content=\"summary_large_image\" \/>\n<meta name=\"twitter:label1\" content=\"Tiempo de lectura\" \/>\n\t<meta name=\"twitter:data1\" content=\"3 minutos\" \/>\n<script type=\"application\/ld+json\" class=\"yoast-schema-graph\">{\"@context\":\"https:\\\/\\\/schema.org\",\"@graph\":[{\"@type\":\"Article\",\"@id\":\"https:\\\/\\\/www.vulkanimplants.com\\\/soluciones-protesicas\\\/#article\",\"isPartOf\":{\"@id\":\"https:\\\/\\\/www.vulkanimplants.com\\\/soluciones-protesicas\\\/\"},\"author\":{\"name\":\"Sergi\",\"@id\":\"https:\\\/\\\/www.vulkanimplants.com\\\/#\\\/schema\\\/person\\\/1de840b32d1a30e4b183bedb7ee8d3b6\"},\"headline\":\"Soluciones Prot\u00e9sicas\",\"datePublished\":\"2020-03-02T19:01:06+00:00\",\"dateModified\":\"2025-05-13T11:17:11+00:00\",\"mainEntityOfPage\":{\"@id\":\"https:\\\/\\\/www.vulkanimplants.com\\\/soluciones-protesicas\\\/\"},\"wordCount\":545,\"publisher\":{\"@id\":\"https:\\\/\\\/www.vulkanimplants.com\\\/#organization\"},\"inLanguage\":\"es\"},{\"@type\":\"WebPage\",\"@id\":\"https:\\\/\\\/www.vulkanimplants.com\\\/soluciones-protesicas\\\/\",\"url\":\"https:\\\/\\\/www.vulkanimplants.com\\\/soluciones-protesicas\\\/\",\"name\":\"Soluciones Prot\u00e9sicas Vulkan Implants\",\"isPartOf\":{\"@id\":\"https:\\\/\\\/www.vulkanimplants.com\\\/#website\"},\"datePublished\":\"2020-03-02T19:01:06+00:00\",\"dateModified\":\"2025-05-13T11:17:11+00:00\",\"description\":\"Descubra la gama de soluciones prot\u00e9sicas de Vulkan Implants para sus tres sistemas de implantes dentales, conical, internal y external hex.\",\"breadcrumb\":{\"@id\":\"https:\\\/\\\/www.vulkanimplants.com\\\/soluciones-protesicas\\\/#breadcrumb\"},\"inLanguage\":\"es\",\"potentialAction\":[{\"@type\":\"ReadAction\",\"target\":[\"https:\\\/\\\/www.vulkanimplants.com\\\/soluciones-protesicas\\\/\"]}]},{\"@type\":\"BreadcrumbList\",\"@id\":\"https:\\\/\\\/www.vulkanimplants.com\\\/soluciones-protesicas\\\/#breadcrumb\",\"itemListElement\":[{\"@type\":\"ListItem\",\"position\":1,\"name\":\"Inici\",\"item\":\"https:\\\/\\\/www.vulkanimplants.com\\\/\"},{\"@type\":\"ListItem\",\"position\":2,\"name\":\"Soluciones Prot\u00e9sicas\"}]},{\"@type\":\"WebSite\",\"@id\":\"https:\\\/\\\/www.vulkanimplants.com\\\/#website\",\"url\":\"https:\\\/\\\/www.vulkanimplants.com\\\/\",\"name\":\"https:\\\/\\\/www.vulkanimplants.com\\\/\",\"description\":\"Vulkan Implants - High quality dental implants brand and guided surgery platform\",\"publisher\":{\"@id\":\"https:\\\/\\\/www.vulkanimplants.com\\\/#organization\"},\"alternateName\":\"Vulkan Implants\",\"potentialAction\":[{\"@type\":\"SearchAction\",\"target\":{\"@type\":\"EntryPoint\",\"urlTemplate\":\"https:\\\/\\\/www.vulkanimplants.com\\\/?s={search_term_string}\"},\"query-input\":{\"@type\":\"PropertyValueSpecification\",\"valueRequired\":true,\"valueName\":\"search_term_string\"}}],\"inLanguage\":\"es\"},{\"@type\":\"Organization\",\"@id\":\"https:\\\/\\\/www.vulkanimplants.com\\\/#organization\",\"name\":\"Vulkan Implants\",\"alternateName\":\"Vulkan\",\"url\":\"https:\\\/\\\/www.vulkanimplants.com\\\/\",\"logo\":{\"@type\":\"ImageObject\",\"inLanguage\":\"es\",\"@id\":\"https:\\\/\\\/www.vulkanimplants.com\\\/#\\\/schema\\\/logo\\\/image\\\/\",\"url\":\"https:\\\/\\\/www.vulkanimplants.com\\\/wp-content\\\/uploads\\\/2023\\\/12\\\/Vulkan-Implants-Logo-White-Orange-only-logo.png\",\"contentUrl\":\"https:\\\/\\\/www.vulkanimplants.com\\\/wp-content\\\/uploads\\\/2023\\\/12\\\/Vulkan-Implants-Logo-White-Orange-only-logo.png\",\"width\":369,\"height\":277,\"caption\":\"Vulkan Implants\"},\"image\":{\"@id\":\"https:\\\/\\\/www.vulkanimplants.com\\\/#\\\/schema\\\/logo\\\/image\\\/\"},\"sameAs\":[\"https:\\\/\\\/www.facebook.com\\\/VulkanImplant\\\/\",\"https:\\\/\\\/www.instagram.com\\\/vulkan_implants\\\/\"]},{\"@type\":\"Person\",\"@id\":\"https:\\\/\\\/www.vulkanimplants.com\\\/#\\\/schema\\\/person\\\/1de840b32d1a30e4b183bedb7ee8d3b6\",\"name\":\"Sergi\",\"image\":{\"@type\":\"ImageObject\",\"inLanguage\":\"es\",\"@id\":\"https:\\\/\\\/secure.gravatar.com\\\/avatar\\\/78459bce4cb1e11ce13c584aa4eab950b73957cf871a960a43fa4261e56858b2?s=96&d=mm&r=g\",\"url\":\"https:\\\/\\\/secure.gravatar.com\\\/avatar\\\/78459bce4cb1e11ce13c584aa4eab950b73957cf871a960a43fa4261e56858b2?s=96&d=mm&r=g\",\"contentUrl\":\"https:\\\/\\\/secure.gravatar.com\\\/avatar\\\/78459bce4cb1e11ce13c584aa4eab950b73957cf871a960a43fa4261e56858b2?s=96&d=mm&r=g\",\"caption\":\"Sergi\"},\"url\":\"https:\\\/\\\/www.vulkanimplants.com\\\/es\\\/author\\\/administradorweb\\\/\"}]}<\/script>\n<!-- \/ Yoast SEO plugin. -->","yoast_head_json":{"title":"Soluciones Prot\u00e9sicas Vulkan Implants","description":"Descubra la gama de soluciones prot\u00e9sicas de Vulkan Implants para sus tres sistemas de implantes dentales, conical, internal y external hex.","robots":{"index":"index","follow":"follow","max-snippet":"max-snippet:-1","max-image-preview":"max-image-preview:large","max-video-preview":"max-video-preview:-1"},"canonical":"https:\/\/www.vulkanimplants.com\/es\/soluciones-protesicas\/","og_locale":"es_ES","og_type":"article","og_title":"Soluciones Prot\u00e9sicas Vulkan Implants","og_description":"Descubra la gama de soluciones prot\u00e9sicas de Vulkan Implants para sus tres sistemas de implantes dentales, conical, internal y external hex.","og_url":"https:\/\/www.vulkanimplants.com\/es\/soluciones-protesicas\/","og_site_name":"Vulkan Implants","article_publisher":"https:\/\/www.facebook.com\/VulkanImplant\/","article_modified_time":"2025-05-13T11:17:11+00:00","og_image":[{"width":730,"height":1033,"url":"https:\/\/www.vulkanimplants.com\/wp-content\/uploads\/2023\/09\/Vulkan-Implants-Catalogo-Resumido-EN.jpg","type":"image\/jpeg"}],"twitter_card":"summary_large_image","twitter_misc":{"Tiempo de lectura":"3 minutos"},"schema":{"@context":"https:\/\/schema.org","@graph":[{"@type":"Article","@id":"https:\/\/www.vulkanimplants.com\/soluciones-protesicas\/#article","isPartOf":{"@id":"https:\/\/www.vulkanimplants.com\/soluciones-protesicas\/"},"author":{"name":"Sergi","@id":"https:\/\/www.vulkanimplants.com\/#\/schema\/person\/1de840b32d1a30e4b183bedb7ee8d3b6"},"headline":"Soluciones Prot\u00e9sicas","datePublished":"2020-03-02T19:01:06+00:00","dateModified":"2025-05-13T11:17:11+00:00","mainEntityOfPage":{"@id":"https:\/\/www.vulkanimplants.com\/soluciones-protesicas\/"},"wordCount":545,"publisher":{"@id":"https:\/\/www.vulkanimplants.com\/#organization"},"inLanguage":"es"},{"@type":"WebPage","@id":"https:\/\/www.vulkanimplants.com\/soluciones-protesicas\/","url":"https:\/\/www.vulkanimplants.com\/soluciones-protesicas\/","name":"Soluciones Prot\u00e9sicas Vulkan Implants","isPartOf":{"@id":"https:\/\/www.vulkanimplants.com\/#website"},"datePublished":"2020-03-02T19:01:06+00:00","dateModified":"2025-05-13T11:17:11+00:00","description":"Descubra la gama de soluciones prot\u00e9sicas de Vulkan Implants para sus tres sistemas de implantes dentales, conical, internal y external hex.","breadcrumb":{"@id":"https:\/\/www.vulkanimplants.com\/soluciones-protesicas\/#breadcrumb"},"inLanguage":"es","potentialAction":[{"@type":"ReadAction","target":["https:\/\/www.vulkanimplants.com\/soluciones-protesicas\/"]}]},{"@type":"BreadcrumbList","@id":"https:\/\/www.vulkanimplants.com\/soluciones-protesicas\/#breadcrumb","itemListElement":[{"@type":"ListItem","position":1,"name":"Inici","item":"https:\/\/www.vulkanimplants.com\/"},{"@type":"ListItem","position":2,"name":"Soluciones Prot\u00e9sicas"}]},{"@type":"WebSite","@id":"https:\/\/www.vulkanimplants.com\/#website","url":"https:\/\/www.vulkanimplants.com\/","name":"https:\/\/www.vulkanimplants.com\/","description":"Vulkan Implants - High quality dental implants brand and guided surgery platform","publisher":{"@id":"https:\/\/www.vulkanimplants.com\/#organization"},"alternateName":"Vulkan Implants","potentialAction":[{"@type":"SearchAction","target":{"@type":"EntryPoint","urlTemplate":"https:\/\/www.vulkanimplants.com\/?s={search_term_string}"},"query-input":{"@type":"PropertyValueSpecification","valueRequired":true,"valueName":"search_term_string"}}],"inLanguage":"es"},{"@type":"Organization","@id":"https:\/\/www.vulkanimplants.com\/#organization","name":"Vulkan Implants","alternateName":"Vulkan","url":"https:\/\/www.vulkanimplants.com\/","logo":{"@type":"ImageObject","inLanguage":"es","@id":"https:\/\/www.vulkanimplants.com\/#\/schema\/logo\/image\/","url":"https:\/\/www.vulkanimplants.com\/wp-content\/uploads\/2023\/12\/Vulkan-Implants-Logo-White-Orange-only-logo.png","contentUrl":"https:\/\/www.vulkanimplants.com\/wp-content\/uploads\/2023\/12\/Vulkan-Implants-Logo-White-Orange-only-logo.png","width":369,"height":277,"caption":"Vulkan Implants"},"image":{"@id":"https:\/\/www.vulkanimplants.com\/#\/schema\/logo\/image\/"},"sameAs":["https:\/\/www.facebook.com\/VulkanImplant\/","https:\/\/www.instagram.com\/vulkan_implants\/"]},{"@type":"Person","@id":"https:\/\/www.vulkanimplants.com\/#\/schema\/person\/1de840b32d1a30e4b183bedb7ee8d3b6","name":"Sergi","image":{"@type":"ImageObject","inLanguage":"es","@id":"https:\/\/secure.gravatar.com\/avatar\/78459bce4cb1e11ce13c584aa4eab950b73957cf871a960a43fa4261e56858b2?s=96&d=mm&r=g","url":"https:\/\/secure.gravatar.com\/avatar\/78459bce4cb1e11ce13c584aa4eab950b73957cf871a960a43fa4261e56858b2?s=96&d=mm&r=g","contentUrl":"https:\/\/secure.gravatar.com\/avatar\/78459bce4cb1e11ce13c584aa4eab950b73957cf871a960a43fa4261e56858b2?s=96&d=mm&r=g","caption":"Sergi"},"url":"https:\/\/www.vulkanimplants.com\/es\/author\/administradorweb\/"}]}},"_links":{"self":[{"href":"https:\/\/www.vulkanimplants.com\/es\/wp-json\/wp\/v2\/pages\/6733","targetHints":{"allow":["GET"]}}],"collection":[{"href":"https:\/\/www.vulkanimplants.com\/es\/wp-json\/wp\/v2\/pages"}],"about":[{"href":"https:\/\/www.vulkanimplants.com\/es\/wp-json\/wp\/v2\/types\/page"}],"author":[{"embeddable":true,"href":"https:\/\/www.vulkanimplants.com\/es\/wp-json\/wp\/v2\/users\/1"}],"replies":[{"embeddable":true,"href":"https:\/\/www.vulkanimplants.com\/es\/wp-json\/wp\/v2\/comments?post=6733"}],"version-history":[{"count":87,"href":"https:\/\/www.vulkanimplants.com\/es\/wp-json\/wp\/v2\/pages\/6733\/revisions"}],"predecessor-version":[{"id":17182,"href":"https:\/\/www.vulkanimplants.com\/es\/wp-json\/wp\/v2\/pages\/6733\/revisions\/17182"}],"wp:attachment":[{"href":"https:\/\/www.vulkanimplants.com\/es\/wp-json\/wp\/v2\/media?parent=6733"}],"curies":[{"name":"wp","href":"https:\/\/api.w.org\/{rel}","templated":true}]}}