{"id":17980,"date":"2026-02-02T16:03:02","date_gmt":"2026-02-02T15:03:02","guid":{"rendered":"https:\/\/www.vulkanimplants.com\/es\/vulkan-implants-at-expodental-2024-2\/"},"modified":"2026-04-14T11:53:55","modified_gmt":"2026-04-14T09:53:55","slug":"vulkan-implants-expodental-2026-entradas","status":"publish","type":"page","link":"https:\/\/www.vulkanimplants.com\/es\/vulkan-implants-expodental-2026-entradas\/","title":{"rendered":"Vulkan Implants en Expodental 2026"},"content":{"rendered":"<div id=\"cs-content\" class=\"cs-content\"><div class=\"x-section e17980-e1 mdvg-0 mdvg-1\"><div class=\"x-row e17980-e2 mdvg-8 mdvg-9 mdvg-a mdvg-b mdvg-c mdvg-k mdvg-l\"><div class=\"x-bg\" aria-hidden=\"true\"><div class=\"x-bg-layer-lower-image\"><\/div><\/div><div class=\"x-row-inner\"><div class=\"x-col e17980-e3 mdvg-t mdvg-u mdvg-v mdvg-w\"><a class=\"x-image e17980-e4 mdvg-13 mdvg-14\" href=\"https:\/\/www.ifema.es\/expodental\" target=\"_blank\" rel=\"noopener noreferrer\"><img decoding=\"async\" src=\"https:\/\/www.vulkanimplants.com\/wp-content\/uploads\/2026\/02\/Vulkan-Implants-Expodental-Header-Web-scaled.jpg\" width=\"2560\" height=\"945\" alt=\"Entradas Expodental 2026\" loading=\"lazy\"><\/a><\/div><\/div><\/div><\/div><div class=\"x-section e17980-e5 mdvg-0 mdvg-2 mdvg-3 mdvg-4\"><div class=\"x-row x-container max width e17980-e6 mdvg-9 mdvg-a mdvg-b mdvg-d mdvg-e mdvg-f mdvg-g mdvg-m mdvg-n\"><div class=\"x-row-inner\"><div class=\"x-col e17980-e7 mdvg-t mdvg-w mdvg-x mdvg-y mdvg-z mdvg-10\"><div class=\"x-text x-text-headline e17980-e8 mdvg-17\"><div class=\"x-text-content\"><div class=\"x-text-content-text\"><h1 class=\"x-text-content-text-primary\"><h1 style=\"text-align: center;\"><strong>Expodental 2026<\/strong><\/h1><\/h1>\n<\/div><\/div><\/div><div class=\"x-text x-content e17980-e9 mdvg-18 mdvg-19 mdvg-1a\"><h5>Tras tres intensas jornadas celebradas del 11 al 13 de marzo de 2026 en <a href=\"https:\/\/www.ifema.es\/expodental\">Expodental 2026<\/a>, el evento volvi\u00f3 a consolidarse como un gran punto de encuentro del sector odontol\u00f3gico, reuniendo a miles de profesionales, empresas y expertos en torno a la innovaci\u00f3n, la tecnolog\u00eda y el futuro de la implantolog\u00eda.<\/h5>\n<h5>En este contexto, Vulkan Implants particip\u00f3 activamente con un stand dise\u00f1ado para compartir conocimiento, presentar soluciones y generar conexiones de valor con cl\u00ednicas, distribuidores y especialistas. Durante la feria, nuestro espacio se convirti\u00f3 en un punto de encuentro din\u00e1mico donde los visitantes pudieron descubrir de primera mano sus propuestas, asistir a demostraciones y conocer m\u00e1s sobre la filosof\u00eda de trabajo de Vulkan Implants, orientada a la precisi\u00f3n, la fiabilidad y la innovaci\u00f3n.<\/h5>\n<h5>A lo largo de estos tres d\u00edas, el equipo de Vulkan Implants desarroll\u00f3 diferentes actividades en el stand, incluyendo presentaciones de producto, encuentros con profesionales y momentos de networking que reforzaron nuestra presencia en un entorno marcado por la digitalizaci\u00f3n, la inteligencia artificial y las nuevas tendencias cl\u00ednicas del sector.<\/h5>\n<h5>Como cierre de esta experiencia, Vulkan Implants pone a disposici\u00f3n de todos los interesados un resumen completo de su participaci\u00f3n, junto con una galer\u00eda de im\u00e1genes que recoge los mejores momentos vividos durante la feria.<\/h5>\n<h5>Vulkan Implants agradece a todos los profesionales que nos visitaron y que formaron parte de esta edici\u00f3n, reafirmando nuestro compromiso con el desarrollo y la evoluci\u00f3n de la implantolog\u00eda dental.<\/h5>\n<h5 style=\"text-align: left;\"><\/h5>\n<h5 style=\"text-align: left;\"><\/h5><\/div><a class=\"x-anchor x-anchor-button e17980-e10 mdvg-1f\" tabindex=\"0\" href=\"https:\/\/flic.kr\/s\/aHBqjCR2cg\" target=\"_blank\" rel=\"noopener noreferrer\"><div class=\"x-anchor-content\"><div class=\"x-anchor-text\"><span class=\"x-anchor-text-primary\">Ver im\u00e1genes<\/span><\/div><\/div><\/a><\/div><\/div><\/div><div class=\"x-row x-container max width e17980-e11 mdvg-9 mdvg-a mdvg-b mdvg-c mdvg-d mdvg-k mdvg-o\"><div class=\"x-row-inner\"><\/div><\/div><\/div><div class=\"x-section e17980-e14 mdvg-0 mdvg-3 mdvg-4 mdvg-5 mdvg-6\"><div class=\"x-row x-container max width e17980-e15 mdvg-9 mdvg-a mdvg-d mdvg-e mdvg-g mdvg-h mdvg-m mdvg-p\"><div class=\"x-row-inner\"><div class=\"x-col e17980-e16 mdvg-w mdvg-z mdvg-11\"><div class=\"x-text x-content e17980-e17 mdvg-18 mdvg-1a mdvg-1b\"><h3 data-start=\"651\" data-end=\"708\"><strong data-start=\"655\" data-end=\"708\">M\u00e1s que una feria, una experiencia imprescindible<\/strong><\/h3>\n<h5 data-start=\"709\" data-end=\"1084\">En Vulkan Implants estamos preparados para marcar la diferencia. Nuestra participaci\u00f3n en Expodental 2026 fue m\u00e1s all\u00e1 de exhibir productos: fue <strong data-start=\"854\" data-end=\"1045\">una plataforma para explorar soluciones innovadoras en implantolog\u00eda oral, conectar con colegas del sector y descubrir las \u00faltimas tendencias que est\u00e1n redefiniendo la odontolog\u00eda moderna<\/strong>.<\/h5><\/div><\/div><div class=\"x-col e17980-e18 mdvg-w mdvg-z\"><span class=\"x-image e17980-e19 mdvg-13 mdvg-15 mdvg-16\"><img decoding=\"async\" src=\"https:\/\/www.vulkanimplants.com\/wp-content\/uploads\/2026\/03\/Seminari_Rocamora_1.jpg\" width=\"2270\" height=\"1022\" alt=\"Dr. Rocamora durante la ponencia en expodental 2024\" loading=\"lazy\"><\/span><\/div><\/div><\/div><div class=\"x-row x-container max width e17980-e20 mdvg-9 mdvg-d mdvg-g mdvg-h mdvg-i mdvg-m mdvg-q\"><div class=\"x-row-inner\"><div class=\"x-col e17980-e21 mdvg-w mdvg-z\"><span class=\"x-image e17980-e22 mdvg-13 mdvg-15 mdvg-16\"><img decoding=\"async\" src=\"https:\/\/www.vulkanimplants.com\/wp-content\/uploads\/2026\/03\/stand_expodental_2026_horitzontal_2.jpg\" width=\"1089\" height=\"490\" alt=\"Stand expodental \" loading=\"lazy\"><\/span><\/div><div class=\"x-col e17980-e23 mdvg-w mdvg-z\"><div class=\"x-text x-content e17980-e24 mdvg-18 mdvg-1a mdvg-1b mdvg-1c\"><ul data-start=\"1172\" data-end=\"1341\">\n \t<li data-start=\"1172\" data-end=\"1237\">\n<h5 data-start=\"1174\" data-end=\"1237\">Presentaciones de producto con enfoque cl\u00ednico y tecnol\u00f3gico.<\/h5>\n<\/li>\n \t<li data-start=\"1238\" data-end=\"1281\">\n<h5 data-start=\"1240\" data-end=\"1281\">Demostraciones en directo con expertos.<\/h5>\n<\/li>\n \t<li data-start=\"1282\" data-end=\"1341\">\n<h5 data-start=\"1284\" data-end=\"1341\">Asesoramiento personalizado para su pr\u00e1ctica profesional.<\/h5>\n<\/li>\n<\/ul><\/div><\/div><\/div><\/div><div class=\"x-row x-container max width e17980-e25 mdvg-9 mdvg-d mdvg-g mdvg-h mdvg-i mdvg-m mdvg-r\"><div class=\"x-row-inner\"><div class=\"x-col e17980-e26 mdvg-t mdvg-w mdvg-x mdvg-y mdvg-z\"><span class=\"x-image e17980-e27 mdvg-13 mdvg-16\"><img decoding=\"async\" src=\"https:\/\/www.vulkanimplants.com\/wp-content\/uploads\/2026\/03\/stand_expodental_2026_horitzontal_6.jpg\" width=\"2043\" height=\"919\" alt=\"Image\" loading=\"lazy\"><\/span><\/div><div class=\"x-col e17980-e28 mdvg-t mdvg-u mdvg-w mdvg-y mdvg-z mdvg-12\"><span class=\"x-icon e17980-e29 mdvg-1h\" aria-hidden=\"true\"><svg xmlns=\"http:\/\/www.w3.org\/2000\/svg\" viewBox=\"0 0 384 512\"><!--! Font Awesome Pro 6.7.2 by @fontawesome - https:\/\/fontawesome.com License - https:\/\/fontawesome.com\/license (Commercial License) Copyright 2024 Fonticons, Inc. --><path d=\"M215.7 499.2C267 435 384 279.4 384 192C384 86 298 0 192 0S0 86 0 192c0 87.4 117 243 168.3 307.2c12.3 15.3 35.1 15.3 47.4 0zM192 128a64 64 0 1 1 0 128 64 64 0 1 1 0-128z\"\/><\/svg><\/span><div class=\"x-text x-content e17980-e30 mdvg-18 mdvg-1a mdvg-1d\"><h1 style=\"text-align: center;\"><strong><span style=\"color: #ffffff;\">Pabell\u00f3n 8 Stand 8D12<\/span><\/strong><\/h1><\/div><\/div><\/div><\/div><\/div><\/div>\n","protected":false},"excerpt":{"rendered":"<p>Expodental 2026 Tras tres intensas jornadas celebradas del 11 al 13 de marzo de 2026 en Expodental 2026, el evento volvi\u00f3 a consolidarse como un gran punto de encuentro del sector odontol\u00f3gico, reuniendo a miles de profesionales, empresas y expertos en torno a la innovaci\u00f3n, la tecnolog\u00eda y el futuro de la implantolog\u00eda. En este contexto, Vulkan Implants particip\u00f3 activamente &#8230; <\/p>\n<div><a href=\"https:\/\/www.vulkanimplants.com\/es\/vulkan-implants-expodental-2026-entradas\/\" class=\"more-link\">Read More<\/a><\/div>\n","protected":false},"author":2,"featured_media":0,"parent":0,"menu_order":0,"comment_status":"closed","ping_status":"closed","template":"template-blank-4.php","meta":{"rs_blank_template":"","rs_page_bg_color":"","slide_template_v7":"","footnotes":""},"class_list":["post-17980","page","type-page","status-publish","hentry","no-post-thumbnail"],"yoast_head":"<!-- This site is optimized with the Yoast SEO plugin v27.5 - https:\/\/yoast.com\/product\/yoast-seo-wordpress\/ -->\n<title>Vulkan Implants en Expodental 2026 - Solicita tu entrada ahora<\/title>\n<meta name=\"description\" content=\"Vulkan Implants te invita a formar parte de este evento imprescindible. Completa el formulario y solicita tu entrada gratuita para descubrir las \u00faltimas innovaciones, soluciones y tendencias del sector dental.\" \/>\n<meta name=\"robots\" content=\"index, follow, max-snippet:-1, max-image-preview:large, max-video-preview:-1\" \/>\n<link rel=\"canonical\" href=\"https:\/\/www.vulkanimplants.com\/es\/vulkan-implants-expodental-2026-entradas\/\" \/>\n<meta property=\"og:locale\" content=\"es_ES\" \/>\n<meta property=\"og:type\" content=\"article\" \/>\n<meta property=\"og:title\" content=\"Vulkan Implants en Expodental 2026 - Solicita tu entrada ahora\" \/>\n<meta property=\"og:description\" content=\"Vulkan Implants te invita a formar parte de este evento imprescindible. Completa el formulario y solicita tu entrada gratuita para descubrir las \u00faltimas innovaciones, soluciones y tendencias del sector dental.\" \/>\n<meta property=\"og:url\" content=\"https:\/\/www.vulkanimplants.com\/es\/vulkan-implants-expodental-2026-entradas\/\" \/>\n<meta property=\"og:site_name\" content=\"Vulkan Implants\" \/>\n<meta property=\"article:publisher\" content=\"https:\/\/www.facebook.com\/VulkanImplant\/\" \/>\n<meta property=\"article:modified_time\" content=\"2026-04-14T09:53:55+00:00\" \/>\n<meta property=\"og:image\" content=\"https:\/\/www.vulkanimplants.com\/wp-content\/uploads\/2023\/09\/Vulkan-Implants-Catalogo-Resumido-EN.jpg\" \/>\n\t<meta property=\"og:image:width\" content=\"730\" \/>\n\t<meta property=\"og:image:height\" content=\"1033\" \/>\n\t<meta property=\"og:image:type\" content=\"image\/jpeg\" \/>\n<meta name=\"twitter:card\" content=\"summary_large_image\" \/>\n<meta name=\"twitter:label1\" content=\"Tiempo de lectura\" \/>\n\t<meta name=\"twitter:data1\" content=\"2 minutos\" \/>\n<script type=\"application\/ld+json\" class=\"yoast-schema-graph\">{\"@context\":\"https:\\\/\\\/schema.org\",\"@graph\":[{\"@type\":\"Article\",\"@id\":\"https:\\\/\\\/www.vulkanimplants.com\\\/es\\\/vulkan-implants-expodental-2026-entradas\\\/#article\",\"isPartOf\":{\"@id\":\"https:\\\/\\\/www.vulkanimplants.com\\\/es\\\/vulkan-implants-expodental-2026-entradas\\\/\"},\"author\":{\"name\":\"Montse Vaca\",\"@id\":\"https:\\\/\\\/www.vulkanimplants.com\\\/#\\\/schema\\\/person\\\/e9a69a01287914586d0acec3c0e709d1\"},\"headline\":\"Vulkan Implants en Expodental 2026\",\"datePublished\":\"2026-02-02T15:03:02+00:00\",\"dateModified\":\"2026-04-14T09:53:55+00:00\",\"mainEntityOfPage\":{\"@id\":\"https:\\\/\\\/www.vulkanimplants.com\\\/es\\\/vulkan-implants-expodental-2026-entradas\\\/\"},\"wordCount\":678,\"publisher\":{\"@id\":\"https:\\\/\\\/www.vulkanimplants.com\\\/#organization\"},\"inLanguage\":\"es\"},{\"@type\":\"WebPage\",\"@id\":\"https:\\\/\\\/www.vulkanimplants.com\\\/es\\\/vulkan-implants-expodental-2026-entradas\\\/\",\"url\":\"https:\\\/\\\/www.vulkanimplants.com\\\/es\\\/vulkan-implants-expodental-2026-entradas\\\/\",\"name\":\"Vulkan Implants en Expodental 2026 - Solicita tu entrada ahora\",\"isPartOf\":{\"@id\":\"https:\\\/\\\/www.vulkanimplants.com\\\/#website\"},\"datePublished\":\"2026-02-02T15:03:02+00:00\",\"dateModified\":\"2026-04-14T09:53:55+00:00\",\"description\":\"Vulkan Implants te invita a formar parte de este evento imprescindible. Completa el formulario y solicita tu entrada gratuita para descubrir las \u00faltimas innovaciones, soluciones y tendencias del sector dental.\",\"breadcrumb\":{\"@id\":\"https:\\\/\\\/www.vulkanimplants.com\\\/es\\\/vulkan-implants-expodental-2026-entradas\\\/#breadcrumb\"},\"inLanguage\":\"es\",\"potentialAction\":[{\"@type\":\"ReadAction\",\"target\":[\"https:\\\/\\\/www.vulkanimplants.com\\\/es\\\/vulkan-implants-expodental-2026-entradas\\\/\"]}]},{\"@type\":\"BreadcrumbList\",\"@id\":\"https:\\\/\\\/www.vulkanimplants.com\\\/es\\\/vulkan-implants-expodental-2026-entradas\\\/#breadcrumb\",\"itemListElement\":[{\"@type\":\"ListItem\",\"position\":1,\"name\":\"Inici\",\"item\":\"https:\\\/\\\/www.vulkanimplants.com\\\/\"},{\"@type\":\"ListItem\",\"position\":2,\"name\":\"Vulkan Implants en Expodental 2026\"}]},{\"@type\":\"WebSite\",\"@id\":\"https:\\\/\\\/www.vulkanimplants.com\\\/#website\",\"url\":\"https:\\\/\\\/www.vulkanimplants.com\\\/\",\"name\":\"https:\\\/\\\/www.vulkanimplants.com\\\/\",\"description\":\"Vulkan Implants - High quality dental implants brand and guided surgery platform\",\"publisher\":{\"@id\":\"https:\\\/\\\/www.vulkanimplants.com\\\/#organization\"},\"alternateName\":\"Vulkan Implants\",\"potentialAction\":[{\"@type\":\"SearchAction\",\"target\":{\"@type\":\"EntryPoint\",\"urlTemplate\":\"https:\\\/\\\/www.vulkanimplants.com\\\/?s={search_term_string}\"},\"query-input\":{\"@type\":\"PropertyValueSpecification\",\"valueRequired\":true,\"valueName\":\"search_term_string\"}}],\"inLanguage\":\"es\"},{\"@type\":\"Organization\",\"@id\":\"https:\\\/\\\/www.vulkanimplants.com\\\/#organization\",\"name\":\"Vulkan Implants\",\"alternateName\":\"Vulkan\",\"url\":\"https:\\\/\\\/www.vulkanimplants.com\\\/\",\"logo\":{\"@type\":\"ImageObject\",\"inLanguage\":\"es\",\"@id\":\"https:\\\/\\\/www.vulkanimplants.com\\\/#\\\/schema\\\/logo\\\/image\\\/\",\"url\":\"https:\\\/\\\/www.vulkanimplants.com\\\/wp-content\\\/uploads\\\/2023\\\/12\\\/Vulkan-Implants-Logo-White-Orange-only-logo.png\",\"contentUrl\":\"https:\\\/\\\/www.vulkanimplants.com\\\/wp-content\\\/uploads\\\/2023\\\/12\\\/Vulkan-Implants-Logo-White-Orange-only-logo.png\",\"width\":369,\"height\":277,\"caption\":\"Vulkan Implants\"},\"image\":{\"@id\":\"https:\\\/\\\/www.vulkanimplants.com\\\/#\\\/schema\\\/logo\\\/image\\\/\"},\"sameAs\":[\"https:\\\/\\\/www.facebook.com\\\/VulkanImplant\\\/\",\"https:\\\/\\\/www.instagram.com\\\/vulkan_implants\\\/\"]},{\"@type\":\"Person\",\"@id\":\"https:\\\/\\\/www.vulkanimplants.com\\\/#\\\/schema\\\/person\\\/e9a69a01287914586d0acec3c0e709d1\",\"name\":\"Montse Vaca\",\"image\":{\"@type\":\"ImageObject\",\"inLanguage\":\"es\",\"@id\":\"https:\\\/\\\/secure.gravatar.com\\\/avatar\\\/782ac7b0ec8ef54996825fe41c60e8529219ca0319214f1f278b3c0cbdb62753?s=96&d=mm&r=g\",\"url\":\"https:\\\/\\\/secure.gravatar.com\\\/avatar\\\/782ac7b0ec8ef54996825fe41c60e8529219ca0319214f1f278b3c0cbdb62753?s=96&d=mm&r=g\",\"contentUrl\":\"https:\\\/\\\/secure.gravatar.com\\\/avatar\\\/782ac7b0ec8ef54996825fe41c60e8529219ca0319214f1f278b3c0cbdb62753?s=96&d=mm&r=g\",\"caption\":\"Montse Vaca\"},\"url\":\"https:\\\/\\\/www.vulkanimplants.com\\\/es\\\/author\\\/montse\\\/\"}]}<\/script>\n<!-- \/ Yoast SEO plugin. -->","yoast_head_json":{"title":"Vulkan Implants en Expodental 2026 - Solicita tu entrada ahora","description":"Vulkan Implants te invita a formar parte de este evento imprescindible. Completa el formulario y solicita tu entrada gratuita para descubrir las \u00faltimas innovaciones, soluciones y tendencias del sector dental.","robots":{"index":"index","follow":"follow","max-snippet":"max-snippet:-1","max-image-preview":"max-image-preview:large","max-video-preview":"max-video-preview:-1"},"canonical":"https:\/\/www.vulkanimplants.com\/es\/vulkan-implants-expodental-2026-entradas\/","og_locale":"es_ES","og_type":"article","og_title":"Vulkan Implants en Expodental 2026 - Solicita tu entrada ahora","og_description":"Vulkan Implants te invita a formar parte de este evento imprescindible. Completa el formulario y solicita tu entrada gratuita para descubrir las \u00faltimas innovaciones, soluciones y tendencias del sector dental.","og_url":"https:\/\/www.vulkanimplants.com\/es\/vulkan-implants-expodental-2026-entradas\/","og_site_name":"Vulkan Implants","article_publisher":"https:\/\/www.facebook.com\/VulkanImplant\/","article_modified_time":"2026-04-14T09:53:55+00:00","og_image":[{"width":730,"height":1033,"url":"https:\/\/www.vulkanimplants.com\/wp-content\/uploads\/2023\/09\/Vulkan-Implants-Catalogo-Resumido-EN.jpg","type":"image\/jpeg"}],"twitter_card":"summary_large_image","twitter_misc":{"Tiempo de lectura":"2 minutos"},"schema":{"@context":"https:\/\/schema.org","@graph":[{"@type":"Article","@id":"https:\/\/www.vulkanimplants.com\/es\/vulkan-implants-expodental-2026-entradas\/#article","isPartOf":{"@id":"https:\/\/www.vulkanimplants.com\/es\/vulkan-implants-expodental-2026-entradas\/"},"author":{"name":"Montse Vaca","@id":"https:\/\/www.vulkanimplants.com\/#\/schema\/person\/e9a69a01287914586d0acec3c0e709d1"},"headline":"Vulkan Implants en Expodental 2026","datePublished":"2026-02-02T15:03:02+00:00","dateModified":"2026-04-14T09:53:55+00:00","mainEntityOfPage":{"@id":"https:\/\/www.vulkanimplants.com\/es\/vulkan-implants-expodental-2026-entradas\/"},"wordCount":678,"publisher":{"@id":"https:\/\/www.vulkanimplants.com\/#organization"},"inLanguage":"es"},{"@type":"WebPage","@id":"https:\/\/www.vulkanimplants.com\/es\/vulkan-implants-expodental-2026-entradas\/","url":"https:\/\/www.vulkanimplants.com\/es\/vulkan-implants-expodental-2026-entradas\/","name":"Vulkan Implants en Expodental 2026 - Solicita tu entrada ahora","isPartOf":{"@id":"https:\/\/www.vulkanimplants.com\/#website"},"datePublished":"2026-02-02T15:03:02+00:00","dateModified":"2026-04-14T09:53:55+00:00","description":"Vulkan Implants te invita a formar parte de este evento imprescindible. Completa el formulario y solicita tu entrada gratuita para descubrir las \u00faltimas innovaciones, soluciones y tendencias del sector dental.","breadcrumb":{"@id":"https:\/\/www.vulkanimplants.com\/es\/vulkan-implants-expodental-2026-entradas\/#breadcrumb"},"inLanguage":"es","potentialAction":[{"@type":"ReadAction","target":["https:\/\/www.vulkanimplants.com\/es\/vulkan-implants-expodental-2026-entradas\/"]}]},{"@type":"BreadcrumbList","@id":"https:\/\/www.vulkanimplants.com\/es\/vulkan-implants-expodental-2026-entradas\/#breadcrumb","itemListElement":[{"@type":"ListItem","position":1,"name":"Inici","item":"https:\/\/www.vulkanimplants.com\/"},{"@type":"ListItem","position":2,"name":"Vulkan Implants en Expodental 2026"}]},{"@type":"WebSite","@id":"https:\/\/www.vulkanimplants.com\/#website","url":"https:\/\/www.vulkanimplants.com\/","name":"https:\/\/www.vulkanimplants.com\/","description":"Vulkan Implants - High quality dental implants brand and guided surgery platform","publisher":{"@id":"https:\/\/www.vulkanimplants.com\/#organization"},"alternateName":"Vulkan Implants","potentialAction":[{"@type":"SearchAction","target":{"@type":"EntryPoint","urlTemplate":"https:\/\/www.vulkanimplants.com\/?s={search_term_string}"},"query-input":{"@type":"PropertyValueSpecification","valueRequired":true,"valueName":"search_term_string"}}],"inLanguage":"es"},{"@type":"Organization","@id":"https:\/\/www.vulkanimplants.com\/#organization","name":"Vulkan Implants","alternateName":"Vulkan","url":"https:\/\/www.vulkanimplants.com\/","logo":{"@type":"ImageObject","inLanguage":"es","@id":"https:\/\/www.vulkanimplants.com\/#\/schema\/logo\/image\/","url":"https:\/\/www.vulkanimplants.com\/wp-content\/uploads\/2023\/12\/Vulkan-Implants-Logo-White-Orange-only-logo.png","contentUrl":"https:\/\/www.vulkanimplants.com\/wp-content\/uploads\/2023\/12\/Vulkan-Implants-Logo-White-Orange-only-logo.png","width":369,"height":277,"caption":"Vulkan Implants"},"image":{"@id":"https:\/\/www.vulkanimplants.com\/#\/schema\/logo\/image\/"},"sameAs":["https:\/\/www.facebook.com\/VulkanImplant\/","https:\/\/www.instagram.com\/vulkan_implants\/"]},{"@type":"Person","@id":"https:\/\/www.vulkanimplants.com\/#\/schema\/person\/e9a69a01287914586d0acec3c0e709d1","name":"Montse Vaca","image":{"@type":"ImageObject","inLanguage":"es","@id":"https:\/\/secure.gravatar.com\/avatar\/782ac7b0ec8ef54996825fe41c60e8529219ca0319214f1f278b3c0cbdb62753?s=96&d=mm&r=g","url":"https:\/\/secure.gravatar.com\/avatar\/782ac7b0ec8ef54996825fe41c60e8529219ca0319214f1f278b3c0cbdb62753?s=96&d=mm&r=g","contentUrl":"https:\/\/secure.gravatar.com\/avatar\/782ac7b0ec8ef54996825fe41c60e8529219ca0319214f1f278b3c0cbdb62753?s=96&d=mm&r=g","caption":"Montse Vaca"},"url":"https:\/\/www.vulkanimplants.com\/es\/author\/montse\/"}]}},"_links":{"self":[{"href":"https:\/\/www.vulkanimplants.com\/es\/wp-json\/wp\/v2\/pages\/17980","targetHints":{"allow":["GET"]}}],"collection":[{"href":"https:\/\/www.vulkanimplants.com\/es\/wp-json\/wp\/v2\/pages"}],"about":[{"href":"https:\/\/www.vulkanimplants.com\/es\/wp-json\/wp\/v2\/types\/page"}],"author":[{"embeddable":true,"href":"https:\/\/www.vulkanimplants.com\/es\/wp-json\/wp\/v2\/users\/2"}],"replies":[{"embeddable":true,"href":"https:\/\/www.vulkanimplants.com\/es\/wp-json\/wp\/v2\/comments?post=17980"}],"version-history":[{"count":25,"href":"https:\/\/www.vulkanimplants.com\/es\/wp-json\/wp\/v2\/pages\/17980\/revisions"}],"predecessor-version":[{"id":18530,"href":"https:\/\/www.vulkanimplants.com\/es\/wp-json\/wp\/v2\/pages\/17980\/revisions\/18530"}],"wp:attachment":[{"href":"https:\/\/www.vulkanimplants.com\/es\/wp-json\/wp\/v2\/media?parent=17980"}],"curies":[{"name":"wp","href":"https:\/\/api.w.org\/{rel}","templated":true}]}}