{"id":14913,"date":"2024-09-13T16:08:45","date_gmt":"2024-09-13T14:08:45","guid":{"rendered":"https:\/\/www.vulkanimplants.com\/?page_id=14913"},"modified":"2025-03-10T12:41:49","modified_gmt":"2025-03-10T10:41:49","slug":"vulkan-implants-en-sei-vigo-2024","status":"publish","type":"page","link":"https:\/\/www.vulkanimplants.com\/es\/expodental-2024-stand-vulkan-implants\/vulkan-implants-en-sei-vigo-2024\/","title":{"rendered":"SEI VIGO 2024"},"content":{"rendered":"<div id=\"cs-content\" class=\"cs-content\"><div class=\"x-section e14913-e1 mbi9-0 mbi9-1\"><div class=\"x-row e14913-e2 mbi9-6 mbi9-7 mbi9-8 mbi9-9 mbi9-a mbi9-g mbi9-h\"><div class=\"x-bg\" aria-hidden=\"true\"><div class=\"x-bg-layer-lower-image\"><\/div><\/div><div class=\"x-row-inner\"><div class=\"x-col e14913-e3 mbi9-n mbi9-o mbi9-p mbi9-q\"><\/div><\/div><\/div><\/div><div class=\"x-section e14913-e5 mbi9-0 mbi9-2 mbi9-3\"><div class=\"x-row x-container max width e14913-e6 mbi9-7 mbi9-8 mbi9-9 mbi9-a mbi9-b mbi9-g mbi9-i\"><div class=\"x-row-inner\"><div class=\"x-col e14913-e7 mbi9-q mbi9-r\"><span class=\"x-image e14913-e8 mbi9-v mbi9-y\"><img decoding=\"async\" src=\"https:\/\/www.vulkanimplants.com\/wp-content\/uploads\/2024\/09\/Vulkan-Implants-SEI-Vigo-Header-Web.png\" width=\"1284\" height=\"474\" alt=\"VULKAN IMPLANTS EN SEI VIGO 2024\" loading=\"lazy\"><\/span><\/div><\/div><\/div><div class=\"x-row x-container max width e14913-e9 mbi9-7 mbi9-8 mbi9-9 mbi9-b mbi9-c mbi9-d mbi9-j mbi9-k\"><div class=\"x-row-inner\"><h1 class=\"x-col e14913-e10 mbi9-n mbi9-o mbi9-q mbi9-r mbi9-s\"><div class=\"x-text x-text-headline e14913-e11 mbi9-10 mbi9-11\"><div class=\"x-text-content\"><div class=\"x-text-content-text\">\n<div class=\"x-text-content-text-primary\"><h2 style=\"text-align: center;\"><strong>Vulkan Implants en Congreso SEI Vigo 2024<\/strong><\/h2><\/div><\/div><\/div><\/div><div class=\"x-text x-text-headline e14913-e12 mbi9-11 mbi9-12 mbi9-13\"><div class=\"x-text-content\"><div class=\"x-text-content-text\"><h1 class=\"x-text-content-text-primary\"><\/h1>\n<h2 class=\"x-text-content-text-subheadline\">Del 26 al 28 de Septiembre estaremos en el Congreso SEI en Vigo.<\/h2><\/div><\/div><\/div><div class=\"x-text x-text-headline e14913-e13 mbi9-11 mbi9-12\"><div class=\"x-text-content\"><div class=\"x-text-content-text\"><h1 class=\"x-text-content-text-primary\"><h1 style=\"text-align: center;\"><span style=\"color: #fdb71a;\"><strong>Ponencia gratuita con nuestro miembro del Comit\u00e9 Cient\u00edfico.<\/strong><\/span><\/h1><\/h1>\n<\/div><\/div><\/div><\/h1><\/div><\/div><div class=\"x-row x-container max width e14913-e14 mbi9-7 mbi9-9 mbi9-b mbi9-d mbi9-e mbi9-j mbi9-l\"><div class=\"x-row-inner\"><div class=\"x-col e14913-e15 mbi9-n mbi9-q mbi9-r mbi9-t mbi9-u mbi9-5 x-effect-exit\" data-x-effect=\"{&quot;scroll&quot;:true,&quot;offsetTop&quot;:&quot;10%&quot;,&quot;offsetBottom&quot;:&quot;10%&quot;,&quot;behaviorScroll&quot;:&quot;fire-once&quot;}\"><span class=\"x-image e14913-e16 mbi9-v mbi9-x mbi9-z\"><img decoding=\"async\" src=\"https:\/\/www.vulkanimplants.com\/wp-content\/uploads\/2024\/09\/Vulkan_Implants_Ponencia_SEI_Vigo.jpg\" width=\"750\" height=\"750\" alt=\"Seminario SEI VIGO 2024 Dr. Octavi Ortiz-Puigpelat\" loading=\"lazy\"><\/span><\/div><div class=\"x-col e14913-e17 mbi9-n mbi9-q mbi9-r mbi9-t\"><div class=\"x-text x-content e14913-e18 mbi9-14\"><div class=\"layoutArea\">\n<h5>El <strong>Dr. Octavi Ortiz Puigpelat<\/strong> impartir\u00e1 una ponencia sobre el <strong>Manejo de complicaciones en regeneraci\u00f3n \u00f3sea guiada<\/strong>,<strong>\u00a0con un caso pr\u00e1ctico real, realizado con <a href=\"https:\/\/www.vulkanimplants.com\/servicios-de-planificacion-diseno-fabricacion-y-trazabilidad\/\"><span style=\"color: #fdb71a;\">Cirug\u00eda Guiada<\/span><\/a><\/strong>.<\/h5>\n<h5>Desde t\u00e9cnicas innovadoras hasta consejos pr\u00e1cticos. \u00a1No se lo pierda!<\/h5>\n<h5><strong>Auditorio Mar de Vigo<\/strong>, el <strong>27 de Septiembre a las 17:00h.<\/strong><\/h5>\n<p><\/p>\n<p><span style=\"text-decoration: underline;\"><strong><a href=\"https:\/\/www.vulkanimplants.com\/comite-cientifico\/\">Haga clic aqu\u00ed para saber m\u00e1s sobre el Dr. Octavi Ortiz-Puigpelat<\/a><\/strong><\/span><\/p>\n\n<\/div><\/div><\/div><\/div><\/div><\/div><h2 class=\"x-section e14913-e19 mbi9-0 mbi9-3 mbi9-4\"><div class=\"x-row x-container max width e14913-e20 mbi9-7 mbi9-8 mbi9-b mbi9-c mbi9-d mbi9-f mbi9-j mbi9-m\"><div class=\"x-row-inner\"><div class=\"x-col e14913-e21 mbi9-q mbi9-r\"><a class=\"x-anchor x-anchor-button e14913-e22 mbi9-15\" tabindex=\"0\" href=\"https:\/\/www.vulkanimplants.com\/servicios-de-planificacion-diseno-fabricacion-y-trazabilidad\/\" target=\"_blank\" rel=\"noopener noreferrer\"><div class=\"x-anchor-content\"><div class=\"x-anchor-text\"><span class=\"x-anchor-text-primary\"><strong>Ir a Cirug&iacute;a Guiada<\/strong><\/span><\/div><\/div><\/a><\/div><\/div><\/div><\/h2><\/div>\n","protected":false},"excerpt":{"rendered":"<p>Vulkan Implants en Congreso SEI Vigo 2024 Del 26 al 28 de Septiembre estaremos en el Congreso SEI en Vigo.Ponencia gratuita con nuestro miembro del Comit\u00e9 Cient\u00edfico. El Dr. Octavi Ortiz Puigpelat impartir\u00e1 una ponencia sobre el Manejo de complicaciones en regeneraci\u00f3n \u00f3sea guiada,\u00a0con un caso pr\u00e1ctico real, realizado con Cirug\u00eda Guiada. Desde t\u00e9cnicas innovadoras hasta consejos pr\u00e1cticos. \u00a1No se &#8230; <\/p>\n<div><a href=\"https:\/\/www.vulkanimplants.com\/es\/expodental-2024-stand-vulkan-implants\/vulkan-implants-en-sei-vigo-2024\/\" class=\"more-link\">Read More<\/a><\/div>\n","protected":false},"author":2,"featured_media":14915,"parent":13986,"menu_order":0,"comment_status":"closed","ping_status":"closed","template":"template-blank-4.php","meta":{"rs_blank_template":"","rs_page_bg_color":"","slide_template_v7":"","footnotes":""},"class_list":["post-14913","page","type-page","status-publish","has-post-thumbnail","hentry"],"yoast_head":"<!-- This site is optimized with the Yoast SEO plugin v27.5 - https:\/\/yoast.com\/product\/yoast-seo-wordpress\/ -->\n<title>SEI VIGO 2024 | Vulkan Implants<\/title>\n<meta name=\"description\" content=\"Descubre la ponencia exclusiva del Dr. Octavi Ortiz Puigpelat en el congreso SEI VIGO 2024.\" \/>\n<meta name=\"robots\" content=\"index, follow, max-snippet:-1, max-image-preview:large, max-video-preview:-1\" \/>\n<link rel=\"canonical\" href=\"https:\/\/www.vulkanimplants.com\/es\/expodental-2024-stand-vulkan-implants\/vulkan-implants-en-sei-vigo-2024\/\" \/>\n<meta property=\"og:locale\" content=\"es_ES\" \/>\n<meta property=\"og:type\" content=\"article\" \/>\n<meta property=\"og:title\" content=\"SEI VIGO 2024 | Vulkan Implants\" \/>\n<meta property=\"og:description\" content=\"Descubre la ponencia exclusiva del Dr. Octavi Ortiz Puigpelat en el congreso SEI VIGO 2024.\" \/>\n<meta property=\"og:url\" content=\"https:\/\/www.vulkanimplants.com\/es\/expodental-2024-stand-vulkan-implants\/vulkan-implants-en-sei-vigo-2024\/\" \/>\n<meta property=\"og:site_name\" content=\"Vulkan Implants\" \/>\n<meta property=\"article:publisher\" content=\"https:\/\/www.facebook.com\/VulkanImplant\/\" \/>\n<meta property=\"article:modified_time\" content=\"2025-03-10T10:41:49+00:00\" \/>\n<meta property=\"og:image\" content=\"https:\/\/www.vulkanimplants.com\/wp-content\/uploads\/2024\/09\/Vulkan_Implants_Ponencia_SEI_Vigo.jpg\" \/>\n\t<meta property=\"og:image:width\" content=\"1500\" \/>\n\t<meta property=\"og:image:height\" content=\"1500\" \/>\n\t<meta property=\"og:image:type\" content=\"image\/jpeg\" \/>\n<meta name=\"twitter:card\" content=\"summary_large_image\" \/>\n<meta name=\"twitter:label1\" content=\"Tiempo de lectura\" \/>\n\t<meta name=\"twitter:data1\" content=\"1 minuto\" \/>\n<script type=\"application\/ld+json\" class=\"yoast-schema-graph\">{\"@context\":\"https:\\\/\\\/schema.org\",\"@graph\":[{\"@type\":\"Article\",\"@id\":\"https:\\\/\\\/www.vulkanimplants.com\\\/expodental-2024-stand-vulkan-implants\\\/vulkan-implants-en-sei-vigo-2024\\\/#article\",\"isPartOf\":{\"@id\":\"https:\\\/\\\/www.vulkanimplants.com\\\/expodental-2024-stand-vulkan-implants\\\/vulkan-implants-en-sei-vigo-2024\\\/\"},\"author\":{\"name\":\"Montse Vaca\",\"@id\":\"https:\\\/\\\/www.vulkanimplants.com\\\/#\\\/schema\\\/person\\\/e9a69a01287914586d0acec3c0e709d1\"},\"headline\":\"SEI VIGO 2024\",\"datePublished\":\"2024-09-13T14:08:45+00:00\",\"dateModified\":\"2025-03-10T10:41:49+00:00\",\"mainEntityOfPage\":{\"@id\":\"https:\\\/\\\/www.vulkanimplants.com\\\/expodental-2024-stand-vulkan-implants\\\/vulkan-implants-en-sei-vigo-2024\\\/\"},\"wordCount\":300,\"publisher\":{\"@id\":\"https:\\\/\\\/www.vulkanimplants.com\\\/#organization\"},\"image\":{\"@id\":\"https:\\\/\\\/www.vulkanimplants.com\\\/expodental-2024-stand-vulkan-implants\\\/vulkan-implants-en-sei-vigo-2024\\\/#primaryimage\"},\"thumbnailUrl\":\"https:\\\/\\\/www.vulkanimplants.com\\\/wp-content\\\/uploads\\\/2024\\\/09\\\/Vulkan_Implants_Ponencia_SEI_Vigo.jpg\",\"inLanguage\":\"es\"},{\"@type\":\"WebPage\",\"@id\":\"https:\\\/\\\/www.vulkanimplants.com\\\/expodental-2024-stand-vulkan-implants\\\/vulkan-implants-en-sei-vigo-2024\\\/\",\"url\":\"https:\\\/\\\/www.vulkanimplants.com\\\/expodental-2024-stand-vulkan-implants\\\/vulkan-implants-en-sei-vigo-2024\\\/\",\"name\":\"SEI VIGO 2024 | Vulkan Implants\",\"isPartOf\":{\"@id\":\"https:\\\/\\\/www.vulkanimplants.com\\\/#website\"},\"primaryImageOfPage\":{\"@id\":\"https:\\\/\\\/www.vulkanimplants.com\\\/expodental-2024-stand-vulkan-implants\\\/vulkan-implants-en-sei-vigo-2024\\\/#primaryimage\"},\"image\":{\"@id\":\"https:\\\/\\\/www.vulkanimplants.com\\\/expodental-2024-stand-vulkan-implants\\\/vulkan-implants-en-sei-vigo-2024\\\/#primaryimage\"},\"thumbnailUrl\":\"https:\\\/\\\/www.vulkanimplants.com\\\/wp-content\\\/uploads\\\/2024\\\/09\\\/Vulkan_Implants_Ponencia_SEI_Vigo.jpg\",\"datePublished\":\"2024-09-13T14:08:45+00:00\",\"dateModified\":\"2025-03-10T10:41:49+00:00\",\"description\":\"Descubre la ponencia exclusiva del Dr. Octavi Ortiz Puigpelat en el congreso SEI VIGO 2024.\",\"breadcrumb\":{\"@id\":\"https:\\\/\\\/www.vulkanimplants.com\\\/expodental-2024-stand-vulkan-implants\\\/vulkan-implants-en-sei-vigo-2024\\\/#breadcrumb\"},\"inLanguage\":\"es\",\"potentialAction\":[{\"@type\":\"ReadAction\",\"target\":[\"https:\\\/\\\/www.vulkanimplants.com\\\/expodental-2024-stand-vulkan-implants\\\/vulkan-implants-en-sei-vigo-2024\\\/\"]}]},{\"@type\":\"ImageObject\",\"inLanguage\":\"es\",\"@id\":\"https:\\\/\\\/www.vulkanimplants.com\\\/expodental-2024-stand-vulkan-implants\\\/vulkan-implants-en-sei-vigo-2024\\\/#primaryimage\",\"url\":\"https:\\\/\\\/www.vulkanimplants.com\\\/wp-content\\\/uploads\\\/2024\\\/09\\\/Vulkan_Implants_Ponencia_SEI_Vigo.jpg\",\"contentUrl\":\"https:\\\/\\\/www.vulkanimplants.com\\\/wp-content\\\/uploads\\\/2024\\\/09\\\/Vulkan_Implants_Ponencia_SEI_Vigo.jpg\",\"width\":1500,\"height\":1500,\"caption\":\"Ponencia SEI VIGO 2024 Dr Octavi Ortiz-Puigpelat\"},{\"@type\":\"BreadcrumbList\",\"@id\":\"https:\\\/\\\/www.vulkanimplants.com\\\/expodental-2024-stand-vulkan-implants\\\/vulkan-implants-en-sei-vigo-2024\\\/#breadcrumb\",\"itemListElement\":[{\"@type\":\"ListItem\",\"position\":1,\"name\":\"Inici\",\"item\":\"https:\\\/\\\/www.vulkanimplants.com\\\/\"},{\"@type\":\"ListItem\",\"position\":2,\"name\":\"Vulkan Implants EVENTOS\",\"item\":\"https:\\\/\\\/www.vulkanimplants.com\\\/expodental-2024-stand-vulkan-implants\\\/\"},{\"@type\":\"ListItem\",\"position\":3,\"name\":\"SEI VIGO 2024\"}]},{\"@type\":\"WebSite\",\"@id\":\"https:\\\/\\\/www.vulkanimplants.com\\\/#website\",\"url\":\"https:\\\/\\\/www.vulkanimplants.com\\\/\",\"name\":\"https:\\\/\\\/www.vulkanimplants.com\\\/\",\"description\":\"Vulkan Implants - High quality dental implants brand and guided surgery platform\",\"publisher\":{\"@id\":\"https:\\\/\\\/www.vulkanimplants.com\\\/#organization\"},\"alternateName\":\"Vulkan Implants\",\"potentialAction\":[{\"@type\":\"SearchAction\",\"target\":{\"@type\":\"EntryPoint\",\"urlTemplate\":\"https:\\\/\\\/www.vulkanimplants.com\\\/?s={search_term_string}\"},\"query-input\":{\"@type\":\"PropertyValueSpecification\",\"valueRequired\":true,\"valueName\":\"search_term_string\"}}],\"inLanguage\":\"es\"},{\"@type\":\"Organization\",\"@id\":\"https:\\\/\\\/www.vulkanimplants.com\\\/#organization\",\"name\":\"Vulkan Implants\",\"alternateName\":\"Vulkan\",\"url\":\"https:\\\/\\\/www.vulkanimplants.com\\\/\",\"logo\":{\"@type\":\"ImageObject\",\"inLanguage\":\"es\",\"@id\":\"https:\\\/\\\/www.vulkanimplants.com\\\/#\\\/schema\\\/logo\\\/image\\\/\",\"url\":\"https:\\\/\\\/www.vulkanimplants.com\\\/wp-content\\\/uploads\\\/2023\\\/12\\\/Vulkan-Implants-Logo-White-Orange-only-logo.png\",\"contentUrl\":\"https:\\\/\\\/www.vulkanimplants.com\\\/wp-content\\\/uploads\\\/2023\\\/12\\\/Vulkan-Implants-Logo-White-Orange-only-logo.png\",\"width\":369,\"height\":277,\"caption\":\"Vulkan Implants\"},\"image\":{\"@id\":\"https:\\\/\\\/www.vulkanimplants.com\\\/#\\\/schema\\\/logo\\\/image\\\/\"},\"sameAs\":[\"https:\\\/\\\/www.facebook.com\\\/VulkanImplant\\\/\",\"https:\\\/\\\/www.instagram.com\\\/vulkan_implants\\\/\"]},{\"@type\":\"Person\",\"@id\":\"https:\\\/\\\/www.vulkanimplants.com\\\/#\\\/schema\\\/person\\\/e9a69a01287914586d0acec3c0e709d1\",\"name\":\"Montse Vaca\",\"image\":{\"@type\":\"ImageObject\",\"inLanguage\":\"es\",\"@id\":\"https:\\\/\\\/secure.gravatar.com\\\/avatar\\\/782ac7b0ec8ef54996825fe41c60e8529219ca0319214f1f278b3c0cbdb62753?s=96&d=mm&r=g\",\"url\":\"https:\\\/\\\/secure.gravatar.com\\\/avatar\\\/782ac7b0ec8ef54996825fe41c60e8529219ca0319214f1f278b3c0cbdb62753?s=96&d=mm&r=g\",\"contentUrl\":\"https:\\\/\\\/secure.gravatar.com\\\/avatar\\\/782ac7b0ec8ef54996825fe41c60e8529219ca0319214f1f278b3c0cbdb62753?s=96&d=mm&r=g\",\"caption\":\"Montse Vaca\"},\"url\":\"https:\\\/\\\/www.vulkanimplants.com\\\/es\\\/author\\\/montse\\\/\"}]}<\/script>\n<!-- \/ Yoast SEO plugin. -->","yoast_head_json":{"title":"SEI VIGO 2024 | Vulkan Implants","description":"Descubre la ponencia exclusiva del Dr. Octavi Ortiz Puigpelat en el congreso SEI VIGO 2024.","robots":{"index":"index","follow":"follow","max-snippet":"max-snippet:-1","max-image-preview":"max-image-preview:large","max-video-preview":"max-video-preview:-1"},"canonical":"https:\/\/www.vulkanimplants.com\/es\/expodental-2024-stand-vulkan-implants\/vulkan-implants-en-sei-vigo-2024\/","og_locale":"es_ES","og_type":"article","og_title":"SEI VIGO 2024 | Vulkan Implants","og_description":"Descubre la ponencia exclusiva del Dr. Octavi Ortiz Puigpelat en el congreso SEI VIGO 2024.","og_url":"https:\/\/www.vulkanimplants.com\/es\/expodental-2024-stand-vulkan-implants\/vulkan-implants-en-sei-vigo-2024\/","og_site_name":"Vulkan Implants","article_publisher":"https:\/\/www.facebook.com\/VulkanImplant\/","article_modified_time":"2025-03-10T10:41:49+00:00","og_image":[{"width":1500,"height":1500,"url":"https:\/\/www.vulkanimplants.com\/wp-content\/uploads\/2024\/09\/Vulkan_Implants_Ponencia_SEI_Vigo.jpg","type":"image\/jpeg"}],"twitter_card":"summary_large_image","twitter_misc":{"Tiempo de lectura":"1 minuto"},"schema":{"@context":"https:\/\/schema.org","@graph":[{"@type":"Article","@id":"https:\/\/www.vulkanimplants.com\/expodental-2024-stand-vulkan-implants\/vulkan-implants-en-sei-vigo-2024\/#article","isPartOf":{"@id":"https:\/\/www.vulkanimplants.com\/expodental-2024-stand-vulkan-implants\/vulkan-implants-en-sei-vigo-2024\/"},"author":{"name":"Montse Vaca","@id":"https:\/\/www.vulkanimplants.com\/#\/schema\/person\/e9a69a01287914586d0acec3c0e709d1"},"headline":"SEI VIGO 2024","datePublished":"2024-09-13T14:08:45+00:00","dateModified":"2025-03-10T10:41:49+00:00","mainEntityOfPage":{"@id":"https:\/\/www.vulkanimplants.com\/expodental-2024-stand-vulkan-implants\/vulkan-implants-en-sei-vigo-2024\/"},"wordCount":300,"publisher":{"@id":"https:\/\/www.vulkanimplants.com\/#organization"},"image":{"@id":"https:\/\/www.vulkanimplants.com\/expodental-2024-stand-vulkan-implants\/vulkan-implants-en-sei-vigo-2024\/#primaryimage"},"thumbnailUrl":"https:\/\/www.vulkanimplants.com\/wp-content\/uploads\/2024\/09\/Vulkan_Implants_Ponencia_SEI_Vigo.jpg","inLanguage":"es"},{"@type":"WebPage","@id":"https:\/\/www.vulkanimplants.com\/expodental-2024-stand-vulkan-implants\/vulkan-implants-en-sei-vigo-2024\/","url":"https:\/\/www.vulkanimplants.com\/expodental-2024-stand-vulkan-implants\/vulkan-implants-en-sei-vigo-2024\/","name":"SEI VIGO 2024 | Vulkan Implants","isPartOf":{"@id":"https:\/\/www.vulkanimplants.com\/#website"},"primaryImageOfPage":{"@id":"https:\/\/www.vulkanimplants.com\/expodental-2024-stand-vulkan-implants\/vulkan-implants-en-sei-vigo-2024\/#primaryimage"},"image":{"@id":"https:\/\/www.vulkanimplants.com\/expodental-2024-stand-vulkan-implants\/vulkan-implants-en-sei-vigo-2024\/#primaryimage"},"thumbnailUrl":"https:\/\/www.vulkanimplants.com\/wp-content\/uploads\/2024\/09\/Vulkan_Implants_Ponencia_SEI_Vigo.jpg","datePublished":"2024-09-13T14:08:45+00:00","dateModified":"2025-03-10T10:41:49+00:00","description":"Descubre la ponencia exclusiva del Dr. Octavi Ortiz Puigpelat en el congreso SEI VIGO 2024.","breadcrumb":{"@id":"https:\/\/www.vulkanimplants.com\/expodental-2024-stand-vulkan-implants\/vulkan-implants-en-sei-vigo-2024\/#breadcrumb"},"inLanguage":"es","potentialAction":[{"@type":"ReadAction","target":["https:\/\/www.vulkanimplants.com\/expodental-2024-stand-vulkan-implants\/vulkan-implants-en-sei-vigo-2024\/"]}]},{"@type":"ImageObject","inLanguage":"es","@id":"https:\/\/www.vulkanimplants.com\/expodental-2024-stand-vulkan-implants\/vulkan-implants-en-sei-vigo-2024\/#primaryimage","url":"https:\/\/www.vulkanimplants.com\/wp-content\/uploads\/2024\/09\/Vulkan_Implants_Ponencia_SEI_Vigo.jpg","contentUrl":"https:\/\/www.vulkanimplants.com\/wp-content\/uploads\/2024\/09\/Vulkan_Implants_Ponencia_SEI_Vigo.jpg","width":1500,"height":1500,"caption":"Ponencia SEI VIGO 2024 Dr Octavi Ortiz-Puigpelat"},{"@type":"BreadcrumbList","@id":"https:\/\/www.vulkanimplants.com\/expodental-2024-stand-vulkan-implants\/vulkan-implants-en-sei-vigo-2024\/#breadcrumb","itemListElement":[{"@type":"ListItem","position":1,"name":"Inici","item":"https:\/\/www.vulkanimplants.com\/"},{"@type":"ListItem","position":2,"name":"Vulkan Implants EVENTOS","item":"https:\/\/www.vulkanimplants.com\/expodental-2024-stand-vulkan-implants\/"},{"@type":"ListItem","position":3,"name":"SEI VIGO 2024"}]},{"@type":"WebSite","@id":"https:\/\/www.vulkanimplants.com\/#website","url":"https:\/\/www.vulkanimplants.com\/","name":"https:\/\/www.vulkanimplants.com\/","description":"Vulkan Implants - High quality dental implants brand and guided surgery platform","publisher":{"@id":"https:\/\/www.vulkanimplants.com\/#organization"},"alternateName":"Vulkan Implants","potentialAction":[{"@type":"SearchAction","target":{"@type":"EntryPoint","urlTemplate":"https:\/\/www.vulkanimplants.com\/?s={search_term_string}"},"query-input":{"@type":"PropertyValueSpecification","valueRequired":true,"valueName":"search_term_string"}}],"inLanguage":"es"},{"@type":"Organization","@id":"https:\/\/www.vulkanimplants.com\/#organization","name":"Vulkan Implants","alternateName":"Vulkan","url":"https:\/\/www.vulkanimplants.com\/","logo":{"@type":"ImageObject","inLanguage":"es","@id":"https:\/\/www.vulkanimplants.com\/#\/schema\/logo\/image\/","url":"https:\/\/www.vulkanimplants.com\/wp-content\/uploads\/2023\/12\/Vulkan-Implants-Logo-White-Orange-only-logo.png","contentUrl":"https:\/\/www.vulkanimplants.com\/wp-content\/uploads\/2023\/12\/Vulkan-Implants-Logo-White-Orange-only-logo.png","width":369,"height":277,"caption":"Vulkan Implants"},"image":{"@id":"https:\/\/www.vulkanimplants.com\/#\/schema\/logo\/image\/"},"sameAs":["https:\/\/www.facebook.com\/VulkanImplant\/","https:\/\/www.instagram.com\/vulkan_implants\/"]},{"@type":"Person","@id":"https:\/\/www.vulkanimplants.com\/#\/schema\/person\/e9a69a01287914586d0acec3c0e709d1","name":"Montse Vaca","image":{"@type":"ImageObject","inLanguage":"es","@id":"https:\/\/secure.gravatar.com\/avatar\/782ac7b0ec8ef54996825fe41c60e8529219ca0319214f1f278b3c0cbdb62753?s=96&d=mm&r=g","url":"https:\/\/secure.gravatar.com\/avatar\/782ac7b0ec8ef54996825fe41c60e8529219ca0319214f1f278b3c0cbdb62753?s=96&d=mm&r=g","contentUrl":"https:\/\/secure.gravatar.com\/avatar\/782ac7b0ec8ef54996825fe41c60e8529219ca0319214f1f278b3c0cbdb62753?s=96&d=mm&r=g","caption":"Montse Vaca"},"url":"https:\/\/www.vulkanimplants.com\/es\/author\/montse\/"}]}},"_links":{"self":[{"href":"https:\/\/www.vulkanimplants.com\/es\/wp-json\/wp\/v2\/pages\/14913","targetHints":{"allow":["GET"]}}],"collection":[{"href":"https:\/\/www.vulkanimplants.com\/es\/wp-json\/wp\/v2\/pages"}],"about":[{"href":"https:\/\/www.vulkanimplants.com\/es\/wp-json\/wp\/v2\/types\/page"}],"author":[{"embeddable":true,"href":"https:\/\/www.vulkanimplants.com\/es\/wp-json\/wp\/v2\/users\/2"}],"replies":[{"embeddable":true,"href":"https:\/\/www.vulkanimplants.com\/es\/wp-json\/wp\/v2\/comments?post=14913"}],"version-history":[{"count":10,"href":"https:\/\/www.vulkanimplants.com\/es\/wp-json\/wp\/v2\/pages\/14913\/revisions"}],"predecessor-version":[{"id":14928,"href":"https:\/\/www.vulkanimplants.com\/es\/wp-json\/wp\/v2\/pages\/14913\/revisions\/14928"}],"up":[{"embeddable":true,"href":"https:\/\/www.vulkanimplants.com\/es\/wp-json\/wp\/v2\/pages\/13986"}],"wp:featuredmedia":[{"embeddable":true,"href":"https:\/\/www.vulkanimplants.com\/es\/wp-json\/wp\/v2\/media\/14915"}],"wp:attachment":[{"href":"https:\/\/www.vulkanimplants.com\/es\/wp-json\/wp\/v2\/media?parent=14913"}],"curies":[{"name":"wp","href":"https:\/\/api.w.org\/{rel}","templated":true}]}}