{"id":14795,"date":"2024-06-11T16:09:30","date_gmt":"2024-06-11T14:09:30","guid":{"rendered":"https:\/\/www.vulkanimplants.com\/?page_id=14795"},"modified":"2026-03-23T17:06:15","modified_gmt":"2026-03-23T16:06:15","slug":"protocolo-de-trabajo-vulkan-digital","status":"publish","type":"page","link":"https:\/\/www.vulkanimplants.com\/es\/protocolo-de-trabajo-vulkan-digital\/","title":{"rendered":"Protocolo de trabajo con Cirug\u00eda Guiada"},"content":{"rendered":"<div id=\"cs-content\" class=\"cs-content\"><div class=\"x-section e14795-e1 mbez-0 mbez-1\"><div class=\"x-row x-container max width e14795-e2 mbez-4 mbez-5 mbez-7 mbez-8\"><div class=\"x-row-inner\"><div class=\"x-col e14795-e3 mbez-d\"><div class=\"x-text x-text-headline e14795-e4 mbez-g mbez-h mbez-i\"><div class=\"x-text-content\"><div class=\"x-text-content-text\"><h1 class=\"x-text-content-text-primary\"><h2>Protocolo de trabajo Cirug\u00eda Guiada con implantes dentales y la plataforma Vulkan Digital<\/h2><\/h1>\n<\/div><\/div><\/div><\/div><\/div><\/div><\/div><div class=\"x-section e14795-e5 mbez-0 mbez-2\"><div class=\"x-row x-container max width e14795-e6 mbez-4 mbez-5 mbez-7 mbez-9\"><div class=\"x-row-inner\"><div class=\"x-col e14795-e7 mbez-d mbez-e\"><div class=\"x-text x-text-headline e14795-e8 mbez-g mbez-i mbez-j\"><div class=\"x-text-content\"><div class=\"x-text-content-text\"><h2 class=\"x-text-content-text-primary\"><h3 style=\"text-align: left;\">A continuaci\u00f3n encontrar\u00e1 informaci\u00f3n relevante para la aplicaci\u00f3n del sistema Vulkan Digital en su pr\u00e1ctica diaria con el esquema del Flujo de Trabajo para Cirug\u00eda Guiada.<\/h3><\/h2>\n<\/div><\/div><\/div><span class=\"x-image x-hide-xs e14795-e9 mbez-m\"><img decoding=\"async\" src=\"https:\/\/www.vulkanimplants.com\/wp-content\/uploads\/2024\/06\/Vulkan_Digital_Tiempos-1-scaled.jpg\" width=\"2560\" height=\"1397\" alt=\"Esquema protocolo de trabajo Cirug\u00eda guiada\" loading=\"lazy\"><\/span><span class=\"x-image x-hide-lg x-hide-md x-hide-sm x-hide-xl e14795-e10 mbez-m\"><img decoding=\"async\" src=\"https:\/\/www.vulkanimplants.com\/wp-content\/uploads\/2024\/06\/Vulkan_Digital_Tempos_Web-7-scaled.jpg\" width=\"1550\" height=\"2560\" alt=\"Esquema flujo de trabajo cirug\u00eda guiada vulkan digital\" loading=\"lazy\"><\/span><a class=\"x-anchor x-anchor-button e14795-e11 mbez-n mbez-o\" tabindex=\"0\" href=\"https:\/\/www.vulkanimplants.com\/wp-content\/uploads\/2024\/06\/Vulkan_Digital_Tiempos-1-scaled.jpg\" target=\"_blank\" rel=\"noopener noreferrer\"><div class=\"x-anchor-content\"><div class=\"x-anchor-text\"><span class=\"x-anchor-text-primary\"><strong>Descargar Flujo de trabajo Vulkan Digital<\/strong><\/span><\/div><\/div><\/a><\/div><\/div><\/div><\/div><div class=\"x-section e14795-e12 mbez-0 mbez-3\"><div class=\"x-row x-container max width e14795-e13 mbez-4 mbez-6 mbez-7 mbez-a\"><div class=\"x-row-inner\"><div class=\"x-col e14795-e14 mbez-d\"><div class=\"x-text x-text-headline e14795-e15 mbez-g mbez-i mbez-j\"><div class=\"x-text-content\"><div class=\"x-text-content-text\"><h3 class=\"x-text-content-text-primary\"><h3>Fases y tiempos de ejecuci\u00f3n en la cirug\u00eda guiada Vulkan Digital con implantes dentales<\/h3><\/h3>\n<\/div><\/div><\/div><\/div><\/div><\/div><div class=\"x-row x-container max width e14795-e16 mbez-4 mbez-5 mbez-7 mbez-b\"><div class=\"x-row-inner\"><div class=\"x-col e14795-e17 mbez-d\"><div class=\"x-grid x-container max width e14795-e18 mbez-q\"><div class=\"x-cell e14795-e19 mbez-r\"><div class=\"x-text x-text-headline e14795-e20 mbez-g mbez-h mbez-i mbez-k\"><div class=\"x-text-content\"><div class=\"x-text-content-text\"><h1 class=\"x-text-content-text-primary\"><h4 style=\"text-align: center;\"><span style=\"color: #ffffff;\"><strong>D\u00edas laborables: 0<\/strong><\/span><\/h4><\/h1>\n<\/div><\/div><\/div><div class=\"x-text x-text-headline e14795-e21 mbez-g mbez-h mbez-l\"><div class=\"x-text-content\"><div class=\"x-text-content-text\"><h1 class=\"x-text-content-text-primary\"><strong>Creaci\u00f3n de nueva petici\u00f3n de tratamiento<\/strong><\/h1>\n<span class=\"x-text-content-text-subheadline\"><p>Se realiza una nueva petici\u00f3n de tratamiento dando de alta su paciente en la plataforma Vulkan Digital, y aportando los datos necesarios para el estudio pre-operatorio.<\/p>\n\n<ul>\n \t<li>Subida de archivos CBCT en formato DICOM<\/li>\n \t<li>Subida escaneados en formato STL<\/li>\n \t<li>Subida fotograf\u00edas del paciente<\/li>\n \t<li>Solicitar tratamiento<\/li>\n<\/ul><\/span><\/div><\/div><\/div><\/div><div class=\"x-cell e14795-e22 mbez-r\"><div class=\"x-text x-text-headline e14795-e23 mbez-g mbez-h mbez-i mbez-k\"><div class=\"x-text-content\"><div class=\"x-text-content-text\"><h1 class=\"x-text-content-text-primary\"><h4 style=\"text-align: center;\"><span style=\"color: #ffffff;\"><strong>D\u00edas laborables: +1<\/strong><\/span><\/h4><\/h1>\n<\/div><\/div><\/div><div class=\"x-text x-text-headline e14795-e24 mbez-g mbez-h mbez-l\"><div class=\"x-text-content\"><div class=\"x-text-content-text\"><h1 class=\"x-text-content-text-primary\"><strong>Validaci\u00f3n de los datos subidos a la plataforma<\/strong><\/h1>\n<span class=\"x-text-content-text-subheadline\">El equipo cl\u00ednico de Vulkan Digital valida los datos subidos en la plataforma. Se revisan posibles errores para garantizar una buena planificaci\u00f3n del tratamiento.<\/span><\/div><\/div><\/div><\/div><div class=\"x-cell e14795-e25 mbez-r\"><div class=\"x-text x-text-headline e14795-e26 mbez-g mbez-h mbez-i mbez-k\"><div class=\"x-text-content\"><div class=\"x-text-content-text\"><h1 class=\"x-text-content-text-primary\"><h4 style=\"text-align: center;\"><strong><span style=\"color: #ffffff;\">D\u00edas laborables: +4<\/span><\/strong><\/h4><\/h1>\n<\/div><\/div><\/div><div class=\"x-text x-text-headline e14795-e27 mbez-g mbez-h mbez-l\"><div class=\"x-text-content\"><div class=\"x-text-content-text\"><h1 class=\"x-text-content-text-primary\"><strong>Preparaci\u00f3n de la propuesta del plan de tratamiento<\/strong><\/h1>\n<span class=\"x-text-content-text-subheadline\"><p>La propuesta del plan de tratamiento se prepara en un m\u00e1ximo de cuatro d\u00edas, \u00e9sta incluye:<\/p>\n\n<ul>\n \t<li>Informe del plan de tratamiento,<\/li>\n \t<li>Dise\u00f1o de la pr\u00f3tesis,<\/li>\n \t<li>F\u00e9rulas de cirug\u00eda,<\/li>\n \t<li>Tapones anat\u00f3micos y<\/li>\n \t<li>Pr\u00f3tesis provisionales si se han solicitado y el<\/li>\n \t<li>Visor 3D del caso.<\/li>\n<\/ul><\/span><\/div><\/div><\/div><\/div><div class=\"x-cell e14795-e28 mbez-r\"><div class=\"x-text x-text-headline e14795-e29 mbez-g mbez-h mbez-i mbez-k\"><div class=\"x-text-content\"><div class=\"x-text-content-text\"><h1 class=\"x-text-content-text-primary\"><h4 style=\"text-align: center;\"><strong><span style=\"color: #ffffff;\">D\u00edas laborables: +1<\/span><\/strong><\/h4><\/h1>\n<\/div><\/div><\/div><div class=\"x-text x-text-headline e14795-e30 mbez-g mbez-h mbez-l\"><div class=\"x-text-content\"><div class=\"x-text-content-text\"><h1 class=\"x-text-content-text-primary\"><strong>Entrega de la propuesta del plan de tratamiento<\/strong><\/h1>\n<span class=\"x-text-content-text-subheadline\"><p>\u00bfQu\u00e9 debo hacer para <strong>realizar modificaciones<\/strong> en el plan?<\/p>\n\n<ul>\n \t<li>En la misma propuesta podr\u00e1 indicar las modificaciones a realizar y el equipo cl\u00ednico le enviar\u00e1 de nuevo el plan en un plazo de 48h.<\/li>\n<\/ul>\n<p>\u00bfQu\u00e9 debo hacer para <strong>aprobar el plan<\/strong>?<\/p>\n\n<ul>\n \t<li>Una vez sea aceptada la propuesta y el plan recomendado, el equipo cl\u00ednico de Vulkan Digital comenzar\u00e1 a preparar los elementos necesarios para el tratamiento.<\/li>\n \t<li>Se recomienda encarecidamente <strong>programar la fecha de la cirug\u00eda con su paciente en el momento de la aprobaci\u00f3n del plan de tratamiento<\/strong>. Tenga en cuenta que la entrega de todo el material necesario para la cirug\u00eda lo recibir\u00e1 en su cl\u00ednica en solo cinco d\u00edas laborables desde la fecha de aprobaci\u00f3n.\n<ul><\/ul>\n<\/li>\n<\/ul>\n<ul><\/ul><\/span><\/div><\/div><\/div><\/div><div class=\"x-cell e14795-e31 mbez-r\"><div class=\"x-text x-text-headline e14795-e32 mbez-g mbez-h mbez-i mbez-k\"><div class=\"x-text-content\"><div class=\"x-text-content-text\"><h1 class=\"x-text-content-text-primary\"><h4 style=\"text-align: center;\"><span style=\"color: #ffffff;\"><strong>D\u00edas laborables: +2<\/strong><\/span><\/h4><\/h1>\n<\/div><\/div><\/div><div class=\"x-text x-text-headline e14795-e33 mbez-g mbez-h mbez-l\"><div class=\"x-text-content\"><div class=\"x-text-content-text\"><h1 class=\"x-text-content-text-primary\"><strong>-Solamente en caso de modificaci\u00f3n-<\/strong><\/h1>\n<span class=\"x-text-content-text-subheadline\"><p>En un plazo m\u00e1ximo de 48h recibir\u00e1 la nueva propuesta del plan de tratamiento atendiendo a sus comentarios sobre la propuesta inicial. Podr\u00e1 aprobar o realizar otra modificaci\u00f3n si lo considera necesario.<\/p>\n<p>Se recomienda encarecidamente <strong>programar la cirug\u00eda con el paciente una vez se haya aprobado el plan<\/strong>. Le entregaremos el tratamiento en cl\u00ednica en cinco d\u00edas laborables desde la aprobaci\u00f3n del plan de tratamiento.<\/p><\/span><\/div><\/div><\/div><\/div><div class=\"x-cell e14795-e34 mbez-r\"><div class=\"x-text x-text-headline e14795-e35 mbez-g mbez-h mbez-i mbez-k\"><div class=\"x-text-content\"><div class=\"x-text-content-text\"><h1 class=\"x-text-content-text-primary\"><h4 style=\"text-align: center;\"><strong><span style=\"color: #ffffff;\">D\u00edas laborables: +4<\/span><\/strong><\/h4><\/h1>\n<\/div><\/div><\/div><div class=\"x-text x-text-headline e14795-e36 mbez-g mbez-h mbez-l\"><div class=\"x-text-content\"><div class=\"x-text-content-text\"><h1 class=\"x-text-content-text-primary\"><strong>Producci\u00f3n y env\u00edo de los elementos del tratamiento<\/strong><\/h1>\n<span class=\"x-text-content-text-subheadline\"><p>El equipo Vulkan Digital empieza a trabajar en la producci\u00f3n de todos los elementos que componen el plan de tratamiento propuesto y aceptado por usted.<\/p>\n<p>Tenga en cuenta que la pr\u00f3tesis definitiva incluida en los tratamientos INTEGRALES, se env\u00eda en una segunda fase.<\/p>\n<p>En un plazo m\u00e1ximo de cinco d\u00edas laborables recibir\u00e1 el tratamiento para realizar la cirug\u00eda guiada en su cl\u00ednica.<\/p><\/span><\/div><\/div><\/div><\/div><div class=\"x-cell e14795-e37 mbez-r\"><div class=\"x-text x-text-headline e14795-e38 mbez-g mbez-h mbez-i mbez-k\"><div class=\"x-text-content\"><div class=\"x-text-content-text\"><h1 class=\"x-text-content-text-primary\"><h4 style=\"text-align: center;\"><strong><span style=\"color: #ffffff;\">D\u00edas laborables: +1<\/span><\/strong><\/h4><\/h1>\n<\/div><\/div><\/div><div class=\"x-text x-text-headline e14795-e39 mbez-g mbez-h mbez-l\"><div class=\"x-text-content\"><div class=\"x-text-content-text\"><h1 class=\"x-text-content-text-primary\"><strong>Recepci\u00f3n del tratamiento en cl\u00ednica<\/strong><\/h1>\n<span class=\"x-text-content-text-subheadline\"><p>Los elementos necesarios del tratamiento se env\u00edan en una \u00fanica caja espec\u00edfica etiquetada para una f\u00e1cil identificaci\u00f3n.<\/p>\n<p>Todos los elementos del tratamiento vienen convenientemente etiquetados para facilitar su trazabilidad.<\/p><\/span><\/div><\/div><\/div><\/div><div class=\"x-cell e14795-e40 mbez-r\"><div class=\"x-text x-text-headline e14795-e41 mbez-g mbez-h mbez-i mbez-k\"><div class=\"x-text-content\"><div class=\"x-text-content-text\"><h1 class=\"x-text-content-text-primary\"><h4 style=\"text-align: center;\"><strong><span style=\"color: #ffffff;\">D\u00edas laborables: +1<\/span><\/strong><\/h4><\/h1>\n<\/div><\/div><\/div><div class=\"x-text x-text-headline e14795-e42 mbez-g mbez-h mbez-l\"><div class=\"x-text-content\"><div class=\"x-text-content-text\"><h1 class=\"x-text-content-text-primary\"><strong>Fecha de ejecuci\u00f3n de la cirug\u00eda<\/strong><\/h1>\n<span class=\"x-text-content-text-subheadline\">Le recomendamos que la cirug\u00eda se programe para un d\u00eda despu\u00e9s de la recepci\u00f3n del tratamiento en cl\u00ednica para evitar posibles incidencias derivadas de retrasos inesperados en el\u00a0 transporte.<\/span><\/div><\/div><\/div><\/div><\/div><\/div><\/div><\/div><div class=\"x-row x-container max width e14795-e43 mbez-4 mbez-5 mbez-7 mbez-c\"><div class=\"x-row-inner\"><div class=\"x-col e14795-e44 mbez-d mbez-f\"><a class=\"x-anchor x-anchor-button e14795-e45 mbez-o mbez-p\" tabindex=\"0\" href=\"https:\/\/www.vulkanimplants.com\/es\/jornada-informativa-cirugia-guiada-2025\/\" target=\"_blank\" rel=\"noopener noreferrer\"><div class=\"x-anchor-content\"><div class=\"x-anchor-text\"><span class=\"x-anchor-text-primary\"><strong>Solicitar informaci&oacute;n<\/strong><\/span><\/div><\/div><\/a><div class=\"x-frame x-frame-video-embed e14795-e46 mbez-s mbez-t\"><div class=\"x-frame-inner\"><div class=\"x-video x-video-embed\"><iframe loading=\"lazy\" width=\"560\" height=\"315\" src=\"https:\/\/www.youtube.com\/embed\/L6-GAwyXmcI?si=6vyuH5buPh0jMJ3p&amp;controls=0\" title=\"Vulkan Implants\" frameborder=\"0\" allow=\"accelerometer; autoplay; clipboard-write; encrypted-media; gyroscope; picture-in-picture; web-share\" referrerpolicy=\"strict-origin-when-cross-origin\" allowfullscreen><\/iframe><\/div><\/div><\/div><\/div><\/div><\/div><\/div><\/div>\n","protected":false},"excerpt":{"rendered":"<p>Protocolo de trabajo Cirug\u00eda Guiada con implantes dentales y la plataforma Vulkan Digital A continuaci\u00f3n encontrar\u00e1 informaci\u00f3n relevante para la aplicaci\u00f3n del sistema Vulkan Digital en su pr\u00e1ctica diaria con el esquema del Flujo de Trabajo para Cirug\u00eda Guiada. Descargar Flujo de trabajo Vulkan DigitalFases y tiempos de ejecuci\u00f3n en la cirug\u00eda guiada Vulkan Digital con implantes dentales D\u00edas laborables: &#8230; <\/p>\n<div><a href=\"https:\/\/www.vulkanimplants.com\/es\/protocolo-de-trabajo-vulkan-digital\/\" class=\"more-link\">Read More<\/a><\/div>\n","protected":false},"author":1,"featured_media":0,"parent":0,"menu_order":0,"comment_status":"closed","ping_status":"closed","template":"template-blank-4.php","meta":{"rs_blank_template":"","rs_page_bg_color":"","slide_template_v7":"","footnotes":""},"class_list":["post-14795","page","type-page","status-publish","hentry","no-post-thumbnail"],"yoast_head":"<!-- This site is optimized with the Yoast SEO plugin v27.5 - https:\/\/yoast.com\/product\/yoast-seo-wordpress\/ -->\n<title>Protocolo de Trabajo con Cirug\u00eda Guiada | Vulkan Implants<\/title>\n<meta name=\"description\" content=\"Informaci\u00f3n sobre el protocolo de trabajo con cirug\u00eda guiada para la aplicaci\u00f3n del sistema Vulkan Digital en sus cirug\u00edas con implantes dentales.\" \/>\n<meta name=\"robots\" content=\"index, follow, max-snippet:-1, max-image-preview:large, max-video-preview:-1\" \/>\n<link rel=\"canonical\" href=\"https:\/\/www.vulkanimplants.com\/es\/protocolo-de-trabajo-vulkan-digital\/\" \/>\n<meta property=\"og:locale\" content=\"es_ES\" \/>\n<meta property=\"og:type\" content=\"article\" \/>\n<meta property=\"og:title\" content=\"Protocolo de Trabajo con Cirug\u00eda Guiada | Vulkan Implants\" \/>\n<meta property=\"og:description\" content=\"Informaci\u00f3n sobre el protocolo de trabajo con cirug\u00eda guiada para la aplicaci\u00f3n del sistema Vulkan Digital en sus cirug\u00edas con implantes dentales.\" \/>\n<meta property=\"og:url\" content=\"https:\/\/www.vulkanimplants.com\/es\/protocolo-de-trabajo-vulkan-digital\/\" \/>\n<meta property=\"og:site_name\" content=\"Vulkan Implants\" \/>\n<meta property=\"article:publisher\" content=\"https:\/\/www.facebook.com\/VulkanImplant\/\" \/>\n<meta property=\"article:modified_time\" content=\"2026-03-23T16:06:15+00:00\" \/>\n<meta property=\"og:image\" content=\"https:\/\/www.vulkanimplants.com\/wp-content\/uploads\/2023\/09\/Vulkan-Implants-Catalogo-Resumido-EN.jpg\" \/>\n\t<meta property=\"og:image:width\" content=\"730\" \/>\n\t<meta property=\"og:image:height\" content=\"1033\" \/>\n\t<meta property=\"og:image:type\" content=\"image\/jpeg\" \/>\n<meta name=\"twitter:card\" content=\"summary_large_image\" \/>\n<meta name=\"twitter:label1\" content=\"Tiempo de lectura\" \/>\n\t<meta name=\"twitter:data1\" content=\"6 minutos\" \/>\n<script type=\"application\/ld+json\" class=\"yoast-schema-graph\">{\"@context\":\"https:\\\/\\\/schema.org\",\"@graph\":[{\"@type\":\"Article\",\"@id\":\"https:\\\/\\\/www.vulkanimplants.com\\\/es\\\/protocolo-de-trabajo-vulkan-digital\\\/#article\",\"isPartOf\":{\"@id\":\"https:\\\/\\\/www.vulkanimplants.com\\\/es\\\/protocolo-de-trabajo-vulkan-digital\\\/\"},\"author\":{\"name\":\"Sergi\",\"@id\":\"https:\\\/\\\/www.vulkanimplants.com\\\/#\\\/schema\\\/person\\\/1de840b32d1a30e4b183bedb7ee8d3b6\"},\"headline\":\"Protocolo de trabajo con Cirug\u00eda Guiada\",\"datePublished\":\"2024-06-11T14:09:30+00:00\",\"dateModified\":\"2026-03-23T16:06:15+00:00\",\"mainEntityOfPage\":{\"@id\":\"https:\\\/\\\/www.vulkanimplants.com\\\/es\\\/protocolo-de-trabajo-vulkan-digital\\\/\"},\"wordCount\":1094,\"publisher\":{\"@id\":\"https:\\\/\\\/www.vulkanimplants.com\\\/#organization\"},\"inLanguage\":\"es\"},{\"@type\":\"WebPage\",\"@id\":\"https:\\\/\\\/www.vulkanimplants.com\\\/es\\\/protocolo-de-trabajo-vulkan-digital\\\/\",\"url\":\"https:\\\/\\\/www.vulkanimplants.com\\\/es\\\/protocolo-de-trabajo-vulkan-digital\\\/\",\"name\":\"Protocolo de Trabajo con Cirug\u00eda Guiada | Vulkan Implants\",\"isPartOf\":{\"@id\":\"https:\\\/\\\/www.vulkanimplants.com\\\/#website\"},\"datePublished\":\"2024-06-11T14:09:30+00:00\",\"dateModified\":\"2026-03-23T16:06:15+00:00\",\"description\":\"Informaci\u00f3n sobre el protocolo de trabajo con cirug\u00eda guiada para la aplicaci\u00f3n del sistema Vulkan Digital en sus cirug\u00edas con implantes dentales.\",\"breadcrumb\":{\"@id\":\"https:\\\/\\\/www.vulkanimplants.com\\\/es\\\/protocolo-de-trabajo-vulkan-digital\\\/#breadcrumb\"},\"inLanguage\":\"es\",\"potentialAction\":[{\"@type\":\"ReadAction\",\"target\":[\"https:\\\/\\\/www.vulkanimplants.com\\\/es\\\/protocolo-de-trabajo-vulkan-digital\\\/\"]}]},{\"@type\":\"BreadcrumbList\",\"@id\":\"https:\\\/\\\/www.vulkanimplants.com\\\/es\\\/protocolo-de-trabajo-vulkan-digital\\\/#breadcrumb\",\"itemListElement\":[{\"@type\":\"ListItem\",\"position\":1,\"name\":\"Inici\",\"item\":\"https:\\\/\\\/www.vulkanimplants.com\\\/\"},{\"@type\":\"ListItem\",\"position\":2,\"name\":\"Protocolo de trabajo con Cirug\u00eda Guiada\"}]},{\"@type\":\"WebSite\",\"@id\":\"https:\\\/\\\/www.vulkanimplants.com\\\/#website\",\"url\":\"https:\\\/\\\/www.vulkanimplants.com\\\/\",\"name\":\"https:\\\/\\\/www.vulkanimplants.com\\\/\",\"description\":\"Vulkan Implants - High quality dental implants brand and guided surgery platform\",\"publisher\":{\"@id\":\"https:\\\/\\\/www.vulkanimplants.com\\\/#organization\"},\"alternateName\":\"Vulkan Implants\",\"potentialAction\":[{\"@type\":\"SearchAction\",\"target\":{\"@type\":\"EntryPoint\",\"urlTemplate\":\"https:\\\/\\\/www.vulkanimplants.com\\\/?s={search_term_string}\"},\"query-input\":{\"@type\":\"PropertyValueSpecification\",\"valueRequired\":true,\"valueName\":\"search_term_string\"}}],\"inLanguage\":\"es\"},{\"@type\":\"Organization\",\"@id\":\"https:\\\/\\\/www.vulkanimplants.com\\\/#organization\",\"name\":\"Vulkan Implants\",\"alternateName\":\"Vulkan\",\"url\":\"https:\\\/\\\/www.vulkanimplants.com\\\/\",\"logo\":{\"@type\":\"ImageObject\",\"inLanguage\":\"es\",\"@id\":\"https:\\\/\\\/www.vulkanimplants.com\\\/#\\\/schema\\\/logo\\\/image\\\/\",\"url\":\"https:\\\/\\\/www.vulkanimplants.com\\\/wp-content\\\/uploads\\\/2023\\\/12\\\/Vulkan-Implants-Logo-White-Orange-only-logo.png\",\"contentUrl\":\"https:\\\/\\\/www.vulkanimplants.com\\\/wp-content\\\/uploads\\\/2023\\\/12\\\/Vulkan-Implants-Logo-White-Orange-only-logo.png\",\"width\":369,\"height\":277,\"caption\":\"Vulkan Implants\"},\"image\":{\"@id\":\"https:\\\/\\\/www.vulkanimplants.com\\\/#\\\/schema\\\/logo\\\/image\\\/\"},\"sameAs\":[\"https:\\\/\\\/www.facebook.com\\\/VulkanImplant\\\/\",\"https:\\\/\\\/www.instagram.com\\\/vulkan_implants\\\/\"]},{\"@type\":\"Person\",\"@id\":\"https:\\\/\\\/www.vulkanimplants.com\\\/#\\\/schema\\\/person\\\/1de840b32d1a30e4b183bedb7ee8d3b6\",\"name\":\"Sergi\",\"image\":{\"@type\":\"ImageObject\",\"inLanguage\":\"es\",\"@id\":\"https:\\\/\\\/secure.gravatar.com\\\/avatar\\\/78459bce4cb1e11ce13c584aa4eab950b73957cf871a960a43fa4261e56858b2?s=96&d=mm&r=g\",\"url\":\"https:\\\/\\\/secure.gravatar.com\\\/avatar\\\/78459bce4cb1e11ce13c584aa4eab950b73957cf871a960a43fa4261e56858b2?s=96&d=mm&r=g\",\"contentUrl\":\"https:\\\/\\\/secure.gravatar.com\\\/avatar\\\/78459bce4cb1e11ce13c584aa4eab950b73957cf871a960a43fa4261e56858b2?s=96&d=mm&r=g\",\"caption\":\"Sergi\"},\"url\":\"https:\\\/\\\/www.vulkanimplants.com\\\/es\\\/author\\\/administradorweb\\\/\"}]}<\/script>\n<!-- \/ Yoast SEO plugin. -->","yoast_head_json":{"title":"Protocolo de Trabajo con Cirug\u00eda Guiada | Vulkan Implants","description":"Informaci\u00f3n sobre el protocolo de trabajo con cirug\u00eda guiada para la aplicaci\u00f3n del sistema Vulkan Digital en sus cirug\u00edas con implantes dentales.","robots":{"index":"index","follow":"follow","max-snippet":"max-snippet:-1","max-image-preview":"max-image-preview:large","max-video-preview":"max-video-preview:-1"},"canonical":"https:\/\/www.vulkanimplants.com\/es\/protocolo-de-trabajo-vulkan-digital\/","og_locale":"es_ES","og_type":"article","og_title":"Protocolo de Trabajo con Cirug\u00eda Guiada | Vulkan Implants","og_description":"Informaci\u00f3n sobre el protocolo de trabajo con cirug\u00eda guiada para la aplicaci\u00f3n del sistema Vulkan Digital en sus cirug\u00edas con implantes dentales.","og_url":"https:\/\/www.vulkanimplants.com\/es\/protocolo-de-trabajo-vulkan-digital\/","og_site_name":"Vulkan Implants","article_publisher":"https:\/\/www.facebook.com\/VulkanImplant\/","article_modified_time":"2026-03-23T16:06:15+00:00","og_image":[{"width":730,"height":1033,"url":"https:\/\/www.vulkanimplants.com\/wp-content\/uploads\/2023\/09\/Vulkan-Implants-Catalogo-Resumido-EN.jpg","type":"image\/jpeg"}],"twitter_card":"summary_large_image","twitter_misc":{"Tiempo de lectura":"6 minutos"},"schema":{"@context":"https:\/\/schema.org","@graph":[{"@type":"Article","@id":"https:\/\/www.vulkanimplants.com\/es\/protocolo-de-trabajo-vulkan-digital\/#article","isPartOf":{"@id":"https:\/\/www.vulkanimplants.com\/es\/protocolo-de-trabajo-vulkan-digital\/"},"author":{"name":"Sergi","@id":"https:\/\/www.vulkanimplants.com\/#\/schema\/person\/1de840b32d1a30e4b183bedb7ee8d3b6"},"headline":"Protocolo de trabajo con Cirug\u00eda Guiada","datePublished":"2024-06-11T14:09:30+00:00","dateModified":"2026-03-23T16:06:15+00:00","mainEntityOfPage":{"@id":"https:\/\/www.vulkanimplants.com\/es\/protocolo-de-trabajo-vulkan-digital\/"},"wordCount":1094,"publisher":{"@id":"https:\/\/www.vulkanimplants.com\/#organization"},"inLanguage":"es"},{"@type":"WebPage","@id":"https:\/\/www.vulkanimplants.com\/es\/protocolo-de-trabajo-vulkan-digital\/","url":"https:\/\/www.vulkanimplants.com\/es\/protocolo-de-trabajo-vulkan-digital\/","name":"Protocolo de Trabajo con Cirug\u00eda Guiada | Vulkan Implants","isPartOf":{"@id":"https:\/\/www.vulkanimplants.com\/#website"},"datePublished":"2024-06-11T14:09:30+00:00","dateModified":"2026-03-23T16:06:15+00:00","description":"Informaci\u00f3n sobre el protocolo de trabajo con cirug\u00eda guiada para la aplicaci\u00f3n del sistema Vulkan Digital en sus cirug\u00edas con implantes dentales.","breadcrumb":{"@id":"https:\/\/www.vulkanimplants.com\/es\/protocolo-de-trabajo-vulkan-digital\/#breadcrumb"},"inLanguage":"es","potentialAction":[{"@type":"ReadAction","target":["https:\/\/www.vulkanimplants.com\/es\/protocolo-de-trabajo-vulkan-digital\/"]}]},{"@type":"BreadcrumbList","@id":"https:\/\/www.vulkanimplants.com\/es\/protocolo-de-trabajo-vulkan-digital\/#breadcrumb","itemListElement":[{"@type":"ListItem","position":1,"name":"Inici","item":"https:\/\/www.vulkanimplants.com\/"},{"@type":"ListItem","position":2,"name":"Protocolo de trabajo con Cirug\u00eda Guiada"}]},{"@type":"WebSite","@id":"https:\/\/www.vulkanimplants.com\/#website","url":"https:\/\/www.vulkanimplants.com\/","name":"https:\/\/www.vulkanimplants.com\/","description":"Vulkan Implants - High quality dental implants brand and guided surgery platform","publisher":{"@id":"https:\/\/www.vulkanimplants.com\/#organization"},"alternateName":"Vulkan Implants","potentialAction":[{"@type":"SearchAction","target":{"@type":"EntryPoint","urlTemplate":"https:\/\/www.vulkanimplants.com\/?s={search_term_string}"},"query-input":{"@type":"PropertyValueSpecification","valueRequired":true,"valueName":"search_term_string"}}],"inLanguage":"es"},{"@type":"Organization","@id":"https:\/\/www.vulkanimplants.com\/#organization","name":"Vulkan Implants","alternateName":"Vulkan","url":"https:\/\/www.vulkanimplants.com\/","logo":{"@type":"ImageObject","inLanguage":"es","@id":"https:\/\/www.vulkanimplants.com\/#\/schema\/logo\/image\/","url":"https:\/\/www.vulkanimplants.com\/wp-content\/uploads\/2023\/12\/Vulkan-Implants-Logo-White-Orange-only-logo.png","contentUrl":"https:\/\/www.vulkanimplants.com\/wp-content\/uploads\/2023\/12\/Vulkan-Implants-Logo-White-Orange-only-logo.png","width":369,"height":277,"caption":"Vulkan Implants"},"image":{"@id":"https:\/\/www.vulkanimplants.com\/#\/schema\/logo\/image\/"},"sameAs":["https:\/\/www.facebook.com\/VulkanImplant\/","https:\/\/www.instagram.com\/vulkan_implants\/"]},{"@type":"Person","@id":"https:\/\/www.vulkanimplants.com\/#\/schema\/person\/1de840b32d1a30e4b183bedb7ee8d3b6","name":"Sergi","image":{"@type":"ImageObject","inLanguage":"es","@id":"https:\/\/secure.gravatar.com\/avatar\/78459bce4cb1e11ce13c584aa4eab950b73957cf871a960a43fa4261e56858b2?s=96&d=mm&r=g","url":"https:\/\/secure.gravatar.com\/avatar\/78459bce4cb1e11ce13c584aa4eab950b73957cf871a960a43fa4261e56858b2?s=96&d=mm&r=g","contentUrl":"https:\/\/secure.gravatar.com\/avatar\/78459bce4cb1e11ce13c584aa4eab950b73957cf871a960a43fa4261e56858b2?s=96&d=mm&r=g","caption":"Sergi"},"url":"https:\/\/www.vulkanimplants.com\/es\/author\/administradorweb\/"}]}},"_links":{"self":[{"href":"https:\/\/www.vulkanimplants.com\/es\/wp-json\/wp\/v2\/pages\/14795","targetHints":{"allow":["GET"]}}],"collection":[{"href":"https:\/\/www.vulkanimplants.com\/es\/wp-json\/wp\/v2\/pages"}],"about":[{"href":"https:\/\/www.vulkanimplants.com\/es\/wp-json\/wp\/v2\/types\/page"}],"author":[{"embeddable":true,"href":"https:\/\/www.vulkanimplants.com\/es\/wp-json\/wp\/v2\/users\/1"}],"replies":[{"embeddable":true,"href":"https:\/\/www.vulkanimplants.com\/es\/wp-json\/wp\/v2\/comments?post=14795"}],"version-history":[{"count":47,"href":"https:\/\/www.vulkanimplants.com\/es\/wp-json\/wp\/v2\/pages\/14795\/revisions"}],"predecessor-version":[{"id":17564,"href":"https:\/\/www.vulkanimplants.com\/es\/wp-json\/wp\/v2\/pages\/14795\/revisions\/17564"}],"wp:attachment":[{"href":"https:\/\/www.vulkanimplants.com\/es\/wp-json\/wp\/v2\/media?parent=14795"}],"curies":[{"name":"wp","href":"https:\/\/api.w.org\/{rel}","templated":true}]}}