{"id":13986,"date":"2024-03-04T16:57:05","date_gmt":"2024-03-04T14:57:05","guid":{"rendered":"https:\/\/www.vulkanimplants.com\/?page_id=13986"},"modified":"2024-07-16T15:40:46","modified_gmt":"2024-07-16T13:40:46","slug":"expodental-2024-stand-vulkan-implants","status":"publish","type":"page","link":"https:\/\/www.vulkanimplants.com\/es\/expodental-2024-stand-vulkan-implants\/","title":{"rendered":"Vulkan Implants EVENTOS"},"content":{"rendered":"<div id=\"cs-content\" class=\"cs-content\"><div class=\"x-section e13986-e1 masi-0 masi-1\"><div class=\"x-row e13986-e2 masi-6 masi-7 masi-8 masi-9 masi-e\"><div class=\"x-bg\" aria-hidden=\"true\"><div class=\"x-bg-layer-lower-image\"><\/div><\/div><div class=\"x-row-inner\"><div class=\"x-col e13986-e3 masi-j masi-k masi-l\"><span class=\"x-image e13986-e4 masi-q masi-r\"><img decoding=\"async\" src=\"https:\/\/www.vulkanimplants.com\/wp-content\/uploads\/2024\/03\/Vulkan-Implants-Expodental-Header-Web.png\" width=\"2568\" height=\"948\" alt=\"Informaci\u00f3n sobre Vulkan Implants\" loading=\"lazy\"><\/span><\/div><\/div><\/div><\/div><div class=\"x-section e13986-e5 masi-0 masi-2 masi-3\"><div class=\"x-row x-container max width e13986-e6 masi-7 masi-8 masi-9 masi-a masi-b masi-f masi-g\"><div class=\"x-row-inner\"><div class=\"x-col e13986-e7 masi-j masi-k masi-m masi-n\"><div class=\"x-text x-text-headline e13986-e8 masi-t\"><div class=\"x-text-content\"><div class=\"x-text-content-text\"><h1 class=\"x-text-content-text-primary\"><h2 style=\"text-align: center;\"><strong>Novedades de Vulkan Implants en Expodental 2024<\/strong><\/h2><\/h1>\n<\/div><\/div><\/div><div class=\"x-text x-content e13986-e9 masi-u masi-v\"><h5 style=\"text-align: left;\">Este a\u00f1o, nos complace anunciar nuestra participaci\u00f3n en este prestigioso evento, donde hemos presentado lo \u00faltimo en <strong>Soluciones Implantol\u00f3gicas en <span style=\"color: #fdb71a;\"><a href=\"https:\/\/www.vulkanimplants.com\/servicios-de-planificacion-diseno-fabricacion-y-trazabilidad\/\" style=\"color: #fdb71a;\">Cirug\u00eda Guiada de Vulkan Digital<\/a>.<\/span><\/strong><\/h5>\n<h5 style=\"text-align: left;\"><\/h5>\n<h5 style=\"text-align: left;\"><\/h5><\/div><div class=\"x-text x-text-headline e13986-e10 masi-t\"><div class=\"x-text-content\"><div class=\"x-text-content-text\"><h3 class=\"x-text-content-text-primary\"><h3 style=\"text-align: center;\"><span style=\"color: #fdb71a;\"><strong>Seminario gratuito con nuestro Coordinador Cl\u00ednico.<\/strong><\/span><\/h3><\/h3>\n<\/div><\/div><\/div><\/div><\/div><\/div><div class=\"x-row x-container max width e13986-e11 masi-7 masi-9 masi-a masi-c masi-f masi-h\"><div class=\"x-row-inner\"><div class=\"x-col e13986-e12 masi-j masi-m masi-o masi-p masi-5 x-effect-exit\" data-x-effect=\"{&quot;scroll&quot;:true,&quot;offsetTop&quot;:&quot;10%&quot;,&quot;offsetBottom&quot;:&quot;10%&quot;,&quot;behaviorScroll&quot;:&quot;fire-once&quot;}\"><span class=\"x-image e13986-e13 masi-q masi-s\"><img decoding=\"async\" src=\"https:\/\/www.vulkanimplants.com\/wp-content\/uploads\/2024\/03\/POST-1-Vulkan_Implants_Rocamora.jpg\" width=\"750\" height=\"750\" alt=\"Seminario Vulkan Implants con el Dr. Marc Rocamora\" loading=\"lazy\"><\/span><\/div><div class=\"x-col e13986-e14 masi-j masi-m masi-o\"><div class=\"x-text x-content e13986-e15 masi-u masi-w\"><div class=\"layoutArea\">\n<div>\n<h5>El <strong>Dr. Marc Rocamora<\/strong> imparti\u00f3 un seminario sobre el <strong>An\u00e1lisis del Flujo de Trabajo Vulkan Digital con un caso pr\u00e1ctico real, realizado con <a href=\"https:\/\/www.vulkanimplants.com\/servicios-de-planificacion-diseno-fabricacion-y-trazabilidad\/\"><span style=\"color: #fdb71a;\">Cirug\u00eda Guiada<\/span><\/a>. <\/strong>Desde t\u00e9cnicas innovadoras hasta consejos pr\u00e1cticos. Pronto compartiremos el v\u00eddeo del seminario para quienes se lo perdieron en directo.<\/h5>\n<\/div>\n<\/div>\n<h5 style=\"text-align: center;\"><\/h5><\/div><\/div><\/div><\/div><\/div><div class=\"x-section e13986-e16 masi-0 masi-3 masi-4\"><div class=\"x-row x-container max width e13986-e17 masi-7 masi-8 masi-a masi-b masi-d masi-f masi-i\"><div class=\"x-row-inner\"><address class=\"x-col e13986-e18 masi-j masi-m masi-o masi-p masi-5 x-effect-exit\" data-x-effect=\"{&quot;scroll&quot;:true,&quot;offsetTop&quot;:&quot;10%&quot;,&quot;offsetBottom&quot;:&quot;10%&quot;,&quot;behaviorScroll&quot;:&quot;fire-once&quot;}\"><a class=\"x-anchor x-anchor-button has-graphic e13986-e19 masi-x\" tabindex=\"0\" href=\"https:\/\/www.flickr.com\/photos\/200366674@N08\" target=\"_blank\" rel=\"noopener noreferrer\"><div class=\"x-anchor-content\"><span class=\"x-graphic\" aria-hidden=\"true\"><span class=\"x-icon x-graphic-child x-graphic-icon x-graphic-primary\" aria-hidden=\"true\"><svg xmlns=\"http:\/\/www.w3.org\/2000\/svg\" viewBox=\"0 0 384 512\"><!--! Font Awesome Pro 6.7.2 by @fontawesome - https:\/\/fontawesome.com License - https:\/\/fontawesome.com\/license (Commercial License) Copyright 2024 Fonticons, Inc. --><path d=\"M41.9 345.9L164.7 468.7c7.2 7.2 17.1 11.3 27.3 11.3s20.1-4.1 27.3-11.3L342.1 345.9c6.4-6.4 9.9-15 9.9-24c0-18.7-15.2-33.9-33.9-33.9L256 288l0-128c0-17.7-14.3-32-32-32l-64 0c-17.7 0-32 14.3-32 32l0 128-62.1 0C47.2 288 32 303.2 32 321.9c0 9 3.6 17.6 9.9 24zM32 96l320 0c17.7 0 32-14.3 32-32s-14.3-32-32-32L32 32C14.3 32 0 46.3 0 64S14.3 96 32 96z\"\/><\/svg><\/span><\/span><div class=\"x-anchor-text\"><span class=\"x-anchor-text-primary\"><span style=\"color: #000000;\"><strong>Ver fotos<\/strong><\/span><\/span><\/div><\/div><\/a><\/address><\/div><\/div><\/div><\/div>\n","protected":false},"excerpt":{"rendered":"<p>Novedades de Vulkan Implants en Expodental 2024 Este a\u00f1o, nos complace anunciar nuestra participaci\u00f3n en este prestigioso evento, donde hemos presentado lo \u00faltimo en Soluciones Implantol\u00f3gicas en Cirug\u00eda Guiada de Vulkan Digital. Seminario gratuito con nuestro Coordinador Cl\u00ednico. El Dr. Marc Rocamora imparti\u00f3 un seminario sobre el An\u00e1lisis del Flujo de Trabajo Vulkan Digital con un caso pr\u00e1ctico real, realizado &#8230; <\/p>\n<div><a href=\"https:\/\/www.vulkanimplants.com\/es\/expodental-2024-stand-vulkan-implants\/\" class=\"more-link\">Read More<\/a><\/div>\n","protected":false},"author":2,"featured_media":13989,"parent":0,"menu_order":0,"comment_status":"closed","ping_status":"closed","template":"template-blank-4.php","meta":{"rs_blank_template":"","rs_page_bg_color":"","slide_template_v7":"","footnotes":""},"class_list":["post-13986","page","type-page","status-publish","has-post-thumbnail","hentry"],"yoast_head":"<!-- This site is optimized with the Yoast SEO plugin v27.5 - https:\/\/yoast.com\/product\/yoast-seo-wordpress\/ -->\n<title>Vulkan Implants en Expodental 2024<\/title>\n<meta name=\"description\" content=\"Del 14 al 16 de Marzo de 2024 estaremos presentes en el sal\u00f3n Expodental ven a descubrir las novedades que revolucionan el sector dental.\" \/>\n<meta name=\"robots\" content=\"index, follow, max-snippet:-1, max-image-preview:large, max-video-preview:-1\" \/>\n<link rel=\"canonical\" href=\"https:\/\/www.vulkanimplants.com\/es\/expodental-2024-stand-vulkan-implants\/\" \/>\n<meta property=\"og:locale\" content=\"es_ES\" \/>\n<meta property=\"og:type\" content=\"article\" \/>\n<meta property=\"og:title\" content=\"Vulkan Implants en Expodental 2024\" \/>\n<meta property=\"og:description\" content=\"Del 14 al 16 de Marzo de 2024 estaremos presentes en el sal\u00f3n Expodental ven a descubrir las novedades que revolucionan el sector dental.\" \/>\n<meta property=\"og:url\" content=\"https:\/\/www.vulkanimplants.com\/es\/expodental-2024-stand-vulkan-implants\/\" \/>\n<meta property=\"og:site_name\" content=\"Vulkan Implants\" \/>\n<meta property=\"article:publisher\" content=\"https:\/\/www.facebook.com\/VulkanImplant\/\" \/>\n<meta property=\"article:modified_time\" content=\"2024-07-16T13:40:46+00:00\" \/>\n<meta property=\"og:image\" content=\"https:\/\/www.vulkanimplants.com\/wp-content\/uploads\/2024\/03\/stand-expodental-vulkan-implants-2024.jpg\" \/>\n\t<meta property=\"og:image:width\" content=\"2500\" \/>\n\t<meta property=\"og:image:height\" content=\"1483\" \/>\n\t<meta property=\"og:image:type\" content=\"image\/jpeg\" \/>\n<meta name=\"twitter:card\" content=\"summary_large_image\" \/>\n<meta name=\"twitter:label1\" content=\"Tiempo de lectura\" \/>\n\t<meta name=\"twitter:data1\" content=\"1 minuto\" \/>\n<script type=\"application\/ld+json\" class=\"yoast-schema-graph\">{\"@context\":\"https:\\\/\\\/schema.org\",\"@graph\":[{\"@type\":\"Article\",\"@id\":\"https:\\\/\\\/www.vulkanimplants.com\\\/expodental-2024-stand-vulkan-implants\\\/#article\",\"isPartOf\":{\"@id\":\"https:\\\/\\\/www.vulkanimplants.com\\\/expodental-2024-stand-vulkan-implants\\\/\"},\"author\":{\"name\":\"Montse Vaca\",\"@id\":\"https:\\\/\\\/www.vulkanimplants.com\\\/#\\\/schema\\\/person\\\/e9a69a01287914586d0acec3c0e709d1\"},\"headline\":\"Vulkan Implants EVENTOS\",\"datePublished\":\"2024-03-04T14:57:05+00:00\",\"dateModified\":\"2024-07-16T13:40:46+00:00\",\"mainEntityOfPage\":{\"@id\":\"https:\\\/\\\/www.vulkanimplants.com\\\/expodental-2024-stand-vulkan-implants\\\/\"},\"wordCount\":274,\"publisher\":{\"@id\":\"https:\\\/\\\/www.vulkanimplants.com\\\/#organization\"},\"image\":{\"@id\":\"https:\\\/\\\/www.vulkanimplants.com\\\/expodental-2024-stand-vulkan-implants\\\/#primaryimage\"},\"thumbnailUrl\":\"https:\\\/\\\/www.vulkanimplants.com\\\/wp-content\\\/uploads\\\/2024\\\/03\\\/stand-expodental-vulkan-implants-2024.jpg\",\"inLanguage\":\"es\"},{\"@type\":\"WebPage\",\"@id\":\"https:\\\/\\\/www.vulkanimplants.com\\\/expodental-2024-stand-vulkan-implants\\\/\",\"url\":\"https:\\\/\\\/www.vulkanimplants.com\\\/expodental-2024-stand-vulkan-implants\\\/\",\"name\":\"Vulkan Implants en Expodental 2024\",\"isPartOf\":{\"@id\":\"https:\\\/\\\/www.vulkanimplants.com\\\/#website\"},\"primaryImageOfPage\":{\"@id\":\"https:\\\/\\\/www.vulkanimplants.com\\\/expodental-2024-stand-vulkan-implants\\\/#primaryimage\"},\"image\":{\"@id\":\"https:\\\/\\\/www.vulkanimplants.com\\\/expodental-2024-stand-vulkan-implants\\\/#primaryimage\"},\"thumbnailUrl\":\"https:\\\/\\\/www.vulkanimplants.com\\\/wp-content\\\/uploads\\\/2024\\\/03\\\/stand-expodental-vulkan-implants-2024.jpg\",\"datePublished\":\"2024-03-04T14:57:05+00:00\",\"dateModified\":\"2024-07-16T13:40:46+00:00\",\"description\":\"Del 14 al 16 de Marzo de 2024 estaremos presentes en el sal\u00f3n Expodental ven a descubrir las novedades que revolucionan el sector dental.\",\"breadcrumb\":{\"@id\":\"https:\\\/\\\/www.vulkanimplants.com\\\/expodental-2024-stand-vulkan-implants\\\/#breadcrumb\"},\"inLanguage\":\"es\",\"potentialAction\":[{\"@type\":\"ReadAction\",\"target\":[\"https:\\\/\\\/www.vulkanimplants.com\\\/expodental-2024-stand-vulkan-implants\\\/\"]}]},{\"@type\":\"ImageObject\",\"inLanguage\":\"es\",\"@id\":\"https:\\\/\\\/www.vulkanimplants.com\\\/expodental-2024-stand-vulkan-implants\\\/#primaryimage\",\"url\":\"https:\\\/\\\/www.vulkanimplants.com\\\/wp-content\\\/uploads\\\/2024\\\/03\\\/stand-expodental-vulkan-implants-2024.jpg\",\"contentUrl\":\"https:\\\/\\\/www.vulkanimplants.com\\\/wp-content\\\/uploads\\\/2024\\\/03\\\/stand-expodental-vulkan-implants-2024.jpg\",\"width\":2500,\"height\":1483,\"caption\":\"stand-expodental-2024-vulkan-implants\"},{\"@type\":\"BreadcrumbList\",\"@id\":\"https:\\\/\\\/www.vulkanimplants.com\\\/expodental-2024-stand-vulkan-implants\\\/#breadcrumb\",\"itemListElement\":[{\"@type\":\"ListItem\",\"position\":1,\"name\":\"Inici\",\"item\":\"https:\\\/\\\/www.vulkanimplants.com\\\/\"},{\"@type\":\"ListItem\",\"position\":2,\"name\":\"Vulkan Implants EVENTOS\"}]},{\"@type\":\"WebSite\",\"@id\":\"https:\\\/\\\/www.vulkanimplants.com\\\/#website\",\"url\":\"https:\\\/\\\/www.vulkanimplants.com\\\/\",\"name\":\"https:\\\/\\\/www.vulkanimplants.com\\\/\",\"description\":\"Vulkan Implants - High quality dental implants brand and guided surgery platform\",\"publisher\":{\"@id\":\"https:\\\/\\\/www.vulkanimplants.com\\\/#organization\"},\"alternateName\":\"Vulkan Implants\",\"potentialAction\":[{\"@type\":\"SearchAction\",\"target\":{\"@type\":\"EntryPoint\",\"urlTemplate\":\"https:\\\/\\\/www.vulkanimplants.com\\\/?s={search_term_string}\"},\"query-input\":{\"@type\":\"PropertyValueSpecification\",\"valueRequired\":true,\"valueName\":\"search_term_string\"}}],\"inLanguage\":\"es\"},{\"@type\":\"Organization\",\"@id\":\"https:\\\/\\\/www.vulkanimplants.com\\\/#organization\",\"name\":\"Vulkan Implants\",\"alternateName\":\"Vulkan\",\"url\":\"https:\\\/\\\/www.vulkanimplants.com\\\/\",\"logo\":{\"@type\":\"ImageObject\",\"inLanguage\":\"es\",\"@id\":\"https:\\\/\\\/www.vulkanimplants.com\\\/#\\\/schema\\\/logo\\\/image\\\/\",\"url\":\"https:\\\/\\\/www.vulkanimplants.com\\\/wp-content\\\/uploads\\\/2023\\\/12\\\/Vulkan-Implants-Logo-White-Orange-only-logo.png\",\"contentUrl\":\"https:\\\/\\\/www.vulkanimplants.com\\\/wp-content\\\/uploads\\\/2023\\\/12\\\/Vulkan-Implants-Logo-White-Orange-only-logo.png\",\"width\":369,\"height\":277,\"caption\":\"Vulkan Implants\"},\"image\":{\"@id\":\"https:\\\/\\\/www.vulkanimplants.com\\\/#\\\/schema\\\/logo\\\/image\\\/\"},\"sameAs\":[\"https:\\\/\\\/www.facebook.com\\\/VulkanImplant\\\/\",\"https:\\\/\\\/www.instagram.com\\\/vulkan_implants\\\/\"]},{\"@type\":\"Person\",\"@id\":\"https:\\\/\\\/www.vulkanimplants.com\\\/#\\\/schema\\\/person\\\/e9a69a01287914586d0acec3c0e709d1\",\"name\":\"Montse Vaca\",\"image\":{\"@type\":\"ImageObject\",\"inLanguage\":\"es\",\"@id\":\"https:\\\/\\\/secure.gravatar.com\\\/avatar\\\/782ac7b0ec8ef54996825fe41c60e8529219ca0319214f1f278b3c0cbdb62753?s=96&d=mm&r=g\",\"url\":\"https:\\\/\\\/secure.gravatar.com\\\/avatar\\\/782ac7b0ec8ef54996825fe41c60e8529219ca0319214f1f278b3c0cbdb62753?s=96&d=mm&r=g\",\"contentUrl\":\"https:\\\/\\\/secure.gravatar.com\\\/avatar\\\/782ac7b0ec8ef54996825fe41c60e8529219ca0319214f1f278b3c0cbdb62753?s=96&d=mm&r=g\",\"caption\":\"Montse Vaca\"},\"url\":\"https:\\\/\\\/www.vulkanimplants.com\\\/es\\\/author\\\/montse\\\/\"}]}<\/script>\n<!-- \/ Yoast SEO plugin. -->","yoast_head_json":{"title":"Vulkan Implants en Expodental 2024","description":"Del 14 al 16 de Marzo de 2024 estaremos presentes en el sal\u00f3n Expodental ven a descubrir las novedades que revolucionan el sector dental.","robots":{"index":"index","follow":"follow","max-snippet":"max-snippet:-1","max-image-preview":"max-image-preview:large","max-video-preview":"max-video-preview:-1"},"canonical":"https:\/\/www.vulkanimplants.com\/es\/expodental-2024-stand-vulkan-implants\/","og_locale":"es_ES","og_type":"article","og_title":"Vulkan Implants en Expodental 2024","og_description":"Del 14 al 16 de Marzo de 2024 estaremos presentes en el sal\u00f3n Expodental ven a descubrir las novedades que revolucionan el sector dental.","og_url":"https:\/\/www.vulkanimplants.com\/es\/expodental-2024-stand-vulkan-implants\/","og_site_name":"Vulkan Implants","article_publisher":"https:\/\/www.facebook.com\/VulkanImplant\/","article_modified_time":"2024-07-16T13:40:46+00:00","og_image":[{"width":2500,"height":1483,"url":"https:\/\/www.vulkanimplants.com\/wp-content\/uploads\/2024\/03\/stand-expodental-vulkan-implants-2024.jpg","type":"image\/jpeg"}],"twitter_card":"summary_large_image","twitter_misc":{"Tiempo de lectura":"1 minuto"},"schema":{"@context":"https:\/\/schema.org","@graph":[{"@type":"Article","@id":"https:\/\/www.vulkanimplants.com\/expodental-2024-stand-vulkan-implants\/#article","isPartOf":{"@id":"https:\/\/www.vulkanimplants.com\/expodental-2024-stand-vulkan-implants\/"},"author":{"name":"Montse Vaca","@id":"https:\/\/www.vulkanimplants.com\/#\/schema\/person\/e9a69a01287914586d0acec3c0e709d1"},"headline":"Vulkan Implants EVENTOS","datePublished":"2024-03-04T14:57:05+00:00","dateModified":"2024-07-16T13:40:46+00:00","mainEntityOfPage":{"@id":"https:\/\/www.vulkanimplants.com\/expodental-2024-stand-vulkan-implants\/"},"wordCount":274,"publisher":{"@id":"https:\/\/www.vulkanimplants.com\/#organization"},"image":{"@id":"https:\/\/www.vulkanimplants.com\/expodental-2024-stand-vulkan-implants\/#primaryimage"},"thumbnailUrl":"https:\/\/www.vulkanimplants.com\/wp-content\/uploads\/2024\/03\/stand-expodental-vulkan-implants-2024.jpg","inLanguage":"es"},{"@type":"WebPage","@id":"https:\/\/www.vulkanimplants.com\/expodental-2024-stand-vulkan-implants\/","url":"https:\/\/www.vulkanimplants.com\/expodental-2024-stand-vulkan-implants\/","name":"Vulkan Implants en Expodental 2024","isPartOf":{"@id":"https:\/\/www.vulkanimplants.com\/#website"},"primaryImageOfPage":{"@id":"https:\/\/www.vulkanimplants.com\/expodental-2024-stand-vulkan-implants\/#primaryimage"},"image":{"@id":"https:\/\/www.vulkanimplants.com\/expodental-2024-stand-vulkan-implants\/#primaryimage"},"thumbnailUrl":"https:\/\/www.vulkanimplants.com\/wp-content\/uploads\/2024\/03\/stand-expodental-vulkan-implants-2024.jpg","datePublished":"2024-03-04T14:57:05+00:00","dateModified":"2024-07-16T13:40:46+00:00","description":"Del 14 al 16 de Marzo de 2024 estaremos presentes en el sal\u00f3n Expodental ven a descubrir las novedades que revolucionan el sector dental.","breadcrumb":{"@id":"https:\/\/www.vulkanimplants.com\/expodental-2024-stand-vulkan-implants\/#breadcrumb"},"inLanguage":"es","potentialAction":[{"@type":"ReadAction","target":["https:\/\/www.vulkanimplants.com\/expodental-2024-stand-vulkan-implants\/"]}]},{"@type":"ImageObject","inLanguage":"es","@id":"https:\/\/www.vulkanimplants.com\/expodental-2024-stand-vulkan-implants\/#primaryimage","url":"https:\/\/www.vulkanimplants.com\/wp-content\/uploads\/2024\/03\/stand-expodental-vulkan-implants-2024.jpg","contentUrl":"https:\/\/www.vulkanimplants.com\/wp-content\/uploads\/2024\/03\/stand-expodental-vulkan-implants-2024.jpg","width":2500,"height":1483,"caption":"stand-expodental-2024-vulkan-implants"},{"@type":"BreadcrumbList","@id":"https:\/\/www.vulkanimplants.com\/expodental-2024-stand-vulkan-implants\/#breadcrumb","itemListElement":[{"@type":"ListItem","position":1,"name":"Inici","item":"https:\/\/www.vulkanimplants.com\/"},{"@type":"ListItem","position":2,"name":"Vulkan Implants EVENTOS"}]},{"@type":"WebSite","@id":"https:\/\/www.vulkanimplants.com\/#website","url":"https:\/\/www.vulkanimplants.com\/","name":"https:\/\/www.vulkanimplants.com\/","description":"Vulkan Implants - High quality dental implants brand and guided surgery platform","publisher":{"@id":"https:\/\/www.vulkanimplants.com\/#organization"},"alternateName":"Vulkan Implants","potentialAction":[{"@type":"SearchAction","target":{"@type":"EntryPoint","urlTemplate":"https:\/\/www.vulkanimplants.com\/?s={search_term_string}"},"query-input":{"@type":"PropertyValueSpecification","valueRequired":true,"valueName":"search_term_string"}}],"inLanguage":"es"},{"@type":"Organization","@id":"https:\/\/www.vulkanimplants.com\/#organization","name":"Vulkan Implants","alternateName":"Vulkan","url":"https:\/\/www.vulkanimplants.com\/","logo":{"@type":"ImageObject","inLanguage":"es","@id":"https:\/\/www.vulkanimplants.com\/#\/schema\/logo\/image\/","url":"https:\/\/www.vulkanimplants.com\/wp-content\/uploads\/2023\/12\/Vulkan-Implants-Logo-White-Orange-only-logo.png","contentUrl":"https:\/\/www.vulkanimplants.com\/wp-content\/uploads\/2023\/12\/Vulkan-Implants-Logo-White-Orange-only-logo.png","width":369,"height":277,"caption":"Vulkan Implants"},"image":{"@id":"https:\/\/www.vulkanimplants.com\/#\/schema\/logo\/image\/"},"sameAs":["https:\/\/www.facebook.com\/VulkanImplant\/","https:\/\/www.instagram.com\/vulkan_implants\/"]},{"@type":"Person","@id":"https:\/\/www.vulkanimplants.com\/#\/schema\/person\/e9a69a01287914586d0acec3c0e709d1","name":"Montse Vaca","image":{"@type":"ImageObject","inLanguage":"es","@id":"https:\/\/secure.gravatar.com\/avatar\/782ac7b0ec8ef54996825fe41c60e8529219ca0319214f1f278b3c0cbdb62753?s=96&d=mm&r=g","url":"https:\/\/secure.gravatar.com\/avatar\/782ac7b0ec8ef54996825fe41c60e8529219ca0319214f1f278b3c0cbdb62753?s=96&d=mm&r=g","contentUrl":"https:\/\/secure.gravatar.com\/avatar\/782ac7b0ec8ef54996825fe41c60e8529219ca0319214f1f278b3c0cbdb62753?s=96&d=mm&r=g","caption":"Montse Vaca"},"url":"https:\/\/www.vulkanimplants.com\/es\/author\/montse\/"}]}},"_links":{"self":[{"href":"https:\/\/www.vulkanimplants.com\/es\/wp-json\/wp\/v2\/pages\/13986","targetHints":{"allow":["GET"]}}],"collection":[{"href":"https:\/\/www.vulkanimplants.com\/es\/wp-json\/wp\/v2\/pages"}],"about":[{"href":"https:\/\/www.vulkanimplants.com\/es\/wp-json\/wp\/v2\/types\/page"}],"author":[{"embeddable":true,"href":"https:\/\/www.vulkanimplants.com\/es\/wp-json\/wp\/v2\/users\/2"}],"replies":[{"embeddable":true,"href":"https:\/\/www.vulkanimplants.com\/es\/wp-json\/wp\/v2\/comments?post=13986"}],"version-history":[{"count":20,"href":"https:\/\/www.vulkanimplants.com\/es\/wp-json\/wp\/v2\/pages\/13986\/revisions"}],"predecessor-version":[{"id":14069,"href":"https:\/\/www.vulkanimplants.com\/es\/wp-json\/wp\/v2\/pages\/13986\/revisions\/14069"}],"wp:featuredmedia":[{"embeddable":true,"href":"https:\/\/www.vulkanimplants.com\/es\/wp-json\/wp\/v2\/media\/13989"}],"wp:attachment":[{"href":"https:\/\/www.vulkanimplants.com\/es\/wp-json\/wp\/v2\/media?parent=13986"}],"curies":[{"name":"wp","href":"https:\/\/api.w.org\/{rel}","templated":true}]}}