{"id":13158,"date":"2023-09-19T10:11:04","date_gmt":"2023-09-19T08:11:04","guid":{"rendered":"https:\/\/www.vulkanimplants.com\/?page_id=13158"},"modified":"2025-03-20T18:32:05","modified_gmt":"2025-03-20T16:32:05","slug":"flujos-de-trabajo-implantes-vbody-xbody","status":"publish","type":"page","link":"https:\/\/www.vulkanimplants.com\/es\/flujos-de-trabajo-implantes-vbody-xbody\/","title":{"rendered":"Flujos de Trabajo"},"content":{"rendered":"<div id=\"cs-content\" class=\"cs-content\"><section class=\"x-section e13158-e1 ma5i-0\"><div class=\"x-row x-container max width e13158-e2 ma5i-3 ma5i-5 ma5i-6\"><div class=\"x-row-inner\"><h1 class=\"x-col e13158-e3 ma5i-9 ma5i-a ma5i-b ma5i-c\"><div class=\"x-text x-text-headline e13158-e4 ma5i-e ma5i-f\"><div class=\"x-text-content\"><div class=\"x-text-content-text\"><h1 class=\"x-text-content-text-primary\"><h3><strong>Gu\u00eda Flujos de Trabajo Vulkan Implants<\/strong><\/h3><\/h1>\n<\/div><\/div><\/div><div class=\"x-text x-text-headline e13158-e5 ma5i-f ma5i-g\"><div class=\"x-text-content\"><div class=\"x-text-content-text\"><h2 class=\"x-text-content-text-primary\"><h4 data-sourcepos=\"17:1-17:59\"><strong>Infinitas posibilidades, un solo objetivo: la sonrisa de sus pacientes.<\/strong><\/h4>\n<h4 data-sourcepos=\"19:1-19:376\">Con Vulkan Implants, tiene a su disposici\u00f3n una amplia gama de soluciones para cada caso cl\u00ednico. Desde la planificaci\u00f3n hasta la finalizaci\u00f3n, nuestro flujo de trabajo intuitivo sirve de gu\u00eda para llevarle, paso a paso, hacia resultados est\u00e9ticos y funcionales excepcionales.<\/h4>\n<h4 data-sourcepos=\"19:1-19:376\">La versatilidad de nuestros sistemas permite adaptar el tratamiento a las necesidades individuales de cada paciente.<\/h4><\/h2>\n<\/div><\/div><\/div><\/h1><\/div><\/div><div class=\"x-row x-container max width e13158-e6 ma5i-3 ma5i-4 ma5i-5 ma5i-7\"><div class=\"x-row-inner\"><div class=\"x-col e13158-e7 ma5i-9 ma5i-a ma5i-b\"><div class=\"x-text x-text-headline e13158-e8 ma5i-e ma5i-f\"><div class=\"x-text-content\"><div class=\"x-text-content-text\"><h2 class=\"x-text-content-text-primary\"><h4><strong>Gu\u00eda Flujo de trabajo Implantes Internal Hex.<\/strong><\/h4><\/h2>\n<\/div><\/div><\/div><a class=\"x-image e13158-e9 ma5i-h ma5i-i\" href=\"https:\/\/www.vulkanimplants.com\/wp-content\/uploads\/2024\/12\/Vulkan_Implants_Esquema_INHEX_ed2.pdf\" target=\"_blank\" rel=\"noopener noreferrer\"><img decoding=\"async\" src=\"https:\/\/www.vulkanimplants.com\/wp-content\/uploads\/2024\/12\/Vulkan-Implants-Flujo-de-Trabajo-Internal-Hex.jpg\" width=\"365\" height=\"516\" alt=\"Gu\u00eda Flujos de trabajo Internal Hex.\" loading=\"lazy\"><\/a><a class=\"x-anchor x-anchor-button e13158-e10 ma5i-k\" tabindex=\"0\" href=\"https:\/\/www.vulkanimplants.com\/wp-content\/uploads\/2024\/12\/Vulkan_Implants_Esquema_INTERNAL_sin_replica_ed3-3.pdf\" target=\"_blank\" rel=\"noopener noreferrer\"><div class=\"x-anchor-content\"><div class=\"x-anchor-text\"><span class=\"x-anchor-text-primary\">Ver Flujo de Trabajo sin r&eacute;plica digital<\/span><\/div><\/div><\/a><\/div><div class=\"x-col e13158-e11 ma5i-9 ma5i-b ma5i-d\"><div class=\"x-text x-text-headline e13158-e12 ma5i-e ma5i-f\"><div class=\"x-text-content\"><div class=\"x-text-content-text\"><h2 class=\"x-text-content-text-primary\"><h4><strong>Gu\u00eda Flujo de trabajo Implantes Conical\u00a0<\/strong><\/h4><\/h2>\n<\/div><\/div><\/div><a class=\"x-image e13158-e13 ma5i-h ma5i-i\" href=\"https:\/\/www.vulkanimplants.com\/wp-content\/uploads\/2024\/12\/Vulkan_Implants_Esquema_CONICAL_ed2.pdf\" target=\"_blank\" rel=\"noopener noreferrer\"><img decoding=\"async\" src=\"https:\/\/www.vulkanimplants.com\/wp-content\/uploads\/2024\/12\/Vulkan-Implants-Flujo-de-Trabajo-Conical-Connection.jpg\" width=\"365\" height=\"516\" alt=\"Gu\u00eda flujos de trabajo conical connection\" loading=\"lazy\"><\/a><a class=\"x-anchor x-anchor-button e13158-e14 ma5i-k\" tabindex=\"0\" href=\"https:\/\/www.vulkanimplants.com\/wp-content\/uploads\/2024\/12\/Vulkan_Implants_Esquema_CONICAL_sin_replica_ed3-1.pdf\" target=\"_blank\" rel=\"noopener noreferrer\"><div class=\"x-anchor-content\"><div class=\"x-anchor-text\"><span class=\"x-anchor-text-primary\">Ver Flujo de Trabajo sin r&eacute;plica digital<\/span><\/div><\/div><\/a><\/div><div class=\"x-col e13158-e15 ma5i-9 ma5i-a ma5i-b\"><div class=\"x-text x-text-headline e13158-e16 ma5i-e ma5i-f\"><div class=\"x-text-content\"><div class=\"x-text-content-text\"><h2 class=\"x-text-content-text-primary\"><h4><strong>Gu\u00eda Flujo de trabajo Implantes External Hex.<\/strong><\/h4><\/h2>\n<\/div><\/div><\/div><a class=\"x-image e13158-e17 ma5i-h ma5i-i\" href=\"https:\/\/www.vulkanimplants.com\/wp-content\/uploads\/2024\/12\/Vulkan_Implants_Esquema_EXTEX_ed1.pdf\" target=\"_blank\" rel=\"noopener noreferrer\"><img decoding=\"async\" src=\"https:\/\/www.vulkanimplants.com\/wp-content\/uploads\/2024\/12\/Vulkan-Implants-Flujo-de-Trabajo-External-Hex.jpg\" width=\"365\" height=\"516\" alt=\"Gu\u00eda Flujos de trabajo Implantes External Hex.\" loading=\"lazy\"><\/a><a class=\"x-anchor x-anchor-button e13158-e18 ma5i-k\" tabindex=\"0\" href=\"https:\/\/www.vulkanimplants.com\/wp-content\/uploads\/2024\/12\/Vulkan_Implants_Esquema_EXTERNAL_sin_replica_ed3-2.pdf\" target=\"_blank\" rel=\"noopener noreferrer\"><div class=\"x-anchor-content\"><div class=\"x-anchor-text\"><span class=\"x-anchor-text-primary\">Ver Flujo de Trabajo sin r&eacute;plica digital<\/span><\/div><\/div><\/a><\/div><\/div><\/div><div class=\"x-row x-container max width e13158-e19 ma5i-3 ma5i-5 ma5i-8\"><div class=\"x-row-inner\"><div class=\"x-col e13158-e20 ma5i-a ma5i-b\"><div class=\"x-div e13158-e21 ma5i-l ma5i-m\"><div class=\"x-div e13158-e22 ma5i-l ma5i-m\"><div class=\"x-slide-container-viewport is-loading e13158-e23 ma5i-o ma5i-1\" data-x-slide-container=\"{&quot;keyboardNavigation&quot;:true,&quot;autoplayStartInView&quot;:true,&quot;snap&quot;:true,&quot;direction&quot;:&quot;forward&quot;,&quot;startingSlide&quot;:1,&quot;autoplay&quot;:&quot;interval&quot;}\"><div class=\"x-slide-container-content x-container max width\"><div class=\"x-slide-container is-inline is-paged\"><div class=\"x-slide e13158-e24 ma5i-p\" data-x-slide=\"\"><div class=\"x-text x-content e13158-e25 ma5i-q\"><h4 style=\"text-align: center;\">Sistema de Implantes dentales Internal Hexagon<\/h4><\/div><a class=\"x-image e13158-e26 ma5i-h ma5i-j\" href=\"https:\/\/www.vulkanimplants.com\/vulkan-internal-hex-vbody\/\" target=\"_blank\" rel=\"noopener noreferrer\"><img decoding=\"async\" src=\"https:\/\/www.vulkanimplants.com\/wp-content\/uploads\/2021\/10\/Vulkan_Implants_Internal_Hex_Componentes_CADCAM.png\" width=\"288\" height=\"630\" alt=\"Vulkan Implants Internal Hex.\" loading=\"lazy\"><\/a><\/div><div class=\"x-slide e13158-e27 ma5i-p\" data-x-slide=\"\"><div class=\"x-text x-content e13158-e28 ma5i-q\"><h4 style=\"text-align: center;\">Sistema de Implantes dentales Conical Connection<\/h4><\/div><a class=\"x-image e13158-e29 ma5i-h ma5i-j\" href=\"https:\/\/www.vulkanimplants.com\/vulkan-conical-connection-xbody\/\" target=\"_blank\" rel=\"noopener noreferrer\"><img decoding=\"async\" src=\"https:\/\/www.vulkanimplants.com\/wp-content\/uploads\/2021\/10\/Vulkan_Implants_Conical_Connection_Componentes_CADCAM.png\" width=\"288\" height=\"630\" alt=\"sistemas de implantes dentales conical connection\" loading=\"lazy\"><\/a><\/div><div class=\"x-slide e13158-e30 ma5i-p\" data-x-slide=\"\"><div class=\"x-text x-content e13158-e31 ma5i-q\"><h4 style=\"text-align: center;\">Sistema de Implantes dentales External Hexagon<\/h4><\/div><a class=\"x-image e13158-e32 ma5i-h ma5i-j\" href=\"https:\/\/www.vulkanimplants.com\/vulkan-external-hex-vbody\/\" target=\"_blank\" rel=\"noopener noreferrer\"><img decoding=\"async\" src=\"https:\/\/www.vulkanimplants.com\/wp-content\/uploads\/2021\/10\/Vulkan_Implants_External_Hex_Componentes_CADCAM.png\" width=\"288\" height=\"630\" alt=\"Sistemas de implantes dentales External Hexagon\" loading=\"lazy\"><\/a><\/div><\/div><\/div><\/div><div class=\"x-div e13158-e33 ma5i-l ma5i-n ma5i-2\"><\/div><\/div><ul class=\"x-slide-pagination is-row e13158-e34 ma5i-r\" data-x-slide-pagination=\"\"><\/ul><\/div><\/div><\/div><\/div><\/section><\/div>\n","protected":false},"excerpt":{"rendered":"<p>Gu\u00eda Flujos de Trabajo Vulkan Implants Infinitas posibilidades, un solo objetivo: la sonrisa de sus pacientes. Con Vulkan Implants, tiene a su disposici\u00f3n una amplia gama de soluciones para cada caso cl\u00ednico. Desde la planificaci\u00f3n hasta la finalizaci\u00f3n, nuestro flujo de trabajo intuitivo sirve de gu\u00eda para llevarle, paso a paso, hacia resultados est\u00e9ticos y funcionales excepcionales. La versatilidad de &#8230; <\/p>\n<div><a href=\"https:\/\/www.vulkanimplants.com\/es\/flujos-de-trabajo-implantes-vbody-xbody\/\" class=\"more-link\">Read More<\/a><\/div>\n","protected":false},"author":2,"featured_media":12775,"parent":0,"menu_order":0,"comment_status":"closed","ping_status":"closed","template":"template-blank-4.php","meta":{"rs_blank_template":"","rs_page_bg_color":"","slide_template_v7":"","footnotes":""},"class_list":["post-13158","page","type-page","status-publish","has-post-thumbnail","hentry"],"yoast_head":"<!-- This site is optimized with the Yoast SEO plugin v27.5 - https:\/\/yoast.com\/product\/yoast-seo-wordpress\/ -->\n<title>Gu\u00eda de Flujos de Trabajo sistemas de implantes dentales Vulkan<\/title>\n<meta name=\"description\" content=\"Consulta la gu\u00eda de flujos de trabajo de los sistemas de implantes dentales Vulkan Internal Hex., External Hex. y Conical Connection.\" \/>\n<meta name=\"robots\" content=\"index, follow, max-snippet:-1, max-image-preview:large, max-video-preview:-1\" \/>\n<link rel=\"canonical\" href=\"https:\/\/www.vulkanimplants.com\/es\/flujos-de-trabajo-implantes-vbody-xbody\/\" \/>\n<meta property=\"og:locale\" content=\"es_ES\" \/>\n<meta property=\"og:type\" content=\"article\" \/>\n<meta property=\"og:title\" content=\"Gu\u00eda de Flujos de Trabajo sistemas de implantes dentales Vulkan\" \/>\n<meta property=\"og:description\" content=\"Consulta la gu\u00eda de flujos de trabajo de los sistemas de implantes dentales Vulkan Internal Hex., External Hex. y Conical Connection.\" \/>\n<meta property=\"og:url\" content=\"https:\/\/www.vulkanimplants.com\/es\/flujos-de-trabajo-implantes-vbody-xbody\/\" \/>\n<meta property=\"og:site_name\" content=\"Vulkan Implants\" \/>\n<meta property=\"article:publisher\" content=\"https:\/\/www.facebook.com\/VulkanImplant\/\" \/>\n<meta property=\"article:modified_time\" content=\"2025-03-20T16:32:05+00:00\" \/>\n<meta property=\"og:image\" content=\"https:\/\/www.vulkanimplants.com\/wp-content\/uploads\/2022\/08\/Captura-de-Pantalla-2022-08-03-a-las-9.53.33.png\" \/>\n\t<meta property=\"og:image:width\" content=\"736\" \/>\n\t<meta property=\"og:image:height\" content=\"1042\" \/>\n\t<meta property=\"og:image:type\" content=\"image\/png\" \/>\n<meta name=\"twitter:card\" content=\"summary_large_image\" \/>\n<meta name=\"twitter:label1\" content=\"Tiempo de lectura\" \/>\n\t<meta name=\"twitter:data1\" content=\"2 minutos\" \/>\n<script type=\"application\/ld+json\" class=\"yoast-schema-graph\">{\"@context\":\"https:\\\/\\\/schema.org\",\"@graph\":[{\"@type\":\"Article\",\"@id\":\"https:\\\/\\\/www.vulkanimplants.com\\\/flujos-de-trabajo-implantes-vbody-xbody\\\/#article\",\"isPartOf\":{\"@id\":\"https:\\\/\\\/www.vulkanimplants.com\\\/flujos-de-trabajo-implantes-vbody-xbody\\\/\"},\"author\":{\"name\":\"Montse Vaca\",\"@id\":\"https:\\\/\\\/www.vulkanimplants.com\\\/#\\\/schema\\\/person\\\/e9a69a01287914586d0acec3c0e709d1\"},\"headline\":\"Flujos de Trabajo\",\"datePublished\":\"2023-09-19T08:11:04+00:00\",\"dateModified\":\"2025-03-20T16:32:05+00:00\",\"mainEntityOfPage\":{\"@id\":\"https:\\\/\\\/www.vulkanimplants.com\\\/flujos-de-trabajo-implantes-vbody-xbody\\\/\"},\"wordCount\":463,\"publisher\":{\"@id\":\"https:\\\/\\\/www.vulkanimplants.com\\\/#organization\"},\"image\":{\"@id\":\"https:\\\/\\\/www.vulkanimplants.com\\\/flujos-de-trabajo-implantes-vbody-xbody\\\/#primaryimage\"},\"thumbnailUrl\":\"https:\\\/\\\/www.vulkanimplants.com\\\/wp-content\\\/uploads\\\/2022\\\/08\\\/Captura-de-Pantalla-2022-08-03-a-las-9.53.33.png\",\"inLanguage\":\"es\"},{\"@type\":\"WebPage\",\"@id\":\"https:\\\/\\\/www.vulkanimplants.com\\\/flujos-de-trabajo-implantes-vbody-xbody\\\/\",\"url\":\"https:\\\/\\\/www.vulkanimplants.com\\\/flujos-de-trabajo-implantes-vbody-xbody\\\/\",\"name\":\"Gu\u00eda de Flujos de Trabajo sistemas de implantes dentales Vulkan\",\"isPartOf\":{\"@id\":\"https:\\\/\\\/www.vulkanimplants.com\\\/#website\"},\"primaryImageOfPage\":{\"@id\":\"https:\\\/\\\/www.vulkanimplants.com\\\/flujos-de-trabajo-implantes-vbody-xbody\\\/#primaryimage\"},\"image\":{\"@id\":\"https:\\\/\\\/www.vulkanimplants.com\\\/flujos-de-trabajo-implantes-vbody-xbody\\\/#primaryimage\"},\"thumbnailUrl\":\"https:\\\/\\\/www.vulkanimplants.com\\\/wp-content\\\/uploads\\\/2022\\\/08\\\/Captura-de-Pantalla-2022-08-03-a-las-9.53.33.png\",\"datePublished\":\"2023-09-19T08:11:04+00:00\",\"dateModified\":\"2025-03-20T16:32:05+00:00\",\"description\":\"Consulta la gu\u00eda de flujos de trabajo de los sistemas de implantes dentales Vulkan Internal Hex., External Hex. y Conical Connection.\",\"breadcrumb\":{\"@id\":\"https:\\\/\\\/www.vulkanimplants.com\\\/flujos-de-trabajo-implantes-vbody-xbody\\\/#breadcrumb\"},\"inLanguage\":\"es\",\"potentialAction\":[{\"@type\":\"ReadAction\",\"target\":[\"https:\\\/\\\/www.vulkanimplants.com\\\/flujos-de-trabajo-implantes-vbody-xbody\\\/\"]}]},{\"@type\":\"ImageObject\",\"inLanguage\":\"es\",\"@id\":\"https:\\\/\\\/www.vulkanimplants.com\\\/flujos-de-trabajo-implantes-vbody-xbody\\\/#primaryimage\",\"url\":\"https:\\\/\\\/www.vulkanimplants.com\\\/wp-content\\\/uploads\\\/2022\\\/08\\\/Captura-de-Pantalla-2022-08-03-a-las-9.53.33.png\",\"contentUrl\":\"https:\\\/\\\/www.vulkanimplants.com\\\/wp-content\\\/uploads\\\/2022\\\/08\\\/Captura-de-Pantalla-2022-08-03-a-las-9.53.33.png\",\"width\":736,\"height\":1042,\"caption\":\"Flujo de trabajo para los Sistemas de Implantes Dentales de Vulkan Implants | Internal Hex.| External Hex. | Conical Connection\"},{\"@type\":\"BreadcrumbList\",\"@id\":\"https:\\\/\\\/www.vulkanimplants.com\\\/flujos-de-trabajo-implantes-vbody-xbody\\\/#breadcrumb\",\"itemListElement\":[{\"@type\":\"ListItem\",\"position\":1,\"name\":\"Inici\",\"item\":\"https:\\\/\\\/www.vulkanimplants.com\\\/\"},{\"@type\":\"ListItem\",\"position\":2,\"name\":\"Flujos de Trabajo\"}]},{\"@type\":\"WebSite\",\"@id\":\"https:\\\/\\\/www.vulkanimplants.com\\\/#website\",\"url\":\"https:\\\/\\\/www.vulkanimplants.com\\\/\",\"name\":\"https:\\\/\\\/www.vulkanimplants.com\\\/\",\"description\":\"Vulkan Implants - High quality dental implants brand and guided surgery platform\",\"publisher\":{\"@id\":\"https:\\\/\\\/www.vulkanimplants.com\\\/#organization\"},\"alternateName\":\"Vulkan Implants\",\"potentialAction\":[{\"@type\":\"SearchAction\",\"target\":{\"@type\":\"EntryPoint\",\"urlTemplate\":\"https:\\\/\\\/www.vulkanimplants.com\\\/?s={search_term_string}\"},\"query-input\":{\"@type\":\"PropertyValueSpecification\",\"valueRequired\":true,\"valueName\":\"search_term_string\"}}],\"inLanguage\":\"es\"},{\"@type\":\"Organization\",\"@id\":\"https:\\\/\\\/www.vulkanimplants.com\\\/#organization\",\"name\":\"Vulkan Implants\",\"alternateName\":\"Vulkan\",\"url\":\"https:\\\/\\\/www.vulkanimplants.com\\\/\",\"logo\":{\"@type\":\"ImageObject\",\"inLanguage\":\"es\",\"@id\":\"https:\\\/\\\/www.vulkanimplants.com\\\/#\\\/schema\\\/logo\\\/image\\\/\",\"url\":\"https:\\\/\\\/www.vulkanimplants.com\\\/wp-content\\\/uploads\\\/2023\\\/12\\\/Vulkan-Implants-Logo-White-Orange-only-logo.png\",\"contentUrl\":\"https:\\\/\\\/www.vulkanimplants.com\\\/wp-content\\\/uploads\\\/2023\\\/12\\\/Vulkan-Implants-Logo-White-Orange-only-logo.png\",\"width\":369,\"height\":277,\"caption\":\"Vulkan Implants\"},\"image\":{\"@id\":\"https:\\\/\\\/www.vulkanimplants.com\\\/#\\\/schema\\\/logo\\\/image\\\/\"},\"sameAs\":[\"https:\\\/\\\/www.facebook.com\\\/VulkanImplant\\\/\",\"https:\\\/\\\/www.instagram.com\\\/vulkan_implants\\\/\"]},{\"@type\":\"Person\",\"@id\":\"https:\\\/\\\/www.vulkanimplants.com\\\/#\\\/schema\\\/person\\\/e9a69a01287914586d0acec3c0e709d1\",\"name\":\"Montse Vaca\",\"image\":{\"@type\":\"ImageObject\",\"inLanguage\":\"es\",\"@id\":\"https:\\\/\\\/secure.gravatar.com\\\/avatar\\\/782ac7b0ec8ef54996825fe41c60e8529219ca0319214f1f278b3c0cbdb62753?s=96&d=mm&r=g\",\"url\":\"https:\\\/\\\/secure.gravatar.com\\\/avatar\\\/782ac7b0ec8ef54996825fe41c60e8529219ca0319214f1f278b3c0cbdb62753?s=96&d=mm&r=g\",\"contentUrl\":\"https:\\\/\\\/secure.gravatar.com\\\/avatar\\\/782ac7b0ec8ef54996825fe41c60e8529219ca0319214f1f278b3c0cbdb62753?s=96&d=mm&r=g\",\"caption\":\"Montse Vaca\"},\"url\":\"https:\\\/\\\/www.vulkanimplants.com\\\/es\\\/author\\\/montse\\\/\"}]}<\/script>\n<!-- \/ Yoast SEO plugin. -->","yoast_head_json":{"title":"Gu\u00eda de Flujos de Trabajo sistemas de implantes dentales Vulkan","description":"Consulta la gu\u00eda de flujos de trabajo de los sistemas de implantes dentales Vulkan Internal Hex., External Hex. y Conical Connection.","robots":{"index":"index","follow":"follow","max-snippet":"max-snippet:-1","max-image-preview":"max-image-preview:large","max-video-preview":"max-video-preview:-1"},"canonical":"https:\/\/www.vulkanimplants.com\/es\/flujos-de-trabajo-implantes-vbody-xbody\/","og_locale":"es_ES","og_type":"article","og_title":"Gu\u00eda de Flujos de Trabajo sistemas de implantes dentales Vulkan","og_description":"Consulta la gu\u00eda de flujos de trabajo de los sistemas de implantes dentales Vulkan Internal Hex., External Hex. y Conical Connection.","og_url":"https:\/\/www.vulkanimplants.com\/es\/flujos-de-trabajo-implantes-vbody-xbody\/","og_site_name":"Vulkan Implants","article_publisher":"https:\/\/www.facebook.com\/VulkanImplant\/","article_modified_time":"2025-03-20T16:32:05+00:00","og_image":[{"width":736,"height":1042,"url":"https:\/\/www.vulkanimplants.com\/wp-content\/uploads\/2022\/08\/Captura-de-Pantalla-2022-08-03-a-las-9.53.33.png","type":"image\/png"}],"twitter_card":"summary_large_image","twitter_misc":{"Tiempo de lectura":"2 minutos"},"schema":{"@context":"https:\/\/schema.org","@graph":[{"@type":"Article","@id":"https:\/\/www.vulkanimplants.com\/flujos-de-trabajo-implantes-vbody-xbody\/#article","isPartOf":{"@id":"https:\/\/www.vulkanimplants.com\/flujos-de-trabajo-implantes-vbody-xbody\/"},"author":{"name":"Montse Vaca","@id":"https:\/\/www.vulkanimplants.com\/#\/schema\/person\/e9a69a01287914586d0acec3c0e709d1"},"headline":"Flujos de Trabajo","datePublished":"2023-09-19T08:11:04+00:00","dateModified":"2025-03-20T16:32:05+00:00","mainEntityOfPage":{"@id":"https:\/\/www.vulkanimplants.com\/flujos-de-trabajo-implantes-vbody-xbody\/"},"wordCount":463,"publisher":{"@id":"https:\/\/www.vulkanimplants.com\/#organization"},"image":{"@id":"https:\/\/www.vulkanimplants.com\/flujos-de-trabajo-implantes-vbody-xbody\/#primaryimage"},"thumbnailUrl":"https:\/\/www.vulkanimplants.com\/wp-content\/uploads\/2022\/08\/Captura-de-Pantalla-2022-08-03-a-las-9.53.33.png","inLanguage":"es"},{"@type":"WebPage","@id":"https:\/\/www.vulkanimplants.com\/flujos-de-trabajo-implantes-vbody-xbody\/","url":"https:\/\/www.vulkanimplants.com\/flujos-de-trabajo-implantes-vbody-xbody\/","name":"Gu\u00eda de Flujos de Trabajo sistemas de implantes dentales Vulkan","isPartOf":{"@id":"https:\/\/www.vulkanimplants.com\/#website"},"primaryImageOfPage":{"@id":"https:\/\/www.vulkanimplants.com\/flujos-de-trabajo-implantes-vbody-xbody\/#primaryimage"},"image":{"@id":"https:\/\/www.vulkanimplants.com\/flujos-de-trabajo-implantes-vbody-xbody\/#primaryimage"},"thumbnailUrl":"https:\/\/www.vulkanimplants.com\/wp-content\/uploads\/2022\/08\/Captura-de-Pantalla-2022-08-03-a-las-9.53.33.png","datePublished":"2023-09-19T08:11:04+00:00","dateModified":"2025-03-20T16:32:05+00:00","description":"Consulta la gu\u00eda de flujos de trabajo de los sistemas de implantes dentales Vulkan Internal Hex., External Hex. y Conical Connection.","breadcrumb":{"@id":"https:\/\/www.vulkanimplants.com\/flujos-de-trabajo-implantes-vbody-xbody\/#breadcrumb"},"inLanguage":"es","potentialAction":[{"@type":"ReadAction","target":["https:\/\/www.vulkanimplants.com\/flujos-de-trabajo-implantes-vbody-xbody\/"]}]},{"@type":"ImageObject","inLanguage":"es","@id":"https:\/\/www.vulkanimplants.com\/flujos-de-trabajo-implantes-vbody-xbody\/#primaryimage","url":"https:\/\/www.vulkanimplants.com\/wp-content\/uploads\/2022\/08\/Captura-de-Pantalla-2022-08-03-a-las-9.53.33.png","contentUrl":"https:\/\/www.vulkanimplants.com\/wp-content\/uploads\/2022\/08\/Captura-de-Pantalla-2022-08-03-a-las-9.53.33.png","width":736,"height":1042,"caption":"Flujo de trabajo para los Sistemas de Implantes Dentales de Vulkan Implants | Internal Hex.| External Hex. | Conical Connection"},{"@type":"BreadcrumbList","@id":"https:\/\/www.vulkanimplants.com\/flujos-de-trabajo-implantes-vbody-xbody\/#breadcrumb","itemListElement":[{"@type":"ListItem","position":1,"name":"Inici","item":"https:\/\/www.vulkanimplants.com\/"},{"@type":"ListItem","position":2,"name":"Flujos de Trabajo"}]},{"@type":"WebSite","@id":"https:\/\/www.vulkanimplants.com\/#website","url":"https:\/\/www.vulkanimplants.com\/","name":"https:\/\/www.vulkanimplants.com\/","description":"Vulkan Implants - High quality dental implants brand and guided surgery platform","publisher":{"@id":"https:\/\/www.vulkanimplants.com\/#organization"},"alternateName":"Vulkan Implants","potentialAction":[{"@type":"SearchAction","target":{"@type":"EntryPoint","urlTemplate":"https:\/\/www.vulkanimplants.com\/?s={search_term_string}"},"query-input":{"@type":"PropertyValueSpecification","valueRequired":true,"valueName":"search_term_string"}}],"inLanguage":"es"},{"@type":"Organization","@id":"https:\/\/www.vulkanimplants.com\/#organization","name":"Vulkan Implants","alternateName":"Vulkan","url":"https:\/\/www.vulkanimplants.com\/","logo":{"@type":"ImageObject","inLanguage":"es","@id":"https:\/\/www.vulkanimplants.com\/#\/schema\/logo\/image\/","url":"https:\/\/www.vulkanimplants.com\/wp-content\/uploads\/2023\/12\/Vulkan-Implants-Logo-White-Orange-only-logo.png","contentUrl":"https:\/\/www.vulkanimplants.com\/wp-content\/uploads\/2023\/12\/Vulkan-Implants-Logo-White-Orange-only-logo.png","width":369,"height":277,"caption":"Vulkan Implants"},"image":{"@id":"https:\/\/www.vulkanimplants.com\/#\/schema\/logo\/image\/"},"sameAs":["https:\/\/www.facebook.com\/VulkanImplant\/","https:\/\/www.instagram.com\/vulkan_implants\/"]},{"@type":"Person","@id":"https:\/\/www.vulkanimplants.com\/#\/schema\/person\/e9a69a01287914586d0acec3c0e709d1","name":"Montse Vaca","image":{"@type":"ImageObject","inLanguage":"es","@id":"https:\/\/secure.gravatar.com\/avatar\/782ac7b0ec8ef54996825fe41c60e8529219ca0319214f1f278b3c0cbdb62753?s=96&d=mm&r=g","url":"https:\/\/secure.gravatar.com\/avatar\/782ac7b0ec8ef54996825fe41c60e8529219ca0319214f1f278b3c0cbdb62753?s=96&d=mm&r=g","contentUrl":"https:\/\/secure.gravatar.com\/avatar\/782ac7b0ec8ef54996825fe41c60e8529219ca0319214f1f278b3c0cbdb62753?s=96&d=mm&r=g","caption":"Montse Vaca"},"url":"https:\/\/www.vulkanimplants.com\/es\/author\/montse\/"}]}},"_links":{"self":[{"href":"https:\/\/www.vulkanimplants.com\/es\/wp-json\/wp\/v2\/pages\/13158","targetHints":{"allow":["GET"]}}],"collection":[{"href":"https:\/\/www.vulkanimplants.com\/es\/wp-json\/wp\/v2\/pages"}],"about":[{"href":"https:\/\/www.vulkanimplants.com\/es\/wp-json\/wp\/v2\/types\/page"}],"author":[{"embeddable":true,"href":"https:\/\/www.vulkanimplants.com\/es\/wp-json\/wp\/v2\/users\/2"}],"replies":[{"embeddable":true,"href":"https:\/\/www.vulkanimplants.com\/es\/wp-json\/wp\/v2\/comments?post=13158"}],"version-history":[{"count":46,"href":"https:\/\/www.vulkanimplants.com\/es\/wp-json\/wp\/v2\/pages\/13158\/revisions"}],"predecessor-version":[{"id":15530,"href":"https:\/\/www.vulkanimplants.com\/es\/wp-json\/wp\/v2\/pages\/13158\/revisions\/15530"}],"wp:featuredmedia":[{"embeddable":true,"href":"https:\/\/www.vulkanimplants.com\/es\/wp-json\/wp\/v2\/media\/12775"}],"wp:attachment":[{"href":"https:\/\/www.vulkanimplants.com\/es\/wp-json\/wp\/v2\/media?parent=13158"}],"curies":[{"name":"wp","href":"https:\/\/api.w.org\/{rel}","templated":true}]}}