{"id":13083,"date":"2023-07-13T12:58:43","date_gmt":"2023-07-13T10:58:43","guid":{"rendered":"https:\/\/www.vulkanimplants.com\/?page_id=13083"},"modified":"2026-04-10T11:19:57","modified_gmt":"2026-04-10T09:19:57","slug":"catalogo-3","status":"publish","type":"page","link":"https:\/\/www.vulkanimplants.com\/es\/catalogo-3\/","title":{"rendered":"Cat\u00e1logo implantes dentales"},"content":{"rendered":"<div id=\"cs-content\" class=\"cs-content\"><div class=\"x-section e13083-e1 ma3f-0 ma3f-1 ma3f-2\"><div class=\"x-row x-container max width e13083-e2 ma3f-6 ma3f-7 ma3f-8 ma3f-b ma3f-c\"><div class=\"x-row-inner\"><div class=\"x-col e13083-e3 ma3f-i ma3f-j\"><div class=\"x-text x-text-headline e13083-e4 ma3f-k ma3f-l\"><div class=\"x-text-content\"><div class=\"x-text-content-text\"><h1 class=\"x-text-content-text-primary\"><h2 style=\"text-align: center;\"><strong>Cat\u00e1logo Implantes Dentales y Soluciones prot\u00e9sicas Vulkan Implants<\/strong><\/h2><\/h1>\n<\/div><\/div><\/div><\/div><div class=\"x-col e13083-e5 ma3f-i ma3f-j\"><span class=\"x-image e13083-e6 ma3f-n ma3f-o\"><img decoding=\"async\" src=\"https:\/\/www.vulkanimplants.com\/wp-content\/uploads\/2025\/07\/Vulkan-Implants-Catalogue-Banner-ES-1.png\" width=\"500\" height=\"316\" alt=\"cat\u00e1logos implantes dentales y soluciones prot\u00e9sicas vulkan \" loading=\"lazy\"><\/span><\/div><\/div><\/div><div class=\"x-row x-container max width e13083-e7 ma3f-6 ma3f-9 ma3f-d ma3f-e\"><div class=\"x-row-inner\"><div class=\"x-col e13083-e8 ma3f-i\"><div class=\"x-text x-text-headline e13083-e9 ma3f-k ma3f-l\"><div class=\"x-text-content\"><div class=\"x-text-content-text\"><h1 class=\"x-text-content-text-primary\"><h2><strong>Fabricantes de implantes dentales de alta precisi\u00f3n<\/strong><\/h2>\n<h4>Vulkan Implants es una marca especializada en implantes dentales de titanio dise\u00f1ados para ofrecer m\u00e1xima precisi\u00f3n y fiabilidad cl\u00ednica.<\/h4><\/h1>\n<\/div><\/div><\/div><div class=\"x-text x-text-headline e13083-e10 ma3f-k ma3f-l\"><div class=\"x-text-content\"><div class=\"x-text-content-text\"><h2 class=\"x-text-content-text-primary\"><h2><strong>Tecnolog\u00eda de fabricaci\u00f3n<\/strong><\/h2><\/h2>\n<\/div><\/div><\/div><div class=\"x-text x-content e13083-e11 ma3f-s\"><h4>Los implantes dentales Vulkan est\u00e1n desarrollados con tecnolog\u00eda avanzada que garantiza calidad y consistencia en cada pieza.<\/h4><\/div><div class=\"x-text x-text-headline e13083-e12 ma3f-k ma3f-l\"><div class=\"x-text-content\"><div class=\"x-text-content-text\"><h2 class=\"x-text-content-text-primary\"><h2><strong>Control de calidad<\/strong><\/h2><\/h2>\n<\/div><\/div><\/div><div class=\"x-text x-content e13083-e13 ma3f-s\"><h4>Aplicamos estrictos controles en todo el proceso de producci\u00f3n.<\/h4><\/div><div class=\"x-text x-text-headline e13083-e14 ma3f-k ma3f-l\"><div class=\"x-text-content\"><div class=\"x-text-content-text\"><h2 class=\"x-text-content-text-primary\"><h2><strong>Innovaci\u00f3n en implantolog\u00eda<\/strong><\/h2><\/h2>\n<\/div><\/div><\/div><div class=\"x-text x-content e13083-e15 ma3f-s\"><h4>Desarrollamos soluciones adaptadas a las necesidades de los profesionales.<\/h4><\/div><div class=\"x-text x-text-headline e13083-e16 ma3f-k ma3f-l\"><div class=\"x-text-content\"><div class=\"x-text-content-text\"><h1 class=\"x-text-content-text-primary\"><h4>Nuestros sistemas de implantes dentales Vulkan Internal Hex, Vulkan\u00a0 External Hex. y Vulkan Conical Connection, la amplia gama de soluciones prot\u00e9sicas y herramientas quir\u00fargicas, productos dise\u00f1ados para satisfacer todas sus necesidades cl\u00ednicas y quir\u00fargicas en cada cirug\u00eda.<\/h4><\/h1>\n<\/div><\/div><\/div><\/div><\/div><\/div><\/div><div class=\"x-section e13083-e17 ma3f-0 ma3f-1 ma3f-3 ma3f-4\"><div class=\"x-bg\" aria-hidden=\"true\"><div class=\"x-bg-layer-lower-color\"><\/div><\/div><div class=\"x-row x-container max width e13083-e18 ma3f-6 ma3f-9 ma3f-d ma3f-f\"><div class=\"x-row-inner\"><div class=\"x-col e13083-e19 ma3f-i\"><div class=\"x-text x-text-headline e13083-e20 ma3f-k ma3f-m\"><div class=\"x-text-content\"><div class=\"x-text-content-text\">\n<div class=\"x-text-content-text-primary\"><h2><strong>CAT\u00c1LOGOS VULKAN IMPLANTS<\/strong><\/h2><\/div><\/div><\/div><\/div><\/div><\/div><\/div><div class=\"x-row x-container max width e13083-e21 ma3f-6 ma3f-7 ma3f-a ma3f-b ma3f-g\"><div class=\"x-row-inner\"><div class=\"x-col e13083-e22 ma3f-i\"><div class=\"x-text x-text-headline e13083-e23 ma3f-k ma3f-l\"><div class=\"x-text-content\"><div class=\"x-text-content-text\"><h2 class=\"x-text-content-text-primary\"><h3><a href=\"https:\/\/www.vulkanimplants.com\/wp-content\/uploads\/2025\/04\/vulkan-internal-hex-portada-ES.jpg\"><strong><span style=\"color: #000000;\">Sistema Implantes Internal Hex<\/span><\/strong><\/a><\/h3><\/h2>\n<\/div><\/div><\/div><a class=\"x-image e13083-e24 ma3f-n ma3f-p ma3f-q\" href=\"https:\/\/www.vulkanimplants.com\/wp-content\/uploads\/2026\/04\/Vulkan-Implants-Internal-Hex-VK-C-2201-ES-F01-W03.pdf\" target=\"_blank\" rel=\"noopener noreferrer\"><img decoding=\"async\" src=\"https:\/\/www.vulkanimplants.com\/wp-content\/uploads\/2025\/04\/vulkan-internal-hex-portada-ES.jpg\" width=\"730\" height=\"1024\" alt=\"Sistema de implantes dentales  vulkan internal hex.\" loading=\"lazy\"><\/a><\/div><div class=\"x-col e13083-e25 ma3f-i\"><div class=\"x-text x-text-headline e13083-e26 ma3f-k ma3f-l\"><div class=\"x-text-content\"><div class=\"x-text-content-text\"><h2 class=\"x-text-content-text-primary\"><h3><strong><span style=\"color: #000000;\">Sistema Implantes <\/span><\/strong><strong><span style=\"color: #000000;\">External Hex<\/span><\/strong><\/h3><\/h2>\n<\/div><\/div><\/div><a class=\"x-image e13083-e27 ma3f-n ma3f-p ma3f-q\" href=\"https:\/\/www.vulkanimplants.com\/wp-content\/uploads\/2025\/08\/vulkan_catalogo_external_hex_ES_PV_20250710.pdf\" target=\"_blank\" rel=\"noopener noreferrer\"><img decoding=\"async\" src=\"https:\/\/www.vulkanimplants.com\/wp-content\/uploads\/2025\/04\/vulkan-external-hex-portada-ES.jpg\" width=\"730\" height=\"1024\" alt=\"Sistema de implantes dentales  vulkan external hex.\" loading=\"lazy\"><\/a><\/div><div class=\"x-col e13083-e28 ma3f-i\"><div class=\"x-text x-text-headline e13083-e29 ma3f-k ma3f-l\"><div class=\"x-text-content\"><div class=\"x-text-content-text\"><h2 class=\"x-text-content-text-primary\"><h3><strong><span style=\"color: #000000;\">Sistema Conical Connection<\/span><\/strong><\/h3><\/h2>\n<\/div><\/div><\/div><a class=\"x-image e13083-e30 ma3f-n ma3f-p ma3f-r\" href=\"https:\/\/www.vulkanimplants.com\/wp-content\/uploads\/2025\/08\/Vulkan_Implants_Conical_Connection_Catalogo_ES_PV_20250702_web.pdf\" target=\"_blank\" rel=\"noopener noreferrer\"><img decoding=\"async\" src=\"https:\/\/www.vulkanimplants.com\/wp-content\/uploads\/2025\/04\/vulkan-conical-connection-portada-ES.jpg\" width=\"730\" height=\"1024\" alt=\"Cat\u00e1logo Sistema de implantes dentales Vulkan Conical Connection -Xbody\" loading=\"lazy\"><\/a><\/div><div class=\"x-col e13083-e31 ma3f-i\"><div class=\"x-text x-text-headline e13083-e32 ma3f-k ma3f-l\"><div class=\"x-text-content\"><div class=\"x-text-content-text\"><h2 class=\"x-text-content-text-primary\"><h3><strong><span style=\"color: #000000;\">Flyer Resumido Implantes Dentales<\/span><\/strong><\/h3><\/h2>\n<\/div><\/div><\/div><a class=\"x-image e13083-e33 ma3f-n ma3f-p ma3f-q\" href=\"https:\/\/www.vulkanimplants.com\/wp-content\/uploads\/2025\/05\/Vulkan_Implants_Catalogo_Resumido_ES_PV_20250612_web-1.pdf\" target=\"_blank\" rel=\"noopener noreferrer\"><img decoding=\"async\" src=\"https:\/\/www.vulkanimplants.com\/wp-content\/uploads\/2025\/05\/Vulkan-Implants-Catalogo-Resumido-ES.jpg\" width=\"730\" height=\"1033\" alt=\"Cat\u00e1logo resumido sistema de implantes dentales vulkan\" loading=\"lazy\"><\/a><\/div><\/div><\/div><\/div><div class=\"x-section e13083-e34 ma3f-0 ma3f-3 ma3f-5\"><div class=\"x-row x-container max width e13083-e35 ma3f-6 ma3f-9 ma3f-d ma3f-h\"><div class=\"x-row-inner\"><div class=\"x-col e13083-e36 ma3f-i\"><div class=\"x-text x-text-headline e13083-e37 ma3f-k ma3f-l\"><div class=\"x-text-content\"><div class=\"x-text-content-text\"><h1 class=\"x-text-content-text-primary\"><h2><strong>Implantes dentales: soluci\u00f3n avanzada para reemplazar dientes<\/strong><\/h2><\/h1>\n<\/div><\/div><\/div><div class=\"x-text x-content e13083-e38 ma3f-s\"><h4>Los implantes dentales son una soluci\u00f3n eficaz y duradera para reemplazar dientes perdidos. Consisten en estructuras de titanio que se integran con el hueso maxilar, proporcionando una base s\u00f3lida para pr\u00f3tesis dentales.<\/h4><\/div><div class=\"x-text x-text-headline e13083-e39 ma3f-k ma3f-l\"><div class=\"x-text-content\"><div class=\"x-text-content-text\"><h2 class=\"x-text-content-text-primary\"><h2><strong>\u00bfQu\u00e9 son los implantes dentales?<\/strong><\/h2><\/h2>\n<\/div><\/div><\/div><div class=\"x-text x-content e13083-e40 ma3f-s\"><h4>Los implantes dentales son dispositivos m\u00e9dicos dise\u00f1ados para sustituir la ra\u00edz de un diente natural mediante su inserci\u00f3n en el hueso.<\/h4><\/div><div class=\"x-text x-text-headline e13083-e41 ma3f-k ma3f-l\"><div class=\"x-text-content\"><div class=\"x-text-content-text\"><h2 class=\"x-text-content-text-primary\"><h2><strong>Tipos de implantes dentales<\/strong><\/h2><\/h2>\n<\/div><\/div><\/div><div class=\"x-text x-content e13083-e42 ma3f-s\"><ul>\n \t<li>\n<h4><span>Implantes endo\u00f3seos<\/span><\/h4>\n<\/li>\n \t<li>\n<h4><span>Implantes subperi\u00f3sticos<\/span><\/h4>\n<\/li>\n<\/ul><\/div><div class=\"x-text x-text-headline e13083-e43 ma3f-k ma3f-l\"><div class=\"x-text-content\"><div class=\"x-text-content-text\"><h2 class=\"x-text-content-text-primary\"><h2><strong>Ventajas de los implantes dentales<\/strong><\/h2><\/h2>\n<\/div><\/div><\/div><div class=\"x-text x-content e13083-e44 ma3f-s\"><ul>\n \t<li>\n<h4><span>Alta durabilidad<\/span><\/h4>\n<\/li>\n \t<li>\n<h4><span>Mejora est\u00e9tica<\/span><\/h4>\n<\/li>\n \t<li>\n<h4><span>Recuperaci\u00f3n funcional<\/span><\/h4>\n<\/li>\n \t<li>\n<h4><span>Preservaci\u00f3n del hueso<\/span><\/h4>\n<\/li>\n<\/ul><\/div><div class=\"x-text x-text-headline e13083-e45 ma3f-k ma3f-l\"><div class=\"x-text-content\"><div class=\"x-text-content-text\"><h1 class=\"x-text-content-text-primary\"><h2><strong>FAQ:<\/strong><\/h2><\/h1>\n<\/div><\/div><\/div><div class=\"x-text x-content e13083-e46 ma3f-s\"><h4><strong>\u00bfQu\u00e9 duraci\u00f3n tienen los implantes dentales?<\/strong> Pueden durar m\u00e1s de 20 a\u00f1os con el mantenimiento adecuado y visitas de control recomendadas.<\/h4>\n<h4><strong>\u00bfD\u00f3nde se fabrican los implantes Vulkan?<\/strong> Los implantes Vulkan se desarrollan en Europa, Espa\u00f1a, bajo est\u00e1ndares de alta calidad, con marcaje CE, y certificaci\u00f3n MDR.<\/h4>\n<h4><strong>\u00bfQu\u00e9 sistema es mejor?<\/strong> Depende del caso cl\u00ednico y las necesidades del paciente.<\/h4><\/div><a class=\"x-anchor x-anchor-button e13083-e47 ma3f-t\" tabindex=\"0\" href=\"https:\/\/api.whatsapp.com\/send?phone=34606807755&amp;text\" target=\"_blank\" rel=\"noopener noreferrer\"><div class=\"x-anchor-content\"><div class=\"x-anchor-text\"><span class=\"x-anchor-text-primary\"><strong>Solicite m&aacute;s informaci&oacute;n<\/strong><\/span><\/div><\/div><\/a><\/div><\/div><\/div><\/div><\/div>\n","protected":false},"excerpt":{"rendered":"<p>Cat\u00e1logo Implantes Dentales y Soluciones prot\u00e9sicas Vulkan Implants Fabricantes de implantes dentales de alta precisi\u00f3n Vulkan Implants es una marca especializada en implantes dentales de titanio dise\u00f1ados para ofrecer m\u00e1xima precisi\u00f3n y fiabilidad cl\u00ednica. Tecnolog\u00eda de fabricaci\u00f3n Los implantes dentales Vulkan est\u00e1n desarrollados con tecnolog\u00eda avanzada que garantiza calidad y consistencia en cada pieza.Control de calidad Aplicamos estrictos controles en &#8230; <\/p>\n<div><a href=\"https:\/\/www.vulkanimplants.com\/es\/catalogo-3\/\" class=\"more-link\">Read More<\/a><\/div>\n","protected":false},"author":2,"featured_media":16965,"parent":0,"menu_order":0,"comment_status":"closed","ping_status":"closed","template":"template-blank-4.php","meta":{"rs_blank_template":"","rs_page_bg_color":"","slide_template_v7":"","footnotes":""},"class_list":["post-13083","page","type-page","status-publish","has-post-thumbnail","hentry"],"yoast_head":"<!-- This site is optimized with the Yoast SEO plugin v27.5 - https:\/\/yoast.com\/product\/yoast-seo-wordpress\/ -->\n<title>Implantes dentales y soluciones prot\u00e9sicas Vulkan Implants<\/title>\n<meta name=\"description\" content=\"Cat\u00e1logo implantes dentales marca Vulkan Implants, la soluci\u00f3n perfecta para sus necesidades odontol\u00f3gicas especializadas en implantolog\u00eda.\" \/>\n<meta name=\"robots\" content=\"index, follow, max-snippet:-1, max-image-preview:large, max-video-preview:-1\" \/>\n<link rel=\"canonical\" href=\"https:\/\/www.vulkanimplants.com\/es\/catalogo-3\/\" \/>\n<meta property=\"og:locale\" content=\"es_ES\" \/>\n<meta property=\"og:type\" content=\"article\" \/>\n<meta property=\"og:title\" content=\"Implantes dentales y soluciones prot\u00e9sicas Vulkan Implants\" \/>\n<meta property=\"og:description\" content=\"Cat\u00e1logo implantes dentales marca Vulkan Implants, la soluci\u00f3n perfecta para sus necesidades odontol\u00f3gicas especializadas en implantolog\u00eda.\" \/>\n<meta property=\"og:url\" content=\"https:\/\/www.vulkanimplants.com\/es\/catalogo-3\/\" \/>\n<meta property=\"og:site_name\" content=\"Vulkan Implants\" \/>\n<meta property=\"article:publisher\" content=\"https:\/\/www.facebook.com\/VulkanImplant\/\" \/>\n<meta property=\"article:modified_time\" content=\"2026-04-10T09:19:57+00:00\" \/>\n<meta property=\"og:image\" content=\"https:\/\/www.vulkanimplants.com\/wp-content\/uploads\/2025\/04\/Vulkan-Implants-Catalogue-Banner-EN.png\" \/>\n\t<meta property=\"og:image:width\" content=\"1000\" \/>\n\t<meta property=\"og:image:height\" content=\"632\" \/>\n\t<meta property=\"og:image:type\" content=\"image\/png\" \/>\n<meta name=\"twitter:card\" content=\"summary_large_image\" \/>\n<meta name=\"twitter:label1\" content=\"Tiempo de lectura\" \/>\n\t<meta name=\"twitter:data1\" content=\"5 minutos\" \/>\n<script type=\"application\/ld+json\" class=\"yoast-schema-graph\">{\"@context\":\"https:\\\/\\\/schema.org\",\"@graph\":[{\"@type\":\"Article\",\"@id\":\"https:\\\/\\\/www.vulkanimplants.com\\\/catalogo-3\\\/#article\",\"isPartOf\":{\"@id\":\"https:\\\/\\\/www.vulkanimplants.com\\\/catalogo-3\\\/\"},\"author\":{\"name\":\"Montse Vaca\",\"@id\":\"https:\\\/\\\/www.vulkanimplants.com\\\/#\\\/schema\\\/person\\\/e9a69a01287914586d0acec3c0e709d1\"},\"headline\":\"Cat\u00e1logo implantes dentales\",\"datePublished\":\"2023-07-13T10:58:43+00:00\",\"dateModified\":\"2026-04-10T09:19:57+00:00\",\"mainEntityOfPage\":{\"@id\":\"https:\\\/\\\/www.vulkanimplants.com\\\/catalogo-3\\\/\"},\"wordCount\":810,\"publisher\":{\"@id\":\"https:\\\/\\\/www.vulkanimplants.com\\\/#organization\"},\"image\":{\"@id\":\"https:\\\/\\\/www.vulkanimplants.com\\\/catalogo-3\\\/#primaryimage\"},\"thumbnailUrl\":\"https:\\\/\\\/www.vulkanimplants.com\\\/wp-content\\\/uploads\\\/2025\\\/04\\\/Vulkan-Implants-Catalogue-Banner-EN.png\",\"inLanguage\":\"es\"},{\"@type\":\"WebPage\",\"@id\":\"https:\\\/\\\/www.vulkanimplants.com\\\/catalogo-3\\\/\",\"url\":\"https:\\\/\\\/www.vulkanimplants.com\\\/catalogo-3\\\/\",\"name\":\"Implantes dentales y soluciones prot\u00e9sicas Vulkan Implants\",\"isPartOf\":{\"@id\":\"https:\\\/\\\/www.vulkanimplants.com\\\/#website\"},\"primaryImageOfPage\":{\"@id\":\"https:\\\/\\\/www.vulkanimplants.com\\\/catalogo-3\\\/#primaryimage\"},\"image\":{\"@id\":\"https:\\\/\\\/www.vulkanimplants.com\\\/catalogo-3\\\/#primaryimage\"},\"thumbnailUrl\":\"https:\\\/\\\/www.vulkanimplants.com\\\/wp-content\\\/uploads\\\/2025\\\/04\\\/Vulkan-Implants-Catalogue-Banner-EN.png\",\"datePublished\":\"2023-07-13T10:58:43+00:00\",\"dateModified\":\"2026-04-10T09:19:57+00:00\",\"description\":\"Cat\u00e1logo implantes dentales marca Vulkan Implants, la soluci\u00f3n perfecta para sus necesidades odontol\u00f3gicas especializadas en implantolog\u00eda.\",\"breadcrumb\":{\"@id\":\"https:\\\/\\\/www.vulkanimplants.com\\\/catalogo-3\\\/#breadcrumb\"},\"inLanguage\":\"es\",\"potentialAction\":[{\"@type\":\"ReadAction\",\"target\":[\"https:\\\/\\\/www.vulkanimplants.com\\\/catalogo-3\\\/\"]}]},{\"@type\":\"ImageObject\",\"inLanguage\":\"es\",\"@id\":\"https:\\\/\\\/www.vulkanimplants.com\\\/catalogo-3\\\/#primaryimage\",\"url\":\"https:\\\/\\\/www.vulkanimplants.com\\\/wp-content\\\/uploads\\\/2025\\\/04\\\/Vulkan-Implants-Catalogue-Banner-EN.png\",\"contentUrl\":\"https:\\\/\\\/www.vulkanimplants.com\\\/wp-content\\\/uploads\\\/2025\\\/04\\\/Vulkan-Implants-Catalogue-Banner-EN.png\",\"width\":1000,\"height\":632,\"caption\":\"cat\u00e1logo implantes dentales vulkan implants\"},{\"@type\":\"BreadcrumbList\",\"@id\":\"https:\\\/\\\/www.vulkanimplants.com\\\/catalogo-3\\\/#breadcrumb\",\"itemListElement\":[{\"@type\":\"ListItem\",\"position\":1,\"name\":\"Inici\",\"item\":\"https:\\\/\\\/www.vulkanimplants.com\\\/\"},{\"@type\":\"ListItem\",\"position\":2,\"name\":\"Cat\u00e1logo implantes dentales\"}]},{\"@type\":\"WebSite\",\"@id\":\"https:\\\/\\\/www.vulkanimplants.com\\\/#website\",\"url\":\"https:\\\/\\\/www.vulkanimplants.com\\\/\",\"name\":\"https:\\\/\\\/www.vulkanimplants.com\\\/\",\"description\":\"Vulkan Implants - High quality dental implants brand and guided surgery platform\",\"publisher\":{\"@id\":\"https:\\\/\\\/www.vulkanimplants.com\\\/#organization\"},\"alternateName\":\"Vulkan Implants\",\"potentialAction\":[{\"@type\":\"SearchAction\",\"target\":{\"@type\":\"EntryPoint\",\"urlTemplate\":\"https:\\\/\\\/www.vulkanimplants.com\\\/?s={search_term_string}\"},\"query-input\":{\"@type\":\"PropertyValueSpecification\",\"valueRequired\":true,\"valueName\":\"search_term_string\"}}],\"inLanguage\":\"es\"},{\"@type\":\"Organization\",\"@id\":\"https:\\\/\\\/www.vulkanimplants.com\\\/#organization\",\"name\":\"Vulkan Implants\",\"alternateName\":\"Vulkan\",\"url\":\"https:\\\/\\\/www.vulkanimplants.com\\\/\",\"logo\":{\"@type\":\"ImageObject\",\"inLanguage\":\"es\",\"@id\":\"https:\\\/\\\/www.vulkanimplants.com\\\/#\\\/schema\\\/logo\\\/image\\\/\",\"url\":\"https:\\\/\\\/www.vulkanimplants.com\\\/wp-content\\\/uploads\\\/2023\\\/12\\\/Vulkan-Implants-Logo-White-Orange-only-logo.png\",\"contentUrl\":\"https:\\\/\\\/www.vulkanimplants.com\\\/wp-content\\\/uploads\\\/2023\\\/12\\\/Vulkan-Implants-Logo-White-Orange-only-logo.png\",\"width\":369,\"height\":277,\"caption\":\"Vulkan Implants\"},\"image\":{\"@id\":\"https:\\\/\\\/www.vulkanimplants.com\\\/#\\\/schema\\\/logo\\\/image\\\/\"},\"sameAs\":[\"https:\\\/\\\/www.facebook.com\\\/VulkanImplant\\\/\",\"https:\\\/\\\/www.instagram.com\\\/vulkan_implants\\\/\"]},{\"@type\":\"Person\",\"@id\":\"https:\\\/\\\/www.vulkanimplants.com\\\/#\\\/schema\\\/person\\\/e9a69a01287914586d0acec3c0e709d1\",\"name\":\"Montse Vaca\",\"image\":{\"@type\":\"ImageObject\",\"inLanguage\":\"es\",\"@id\":\"https:\\\/\\\/secure.gravatar.com\\\/avatar\\\/782ac7b0ec8ef54996825fe41c60e8529219ca0319214f1f278b3c0cbdb62753?s=96&d=mm&r=g\",\"url\":\"https:\\\/\\\/secure.gravatar.com\\\/avatar\\\/782ac7b0ec8ef54996825fe41c60e8529219ca0319214f1f278b3c0cbdb62753?s=96&d=mm&r=g\",\"contentUrl\":\"https:\\\/\\\/secure.gravatar.com\\\/avatar\\\/782ac7b0ec8ef54996825fe41c60e8529219ca0319214f1f278b3c0cbdb62753?s=96&d=mm&r=g\",\"caption\":\"Montse Vaca\"},\"url\":\"https:\\\/\\\/www.vulkanimplants.com\\\/es\\\/author\\\/montse\\\/\"}]}<\/script>\n<!-- \/ Yoast SEO plugin. -->","yoast_head_json":{"title":"Implantes dentales y soluciones prot\u00e9sicas Vulkan Implants","description":"Cat\u00e1logo implantes dentales marca Vulkan Implants, la soluci\u00f3n perfecta para sus necesidades odontol\u00f3gicas especializadas en implantolog\u00eda.","robots":{"index":"index","follow":"follow","max-snippet":"max-snippet:-1","max-image-preview":"max-image-preview:large","max-video-preview":"max-video-preview:-1"},"canonical":"https:\/\/www.vulkanimplants.com\/es\/catalogo-3\/","og_locale":"es_ES","og_type":"article","og_title":"Implantes dentales y soluciones prot\u00e9sicas Vulkan Implants","og_description":"Cat\u00e1logo implantes dentales marca Vulkan Implants, la soluci\u00f3n perfecta para sus necesidades odontol\u00f3gicas especializadas en implantolog\u00eda.","og_url":"https:\/\/www.vulkanimplants.com\/es\/catalogo-3\/","og_site_name":"Vulkan Implants","article_publisher":"https:\/\/www.facebook.com\/VulkanImplant\/","article_modified_time":"2026-04-10T09:19:57+00:00","og_image":[{"width":1000,"height":632,"url":"https:\/\/www.vulkanimplants.com\/wp-content\/uploads\/2025\/04\/Vulkan-Implants-Catalogue-Banner-EN.png","type":"image\/png"}],"twitter_card":"summary_large_image","twitter_misc":{"Tiempo de lectura":"5 minutos"},"schema":{"@context":"https:\/\/schema.org","@graph":[{"@type":"Article","@id":"https:\/\/www.vulkanimplants.com\/catalogo-3\/#article","isPartOf":{"@id":"https:\/\/www.vulkanimplants.com\/catalogo-3\/"},"author":{"name":"Montse Vaca","@id":"https:\/\/www.vulkanimplants.com\/#\/schema\/person\/e9a69a01287914586d0acec3c0e709d1"},"headline":"Cat\u00e1logo implantes dentales","datePublished":"2023-07-13T10:58:43+00:00","dateModified":"2026-04-10T09:19:57+00:00","mainEntityOfPage":{"@id":"https:\/\/www.vulkanimplants.com\/catalogo-3\/"},"wordCount":810,"publisher":{"@id":"https:\/\/www.vulkanimplants.com\/#organization"},"image":{"@id":"https:\/\/www.vulkanimplants.com\/catalogo-3\/#primaryimage"},"thumbnailUrl":"https:\/\/www.vulkanimplants.com\/wp-content\/uploads\/2025\/04\/Vulkan-Implants-Catalogue-Banner-EN.png","inLanguage":"es"},{"@type":"WebPage","@id":"https:\/\/www.vulkanimplants.com\/catalogo-3\/","url":"https:\/\/www.vulkanimplants.com\/catalogo-3\/","name":"Implantes dentales y soluciones prot\u00e9sicas Vulkan Implants","isPartOf":{"@id":"https:\/\/www.vulkanimplants.com\/#website"},"primaryImageOfPage":{"@id":"https:\/\/www.vulkanimplants.com\/catalogo-3\/#primaryimage"},"image":{"@id":"https:\/\/www.vulkanimplants.com\/catalogo-3\/#primaryimage"},"thumbnailUrl":"https:\/\/www.vulkanimplants.com\/wp-content\/uploads\/2025\/04\/Vulkan-Implants-Catalogue-Banner-EN.png","datePublished":"2023-07-13T10:58:43+00:00","dateModified":"2026-04-10T09:19:57+00:00","description":"Cat\u00e1logo implantes dentales marca Vulkan Implants, la soluci\u00f3n perfecta para sus necesidades odontol\u00f3gicas especializadas en implantolog\u00eda.","breadcrumb":{"@id":"https:\/\/www.vulkanimplants.com\/catalogo-3\/#breadcrumb"},"inLanguage":"es","potentialAction":[{"@type":"ReadAction","target":["https:\/\/www.vulkanimplants.com\/catalogo-3\/"]}]},{"@type":"ImageObject","inLanguage":"es","@id":"https:\/\/www.vulkanimplants.com\/catalogo-3\/#primaryimage","url":"https:\/\/www.vulkanimplants.com\/wp-content\/uploads\/2025\/04\/Vulkan-Implants-Catalogue-Banner-EN.png","contentUrl":"https:\/\/www.vulkanimplants.com\/wp-content\/uploads\/2025\/04\/Vulkan-Implants-Catalogue-Banner-EN.png","width":1000,"height":632,"caption":"cat\u00e1logo implantes dentales vulkan implants"},{"@type":"BreadcrumbList","@id":"https:\/\/www.vulkanimplants.com\/catalogo-3\/#breadcrumb","itemListElement":[{"@type":"ListItem","position":1,"name":"Inici","item":"https:\/\/www.vulkanimplants.com\/"},{"@type":"ListItem","position":2,"name":"Cat\u00e1logo implantes dentales"}]},{"@type":"WebSite","@id":"https:\/\/www.vulkanimplants.com\/#website","url":"https:\/\/www.vulkanimplants.com\/","name":"https:\/\/www.vulkanimplants.com\/","description":"Vulkan Implants - High quality dental implants brand and guided surgery platform","publisher":{"@id":"https:\/\/www.vulkanimplants.com\/#organization"},"alternateName":"Vulkan Implants","potentialAction":[{"@type":"SearchAction","target":{"@type":"EntryPoint","urlTemplate":"https:\/\/www.vulkanimplants.com\/?s={search_term_string}"},"query-input":{"@type":"PropertyValueSpecification","valueRequired":true,"valueName":"search_term_string"}}],"inLanguage":"es"},{"@type":"Organization","@id":"https:\/\/www.vulkanimplants.com\/#organization","name":"Vulkan Implants","alternateName":"Vulkan","url":"https:\/\/www.vulkanimplants.com\/","logo":{"@type":"ImageObject","inLanguage":"es","@id":"https:\/\/www.vulkanimplants.com\/#\/schema\/logo\/image\/","url":"https:\/\/www.vulkanimplants.com\/wp-content\/uploads\/2023\/12\/Vulkan-Implants-Logo-White-Orange-only-logo.png","contentUrl":"https:\/\/www.vulkanimplants.com\/wp-content\/uploads\/2023\/12\/Vulkan-Implants-Logo-White-Orange-only-logo.png","width":369,"height":277,"caption":"Vulkan Implants"},"image":{"@id":"https:\/\/www.vulkanimplants.com\/#\/schema\/logo\/image\/"},"sameAs":["https:\/\/www.facebook.com\/VulkanImplant\/","https:\/\/www.instagram.com\/vulkan_implants\/"]},{"@type":"Person","@id":"https:\/\/www.vulkanimplants.com\/#\/schema\/person\/e9a69a01287914586d0acec3c0e709d1","name":"Montse Vaca","image":{"@type":"ImageObject","inLanguage":"es","@id":"https:\/\/secure.gravatar.com\/avatar\/782ac7b0ec8ef54996825fe41c60e8529219ca0319214f1f278b3c0cbdb62753?s=96&d=mm&r=g","url":"https:\/\/secure.gravatar.com\/avatar\/782ac7b0ec8ef54996825fe41c60e8529219ca0319214f1f278b3c0cbdb62753?s=96&d=mm&r=g","contentUrl":"https:\/\/secure.gravatar.com\/avatar\/782ac7b0ec8ef54996825fe41c60e8529219ca0319214f1f278b3c0cbdb62753?s=96&d=mm&r=g","caption":"Montse Vaca"},"url":"https:\/\/www.vulkanimplants.com\/es\/author\/montse\/"}]}},"_links":{"self":[{"href":"https:\/\/www.vulkanimplants.com\/es\/wp-json\/wp\/v2\/pages\/13083","targetHints":{"allow":["GET"]}}],"collection":[{"href":"https:\/\/www.vulkanimplants.com\/es\/wp-json\/wp\/v2\/pages"}],"about":[{"href":"https:\/\/www.vulkanimplants.com\/es\/wp-json\/wp\/v2\/types\/page"}],"author":[{"embeddable":true,"href":"https:\/\/www.vulkanimplants.com\/es\/wp-json\/wp\/v2\/users\/2"}],"replies":[{"embeddable":true,"href":"https:\/\/www.vulkanimplants.com\/es\/wp-json\/wp\/v2\/comments?post=13083"}],"version-history":[{"count":57,"href":"https:\/\/www.vulkanimplants.com\/es\/wp-json\/wp\/v2\/pages\/13083\/revisions"}],"predecessor-version":[{"id":18519,"href":"https:\/\/www.vulkanimplants.com\/es\/wp-json\/wp\/v2\/pages\/13083\/revisions\/18519"}],"wp:featuredmedia":[{"embeddable":true,"href":"https:\/\/www.vulkanimplants.com\/es\/wp-json\/wp\/v2\/media\/16965"}],"wp:attachment":[{"href":"https:\/\/www.vulkanimplants.com\/es\/wp-json\/wp\/v2\/media?parent=13083"}],"curies":[{"name":"wp","href":"https:\/\/api.w.org\/{rel}","templated":true}]}}