{"id":12678,"date":"2022-07-06T11:53:34","date_gmt":"2022-07-06T09:53:34","guid":{"rendered":"https:\/\/www.vulkanimplants.com\/?page_id=12678"},"modified":"2022-07-06T12:25:12","modified_gmt":"2022-07-06T10:25:12","slug":"politica-de-privacidad","status":"publish","type":"page","link":"https:\/\/www.vulkanimplants.com\/es\/politica-de-privacidad\/","title":{"rendered":"Pol\u00edtica de Privacidad"},"content":{"rendered":"<div id=\"cs-content\" class=\"cs-content\"><\/div>\n","protected":false},"excerpt":{"rendered":"<p>Pol\u00edtica de Privacidad El presente Pol\u00edtica de Privacidad establece los t\u00e9rminos en que TitanImplant, S.L usa y protege la informaci\u00f3n que es proporcionada por sus usuarios al momento de utilizar su sitio web. Esta compa\u00f1\u00eda est\u00e1 comprometida con la seguridad de los datos de sus usuarios. Cuando le pedimos llenar los campos de informaci\u00f3n personal con la cual usted pueda &#8230; <\/p>\n<div><a href=\"https:\/\/www.vulkanimplants.com\/es\/politica-de-privacidad\/\" class=\"more-link\">Read More<\/a><\/div>\n","protected":false},"author":1,"featured_media":0,"parent":0,"menu_order":0,"comment_status":"closed","ping_status":"closed","template":"template-blank-4.php","meta":{"rs_blank_template":"","rs_page_bg_color":"","slide_template_v7":"","footnotes":""},"class_list":["post-12678","page","type-page","status-publish","hentry","no-post-thumbnail"],"yoast_head":"<!-- This site is optimized with the Yoast SEO plugin v27.5 - https:\/\/yoast.com\/product\/yoast-seo-wordpress\/ -->\n<title>Pol\u00edtica de Privacidad | Vulkan Implants<\/title>\n<meta name=\"description\" content=\"Pol\u00edtica de Privacidad Vulkan Implants |\" \/>\n<meta name=\"robots\" content=\"index, follow, max-snippet:-1, max-image-preview:large, max-video-preview:-1\" \/>\n<link rel=\"canonical\" href=\"https:\/\/www.vulkanimplants.com\/es\/politica-de-privacidad\/\" \/>\n<meta property=\"og:locale\" content=\"es_ES\" \/>\n<meta property=\"og:type\" content=\"article\" \/>\n<meta property=\"og:title\" content=\"Pol\u00edtica de Privacidad | Vulkan Implants\" \/>\n<meta property=\"og:description\" content=\"Pol\u00edtica de Privacidad Vulkan Implants |\" \/>\n<meta property=\"og:url\" content=\"https:\/\/www.vulkanimplants.com\/es\/politica-de-privacidad\/\" \/>\n<meta property=\"og:site_name\" content=\"Vulkan Implants\" \/>\n<meta property=\"article:publisher\" content=\"https:\/\/www.facebook.com\/VulkanImplant\/\" \/>\n<meta property=\"article:modified_time\" content=\"2022-07-06T10:25:12+00:00\" \/>\n<meta property=\"og:image\" content=\"https:\/\/www.vulkanimplants.com\/wp-content\/uploads\/2023\/09\/Vulkan-Implants-Catalogo-Resumido-EN.jpg\" \/>\n\t<meta property=\"og:image:width\" content=\"730\" \/>\n\t<meta property=\"og:image:height\" content=\"1033\" \/>\n\t<meta property=\"og:image:type\" content=\"image\/jpeg\" \/>\n<meta name=\"twitter:card\" content=\"summary_large_image\" \/>\n<meta name=\"twitter:label1\" content=\"Tiempo de lectura\" \/>\n\t<meta name=\"twitter:data1\" content=\"4 minutos\" \/>\n<script type=\"application\/ld+json\" class=\"yoast-schema-graph\">{\"@context\":\"https:\\\/\\\/schema.org\",\"@graph\":[{\"@type\":\"Article\",\"@id\":\"https:\\\/\\\/www.vulkanimplants.com\\\/politica-de-privacidad\\\/#article\",\"isPartOf\":{\"@id\":\"https:\\\/\\\/www.vulkanimplants.com\\\/politica-de-privacidad\\\/\"},\"author\":{\"name\":\"Sergi\",\"@id\":\"https:\\\/\\\/www.vulkanimplants.com\\\/#\\\/schema\\\/person\\\/1de840b32d1a30e4b183bedb7ee8d3b6\"},\"headline\":\"Pol\u00edtica de Privacidad\",\"datePublished\":\"2022-07-06T09:53:34+00:00\",\"dateModified\":\"2022-07-06T10:25:12+00:00\",\"mainEntityOfPage\":{\"@id\":\"https:\\\/\\\/www.vulkanimplants.com\\\/politica-de-privacidad\\\/\"},\"wordCount\":840,\"publisher\":{\"@id\":\"https:\\\/\\\/www.vulkanimplants.com\\\/#organization\"},\"inLanguage\":\"es\"},{\"@type\":\"WebPage\",\"@id\":\"https:\\\/\\\/www.vulkanimplants.com\\\/politica-de-privacidad\\\/\",\"url\":\"https:\\\/\\\/www.vulkanimplants.com\\\/politica-de-privacidad\\\/\",\"name\":\"Pol\u00edtica de Privacidad | Vulkan Implants\",\"isPartOf\":{\"@id\":\"https:\\\/\\\/www.vulkanimplants.com\\\/#website\"},\"datePublished\":\"2022-07-06T09:53:34+00:00\",\"dateModified\":\"2022-07-06T10:25:12+00:00\",\"description\":\"Pol\u00edtica de Privacidad Vulkan Implants |\",\"breadcrumb\":{\"@id\":\"https:\\\/\\\/www.vulkanimplants.com\\\/politica-de-privacidad\\\/#breadcrumb\"},\"inLanguage\":\"es\",\"potentialAction\":[{\"@type\":\"ReadAction\",\"target\":[\"https:\\\/\\\/www.vulkanimplants.com\\\/politica-de-privacidad\\\/\"]}]},{\"@type\":\"BreadcrumbList\",\"@id\":\"https:\\\/\\\/www.vulkanimplants.com\\\/politica-de-privacidad\\\/#breadcrumb\",\"itemListElement\":[{\"@type\":\"ListItem\",\"position\":1,\"name\":\"Inici\",\"item\":\"https:\\\/\\\/www.vulkanimplants.com\\\/\"},{\"@type\":\"ListItem\",\"position\":2,\"name\":\"Pol\u00edtica de Privacidad\"}]},{\"@type\":\"WebSite\",\"@id\":\"https:\\\/\\\/www.vulkanimplants.com\\\/#website\",\"url\":\"https:\\\/\\\/www.vulkanimplants.com\\\/\",\"name\":\"https:\\\/\\\/www.vulkanimplants.com\\\/\",\"description\":\"Vulkan Implants - High quality dental implants brand and guided surgery platform\",\"publisher\":{\"@id\":\"https:\\\/\\\/www.vulkanimplants.com\\\/#organization\"},\"alternateName\":\"Vulkan Implants\",\"potentialAction\":[{\"@type\":\"SearchAction\",\"target\":{\"@type\":\"EntryPoint\",\"urlTemplate\":\"https:\\\/\\\/www.vulkanimplants.com\\\/?s={search_term_string}\"},\"query-input\":{\"@type\":\"PropertyValueSpecification\",\"valueRequired\":true,\"valueName\":\"search_term_string\"}}],\"inLanguage\":\"es\"},{\"@type\":\"Organization\",\"@id\":\"https:\\\/\\\/www.vulkanimplants.com\\\/#organization\",\"name\":\"Vulkan Implants\",\"alternateName\":\"Vulkan\",\"url\":\"https:\\\/\\\/www.vulkanimplants.com\\\/\",\"logo\":{\"@type\":\"ImageObject\",\"inLanguage\":\"es\",\"@id\":\"https:\\\/\\\/www.vulkanimplants.com\\\/#\\\/schema\\\/logo\\\/image\\\/\",\"url\":\"https:\\\/\\\/www.vulkanimplants.com\\\/wp-content\\\/uploads\\\/2023\\\/12\\\/Vulkan-Implants-Logo-White-Orange-only-logo.png\",\"contentUrl\":\"https:\\\/\\\/www.vulkanimplants.com\\\/wp-content\\\/uploads\\\/2023\\\/12\\\/Vulkan-Implants-Logo-White-Orange-only-logo.png\",\"width\":369,\"height\":277,\"caption\":\"Vulkan Implants\"},\"image\":{\"@id\":\"https:\\\/\\\/www.vulkanimplants.com\\\/#\\\/schema\\\/logo\\\/image\\\/\"},\"sameAs\":[\"https:\\\/\\\/www.facebook.com\\\/VulkanImplant\\\/\",\"https:\\\/\\\/www.instagram.com\\\/vulkan_implants\\\/\"]},{\"@type\":\"Person\",\"@id\":\"https:\\\/\\\/www.vulkanimplants.com\\\/#\\\/schema\\\/person\\\/1de840b32d1a30e4b183bedb7ee8d3b6\",\"name\":\"Sergi\",\"image\":{\"@type\":\"ImageObject\",\"inLanguage\":\"es\",\"@id\":\"https:\\\/\\\/secure.gravatar.com\\\/avatar\\\/78459bce4cb1e11ce13c584aa4eab950b73957cf871a960a43fa4261e56858b2?s=96&d=mm&r=g\",\"url\":\"https:\\\/\\\/secure.gravatar.com\\\/avatar\\\/78459bce4cb1e11ce13c584aa4eab950b73957cf871a960a43fa4261e56858b2?s=96&d=mm&r=g\",\"contentUrl\":\"https:\\\/\\\/secure.gravatar.com\\\/avatar\\\/78459bce4cb1e11ce13c584aa4eab950b73957cf871a960a43fa4261e56858b2?s=96&d=mm&r=g\",\"caption\":\"Sergi\"},\"url\":\"https:\\\/\\\/www.vulkanimplants.com\\\/es\\\/author\\\/administradorweb\\\/\"}]}<\/script>\n<!-- \/ Yoast SEO plugin. -->","yoast_head_json":{"title":"Pol\u00edtica de Privacidad | Vulkan Implants","description":"Pol\u00edtica de Privacidad Vulkan Implants |","robots":{"index":"index","follow":"follow","max-snippet":"max-snippet:-1","max-image-preview":"max-image-preview:large","max-video-preview":"max-video-preview:-1"},"canonical":"https:\/\/www.vulkanimplants.com\/es\/politica-de-privacidad\/","og_locale":"es_ES","og_type":"article","og_title":"Pol\u00edtica de Privacidad | Vulkan Implants","og_description":"Pol\u00edtica de Privacidad Vulkan Implants |","og_url":"https:\/\/www.vulkanimplants.com\/es\/politica-de-privacidad\/","og_site_name":"Vulkan Implants","article_publisher":"https:\/\/www.facebook.com\/VulkanImplant\/","article_modified_time":"2022-07-06T10:25:12+00:00","og_image":[{"width":730,"height":1033,"url":"https:\/\/www.vulkanimplants.com\/wp-content\/uploads\/2023\/09\/Vulkan-Implants-Catalogo-Resumido-EN.jpg","type":"image\/jpeg"}],"twitter_card":"summary_large_image","twitter_misc":{"Tiempo de lectura":"4 minutos"},"schema":{"@context":"https:\/\/schema.org","@graph":[{"@type":"Article","@id":"https:\/\/www.vulkanimplants.com\/politica-de-privacidad\/#article","isPartOf":{"@id":"https:\/\/www.vulkanimplants.com\/politica-de-privacidad\/"},"author":{"name":"Sergi","@id":"https:\/\/www.vulkanimplants.com\/#\/schema\/person\/1de840b32d1a30e4b183bedb7ee8d3b6"},"headline":"Pol\u00edtica de Privacidad","datePublished":"2022-07-06T09:53:34+00:00","dateModified":"2022-07-06T10:25:12+00:00","mainEntityOfPage":{"@id":"https:\/\/www.vulkanimplants.com\/politica-de-privacidad\/"},"wordCount":840,"publisher":{"@id":"https:\/\/www.vulkanimplants.com\/#organization"},"inLanguage":"es"},{"@type":"WebPage","@id":"https:\/\/www.vulkanimplants.com\/politica-de-privacidad\/","url":"https:\/\/www.vulkanimplants.com\/politica-de-privacidad\/","name":"Pol\u00edtica de Privacidad | Vulkan Implants","isPartOf":{"@id":"https:\/\/www.vulkanimplants.com\/#website"},"datePublished":"2022-07-06T09:53:34+00:00","dateModified":"2022-07-06T10:25:12+00:00","description":"Pol\u00edtica de Privacidad Vulkan Implants |","breadcrumb":{"@id":"https:\/\/www.vulkanimplants.com\/politica-de-privacidad\/#breadcrumb"},"inLanguage":"es","potentialAction":[{"@type":"ReadAction","target":["https:\/\/www.vulkanimplants.com\/politica-de-privacidad\/"]}]},{"@type":"BreadcrumbList","@id":"https:\/\/www.vulkanimplants.com\/politica-de-privacidad\/#breadcrumb","itemListElement":[{"@type":"ListItem","position":1,"name":"Inici","item":"https:\/\/www.vulkanimplants.com\/"},{"@type":"ListItem","position":2,"name":"Pol\u00edtica de Privacidad"}]},{"@type":"WebSite","@id":"https:\/\/www.vulkanimplants.com\/#website","url":"https:\/\/www.vulkanimplants.com\/","name":"https:\/\/www.vulkanimplants.com\/","description":"Vulkan Implants - High quality dental implants brand and guided surgery platform","publisher":{"@id":"https:\/\/www.vulkanimplants.com\/#organization"},"alternateName":"Vulkan Implants","potentialAction":[{"@type":"SearchAction","target":{"@type":"EntryPoint","urlTemplate":"https:\/\/www.vulkanimplants.com\/?s={search_term_string}"},"query-input":{"@type":"PropertyValueSpecification","valueRequired":true,"valueName":"search_term_string"}}],"inLanguage":"es"},{"@type":"Organization","@id":"https:\/\/www.vulkanimplants.com\/#organization","name":"Vulkan Implants","alternateName":"Vulkan","url":"https:\/\/www.vulkanimplants.com\/","logo":{"@type":"ImageObject","inLanguage":"es","@id":"https:\/\/www.vulkanimplants.com\/#\/schema\/logo\/image\/","url":"https:\/\/www.vulkanimplants.com\/wp-content\/uploads\/2023\/12\/Vulkan-Implants-Logo-White-Orange-only-logo.png","contentUrl":"https:\/\/www.vulkanimplants.com\/wp-content\/uploads\/2023\/12\/Vulkan-Implants-Logo-White-Orange-only-logo.png","width":369,"height":277,"caption":"Vulkan Implants"},"image":{"@id":"https:\/\/www.vulkanimplants.com\/#\/schema\/logo\/image\/"},"sameAs":["https:\/\/www.facebook.com\/VulkanImplant\/","https:\/\/www.instagram.com\/vulkan_implants\/"]},{"@type":"Person","@id":"https:\/\/www.vulkanimplants.com\/#\/schema\/person\/1de840b32d1a30e4b183bedb7ee8d3b6","name":"Sergi","image":{"@type":"ImageObject","inLanguage":"es","@id":"https:\/\/secure.gravatar.com\/avatar\/78459bce4cb1e11ce13c584aa4eab950b73957cf871a960a43fa4261e56858b2?s=96&d=mm&r=g","url":"https:\/\/secure.gravatar.com\/avatar\/78459bce4cb1e11ce13c584aa4eab950b73957cf871a960a43fa4261e56858b2?s=96&d=mm&r=g","contentUrl":"https:\/\/secure.gravatar.com\/avatar\/78459bce4cb1e11ce13c584aa4eab950b73957cf871a960a43fa4261e56858b2?s=96&d=mm&r=g","caption":"Sergi"},"url":"https:\/\/www.vulkanimplants.com\/es\/author\/administradorweb\/"}]}},"_links":{"self":[{"href":"https:\/\/www.vulkanimplants.com\/es\/wp-json\/wp\/v2\/pages\/12678","targetHints":{"allow":["GET"]}}],"collection":[{"href":"https:\/\/www.vulkanimplants.com\/es\/wp-json\/wp\/v2\/pages"}],"about":[{"href":"https:\/\/www.vulkanimplants.com\/es\/wp-json\/wp\/v2\/types\/page"}],"author":[{"embeddable":true,"href":"https:\/\/www.vulkanimplants.com\/es\/wp-json\/wp\/v2\/users\/1"}],"replies":[{"embeddable":true,"href":"https:\/\/www.vulkanimplants.com\/es\/wp-json\/wp\/v2\/comments?post=12678"}],"version-history":[{"count":8,"href":"https:\/\/www.vulkanimplants.com\/es\/wp-json\/wp\/v2\/pages\/12678\/revisions"}],"predecessor-version":[{"id":12766,"href":"https:\/\/www.vulkanimplants.com\/es\/wp-json\/wp\/v2\/pages\/12678\/revisions\/12766"}],"wp:attachment":[{"href":"https:\/\/www.vulkanimplants.com\/es\/wp-json\/wp\/v2\/media?parent=12678"}],"curies":[{"name":"wp","href":"https:\/\/api.w.org\/{rel}","templated":true}]}}