{"id":12438,"date":"2022-04-05T12:57:37","date_gmt":"2022-04-05T10:57:37","guid":{"rendered":"https:\/\/www.vulkanimplants.com\/?page_id=12438"},"modified":"2026-03-19T10:29:13","modified_gmt":"2026-03-19T09:29:13","slug":"cursos-cirugia-implantes-dentales","status":"publish","type":"page","link":"https:\/\/www.vulkanimplants.com\/es\/cursos-cirugia-implantes-dentales\/","title":{"rendered":"Cursos"},"content":{"rendered":"<div id=\"cs-content\" class=\"cs-content\"><div class=\"x-section e12438-e1 m9li-0\"><div class=\"x-row x-container max width e12438-e2 m9li-1 m9li-2 m9li-3\"><div class=\"x-row-inner\"><div class=\"x-col e12438-e3 m9li-b\"><div class=\"x-text x-text-headline e12438-e4 m9li-g m9li-h\"><div class=\"x-text-content\"><div class=\"x-text-content-text\"><h1 class=\"x-text-content-text-primary\"><p style=\"text-align: center;\"><strong>Ampliando conocimientos con Vulkan Implants<\/strong><\/p><\/h1>\n<span class=\"x-text-content-text-subheadline\"><p style=\"text-align: center;\">Cursos y seminarios con casos reales<\/p><\/span><\/div><\/div><\/div><\/div><div class=\"x-col e12438-e5 m9li-b m9li-c m9li-d\"><div class=\"x-grid x-container max width e12438-e6 m9li-k\"><div class=\"x-cell e12438-e7 m9li-l\"><div class=\"x-row e12438-e8 m9li-1 m9li-2 m9li-4\"><div class=\"x-row-inner\"><section class=\"x-col e12438-e9 m9li-b m9li-c m9li-e\"><div class=\"x-text x-text-headline has-graphic e12438-e10 m9li-g m9li-i m9li-j\"><div class=\"x-text-content\"><span class=\"x-graphic\" aria-hidden=\"true\"><span class=\"x-image x-graphic-child x-graphic-image x-graphic-primary\" data-x-single-anim=\"x-scale-up\"><img decoding=\"async\" src=\"https:\/\/www.vulkanimplants.com\/wp-content\/uploads\/2026\/03\/Vulkan-Banner-Webinar-04-1.jpg\" width=\"1000\" height=\"742\" alt=\"C\u00f3mo aplicar la Cirug\u00eda Prot\u00e9sicamente Guiada en el sector anterior\" loading=\"lazy\"><\/span><\/span><div class=\"x-text-content-text\"><h1 class=\"x-text-content-text-primary\">Webinar: C\u00f3mo aplicar la Cirug\u00eda Prot\u00e9sicamente Guiada en Sector Anterior<\/h1>\n<span class=\"x-text-content-text-subheadline\">Pr\u00f3ximo <em>Webinar<\/em>: <strong>12 de mayo 2026 - 20:00h<sub>(CEST)<\/sub><\/strong>| Descubra c\u00f3mo optimizar sus resultados en el <strong>sector anterior<\/strong> mediante un enfoque prot\u00e9sicamente guiado con la plataforma Vulkan Digital. En este webinar, exploramos paso a paso el <strong>flujo de trabajo digital<\/strong>, desde la <strong>planificaci\u00f3n<\/strong> hasta la <strong>ejecuci\u00f3n quir\u00fargica<\/strong>, integrando precisi\u00f3n, est\u00e9tica y predictibilidad. Una oportunidad para profundizar en t\u00e9cnicas actuales y llevar su pr\u00e1ctica cl\u00ednica al siguiente nivel. Haga clic en el bot\u00f3n <a href=\"https:\/\/www.vulkanimplants.com\/es\/webinar-planificacion-quirurgica-en-cirugia-protesicamente-guiada-vulkan-digital\/\"><strong>INSCRIBIRME<\/strong><\/a> para asistir gratuitamente.<\/span><\/div><\/div><\/div><\/section><div class=\"x-col e12438-e11 m9li-b m9li-c m9li-e m9li-f\"><a class=\"x-anchor x-anchor-button e12438-e12 m9li-m\" tabindex=\"0\" href=\"https:\/\/www.vulkanimplants.com\/es\/webinar-planificacion-quirurgica-en-cirugia-protesicamente-guiada-vulkan-digital\/\" rel=\"nofollow\"><div class=\"x-anchor-content\"><div class=\"x-anchor-text\"><span class=\"x-anchor-text-primary\">INSCRIBIRME<\/span><\/div><\/div><\/a><\/div><\/div><\/div><\/div><div class=\"x-cell e12438-e13 m9li-l\"><div class=\"x-row e12438-e14 m9li-1 m9li-2 m9li-5\"><div class=\"x-row-inner\"><section class=\"x-col e12438-e15 m9li-b m9li-c m9li-e\"><div class=\"x-text x-text-headline has-graphic e12438-e16 m9li-g m9li-i m9li-j\"><div class=\"x-text-content\"><span class=\"x-graphic\" aria-hidden=\"true\"><span class=\"x-image x-graphic-child x-graphic-image x-graphic-primary\" data-x-single-anim=\"x-scale-up\"><img decoding=\"async\" src=\"https:\/\/www.vulkanimplants.com\/wp-content\/uploads\/2026\/02\/Vulkan-Banner-Webinar-01.jpg\" width=\"500\" height=\"370\" alt=\"T\u00e9cnica Flapless con cirug\u00eda prot\u00e9sicamente guiada\" loading=\"lazy\"><\/span><\/span><div class=\"x-text-content-text\"><h1 class=\"x-text-content-text-primary\"><a href=\"https:\/\/www.vulkanimplants.com\/es\/vulkan-webinar-tecnica-flapless-cirugia-protesicamente-guiada-dr-marc-rocamora-3\/\">Webinar: T\u00e9cnica Flapless con Cirug\u00eda Prot\u00e9sicamente Guiada<\/a><\/h1>\n<span class=\"x-text-content-text-subheadline\">La t\u00e9cnica <strong>flapless<\/strong> es un abordaje implantol\u00f3gico m\u00ednimamente invasivo que evita la elevaci\u00f3n del colgajo mucoperi\u00f3stico. Permite reducir el trauma quir\u00fargico, acortar el tiempo de intervenci\u00f3n y mejorar la recuperaci\u00f3n postoperatoria, con menor molestia para el paciente.<\/span><\/div><\/div><\/div><\/section><\/div><\/div><\/div><div class=\"x-cell e12438-e17 m9li-l\"><div class=\"x-row e12438-e18 m9li-1 m9li-2 m9li-6\"><div class=\"x-row-inner\"><div class=\"x-col e12438-e19 m9li-b m9li-c m9li-e\"><div class=\"x-text x-text-headline has-graphic e12438-e20 m9li-g m9li-i\"><div class=\"x-text-content\"><span class=\"x-graphic\" aria-hidden=\"true\"><span class=\"x-image x-graphic-child x-graphic-image x-graphic-primary\" data-x-single-anim=\"x-scale-up\"><img decoding=\"async\" src=\"https:\/\/www.vulkanimplants.com\/wp-content\/uploads\/2026\/02\/3a-edicion-hands-on-vulkan-digital.jpg\" width=\"899\" height=\"899\" alt=\"Image\" loading=\"lazy\"><\/span><\/span><div class=\"x-text-content-text\"><h1 class=\"x-text-content-text-primary\">3a Edici\u00f3n Hands-On Cirug\u00eda Prot\u00e9sicamente Guiada | Vulkan Digital<\/h1>\n<span class=\"x-text-content-text-subheadline\">La tercera edici\u00f3n del Curso de Cirug\u00eda Prot\u00e9sicamente Guiada con el Dr. Marc Rocamora est\u00e1 dise\u00f1ada para mostrar c\u00f3mo planificar, guiar y rehabilitar con la m\u00e1xima seguridad desde un entorno 100% digital, gracias a la plataforma Vulkan Digital.<\/span><\/div><\/div><\/div><\/div><\/div><\/div><\/div><div class=\"x-cell e12438-e21 m9li-l\"><div class=\"x-row e12438-e22 m9li-1 m9li-2 m9li-7\"><div class=\"x-row-inner\"><div class=\"x-col e12438-e23 m9li-b m9li-c m9li-e\"><div class=\"x-text x-text-headline has-graphic e12438-e24 m9li-g m9li-i\"><div class=\"x-text-content\"><span class=\"x-graphic\" aria-hidden=\"true\"><span class=\"x-image x-graphic-child x-graphic-image x-graphic-primary\" data-x-single-anim=\"x-scale-up\"><img decoding=\"async\" src=\"https:\/\/www.vulkanimplants.com\/wp-content\/uploads\/2026\/02\/rocamora-curs-hands-on-cirugia-guiada-octubre-2025.jpg\" width=\"1080\" height=\"1080\" alt=\"Image\" loading=\"lazy\"><\/span><\/span><div class=\"x-text-content-text\"><h1 class=\"x-text-content-text-primary\">2a Edici\u00f3n Hands-On Cirug\u00eda Prot\u00e9sicamente Guiada | Vulkan Digital<\/h1>\n<span class=\"x-text-content-text-subheadline\">La segunda edici\u00f3n del Curso de Cirug\u00eda Prot\u00e9sicamente Guiada con el Dr. Marc Rocamora est\u00e1 dise\u00f1ada para mostrar c\u00f3mo planificar, guiar y rehabilitar con la m\u00e1xima seguridad desde un entorno 100% digital, gracias a la plataforma Vulkan Digital.<\/span><\/div><\/div><\/div><\/div><\/div><\/div><\/div><div class=\"x-cell e12438-e25 m9li-l\"><div class=\"x-row e12438-e26 m9li-1 m9li-2 m9li-8\"><div class=\"x-row-inner\"><div class=\"x-col e12438-e27 m9li-b m9li-c m9li-e\"><div class=\"x-text x-text-headline has-graphic e12438-e28 m9li-g m9li-i\"><div class=\"x-text-content\"><span class=\"x-graphic\" aria-hidden=\"true\"><span class=\"x-image x-graphic-child x-graphic-image x-graphic-primary\" data-x-single-anim=\"x-scale-up\"><img decoding=\"async\" src=\"https:\/\/www.vulkanimplants.com\/wp-content\/uploads\/2026\/02\/1a-edicion-hands-on-vulkan-digital.jpg\" width=\"1134\" height=\"1134\" alt=\"Image\" loading=\"lazy\"><\/span><\/span><div class=\"x-text-content-text\"><h1 class=\"x-text-content-text-primary\">1a Edici\u00f3n Hands-On Cirug\u00eda Prot\u00e9sicamente Guiada | Vulkan Digital<\/h1>\n<span class=\"x-text-content-text-subheadline\">La primera edici\u00f3n del Curso de Cirug\u00eda Prot\u00e9sicamente Guiada con el Dr. Marc Rocamora est\u00e1 dise\u00f1ada para mostrar c\u00f3mo planificar, guiar y rehabilitar con la m\u00e1xima seguridad desde un entorno 100% digital, gracias a la plataforma Vulkan Digital.<\/span><\/div><\/div><\/div><\/div><\/div><\/div><\/div><div class=\"x-cell e12438-e29 m9li-l\"><div class=\"x-row e12438-e30 m9li-1 m9li-2 m9li-9\"><div class=\"x-row-inner\"><div class=\"x-col e12438-e31 m9li-b m9li-c m9li-e\"><a href=\"https:\/\/www.vulkanimplants.com\/wp-content\/uploads\/2022\/04\/Vulkan_Implants_Catalana_Dental_Curs_Clinica_Barrado.pdf\" class=\"x-text x-text-headline has-graphic e12438-e32 m9li-g m9li-i\"><div class=\"x-text-content\"><span class=\"x-graphic\" aria-hidden=\"true\"><span class=\"x-image x-graphic-child x-graphic-image x-graphic-primary\" data-x-single-anim=\"x-scale-up\"><img decoding=\"async\" src=\"https:\/\/www.vulkanimplants.com\/wp-content\/uploads\/2022\/04\/Vulkan_Implants_Portades_Cursos_Ambros_Barrado.jpg\" width=\"750\" height=\"750\" alt=\"Curso Catalana Dental Vulkan Implants\" loading=\"lazy\"><\/span><\/span><div class=\"x-text-content-text\"><h1 class=\"x-text-content-text-primary\">Curso Modular Pr&aacute;ctico en Implantolog&iacute;a<\/h1>\n<span class=\"x-text-content-text-subheadline\">Los alumnos son los protagonistas en este curso centrado desde el primer m&oacute;dulo en cirug&iacute;as sobre paciente. Impartido&nbsp;por los Doctores Carlos Barrado y Juan Ambr&oacute;s.<\/span><\/div><\/div><\/a><\/div><\/div><\/div><\/div><div class=\"x-cell e12438-e33 m9li-l\"><div class=\"x-row e12438-e34 m9li-1 m9li-2 m9li-a\"><div class=\"x-row-inner\"><div class=\"x-col e12438-e35 m9li-b m9li-c m9li-e\"><a href=\"https:\/\/www.vulkanimplants.com\/wp-content\/uploads\/2022\/04\/MUCOGINGIVAL-CHALLENGES-QR.pdf\" target=\"_blank\" rel=\"noopener noreferrer\" class=\"x-text x-text-headline has-graphic e12438-e36 m9li-g m9li-i\"><div class=\"x-text-content\"><span class=\"x-graphic\" aria-hidden=\"true\"><span class=\"x-image x-graphic-child x-graphic-image x-graphic-primary\" data-x-single-anim=\"x-scale-up\"><img decoding=\"async\" src=\"https:\/\/www.vulkanimplants.com\/wp-content\/uploads\/2022\/04\/Vulkan_Implants_Portades_Cursos_Marc_Rocamora.jpg\" width=\"750\" height=\"750\" alt=\"Curso dr. Marc Rocamora Vulkan Iplants\" loading=\"lazy\"><\/span><\/span><div class=\"x-text-content-text\"><h1 class=\"x-text-content-text-primary\">Curso Especializado Mucogingival Challenges<\/h1>\n<span class=\"x-text-content-text-subheadline\">Aprenda de la mano de compa&ntilde;eros odont&oacute;logos y periodontistas aspectos t&eacute;cnicos sobre implantolog&iacute;a y conceptos mucogingivales. Todo explicado por el Dr. Marc Rocamora<\/span><\/div><\/div><\/a><\/div><\/div><\/div><\/div><\/div><\/div><\/div><\/div><\/div><\/div>\n","protected":false},"excerpt":{"rendered":"<p>Ampliando conocimientos con Vulkan Implants Cursos y seminarios con casos realesWebinar: C\u00f3mo aplicar la Cirug\u00eda Prot\u00e9sicamente Guiada en Sector Anterior Pr\u00f3ximo Webinar: 12 de mayo 2026 &#8211; 20:00h(CEST)| Descubra c\u00f3mo optimizar sus resultados en el sector anterior mediante un enfoque prot\u00e9sicamente guiado con la plataforma Vulkan Digital. En este webinar, exploramos paso a paso el flujo de trabajo digital, desde &#8230; <\/p>\n<div><a href=\"https:\/\/www.vulkanimplants.com\/es\/cursos-cirugia-implantes-dentales\/\" class=\"more-link\">Read More<\/a><\/div>\n","protected":false},"author":1,"featured_media":0,"parent":0,"menu_order":0,"comment_status":"closed","ping_status":"closed","template":"template-blank-4.php","meta":{"rs_blank_template":"","rs_page_bg_color":"","slide_template_v7":"","footnotes":""},"class_list":["post-12438","page","type-page","status-publish","hentry","no-post-thumbnail"],"yoast_head":"<!-- This site is optimized with the Yoast SEO plugin v27.5 - https:\/\/yoast.com\/product\/yoast-seo-wordpress\/ -->\n<title>Cursos cirug\u00eda con implantes dentales | Vulkan Implants<\/title>\n<meta name=\"description\" content=\"Aprende de la mano de expertos en el \u00e1mbito de la implantolog\u00eda con nuestros cursos espec\u00edficos para cirug\u00eda con implantes dentales.\" \/>\n<meta name=\"robots\" content=\"index, follow, max-snippet:-1, max-image-preview:large, max-video-preview:-1\" \/>\n<link rel=\"canonical\" href=\"https:\/\/www.vulkanimplants.com\/es\/cursos-cirugia-implantes-dentales\/\" \/>\n<meta property=\"og:locale\" content=\"es_ES\" \/>\n<meta property=\"og:type\" content=\"article\" \/>\n<meta property=\"og:title\" content=\"Cursos cirug\u00eda con implantes dentales | Vulkan Implants\" \/>\n<meta property=\"og:description\" content=\"Aprende de la mano de expertos en el \u00e1mbito de la implantolog\u00eda con nuestros cursos espec\u00edficos para cirug\u00eda con implantes dentales.\" \/>\n<meta property=\"og:url\" content=\"https:\/\/www.vulkanimplants.com\/es\/cursos-cirugia-implantes-dentales\/\" \/>\n<meta property=\"og:site_name\" content=\"Vulkan Implants\" \/>\n<meta property=\"article:publisher\" content=\"https:\/\/www.facebook.com\/VulkanImplant\/\" \/>\n<meta property=\"article:modified_time\" content=\"2026-03-19T09:29:13+00:00\" \/>\n<meta property=\"og:image\" content=\"https:\/\/www.vulkanimplants.com\/wp-content\/uploads\/2023\/09\/Vulkan-Implants-Catalogo-Resumido-EN.jpg\" \/>\n\t<meta property=\"og:image:width\" content=\"730\" \/>\n\t<meta property=\"og:image:height\" content=\"1033\" \/>\n\t<meta property=\"og:image:type\" content=\"image\/jpeg\" \/>\n<meta name=\"twitter:card\" content=\"summary_large_image\" \/>\n<meta name=\"twitter:label1\" content=\"Tiempo de lectura\" \/>\n\t<meta name=\"twitter:data1\" content=\"3 minutos\" \/>\n<script type=\"application\/ld+json\" class=\"yoast-schema-graph\">{\"@context\":\"https:\\\/\\\/schema.org\",\"@graph\":[{\"@type\":\"Article\",\"@id\":\"https:\\\/\\\/www.vulkanimplants.com\\\/es\\\/cursos-cirugia-implantes-dentales\\\/#article\",\"isPartOf\":{\"@id\":\"https:\\\/\\\/www.vulkanimplants.com\\\/es\\\/cursos-cirugia-implantes-dentales\\\/\"},\"author\":{\"name\":\"Sergi\",\"@id\":\"https:\\\/\\\/www.vulkanimplants.com\\\/#\\\/schema\\\/person\\\/1de840b32d1a30e4b183bedb7ee8d3b6\"},\"headline\":\"Cursos\",\"datePublished\":\"2022-04-05T10:57:37+00:00\",\"dateModified\":\"2026-03-19T09:29:13+00:00\",\"mainEntityOfPage\":{\"@id\":\"https:\\\/\\\/www.vulkanimplants.com\\\/es\\\/cursos-cirugia-implantes-dentales\\\/\"},\"wordCount\":770,\"publisher\":{\"@id\":\"https:\\\/\\\/www.vulkanimplants.com\\\/#organization\"},\"inLanguage\":\"es\"},{\"@type\":\"WebPage\",\"@id\":\"https:\\\/\\\/www.vulkanimplants.com\\\/es\\\/cursos-cirugia-implantes-dentales\\\/\",\"url\":\"https:\\\/\\\/www.vulkanimplants.com\\\/es\\\/cursos-cirugia-implantes-dentales\\\/\",\"name\":\"Cursos cirug\u00eda con implantes dentales | Vulkan Implants\",\"isPartOf\":{\"@id\":\"https:\\\/\\\/www.vulkanimplants.com\\\/#website\"},\"datePublished\":\"2022-04-05T10:57:37+00:00\",\"dateModified\":\"2026-03-19T09:29:13+00:00\",\"description\":\"Aprende de la mano de expertos en el \u00e1mbito de la implantolog\u00eda con nuestros cursos espec\u00edficos para cirug\u00eda con implantes dentales.\",\"breadcrumb\":{\"@id\":\"https:\\\/\\\/www.vulkanimplants.com\\\/es\\\/cursos-cirugia-implantes-dentales\\\/#breadcrumb\"},\"inLanguage\":\"es\",\"potentialAction\":[{\"@type\":\"ReadAction\",\"target\":[\"https:\\\/\\\/www.vulkanimplants.com\\\/es\\\/cursos-cirugia-implantes-dentales\\\/\"]}]},{\"@type\":\"BreadcrumbList\",\"@id\":\"https:\\\/\\\/www.vulkanimplants.com\\\/es\\\/cursos-cirugia-implantes-dentales\\\/#breadcrumb\",\"itemListElement\":[{\"@type\":\"ListItem\",\"position\":1,\"name\":\"Inici\",\"item\":\"https:\\\/\\\/www.vulkanimplants.com\\\/\"},{\"@type\":\"ListItem\",\"position\":2,\"name\":\"Cursos\"}]},{\"@type\":\"WebSite\",\"@id\":\"https:\\\/\\\/www.vulkanimplants.com\\\/#website\",\"url\":\"https:\\\/\\\/www.vulkanimplants.com\\\/\",\"name\":\"https:\\\/\\\/www.vulkanimplants.com\\\/\",\"description\":\"Vulkan Implants - High quality dental implants brand and guided surgery platform\",\"publisher\":{\"@id\":\"https:\\\/\\\/www.vulkanimplants.com\\\/#organization\"},\"alternateName\":\"Vulkan Implants\",\"potentialAction\":[{\"@type\":\"SearchAction\",\"target\":{\"@type\":\"EntryPoint\",\"urlTemplate\":\"https:\\\/\\\/www.vulkanimplants.com\\\/?s={search_term_string}\"},\"query-input\":{\"@type\":\"PropertyValueSpecification\",\"valueRequired\":true,\"valueName\":\"search_term_string\"}}],\"inLanguage\":\"es\"},{\"@type\":\"Organization\",\"@id\":\"https:\\\/\\\/www.vulkanimplants.com\\\/#organization\",\"name\":\"Vulkan Implants\",\"alternateName\":\"Vulkan\",\"url\":\"https:\\\/\\\/www.vulkanimplants.com\\\/\",\"logo\":{\"@type\":\"ImageObject\",\"inLanguage\":\"es\",\"@id\":\"https:\\\/\\\/www.vulkanimplants.com\\\/#\\\/schema\\\/logo\\\/image\\\/\",\"url\":\"https:\\\/\\\/www.vulkanimplants.com\\\/wp-content\\\/uploads\\\/2023\\\/12\\\/Vulkan-Implants-Logo-White-Orange-only-logo.png\",\"contentUrl\":\"https:\\\/\\\/www.vulkanimplants.com\\\/wp-content\\\/uploads\\\/2023\\\/12\\\/Vulkan-Implants-Logo-White-Orange-only-logo.png\",\"width\":369,\"height\":277,\"caption\":\"Vulkan Implants\"},\"image\":{\"@id\":\"https:\\\/\\\/www.vulkanimplants.com\\\/#\\\/schema\\\/logo\\\/image\\\/\"},\"sameAs\":[\"https:\\\/\\\/www.facebook.com\\\/VulkanImplant\\\/\",\"https:\\\/\\\/www.instagram.com\\\/vulkan_implants\\\/\"]},{\"@type\":\"Person\",\"@id\":\"https:\\\/\\\/www.vulkanimplants.com\\\/#\\\/schema\\\/person\\\/1de840b32d1a30e4b183bedb7ee8d3b6\",\"name\":\"Sergi\",\"image\":{\"@type\":\"ImageObject\",\"inLanguage\":\"es\",\"@id\":\"https:\\\/\\\/secure.gravatar.com\\\/avatar\\\/78459bce4cb1e11ce13c584aa4eab950b73957cf871a960a43fa4261e56858b2?s=96&d=mm&r=g\",\"url\":\"https:\\\/\\\/secure.gravatar.com\\\/avatar\\\/78459bce4cb1e11ce13c584aa4eab950b73957cf871a960a43fa4261e56858b2?s=96&d=mm&r=g\",\"contentUrl\":\"https:\\\/\\\/secure.gravatar.com\\\/avatar\\\/78459bce4cb1e11ce13c584aa4eab950b73957cf871a960a43fa4261e56858b2?s=96&d=mm&r=g\",\"caption\":\"Sergi\"},\"url\":\"https:\\\/\\\/www.vulkanimplants.com\\\/es\\\/author\\\/administradorweb\\\/\"}]}<\/script>\n<!-- \/ Yoast SEO plugin. -->","yoast_head_json":{"title":"Cursos cirug\u00eda con implantes dentales | Vulkan Implants","description":"Aprende de la mano de expertos en el \u00e1mbito de la implantolog\u00eda con nuestros cursos espec\u00edficos para cirug\u00eda con implantes dentales.","robots":{"index":"index","follow":"follow","max-snippet":"max-snippet:-1","max-image-preview":"max-image-preview:large","max-video-preview":"max-video-preview:-1"},"canonical":"https:\/\/www.vulkanimplants.com\/es\/cursos-cirugia-implantes-dentales\/","og_locale":"es_ES","og_type":"article","og_title":"Cursos cirug\u00eda con implantes dentales | Vulkan Implants","og_description":"Aprende de la mano de expertos en el \u00e1mbito de la implantolog\u00eda con nuestros cursos espec\u00edficos para cirug\u00eda con implantes dentales.","og_url":"https:\/\/www.vulkanimplants.com\/es\/cursos-cirugia-implantes-dentales\/","og_site_name":"Vulkan Implants","article_publisher":"https:\/\/www.facebook.com\/VulkanImplant\/","article_modified_time":"2026-03-19T09:29:13+00:00","og_image":[{"width":730,"height":1033,"url":"https:\/\/www.vulkanimplants.com\/wp-content\/uploads\/2023\/09\/Vulkan-Implants-Catalogo-Resumido-EN.jpg","type":"image\/jpeg"}],"twitter_card":"summary_large_image","twitter_misc":{"Tiempo de lectura":"3 minutos"},"schema":{"@context":"https:\/\/schema.org","@graph":[{"@type":"Article","@id":"https:\/\/www.vulkanimplants.com\/es\/cursos-cirugia-implantes-dentales\/#article","isPartOf":{"@id":"https:\/\/www.vulkanimplants.com\/es\/cursos-cirugia-implantes-dentales\/"},"author":{"name":"Sergi","@id":"https:\/\/www.vulkanimplants.com\/#\/schema\/person\/1de840b32d1a30e4b183bedb7ee8d3b6"},"headline":"Cursos","datePublished":"2022-04-05T10:57:37+00:00","dateModified":"2026-03-19T09:29:13+00:00","mainEntityOfPage":{"@id":"https:\/\/www.vulkanimplants.com\/es\/cursos-cirugia-implantes-dentales\/"},"wordCount":770,"publisher":{"@id":"https:\/\/www.vulkanimplants.com\/#organization"},"inLanguage":"es"},{"@type":"WebPage","@id":"https:\/\/www.vulkanimplants.com\/es\/cursos-cirugia-implantes-dentales\/","url":"https:\/\/www.vulkanimplants.com\/es\/cursos-cirugia-implantes-dentales\/","name":"Cursos cirug\u00eda con implantes dentales | Vulkan Implants","isPartOf":{"@id":"https:\/\/www.vulkanimplants.com\/#website"},"datePublished":"2022-04-05T10:57:37+00:00","dateModified":"2026-03-19T09:29:13+00:00","description":"Aprende de la mano de expertos en el \u00e1mbito de la implantolog\u00eda con nuestros cursos espec\u00edficos para cirug\u00eda con implantes dentales.","breadcrumb":{"@id":"https:\/\/www.vulkanimplants.com\/es\/cursos-cirugia-implantes-dentales\/#breadcrumb"},"inLanguage":"es","potentialAction":[{"@type":"ReadAction","target":["https:\/\/www.vulkanimplants.com\/es\/cursos-cirugia-implantes-dentales\/"]}]},{"@type":"BreadcrumbList","@id":"https:\/\/www.vulkanimplants.com\/es\/cursos-cirugia-implantes-dentales\/#breadcrumb","itemListElement":[{"@type":"ListItem","position":1,"name":"Inici","item":"https:\/\/www.vulkanimplants.com\/"},{"@type":"ListItem","position":2,"name":"Cursos"}]},{"@type":"WebSite","@id":"https:\/\/www.vulkanimplants.com\/#website","url":"https:\/\/www.vulkanimplants.com\/","name":"https:\/\/www.vulkanimplants.com\/","description":"Vulkan Implants - High quality dental implants brand and guided surgery platform","publisher":{"@id":"https:\/\/www.vulkanimplants.com\/#organization"},"alternateName":"Vulkan Implants","potentialAction":[{"@type":"SearchAction","target":{"@type":"EntryPoint","urlTemplate":"https:\/\/www.vulkanimplants.com\/?s={search_term_string}"},"query-input":{"@type":"PropertyValueSpecification","valueRequired":true,"valueName":"search_term_string"}}],"inLanguage":"es"},{"@type":"Organization","@id":"https:\/\/www.vulkanimplants.com\/#organization","name":"Vulkan Implants","alternateName":"Vulkan","url":"https:\/\/www.vulkanimplants.com\/","logo":{"@type":"ImageObject","inLanguage":"es","@id":"https:\/\/www.vulkanimplants.com\/#\/schema\/logo\/image\/","url":"https:\/\/www.vulkanimplants.com\/wp-content\/uploads\/2023\/12\/Vulkan-Implants-Logo-White-Orange-only-logo.png","contentUrl":"https:\/\/www.vulkanimplants.com\/wp-content\/uploads\/2023\/12\/Vulkan-Implants-Logo-White-Orange-only-logo.png","width":369,"height":277,"caption":"Vulkan Implants"},"image":{"@id":"https:\/\/www.vulkanimplants.com\/#\/schema\/logo\/image\/"},"sameAs":["https:\/\/www.facebook.com\/VulkanImplant\/","https:\/\/www.instagram.com\/vulkan_implants\/"]},{"@type":"Person","@id":"https:\/\/www.vulkanimplants.com\/#\/schema\/person\/1de840b32d1a30e4b183bedb7ee8d3b6","name":"Sergi","image":{"@type":"ImageObject","inLanguage":"es","@id":"https:\/\/secure.gravatar.com\/avatar\/78459bce4cb1e11ce13c584aa4eab950b73957cf871a960a43fa4261e56858b2?s=96&d=mm&r=g","url":"https:\/\/secure.gravatar.com\/avatar\/78459bce4cb1e11ce13c584aa4eab950b73957cf871a960a43fa4261e56858b2?s=96&d=mm&r=g","contentUrl":"https:\/\/secure.gravatar.com\/avatar\/78459bce4cb1e11ce13c584aa4eab950b73957cf871a960a43fa4261e56858b2?s=96&d=mm&r=g","caption":"Sergi"},"url":"https:\/\/www.vulkanimplants.com\/es\/author\/administradorweb\/"}]}},"_links":{"self":[{"href":"https:\/\/www.vulkanimplants.com\/es\/wp-json\/wp\/v2\/pages\/12438","targetHints":{"allow":["GET"]}}],"collection":[{"href":"https:\/\/www.vulkanimplants.com\/es\/wp-json\/wp\/v2\/pages"}],"about":[{"href":"https:\/\/www.vulkanimplants.com\/es\/wp-json\/wp\/v2\/types\/page"}],"author":[{"embeddable":true,"href":"https:\/\/www.vulkanimplants.com\/es\/wp-json\/wp\/v2\/users\/1"}],"replies":[{"embeddable":true,"href":"https:\/\/www.vulkanimplants.com\/es\/wp-json\/wp\/v2\/comments?post=12438"}],"version-history":[{"count":37,"href":"https:\/\/www.vulkanimplants.com\/es\/wp-json\/wp\/v2\/pages\/12438\/revisions"}],"predecessor-version":[{"id":18433,"href":"https:\/\/www.vulkanimplants.com\/es\/wp-json\/wp\/v2\/pages\/12438\/revisions\/18433"}],"wp:attachment":[{"href":"https:\/\/www.vulkanimplants.com\/es\/wp-json\/wp\/v2\/media?parent=12438"}],"curies":[{"name":"wp","href":"https:\/\/api.w.org\/{rel}","templated":true}]}}