{"id":7510,"date":"2020-03-19T11:32:23","date_gmt":"2020-03-19T09:32:23","guid":{"rendered":"http:\/\/www.vulkanimplants.com\/?page_id=7510"},"modified":"2026-02-09T10:04:58","modified_gmt":"2026-02-09T09:04:58","slug":"componentes-basicos","status":"publish","type":"page","link":"https:\/\/www.vulkanimplants.com\/en\/en-basic-components\/componentes-basicos\/","title":{"rendered":"Basic Components"},"content":{"rendered":"<div id=\"cs-content\" class=\"cs-content\"><div class=\"x-section e7510-e1 m5sm-0\"><div class=\"x-row x-container max width e7510-e2 m5sm-3 m5sm-4 m5sm-6\"><div class=\"x-row-inner\"><div class=\"x-col e7510-e3 m5sm-8 m5sm-9\"><span class=\"x-image e7510-e4 m5sm-a m5sm-b\"><img decoding=\"async\" src=\"http:\/\/www.vulkanimplants.com\/wp-content\/uploads\/2020\/03\/Vulkan_Implants_modul_Soluciones_Protesicas.png\" width=\"554\" height=\"426\" alt=\"Componentes b\u00e1sicos implantes dentales vulkan\" loading=\"lazy\"><\/span><div class=\"x-text x-text-headline e7510-e5 m5sm-c\"><div class=\"x-text-content\"><div class=\"x-text-content-text\">\n<h1 class=\"x-text-content-text-primary\"><h2 style=\"text-align: center;\"><strong>Componentes B\u00e1sicos Sistemas de Implantes Dentales Vulkan Implants<\/strong><\/h2><\/h1><\/div><\/div><\/div><div class=\"x-slide-container-viewport is-loading e7510-e6 m5sm-e m5sm-1\" data-x-slide-container=\"{&quot;keyboardNavigation&quot;:true,&quot;autoplayStartInView&quot;:true,&quot;snap&quot;:true,&quot;int&quot;:&quot;click off&quot;,&quot;direction&quot;:&quot;forward&quot;,&quot;startingSlide&quot;:1,&quot;autoplay&quot;:&quot;interval&quot;}\"><div class=\"x-slide-container-content x-container max width\"><article class=\"x-slide-container is-inline is-paged\"><section class=\"x-slide e7510-e7 m5sm-f m5sm-2\" data-x-slide=\"\"><div class=\"x-text x-content e7510-e8 m5sm-g m5sm-h\"><h4 style=\"text-align: center;\"><a href=\"https:\/\/www.vulkanimplants.com\/en\/componentes-basicos-internal-hexagon-vulkan\/\"><strong>Clic aqu\u00ed para <\/strong><strong>ver componentes b\u00e1sicos<\/strong><\/a><\/h4>\n<h4 style=\"text-align: center;\"><strong>Sistema Implantes dentales Internal Hexagon<\/strong><\/h4><\/div><a class=\"x-image e7510-e9 m5sm-a\" href=\"https:\/\/www.vulkanimplants.com\/en\/componentes-basicos-internal-hexagon-vulkan\/\" target=\"_blank\" rel=\"noopener noreferrer\"><img decoding=\"async\" src=\"https:\/\/www.vulkanimplants.com\/wp-content\/uploads\/2021\/10\/Vulkan_Implants_Internal_Hex_Componentes_CADCAM.png\" width=\"288\" height=\"630\" alt=\"Vulkan Implants Internal Hex.\" loading=\"lazy\"><\/a><\/section><section class=\"x-slide e7510-e10 m5sm-f m5sm-2\" data-x-slide=\"\"><div class=\"x-text x-content e7510-e11 m5sm-g m5sm-h\"><h4 style=\"text-align: center;\"><a href=\"https:\/\/www.vulkanimplants.com\/en\/componentes-basicos-conical-connection-vulkan\/\"><strong>Clic aqu\u00ed para <\/strong><strong>ver componentes b\u00e1sicos<\/strong><\/a><\/h4>\n<h4 style=\"text-align: center;\"><strong>Sistema Implantes dentales Conical Connection<\/strong><\/h4><\/div><a class=\"x-image e7510-e12 m5sm-a\" href=\"https:\/\/www.vulkanimplants.com\/en\/componentes-basicos-conical-connection-vulkan\/\" target=\"_blank\" rel=\"noopener noreferrer\"><img decoding=\"async\" src=\"https:\/\/www.vulkanimplants.com\/wp-content\/uploads\/2021\/10\/Vulkan_Implants_Conical_Connection_Componentes_CADCAM.png\" width=\"288\" height=\"630\" alt=\"sistemas de implantes dentales conical connection\" loading=\"lazy\"><\/a><\/section><section class=\"x-slide e7510-e13 m5sm-f m5sm-2\" data-x-slide=\"\"><div class=\"x-text x-content e7510-e14 m5sm-g m5sm-h\"><h4 style=\"text-align: center;\"><a href=\"https:\/\/www.vulkanimplants.com\/en\/componentes-basicos-external-hexagon-vulkan\/\"><strong>Clic aqu\u00ed para <\/strong><strong>ver componentes b\u00e1sicos<\/strong><\/a><\/h4>\n<h4 style=\"text-align: center;\"><strong>Sistema Implantes dentales External Hexagon<\/strong><\/h4><\/div><a class=\"x-image e7510-e15 m5sm-a\" href=\"https:\/\/www.vulkanimplants.com\/en\/componentes-basicos-external-hexagon-vulkan\/\" target=\"_blank\" rel=\"noopener noreferrer\"><img decoding=\"async\" src=\"https:\/\/www.vulkanimplants.com\/wp-content\/uploads\/2020\/03\/Vulkan_Implants_Internal_Hex_Sobredentaduras_VulkanLoc.png\" width=\"288\" height=\"630\" alt=\"Sistemas de implantes dentales External Hexagon\" loading=\"lazy\"><\/a><\/section><\/article><\/div><\/div><\/div><\/div><\/div><div class=\"x-row x-container max width e7510-e16 m5sm-4 m5sm-5 m5sm-7\"><div class=\"x-row-inner\"><div class=\"x-col e7510-e17 m5sm-8\"><div class=\"x-text x-text-headline e7510-e18 m5sm-c m5sm-d\"><div class=\"x-text-content\"><div class=\"x-text-content-text\"><h2 class=\"x-text-content-text-subheadline\"><h3 style=\"text-align: center;\"><strong>Componentes Prot\u00e9sicos B\u00e1sicos para cicatrizaci\u00f3n<\/strong><\/h3>\n<h4><\/h4><\/h2>\n<h1 class=\"x-text-content-text-primary\"><\/h1><\/div><\/div><\/div><div class=\"x-text x-content e7510-e19 m5sm-g m5sm-i\"><h4>Los pilares de cicatrizaci\u00f3n Vulkan\u00ae est\u00e1n dise\u00f1ados para moldear y favorecer la recuperaci\u00f3n de tejidos blandos alrededor del implante. Fabricados en materiales biocompatibles, los componentes b\u00e1sicos para cicatrizaci\u00f3n garantizan una adaptaci\u00f3n \u00f3ptima durante la fase postquir\u00fargica.<\/h4><\/div><div class=\"x-text x-text-headline e7510-e20 m5sm-c m5sm-d\"><div class=\"x-text-content\"><div class=\"x-text-content-text\"><h2 class=\"x-text-content-text-subheadline\"><h3 style=\"text-align: center;\"><strong>Componentes Prot\u00e9sicos B\u00e1sicos para impresi\u00f3n<\/strong><\/h3>\n<h4 style=\"text-align: left;\"><\/h4><\/h2>\n<h1 class=\"x-text-content-text-primary\"><\/h1><\/div><\/div><\/div><div class=\"x-text x-content e7510-e21 m5sm-g m5sm-i\"><h4 style=\"text-align: left;\">Incluyen pilares de titanio rectos y angulados, ideales para tomar medidas precisas en restauraciones cementadas o atornilladas. Su dise\u00f1o permite ajustes microm\u00e9tricos y compatibilidad con m\u00faltiples sistemas de implantes.<\/h4><\/div><div class=\"x-text x-text-headline e7510-e22 m5sm-c m5sm-d\"><div class=\"x-text-content\"><div class=\"x-text-content-text\"><h2 class=\"x-text-content-text-subheadline\"><h3 style=\"text-align: center;\"><strong>Componente Prot\u00e9sicos B\u00e1sicos para Pr\u00f3tesis Atornillada<\/strong><\/h3><\/h2>\n<h1 class=\"x-text-content-text-primary\"><\/h1><\/div><\/div><\/div><div class=\"x-text x-content e7510-e23 m5sm-g m5sm-i\"><h4>Utilizan transepiteliales de titanio, pilares sobre colables de Cr-Co, cilindros de titanio o interfase espec\u00edficas. Estos componentes se fijan mediante tornillos prot\u00e9sicos, aplicados con carraca dinamom\u00e9trica al par recomendado (hasta 30 Ncm). Destacan por su facilidad de desmontaje para mantenimiento.<\/h4><\/div><div class=\"x-text x-text-headline e7510-e24 m5sm-c m5sm-d\"><div class=\"x-text-content\"><div class=\"x-text-content-text\"><h2 class=\"x-text-content-text-subheadline\"><h3 style=\"text-align: center;\"><strong>Tornillos prot\u00e9sicos\u00a0 <\/strong><\/h3>\n<h4><\/h4><\/h2>\n<h1 class=\"x-text-content-text-primary\"><\/h1><\/div><\/div><\/div><div class=\"x-text x-content e7510-e25 m5sm-g m5sm-i\"><h4>Fabricados en titanio (<a href=\"https:\/\/www.titanimplant.net\/en\/quality\/\">norma ISO13485:2016<\/a>), aseguran la fijaci\u00f3n s\u00f3lida de aditamentos al implante. Su dise\u00f1o minimiza micromovimientos y distribuye eficientemente las cargas oclusales, con pares de apriete controlados para evitar sobrecargas.<\/h4><\/div><div class=\"x-text x-text-headline e7510-e26 m5sm-c m5sm-d\"><div class=\"x-text-content\"><div class=\"x-text-content-text\"><h2 class=\"x-text-content-text-subheadline\"><h3 style=\"text-align: center;\"><strong>Soluciones anguladas<\/strong><\/h3>\n<\/h2>\n<h1 class=\"x-text-content-text-primary\"><\/h1><\/div><\/div><\/div><div class=\"x-text x-content e7510-e27 m5sm-g m5sm-i\"><h4>Incluyen interfases como similares en funci\u00f3n a las de otros sistemas, que permiten corregir ejes de inserci\u00f3n hasta 25\u00ba. Fabricadas en titanio grado V, incorporan tratamientos superficiales para mejorar la retenci\u00f3n del cementado y reducir el di\u00e1metro del canal de acceso, optimizando la est\u00e9tica.<\/h4>\n<h4>Todos los componentes Vulkan\u00ae cumplen con est\u00e1ndares de calidad y se adaptan a diversas plataformas implantol\u00f3gicas, garantizando versatilidad y resultados predecibles en rehabilitaciones simples o complejas.<\/h4><\/div><a class=\"x-anchor x-anchor-button e7510-e28 m5sm-j\" tabindex=\"0\" href=\"mailto:orders@titanimplant.net?subject=Pedido Componentes B\u00e1sicos\"><div class=\"x-anchor-content\"><div class=\"x-anchor-text\"><span class=\"x-anchor-text-primary\"><strong>Hacer Pedido<\/strong><\/span><\/div><\/div><\/a><\/div><\/div><\/div><\/div><\/div>","protected":false},"excerpt":{"rendered":"<p>Componentes B\u00e1sicos Sistemas de Implantes Dentales Vulkan ImplantsClic aqu\u00ed para ver componentes b\u00e1sicos Sistema Implantes dentales Internal HexagonClic aqu\u00ed para ver componentes b\u00e1sicos Sistema Implantes dentales Conical ConnectionClic aqu\u00ed para ver componentes b\u00e1sicos Sistema Implantes dentales External HexagonComponentes Prot\u00e9sicos B\u00e1sicos para cicatrizaci\u00f3n Los pilares de cicatrizaci\u00f3n Vulkan\u00ae est\u00e1n dise\u00f1ados para moldear y favorecer la recuperaci\u00f3n de tejidos blandos alrededor del &#8230; <\/p>\n<div><a href=\"https:\/\/www.vulkanimplants.com\/en\/en-basic-components\/componentes-basicos\/\" class=\"more-link\">Read More<\/a><\/div>","protected":false},"author":2,"featured_media":7483,"parent":16832,"menu_order":0,"comment_status":"closed","ping_status":"closed","template":"template-blank-4.php","meta":{"rs_blank_template":"","rs_page_bg_color":"","slide_template_v7":"","footnotes":""},"class_list":["post-7510","page","type-page","status-publish","has-post-thumbnail","hentry"],"yoast_head":"<!-- This site is optimized with the Yoast SEO plugin v27.5 - https:\/\/yoast.com\/product\/yoast-seo-wordpress\/ -->\n<title>Componentes Prot\u00e9sicos b\u00e1sicos<\/title>\n<meta name=\"description\" content=\"Componentes Prot\u00e9sicos B\u00e1sicos para cicatrizaci\u00f3n, impresi\u00f3n, pr\u00f3tesis atornillada, cementada, tornillos prot\u00e9sicos, soluciones anguladas.\" \/>\n<meta name=\"robots\" content=\"index, follow, max-snippet:-1, max-image-preview:large, max-video-preview:-1, noarchive\" \/>\n<link rel=\"canonical\" href=\"https:\/\/www.vulkanimplants.com\/en\/componentes-basicos\/\" \/>\n<meta property=\"og:locale\" content=\"en_GB\" \/>\n<meta property=\"og:type\" content=\"article\" \/>\n<meta property=\"og:title\" content=\"componentes prot\u00e9sicos b\u00e1sicos\" \/>\n<meta property=\"og:description\" content=\"componentes prot\u00e9sicos b\u00e1sicos\" \/>\n<meta property=\"og:url\" content=\"https:\/\/www.vulkanimplants.com\/en\/componentes-basicos\/\" \/>\n<meta property=\"og:site_name\" content=\"Vulkan Implants\" \/>\n<meta property=\"article:publisher\" content=\"https:\/\/www.facebook.com\/VulkanImplant\/\" \/>\n<meta property=\"article:modified_time\" content=\"2026-02-09T09:04:58+00:00\" \/>\n<meta property=\"og:image\" content=\"https:\/\/www.vulkanimplants.com\/wp-content\/uploads\/2020\/03\/Vulkan_Implants_Soluciones_protesicas_Internal-2.png\" \/>\n\t<meta property=\"og:image:width\" content=\"554\" \/>\n\t<meta property=\"og:image:height\" content=\"426\" \/>\n\t<meta property=\"og:image:type\" content=\"image\/png\" \/>\n<meta name=\"twitter:card\" content=\"summary_large_image\" \/>\n<meta name=\"twitter:label1\" content=\"Estimated reading time\" \/>\n\t<meta name=\"twitter:data1\" content=\"4 minutes\" \/>\n<script type=\"application\/ld+json\" class=\"yoast-schema-graph\">{\"@context\":\"https:\\\/\\\/schema.org\",\"@graph\":[{\"@type\":\"Article\",\"@id\":\"https:\\\/\\\/www.vulkanimplants.com\\\/componentes-basicos\\\/#article\",\"isPartOf\":{\"@id\":\"https:\\\/\\\/www.vulkanimplants.com\\\/es\\\/en-basic-components\\\/componentes-basicos\\\/\"},\"author\":{\"name\":\"Montse Vaca\",\"@id\":\"https:\\\/\\\/www.vulkanimplants.com\\\/#\\\/schema\\\/person\\\/e9a69a01287914586d0acec3c0e709d1\"},\"headline\":\"Componentes B\u00e1sicos\",\"datePublished\":\"2020-03-19T09:32:23+00:00\",\"dateModified\":\"2026-02-09T09:04:58+00:00\",\"mainEntityOfPage\":{\"@id\":\"https:\\\/\\\/www.vulkanimplants.com\\\/es\\\/en-basic-components\\\/componentes-basicos\\\/\"},\"wordCount\":863,\"publisher\":{\"@id\":\"https:\\\/\\\/www.vulkanimplants.com\\\/#organization\"},\"image\":{\"@id\":\"https:\\\/\\\/www.vulkanimplants.com\\\/componentes-basicos\\\/#primaryimage\"},\"thumbnailUrl\":\"https:\\\/\\\/www.vulkanimplants.com\\\/wp-content\\\/uploads\\\/2020\\\/03\\\/Vulkan_Implants_compo_Componentes_basicos.png\",\"inLanguage\":\"en-GB\"},{\"@type\":\"WebPage\",\"@id\":\"https:\\\/\\\/www.vulkanimplants.com\\\/es\\\/en-basic-components\\\/componentes-basicos\\\/\",\"url\":\"https:\\\/\\\/www.vulkanimplants.com\\\/componentes-basicos\\\/\",\"name\":\"Componentes Prot\u00e9sicos b\u00e1sicos\",\"isPartOf\":{\"@id\":\"https:\\\/\\\/www.vulkanimplants.com\\\/#website\"},\"primaryImageOfPage\":{\"@id\":\"https:\\\/\\\/www.vulkanimplants.com\\\/componentes-basicos\\\/#primaryimage\"},\"image\":{\"@id\":\"https:\\\/\\\/www.vulkanimplants.com\\\/componentes-basicos\\\/#primaryimage\"},\"thumbnailUrl\":\"https:\\\/\\\/www.vulkanimplants.com\\\/wp-content\\\/uploads\\\/2020\\\/03\\\/Vulkan_Implants_compo_Componentes_basicos.png\",\"datePublished\":\"2020-03-19T09:32:23+00:00\",\"dateModified\":\"2026-02-09T09:04:58+00:00\",\"description\":\"Componentes Prot\u00e9sicos B\u00e1sicos para cicatrizaci\u00f3n, impresi\u00f3n, pr\u00f3tesis atornillada, cementada, tornillos prot\u00e9sicos, soluciones anguladas.\",\"breadcrumb\":{\"@id\":\"https:\\\/\\\/www.vulkanimplants.com\\\/componentes-basicos\\\/#breadcrumb\"},\"inLanguage\":\"en-GB\",\"potentialAction\":[{\"@type\":\"ReadAction\",\"target\":[\"https:\\\/\\\/www.vulkanimplants.com\\\/componentes-basicos\\\/\"]}]},{\"@type\":\"ImageObject\",\"inLanguage\":\"en-GB\",\"@id\":\"https:\\\/\\\/www.vulkanimplants.com\\\/componentes-basicos\\\/#primaryimage\",\"url\":\"https:\\\/\\\/www.vulkanimplants.com\\\/wp-content\\\/uploads\\\/2020\\\/03\\\/Vulkan_Implants_compo_Componentes_basicos.png\",\"contentUrl\":\"https:\\\/\\\/www.vulkanimplants.com\\\/wp-content\\\/uploads\\\/2020\\\/03\\\/Vulkan_Implants_compo_Componentes_basicos.png\",\"width\":554,\"height\":426,\"caption\":\"Componentes prot\u00e9sicos b\u00e1sicos\"},{\"@type\":\"BreadcrumbList\",\"@id\":\"https:\\\/\\\/www.vulkanimplants.com\\\/componentes-basicos\\\/#breadcrumb\",\"itemListElement\":[{\"@type\":\"ListItem\",\"position\":1,\"name\":\"Inici\",\"item\":\"https:\\\/\\\/www.vulkanimplants.com\\\/\"},{\"@type\":\"ListItem\",\"position\":2,\"name\":\"Basic Components\",\"item\":\"https:\\\/\\\/www.vulkanimplants.com\\\/en\\\/en-basic-components\\\/\"},{\"@type\":\"ListItem\",\"position\":3,\"name\":\"Componentes B\u00e1sicos\"}]},{\"@type\":\"WebSite\",\"@id\":\"https:\\\/\\\/www.vulkanimplants.com\\\/#website\",\"url\":\"https:\\\/\\\/www.vulkanimplants.com\\\/\",\"name\":\"https:\\\/\\\/www.vulkanimplants.com\\\/\",\"description\":\"Vulkan Implants - High quality dental implants brand and guided surgery platform\",\"publisher\":{\"@id\":\"https:\\\/\\\/www.vulkanimplants.com\\\/#organization\"},\"alternateName\":\"Vulkan Implants\",\"potentialAction\":[{\"@type\":\"SearchAction\",\"target\":{\"@type\":\"EntryPoint\",\"urlTemplate\":\"https:\\\/\\\/www.vulkanimplants.com\\\/?s={search_term_string}\"},\"query-input\":{\"@type\":\"PropertyValueSpecification\",\"valueRequired\":true,\"valueName\":\"search_term_string\"}}],\"inLanguage\":\"en-GB\"},{\"@type\":\"Organization\",\"@id\":\"https:\\\/\\\/www.vulkanimplants.com\\\/#organization\",\"name\":\"Vulkan Implants\",\"alternateName\":\"Vulkan\",\"url\":\"https:\\\/\\\/www.vulkanimplants.com\\\/\",\"logo\":{\"@type\":\"ImageObject\",\"inLanguage\":\"en-GB\",\"@id\":\"https:\\\/\\\/www.vulkanimplants.com\\\/#\\\/schema\\\/logo\\\/image\\\/\",\"url\":\"https:\\\/\\\/www.vulkanimplants.com\\\/wp-content\\\/uploads\\\/2023\\\/12\\\/Vulkan-Implants-Logo-White-Orange-only-logo.png\",\"contentUrl\":\"https:\\\/\\\/www.vulkanimplants.com\\\/wp-content\\\/uploads\\\/2023\\\/12\\\/Vulkan-Implants-Logo-White-Orange-only-logo.png\",\"width\":369,\"height\":277,\"caption\":\"Vulkan Implants\"},\"image\":{\"@id\":\"https:\\\/\\\/www.vulkanimplants.com\\\/#\\\/schema\\\/logo\\\/image\\\/\"},\"sameAs\":[\"https:\\\/\\\/www.facebook.com\\\/VulkanImplant\\\/\",\"https:\\\/\\\/www.instagram.com\\\/vulkan_implants\\\/\"]},{\"@type\":\"Person\",\"@id\":\"https:\\\/\\\/www.vulkanimplants.com\\\/#\\\/schema\\\/person\\\/e9a69a01287914586d0acec3c0e709d1\",\"name\":\"Montse Vaca\",\"image\":{\"@type\":\"ImageObject\",\"inLanguage\":\"en-GB\",\"@id\":\"https:\\\/\\\/secure.gravatar.com\\\/avatar\\\/782ac7b0ec8ef54996825fe41c60e8529219ca0319214f1f278b3c0cbdb62753?s=96&d=mm&r=g\",\"url\":\"https:\\\/\\\/secure.gravatar.com\\\/avatar\\\/782ac7b0ec8ef54996825fe41c60e8529219ca0319214f1f278b3c0cbdb62753?s=96&d=mm&r=g\",\"contentUrl\":\"https:\\\/\\\/secure.gravatar.com\\\/avatar\\\/782ac7b0ec8ef54996825fe41c60e8529219ca0319214f1f278b3c0cbdb62753?s=96&d=mm&r=g\",\"caption\":\"Montse Vaca\"},\"url\":\"https:\\\/\\\/www.vulkanimplants.com\\\/en\\\/author\\\/montse\\\/\"}]}<\/script>\n<!-- \/ Yoast SEO plugin. -->","yoast_head_json":{"title":"Componentes Prot\u00e9sicos b\u00e1sicos","description":"Componentes Prot\u00e9sicos B\u00e1sicos para cicatrizaci\u00f3n, impresi\u00f3n, pr\u00f3tesis atornillada, cementada, tornillos prot\u00e9sicos, soluciones anguladas.","robots":{"index":"index","follow":"follow","max-snippet":"max-snippet:-1","max-image-preview":"max-image-preview:large","max-video-preview":"max-video-preview:-1","archive":"noarchive"},"canonical":"https:\/\/www.vulkanimplants.com\/en\/componentes-basicos\/","og_locale":"en_GB","og_type":"article","og_title":"componentes prot\u00e9sicos b\u00e1sicos","og_description":"componentes prot\u00e9sicos b\u00e1sicos","og_url":"https:\/\/www.vulkanimplants.com\/en\/componentes-basicos\/","og_site_name":"Vulkan Implants","article_publisher":"https:\/\/www.facebook.com\/VulkanImplant\/","article_modified_time":"2026-02-09T09:04:58+00:00","og_image":[{"width":554,"height":426,"url":"https:\/\/www.vulkanimplants.com\/wp-content\/uploads\/2020\/03\/Vulkan_Implants_Soluciones_protesicas_Internal-2.png","type":"image\/png"}],"twitter_card":"summary_large_image","twitter_misc":{"Estimated reading time":"4 minutes"},"schema":{"@context":"https:\/\/schema.org","@graph":[{"@type":"Article","@id":"https:\/\/www.vulkanimplants.com\/componentes-basicos\/#article","isPartOf":{"@id":"https:\/\/www.vulkanimplants.com\/es\/en-basic-components\/componentes-basicos\/"},"author":{"name":"Montse Vaca","@id":"https:\/\/www.vulkanimplants.com\/#\/schema\/person\/e9a69a01287914586d0acec3c0e709d1"},"headline":"Componentes B\u00e1sicos","datePublished":"2020-03-19T09:32:23+00:00","dateModified":"2026-02-09T09:04:58+00:00","mainEntityOfPage":{"@id":"https:\/\/www.vulkanimplants.com\/es\/en-basic-components\/componentes-basicos\/"},"wordCount":863,"publisher":{"@id":"https:\/\/www.vulkanimplants.com\/#organization"},"image":{"@id":"https:\/\/www.vulkanimplants.com\/componentes-basicos\/#primaryimage"},"thumbnailUrl":"https:\/\/www.vulkanimplants.com\/wp-content\/uploads\/2020\/03\/Vulkan_Implants_compo_Componentes_basicos.png","inLanguage":"en-GB"},{"@type":"WebPage","@id":"https:\/\/www.vulkanimplants.com\/es\/en-basic-components\/componentes-basicos\/","url":"https:\/\/www.vulkanimplants.com\/componentes-basicos\/","name":"Componentes Prot\u00e9sicos b\u00e1sicos","isPartOf":{"@id":"https:\/\/www.vulkanimplants.com\/#website"},"primaryImageOfPage":{"@id":"https:\/\/www.vulkanimplants.com\/componentes-basicos\/#primaryimage"},"image":{"@id":"https:\/\/www.vulkanimplants.com\/componentes-basicos\/#primaryimage"},"thumbnailUrl":"https:\/\/www.vulkanimplants.com\/wp-content\/uploads\/2020\/03\/Vulkan_Implants_compo_Componentes_basicos.png","datePublished":"2020-03-19T09:32:23+00:00","dateModified":"2026-02-09T09:04:58+00:00","description":"Componentes Prot\u00e9sicos B\u00e1sicos para cicatrizaci\u00f3n, impresi\u00f3n, pr\u00f3tesis atornillada, cementada, tornillos prot\u00e9sicos, soluciones anguladas.","breadcrumb":{"@id":"https:\/\/www.vulkanimplants.com\/componentes-basicos\/#breadcrumb"},"inLanguage":"en-GB","potentialAction":[{"@type":"ReadAction","target":["https:\/\/www.vulkanimplants.com\/componentes-basicos\/"]}]},{"@type":"ImageObject","inLanguage":"en-GB","@id":"https:\/\/www.vulkanimplants.com\/componentes-basicos\/#primaryimage","url":"https:\/\/www.vulkanimplants.com\/wp-content\/uploads\/2020\/03\/Vulkan_Implants_compo_Componentes_basicos.png","contentUrl":"https:\/\/www.vulkanimplants.com\/wp-content\/uploads\/2020\/03\/Vulkan_Implants_compo_Componentes_basicos.png","width":554,"height":426,"caption":"Componentes prot\u00e9sicos b\u00e1sicos"},{"@type":"BreadcrumbList","@id":"https:\/\/www.vulkanimplants.com\/componentes-basicos\/#breadcrumb","itemListElement":[{"@type":"ListItem","position":1,"name":"Inici","item":"https:\/\/www.vulkanimplants.com\/"},{"@type":"ListItem","position":2,"name":"Basic Components","item":"https:\/\/www.vulkanimplants.com\/en\/en-basic-components\/"},{"@type":"ListItem","position":3,"name":"Componentes B\u00e1sicos"}]},{"@type":"WebSite","@id":"https:\/\/www.vulkanimplants.com\/#website","url":"https:\/\/www.vulkanimplants.com\/","name":"https:\/\/www.vulkanimplants.com\/","description":"Vulkan Implants - High quality dental implants brand and guided surgery platform","publisher":{"@id":"https:\/\/www.vulkanimplants.com\/#organization"},"alternateName":"Vulkan Implants","potentialAction":[{"@type":"SearchAction","target":{"@type":"EntryPoint","urlTemplate":"https:\/\/www.vulkanimplants.com\/?s={search_term_string}"},"query-input":{"@type":"PropertyValueSpecification","valueRequired":true,"valueName":"search_term_string"}}],"inLanguage":"en-GB"},{"@type":"Organization","@id":"https:\/\/www.vulkanimplants.com\/#organization","name":"Vulkan Implants","alternateName":"Vulkan","url":"https:\/\/www.vulkanimplants.com\/","logo":{"@type":"ImageObject","inLanguage":"en-GB","@id":"https:\/\/www.vulkanimplants.com\/#\/schema\/logo\/image\/","url":"https:\/\/www.vulkanimplants.com\/wp-content\/uploads\/2023\/12\/Vulkan-Implants-Logo-White-Orange-only-logo.png","contentUrl":"https:\/\/www.vulkanimplants.com\/wp-content\/uploads\/2023\/12\/Vulkan-Implants-Logo-White-Orange-only-logo.png","width":369,"height":277,"caption":"Vulkan Implants"},"image":{"@id":"https:\/\/www.vulkanimplants.com\/#\/schema\/logo\/image\/"},"sameAs":["https:\/\/www.facebook.com\/VulkanImplant\/","https:\/\/www.instagram.com\/vulkan_implants\/"]},{"@type":"Person","@id":"https:\/\/www.vulkanimplants.com\/#\/schema\/person\/e9a69a01287914586d0acec3c0e709d1","name":"Montse Vaca","image":{"@type":"ImageObject","inLanguage":"en-GB","@id":"https:\/\/secure.gravatar.com\/avatar\/782ac7b0ec8ef54996825fe41c60e8529219ca0319214f1f278b3c0cbdb62753?s=96&d=mm&r=g","url":"https:\/\/secure.gravatar.com\/avatar\/782ac7b0ec8ef54996825fe41c60e8529219ca0319214f1f278b3c0cbdb62753?s=96&d=mm&r=g","contentUrl":"https:\/\/secure.gravatar.com\/avatar\/782ac7b0ec8ef54996825fe41c60e8529219ca0319214f1f278b3c0cbdb62753?s=96&d=mm&r=g","caption":"Montse Vaca"},"url":"https:\/\/www.vulkanimplants.com\/en\/author\/montse\/"}]}},"_links":{"self":[{"href":"https:\/\/www.vulkanimplants.com\/en\/wp-json\/wp\/v2\/pages\/7510","targetHints":{"allow":["GET"]}}],"collection":[{"href":"https:\/\/www.vulkanimplants.com\/en\/wp-json\/wp\/v2\/pages"}],"about":[{"href":"https:\/\/www.vulkanimplants.com\/en\/wp-json\/wp\/v2\/types\/page"}],"author":[{"embeddable":true,"href":"https:\/\/www.vulkanimplants.com\/en\/wp-json\/wp\/v2\/users\/2"}],"replies":[{"embeddable":true,"href":"https:\/\/www.vulkanimplants.com\/en\/wp-json\/wp\/v2\/comments?post=7510"}],"version-history":[{"count":25,"href":"https:\/\/www.vulkanimplants.com\/en\/wp-json\/wp\/v2\/pages\/7510\/revisions"}],"predecessor-version":[{"id":17165,"href":"https:\/\/www.vulkanimplants.com\/en\/wp-json\/wp\/v2\/pages\/7510\/revisions\/17165"}],"up":[{"embeddable":true,"href":"https:\/\/www.vulkanimplants.com\/en\/wp-json\/wp\/v2\/pages\/16832"}],"wp:featuredmedia":[{"embeddable":true,"href":"https:\/\/www.vulkanimplants.com\/en\/wp-json\/wp\/v2\/media\/7483"}],"wp:attachment":[{"href":"https:\/\/www.vulkanimplants.com\/en\/wp-json\/wp\/v2\/media?parent=7510"}],"curies":[{"name":"wp","href":"https:\/\/api.w.org\/{rel}","templated":true}]}}