{"id":18422,"date":"2026-03-18T13:35:14","date_gmt":"2026-03-18T12:35:14","guid":{"rendered":"https:\/\/www.vulkanimplants.com\/?page_id=18422"},"modified":"2026-03-18T13:35:15","modified_gmt":"2026-03-18T12:35:15","slug":"webinar-planificacion-quirurgica-en-cirugia-protesicamente-guiada-vulkan-digital","status":"publish","type":"page","link":"https:\/\/www.vulkanimplants.com\/en\/webinar-planificacion-quirurgica-en-cirugia-protesicamente-guiada-vulkan-digital\/","title":{"rendered":"Webinar Planificaci\u00f3n Quir\u00fargica en Cirug\u00eda Prot\u00e9sicamente Guiada | Vulkan Digital"},"content":{"rendered":"<style id=\"wpforms-css-vars-18417-block-9890180f-d8e7-4fb4-ae33-15937899eb5a\">\n\t\t\t\t#wpforms-18417.wpforms-block-9890180f-d8e7-4fb4-ae33-15937899eb5a {\n\t\t\t\t--wpforms-label-color: #a9abad;\n--wpforms-label-sublabel-color: #000000;\n--wpforms-label-error-color: #fdb71a;\n--wpforms-page-break-color: #258c60;\n--wpforms-field-border-radius: 6px;\n--wpforms-field-border-color: #fdb71a;\n--wpforms-field-border-color-spare: #fdb71a;\n--wpforms-field-text-color: #000000;\n--wpforms-field-menu-color: #1b1b1b;\n--wpforms-container-padding: 60px;\n--wpforms-container-border-radius: 24px;\n--wpforms-button-border-style: solid;\n--wpforms-button-border-radius: 8px;\n--wpforms-button-background-color: #fdb71a;\n--wpforms-button-border-color: #fdb71a;\n--wpforms-background-size: 250px 250;\n--wpforms-background-color: #ffffff;\n--wpforms-field-size-input-height: 43px;\n--wpforms-field-size-input-spacing: 15px;\n--wpforms-field-size-font-size: 16px;\n--wpforms-field-size-line-height: 19px;\n--wpforms-field-size-padding-h: 14px;\n--wpforms-field-size-checkbox-size: 16px;\n--wpforms-field-size-sublabel-spacing: 5px;\n--wpforms-field-size-icon-size: 1;\n--wpforms-label-size-font-size: 16px;\n--wpforms-label-size-line-height: 19px;\n--wpforms-label-size-sublabel-font-size: 14px;\n--wpforms-label-size-sublabel-line-height: 17px;\n--wpforms-button-size-font-size: 17px;\n--wpforms-button-size-height: 41px;\n--wpforms-button-size-padding-h: 15px;\n--wpforms-button-size-margin-top: 10px;\n--wpforms-container-shadow-size-box-shadow: none;\n\t\t\t}\n\t\t\t<\/style><div class=\"wpforms-container wpforms-container-full wpforms-block wpforms-block-9890180f-d8e7-4fb4-ae33-15937899eb5a wpforms-render-modern\" id=\"wpforms-18417\"><form id=\"wpforms-form-18417\" class=\"wpforms-validate wpforms-form wpforms-ajax-form\" data-formid=\"18417\" method=\"post\" enctype=\"multipart\/form-data\" action=\"\/en\/wp-json\/wp\/v2\/pages\/18422\" data-token=\"a5fcfac9eb9b490b29cb32fa8a4fe7d7\" data-token-time=\"1777723062\"><noscript class=\"wpforms-error-noscript\">Please enable JavaScript in your browser to complete this form.<\/noscript><div id=\"wpforms-error-noscript\" style=\"display: none;\">Please enable JavaScript in your browser to complete this form.<\/div><div class=\"wpforms-field-container\"><div id=\"wpforms-18417-field_12-container\" class=\"wpforms-field wpforms-field-content\" data-field-id=\"12\"><div id=\"wpforms-18417-field_12\" class=\"wpforms-field-large wpforms-field-row\" aria-errormessage=\"wpforms-18417-field_12-error\"><h5><img loading=\"lazy\" decoding=\"async\" class=\"size-full wp-image-18432 alignnone\" src=\"https:\/\/www.vulkanimplants.com\/wp-content\/uploads\/2026\/03\/Vulkan-Banner-Webinar-04-1.jpg\" alt=\"\" width=\"1000\" height=\"742\" srcset=\"https:\/\/www.vulkanimplants.com\/wp-content\/uploads\/2026\/03\/Vulkan-Banner-Webinar-04-1.jpg 1000w, https:\/\/www.vulkanimplants.com\/wp-content\/uploads\/2026\/03\/Vulkan-Banner-Webinar-04-1-300x223.jpg 300w, https:\/\/www.vulkanimplants.com\/wp-content\/uploads\/2026\/03\/Vulkan-Banner-Webinar-04-1-768x570.jpg 768w, https:\/\/www.vulkanimplants.com\/wp-content\/uploads\/2026\/03\/Vulkan-Banner-Webinar-04-1-16x12.jpg 16w, https:\/\/www.vulkanimplants.com\/wp-content\/uploads\/2026\/03\/Vulkan-Banner-Webinar-04-1-100x74.jpg 100w\" sizes=\"auto, (max-width: 1000px) 100vw, 1000px\" \/>Rellene el siguiente formulario para reservar su plaza al webinar que tendr\u00e1 lugar el 12 de mayo de 2026 a las 20:00h (CEST) en l\u00ednea.<\/h5>\n<div class=\"wpforms-field-content-display-frontend-clear\"><\/div><\/div><\/div><div id=\"wpforms-18417-field_0-container\" class=\"wpforms-field wpforms-field-name\" data-field-id=\"0\"><fieldset><legend class=\"wpforms-field-label\">Nombre <span class=\"wpforms-required-label\" aria-hidden=\"true\">*<\/span><\/legend><div class=\"wpforms-field-row wpforms-field-medium\"><div class=\"wpforms-field-row-block wpforms-first wpforms-one-half\"><input type=\"text\" id=\"wpforms-18417-field_0\" class=\"wpforms-field-name-first wpforms-field-required\" name=\"wpforms[fields][0][first]\" aria-errormessage=\"wpforms-18417-field_0-error\" aria-describedby=\"wpforms-18417-field_0-description\" required><label for=\"wpforms-18417-field_0\" class=\"wpforms-field-sublabel after\">First<\/label><\/div><div class=\"wpforms-field-row-block wpforms-one-half\"><input type=\"text\" id=\"wpforms-18417-field_0-last\" class=\"wpforms-field-name-last wpforms-field-required\" name=\"wpforms[fields][0][last]\" aria-errormessage=\"wpforms-18417-field_0-last-error\" aria-describedby=\"wpforms-18417-field_0-description\" required><label for=\"wpforms-18417-field_0-last\" class=\"wpforms-field-sublabel after\">Last<\/label><\/div><\/div><div id=\"wpforms-18417-field_0-description\" class=\"wpforms-field-description\">Indique su nombre y apellidos<\/div><\/fieldset><\/div>\t\t<div id=\"wpforms-18417-field_2-container\"\n\t\t\tclass=\"wpforms-field wpforms-field-text\"\n\t\t\tdata-field-type=\"text\"\n\t\t\tdata-field-id=\"2\"\n\t\t\t>\n\t\t\t<label class=\"wpforms-field-label\" for=\"wpforms-18417-field_2\" >Cl\u00ednica Nombre RGPD<\/label>\n\t\t\t<input type=\"text\" id=\"wpforms-18417-field_2\" class=\"wpforms-field-medium\" name=\"wpforms[fields][2]\" >\n\t\t<\/div>\n\t\t<div id=\"wpforms-18417-field_7-container\" class=\"wpforms-field wpforms-field-name\" data-field-id=\"7\"><label class=\"wpforms-field-label\" for=\"wpforms-18417-field_7\">Nombre de su Cl\u00ednica <span class=\"wpforms-required-label\" aria-hidden=\"true\">*<\/span><\/label><input type=\"text\" id=\"wpforms-18417-field_7\" class=\"wpforms-field-medium wpforms-field-required\" name=\"wpforms[fields][7]\" aria-errormessage=\"wpforms-18417-field_7-error\" aria-describedby=\"wpforms-18417-field_7-description\" required><div id=\"wpforms-18417-field_7-description\" class=\"wpforms-field-description\">Indique el nombre de su cl\u00ednica<\/div><\/div><div id=\"wpforms-18417-field_1-container\" class=\"wpforms-field wpforms-field-email\" data-field-id=\"1\"><label class=\"wpforms-field-label\" for=\"wpforms-18417-field_1\">Email <span class=\"wpforms-required-label\" aria-hidden=\"true\">*<\/span><\/label><input type=\"email\" id=\"wpforms-18417-field_1\" class=\"wpforms-field-medium wpforms-field-required\" name=\"wpforms[fields][1]\" spellcheck=\"false\" aria-errormessage=\"wpforms-18417-field_1-error\" aria-describedby=\"wpforms-18417-field_1-description\" required><div id=\"wpforms-18417-field_1-description\" class=\"wpforms-field-description\">Indique su direcci\u00f3n de correo electr\u00f3nico para enviarle el enlace de acceso al Webinar<\/div><\/div><div id=\"wpforms-18417-field_6-container\" class=\"wpforms-field wpforms-field-gdpr-checkbox\" data-field-id=\"6\"><label class=\"wpforms-field-label\">Acuerdo RGPD <span class=\"wpforms-required-label\" aria-hidden=\"true\">*<\/span><\/label><ul id=\"wpforms-18417-field_6\" class=\"wpforms-field-required\"><li class=\"choice-1\"><input type=\"checkbox\" id=\"wpforms-18417-field_6_1\" name=\"wpforms[fields][6][]\" value=\"Doy mi consentimiento para que esta web almacene la informaci\u00f3n que env\u00edo para que puedan responder a mi petici\u00f3n.\" aria-errormessage=\"wpforms-18417-field_6_1-error\" required ><label class=\"wpforms-field-label-inline\" for=\"wpforms-18417-field_6_1\">Doy mi consentimiento para que esta web almacene la informaci\u00f3n que env\u00edo para que puedan responder a mi petici\u00f3n.<\/label><\/li><\/ul><\/div><div id=\"wpforms-18417-field_10-container\" class=\"wpforms-field wpforms-field-content\" data-field-id=\"10\"><div id=\"wpforms-18417-field_10\" class=\"wpforms-field-medium wpforms-field-row\" aria-errormessage=\"wpforms-18417-field_10-error\"><h4><img loading=\"lazy\" decoding=\"async\" class=\"alignnone size-full wp-image-18354\" src=\"https:\/\/www.vulkanimplants.com\/wp-content\/uploads\/2026\/03\/Vulkan-Implants-Logo.png\" alt=\"\" width=\"574\" height=\"104\" srcset=\"https:\/\/www.vulkanimplants.com\/wp-content\/uploads\/2026\/03\/Vulkan-Implants-Logo.png 574w, https:\/\/www.vulkanimplants.com\/wp-content\/uploads\/2026\/03\/Vulkan-Implants-Logo-300x54.png 300w, https:\/\/www.vulkanimplants.com\/wp-content\/uploads\/2026\/03\/Vulkan-Implants-Logo-18x3.png 18w, https:\/\/www.vulkanimplants.com\/wp-content\/uploads\/2026\/03\/Vulkan-Implants-Logo-100x18.png 100w\" sizes=\"auto, (max-width: 574px) 100vw, 574px\" \/><\/h4>\n<div class=\"wpforms-field-content-display-frontend-clear\"><\/div><\/div><\/div><script>\n\t\t\t\t( function() {\n\t\t\t\t\tconst style = document.createElement( 'style' );\n\t\t\t\t\tstyle.appendChild( document.createTextNode( '#wpforms-18417-field_2-container { position: absolute !important; overflow: hidden !important; display: inline !important; height: 1px !important; width: 1px !important; z-index: -1000 !important; padding: 0 !important; } #wpforms-18417-field_2-container input { visibility: hidden; } #wpforms-conversational-form-page #wpforms-18417-field_2-container label { counter-increment: none; }' ) );\n\t\t\t\t\tdocument.head.appendChild( style );\n\t\t\t\t\tdocument.currentScript?.remove();\n\t\t\t\t} )();\n\t\t\t<\/script><\/div><!-- .wpforms-field-container --><div class=\"wpforms-submit-container\" ><input type=\"hidden\" name=\"wpforms[id]\" value=\"18417\"><input type=\"hidden\" name=\"page_title\" value=\"\"><input type=\"hidden\" name=\"page_url\" value=\"https:\/\/www.vulkanimplants.com\/en\/wp-json\/wp\/v2\/pages\/18422\"><input type=\"hidden\" name=\"url_referer\" value=\"\"><button type=\"submit\" name=\"wpforms[submit]\" id=\"wpforms-submit-18417\" class=\"wpforms-submit\" data-alt-text=\"Enviando...\" data-submit-text=\"Confirmar mi plaza\" aria-live=\"assertive\" value=\"wpforms-submit\">Confirmar mi plaza<\/button><img loading=\"lazy\" decoding=\"async\" src=\"https:\/\/www.vulkanimplants.com\/wp-content\/plugins\/wpforms\/assets\/images\/submit-spin.svg\" class=\"wpforms-submit-spinner\" style=\"display: none;\" width=\"26\" height=\"26\" alt=\"Loading\"><\/div><\/form><\/div>  <!-- .wpforms-container -->","protected":false},"excerpt":{"rendered":"","protected":false},"author":2,"featured_media":0,"parent":0,"menu_order":0,"comment_status":"closed","ping_status":"closed","template":"","meta":{"rs_blank_template":"","rs_page_bg_color":"","slide_template_v7":"","footnotes":""},"class_list":["post-18422","page","type-page","status-publish","hentry","no-post-thumbnail"],"yoast_head":"<!-- This site is optimized with the Yoast SEO plugin v27.5 - https:\/\/yoast.com\/product\/yoast-seo-wordpress\/ -->\n<title>Webinar Planificaci\u00f3n Quir\u00fargica en Cirug\u00eda Prot\u00e9sicamente Guiada | Vulkan Digital | Vulkan Implants<\/title>\n<meta name=\"description\" content=\"Webinar Planificaci\u00f3n Quir\u00fargica en Cirug\u00eda Prot\u00e9sicamente Guiada | Vulkan Digital Vulkan Implants |\" \/>\n<meta name=\"robots\" content=\"index, follow, max-snippet:-1, max-image-preview:large, max-video-preview:-1\" \/>\n<link rel=\"canonical\" href=\"https:\/\/www.vulkanimplants.com\/en\/webinar-planificacion-quirurgica-en-cirugia-protesicamente-guiada-vulkan-digital\/\" \/>\n<meta property=\"og:locale\" content=\"en_GB\" \/>\n<meta property=\"og:type\" content=\"article\" \/>\n<meta property=\"og:title\" content=\"Webinar Planificaci\u00f3n Quir\u00fargica en Cirug\u00eda Prot\u00e9sicamente Guiada | Vulkan Digital | Vulkan Implants\" \/>\n<meta property=\"og:description\" content=\"Webinar Planificaci\u00f3n Quir\u00fargica en Cirug\u00eda Prot\u00e9sicamente Guiada | Vulkan Digital Vulkan Implants |\" \/>\n<meta property=\"og:url\" content=\"https:\/\/www.vulkanimplants.com\/en\/webinar-planificacion-quirurgica-en-cirugia-protesicamente-guiada-vulkan-digital\/\" \/>\n<meta property=\"og:site_name\" content=\"Vulkan Implants\" \/>\n<meta property=\"article:publisher\" content=\"https:\/\/www.facebook.com\/VulkanImplant\/\" \/>\n<meta property=\"article:modified_time\" content=\"2026-03-18T12:35:15+00:00\" \/>\n<meta property=\"og:image\" content=\"https:\/\/www.vulkanimplants.com\/wp-content\/uploads\/2023\/09\/Vulkan-Implants-Catalogo-Resumido-EN.jpg\" \/>\n\t<meta property=\"og:image:width\" content=\"730\" \/>\n\t<meta property=\"og:image:height\" content=\"1033\" \/>\n\t<meta property=\"og:image:type\" content=\"image\/jpeg\" \/>\n<meta name=\"twitter:card\" content=\"summary_large_image\" \/>\n<script type=\"application\/ld+json\" class=\"yoast-schema-graph\">{\"@context\":\"https:\\\/\\\/schema.org\",\"@graph\":[{\"@type\":\"Article\",\"@id\":\"https:\\\/\\\/www.vulkanimplants.com\\\/webinar-planificacion-quirurgica-en-cirugia-protesicamente-guiada-vulkan-digital\\\/#article\",\"isPartOf\":{\"@id\":\"https:\\\/\\\/www.vulkanimplants.com\\\/webinar-planificacion-quirurgica-en-cirugia-protesicamente-guiada-vulkan-digital\\\/\"},\"author\":{\"name\":\"Montse Vaca\",\"@id\":\"https:\\\/\\\/www.vulkanimplants.com\\\/#\\\/schema\\\/person\\\/e9a69a01287914586d0acec3c0e709d1\"},\"headline\":\"Webinar Planificaci\u00f3n Quir\u00fargica en Cirug\u00eda Prot\u00e9sicamente Guiada | Vulkan Digital\",\"datePublished\":\"2026-03-18T12:35:14+00:00\",\"dateModified\":\"2026-03-18T12:35:15+00:00\",\"mainEntityOfPage\":{\"@id\":\"https:\\\/\\\/www.vulkanimplants.com\\\/webinar-planificacion-quirurgica-en-cirugia-protesicamente-guiada-vulkan-digital\\\/\"},\"wordCount\":13,\"publisher\":{\"@id\":\"https:\\\/\\\/www.vulkanimplants.com\\\/#organization\"},\"inLanguage\":\"en-GB\"},{\"@type\":\"WebPage\",\"@id\":\"https:\\\/\\\/www.vulkanimplants.com\\\/webinar-planificacion-quirurgica-en-cirugia-protesicamente-guiada-vulkan-digital\\\/\",\"url\":\"https:\\\/\\\/www.vulkanimplants.com\\\/webinar-planificacion-quirurgica-en-cirugia-protesicamente-guiada-vulkan-digital\\\/\",\"name\":\"Webinar Planificaci\u00f3n Quir\u00fargica en Cirug\u00eda Prot\u00e9sicamente Guiada | Vulkan Digital | Vulkan Implants\",\"isPartOf\":{\"@id\":\"https:\\\/\\\/www.vulkanimplants.com\\\/#website\"},\"datePublished\":\"2026-03-18T12:35:14+00:00\",\"dateModified\":\"2026-03-18T12:35:15+00:00\",\"description\":\"Webinar Planificaci\u00f3n Quir\u00fargica en Cirug\u00eda Prot\u00e9sicamente Guiada | Vulkan Digital Vulkan Implants |\",\"breadcrumb\":{\"@id\":\"https:\\\/\\\/www.vulkanimplants.com\\\/webinar-planificacion-quirurgica-en-cirugia-protesicamente-guiada-vulkan-digital\\\/#breadcrumb\"},\"inLanguage\":\"en-GB\",\"potentialAction\":[{\"@type\":\"ReadAction\",\"target\":[\"https:\\\/\\\/www.vulkanimplants.com\\\/webinar-planificacion-quirurgica-en-cirugia-protesicamente-guiada-vulkan-digital\\\/\"]}]},{\"@type\":\"BreadcrumbList\",\"@id\":\"https:\\\/\\\/www.vulkanimplants.com\\\/webinar-planificacion-quirurgica-en-cirugia-protesicamente-guiada-vulkan-digital\\\/#breadcrumb\",\"itemListElement\":[{\"@type\":\"ListItem\",\"position\":1,\"name\":\"Inici\",\"item\":\"https:\\\/\\\/www.vulkanimplants.com\\\/\"},{\"@type\":\"ListItem\",\"position\":2,\"name\":\"Webinar Planificaci\u00f3n Quir\u00fargica en Cirug\u00eda Prot\u00e9sicamente Guiada | Vulkan Digital\"}]},{\"@type\":\"WebSite\",\"@id\":\"https:\\\/\\\/www.vulkanimplants.com\\\/#website\",\"url\":\"https:\\\/\\\/www.vulkanimplants.com\\\/\",\"name\":\"https:\\\/\\\/www.vulkanimplants.com\\\/\",\"description\":\"Vulkan Implants - High quality dental implants brand and guided surgery platform\",\"publisher\":{\"@id\":\"https:\\\/\\\/www.vulkanimplants.com\\\/#organization\"},\"alternateName\":\"Vulkan Implants\",\"potentialAction\":[{\"@type\":\"SearchAction\",\"target\":{\"@type\":\"EntryPoint\",\"urlTemplate\":\"https:\\\/\\\/www.vulkanimplants.com\\\/?s={search_term_string}\"},\"query-input\":{\"@type\":\"PropertyValueSpecification\",\"valueRequired\":true,\"valueName\":\"search_term_string\"}}],\"inLanguage\":\"en-GB\"},{\"@type\":\"Organization\",\"@id\":\"https:\\\/\\\/www.vulkanimplants.com\\\/#organization\",\"name\":\"Vulkan Implants\",\"alternateName\":\"Vulkan\",\"url\":\"https:\\\/\\\/www.vulkanimplants.com\\\/\",\"logo\":{\"@type\":\"ImageObject\",\"inLanguage\":\"en-GB\",\"@id\":\"https:\\\/\\\/www.vulkanimplants.com\\\/#\\\/schema\\\/logo\\\/image\\\/\",\"url\":\"https:\\\/\\\/www.vulkanimplants.com\\\/wp-content\\\/uploads\\\/2023\\\/12\\\/Vulkan-Implants-Logo-White-Orange-only-logo.png\",\"contentUrl\":\"https:\\\/\\\/www.vulkanimplants.com\\\/wp-content\\\/uploads\\\/2023\\\/12\\\/Vulkan-Implants-Logo-White-Orange-only-logo.png\",\"width\":369,\"height\":277,\"caption\":\"Vulkan Implants\"},\"image\":{\"@id\":\"https:\\\/\\\/www.vulkanimplants.com\\\/#\\\/schema\\\/logo\\\/image\\\/\"},\"sameAs\":[\"https:\\\/\\\/www.facebook.com\\\/VulkanImplant\\\/\",\"https:\\\/\\\/www.instagram.com\\\/vulkan_implants\\\/\"]},{\"@type\":\"Person\",\"@id\":\"https:\\\/\\\/www.vulkanimplants.com\\\/#\\\/schema\\\/person\\\/e9a69a01287914586d0acec3c0e709d1\",\"name\":\"Montse Vaca\",\"image\":{\"@type\":\"ImageObject\",\"inLanguage\":\"en-GB\",\"@id\":\"https:\\\/\\\/secure.gravatar.com\\\/avatar\\\/782ac7b0ec8ef54996825fe41c60e8529219ca0319214f1f278b3c0cbdb62753?s=96&d=mm&r=g\",\"url\":\"https:\\\/\\\/secure.gravatar.com\\\/avatar\\\/782ac7b0ec8ef54996825fe41c60e8529219ca0319214f1f278b3c0cbdb62753?s=96&d=mm&r=g\",\"contentUrl\":\"https:\\\/\\\/secure.gravatar.com\\\/avatar\\\/782ac7b0ec8ef54996825fe41c60e8529219ca0319214f1f278b3c0cbdb62753?s=96&d=mm&r=g\",\"caption\":\"Montse Vaca\"},\"url\":\"https:\\\/\\\/www.vulkanimplants.com\\\/en\\\/author\\\/montse\\\/\"}]}<\/script>\n<!-- \/ Yoast SEO plugin. -->","yoast_head_json":{"title":"Webinar Planificaci\u00f3n Quir\u00fargica en Cirug\u00eda Prot\u00e9sicamente Guiada | Vulkan Digital | Vulkan Implants","description":"Webinar Planificaci\u00f3n Quir\u00fargica en Cirug\u00eda Prot\u00e9sicamente Guiada | Vulkan Digital Vulkan Implants |","robots":{"index":"index","follow":"follow","max-snippet":"max-snippet:-1","max-image-preview":"max-image-preview:large","max-video-preview":"max-video-preview:-1"},"canonical":"https:\/\/www.vulkanimplants.com\/en\/webinar-planificacion-quirurgica-en-cirugia-protesicamente-guiada-vulkan-digital\/","og_locale":"en_GB","og_type":"article","og_title":"Webinar Planificaci\u00f3n Quir\u00fargica en Cirug\u00eda Prot\u00e9sicamente Guiada | Vulkan Digital | Vulkan Implants","og_description":"Webinar Planificaci\u00f3n Quir\u00fargica en Cirug\u00eda Prot\u00e9sicamente Guiada | Vulkan Digital Vulkan Implants |","og_url":"https:\/\/www.vulkanimplants.com\/en\/webinar-planificacion-quirurgica-en-cirugia-protesicamente-guiada-vulkan-digital\/","og_site_name":"Vulkan Implants","article_publisher":"https:\/\/www.facebook.com\/VulkanImplant\/","article_modified_time":"2026-03-18T12:35:15+00:00","og_image":[{"width":730,"height":1033,"url":"https:\/\/www.vulkanimplants.com\/wp-content\/uploads\/2023\/09\/Vulkan-Implants-Catalogo-Resumido-EN.jpg","type":"image\/jpeg"}],"twitter_card":"summary_large_image","schema":{"@context":"https:\/\/schema.org","@graph":[{"@type":"Article","@id":"https:\/\/www.vulkanimplants.com\/webinar-planificacion-quirurgica-en-cirugia-protesicamente-guiada-vulkan-digital\/#article","isPartOf":{"@id":"https:\/\/www.vulkanimplants.com\/webinar-planificacion-quirurgica-en-cirugia-protesicamente-guiada-vulkan-digital\/"},"author":{"name":"Montse Vaca","@id":"https:\/\/www.vulkanimplants.com\/#\/schema\/person\/e9a69a01287914586d0acec3c0e709d1"},"headline":"Webinar Planificaci\u00f3n Quir\u00fargica en Cirug\u00eda Prot\u00e9sicamente Guiada | Vulkan Digital","datePublished":"2026-03-18T12:35:14+00:00","dateModified":"2026-03-18T12:35:15+00:00","mainEntityOfPage":{"@id":"https:\/\/www.vulkanimplants.com\/webinar-planificacion-quirurgica-en-cirugia-protesicamente-guiada-vulkan-digital\/"},"wordCount":13,"publisher":{"@id":"https:\/\/www.vulkanimplants.com\/#organization"},"inLanguage":"en-GB"},{"@type":"WebPage","@id":"https:\/\/www.vulkanimplants.com\/webinar-planificacion-quirurgica-en-cirugia-protesicamente-guiada-vulkan-digital\/","url":"https:\/\/www.vulkanimplants.com\/webinar-planificacion-quirurgica-en-cirugia-protesicamente-guiada-vulkan-digital\/","name":"Webinar Planificaci\u00f3n Quir\u00fargica en Cirug\u00eda Prot\u00e9sicamente Guiada | Vulkan Digital | Vulkan Implants","isPartOf":{"@id":"https:\/\/www.vulkanimplants.com\/#website"},"datePublished":"2026-03-18T12:35:14+00:00","dateModified":"2026-03-18T12:35:15+00:00","description":"Webinar Planificaci\u00f3n Quir\u00fargica en Cirug\u00eda Prot\u00e9sicamente Guiada | Vulkan Digital Vulkan Implants |","breadcrumb":{"@id":"https:\/\/www.vulkanimplants.com\/webinar-planificacion-quirurgica-en-cirugia-protesicamente-guiada-vulkan-digital\/#breadcrumb"},"inLanguage":"en-GB","potentialAction":[{"@type":"ReadAction","target":["https:\/\/www.vulkanimplants.com\/webinar-planificacion-quirurgica-en-cirugia-protesicamente-guiada-vulkan-digital\/"]}]},{"@type":"BreadcrumbList","@id":"https:\/\/www.vulkanimplants.com\/webinar-planificacion-quirurgica-en-cirugia-protesicamente-guiada-vulkan-digital\/#breadcrumb","itemListElement":[{"@type":"ListItem","position":1,"name":"Inici","item":"https:\/\/www.vulkanimplants.com\/"},{"@type":"ListItem","position":2,"name":"Webinar Planificaci\u00f3n Quir\u00fargica en Cirug\u00eda Prot\u00e9sicamente Guiada | Vulkan Digital"}]},{"@type":"WebSite","@id":"https:\/\/www.vulkanimplants.com\/#website","url":"https:\/\/www.vulkanimplants.com\/","name":"https:\/\/www.vulkanimplants.com\/","description":"Vulkan Implants - High quality dental implants brand and guided surgery platform","publisher":{"@id":"https:\/\/www.vulkanimplants.com\/#organization"},"alternateName":"Vulkan Implants","potentialAction":[{"@type":"SearchAction","target":{"@type":"EntryPoint","urlTemplate":"https:\/\/www.vulkanimplants.com\/?s={search_term_string}"},"query-input":{"@type":"PropertyValueSpecification","valueRequired":true,"valueName":"search_term_string"}}],"inLanguage":"en-GB"},{"@type":"Organization","@id":"https:\/\/www.vulkanimplants.com\/#organization","name":"Vulkan Implants","alternateName":"Vulkan","url":"https:\/\/www.vulkanimplants.com\/","logo":{"@type":"ImageObject","inLanguage":"en-GB","@id":"https:\/\/www.vulkanimplants.com\/#\/schema\/logo\/image\/","url":"https:\/\/www.vulkanimplants.com\/wp-content\/uploads\/2023\/12\/Vulkan-Implants-Logo-White-Orange-only-logo.png","contentUrl":"https:\/\/www.vulkanimplants.com\/wp-content\/uploads\/2023\/12\/Vulkan-Implants-Logo-White-Orange-only-logo.png","width":369,"height":277,"caption":"Vulkan Implants"},"image":{"@id":"https:\/\/www.vulkanimplants.com\/#\/schema\/logo\/image\/"},"sameAs":["https:\/\/www.facebook.com\/VulkanImplant\/","https:\/\/www.instagram.com\/vulkan_implants\/"]},{"@type":"Person","@id":"https:\/\/www.vulkanimplants.com\/#\/schema\/person\/e9a69a01287914586d0acec3c0e709d1","name":"Montse Vaca","image":{"@type":"ImageObject","inLanguage":"en-GB","@id":"https:\/\/secure.gravatar.com\/avatar\/782ac7b0ec8ef54996825fe41c60e8529219ca0319214f1f278b3c0cbdb62753?s=96&d=mm&r=g","url":"https:\/\/secure.gravatar.com\/avatar\/782ac7b0ec8ef54996825fe41c60e8529219ca0319214f1f278b3c0cbdb62753?s=96&d=mm&r=g","contentUrl":"https:\/\/secure.gravatar.com\/avatar\/782ac7b0ec8ef54996825fe41c60e8529219ca0319214f1f278b3c0cbdb62753?s=96&d=mm&r=g","caption":"Montse Vaca"},"url":"https:\/\/www.vulkanimplants.com\/en\/author\/montse\/"}]}},"_links":{"self":[{"href":"https:\/\/www.vulkanimplants.com\/en\/wp-json\/wp\/v2\/pages\/18422","targetHints":{"allow":["GET"]}}],"collection":[{"href":"https:\/\/www.vulkanimplants.com\/en\/wp-json\/wp\/v2\/pages"}],"about":[{"href":"https:\/\/www.vulkanimplants.com\/en\/wp-json\/wp\/v2\/types\/page"}],"author":[{"embeddable":true,"href":"https:\/\/www.vulkanimplants.com\/en\/wp-json\/wp\/v2\/users\/2"}],"replies":[{"embeddable":true,"href":"https:\/\/www.vulkanimplants.com\/en\/wp-json\/wp\/v2\/comments?post=18422"}],"version-history":[{"count":1,"href":"https:\/\/www.vulkanimplants.com\/en\/wp-json\/wp\/v2\/pages\/18422\/revisions"}],"predecessor-version":[{"id":18423,"href":"https:\/\/www.vulkanimplants.com\/en\/wp-json\/wp\/v2\/pages\/18422\/revisions\/18423"}],"wp:attachment":[{"href":"https:\/\/www.vulkanimplants.com\/en\/wp-json\/wp\/v2\/media?parent=18422"}],"curies":[{"name":"wp","href":"https:\/\/api.w.org\/{rel}","templated":true}]}}